{"id":8,"date":"2019-02-26T21:41:30","date_gmt":"2019-02-26T21:41:30","guid":{"rendered":"http:\/\/vicongresocolombianodeornitologia.org\/?page_id=8"},"modified":"2019-04-04T22:15:25","modified_gmt":"2019-04-05T03:15:25","slug":"sobre-el-congreso","status":"publish","type":"page","link":"https:\/\/asociacioncolombianadeornitologia.org\/vicongreso\/sobre-el-congreso\/","title":{"rendered":"Sobre el Congreso"},"content":{"rendered":"<div class=\"wpb-content-wrapper\"><p>[vc_section full_width=&#8221;stretch_row&#8221;][vc_row][vc_column width=&#8221;1\/4&#8243; css=&#8221;.vc_custom_1554429921552{padding-right: 0px !important;padding-left: 0px !important;}&#8221;][vc_single_image image=&#8221;144&#8243; img_size=&#8221;full&#8221; css_animation=&#8221;fadeInLeft&#8221;][\/vc_column][vc_column width=&#8221;3\/4&#8243;][vc_row_inner][vc_column_inner width=&#8221;5\/6&#8243; css=&#8221;.vc_custom_1554430359984{padding-top: 2rem !important;padding-right: 3rem !important;padding-bottom: 2rem !important;padding-left: 3rem !important;}&#8221;][vc_custom_heading text=&#8221;Sobre el Congreso&#8221; font_container=&#8221;tag:h2|font_size:3.5rem|text_align:left|color:%236828a8|line_height:1.4em&#8221; google_fonts=&#8221;font_family:Montserrat%3Aregular%2C700|font_style:700%20bold%20regular%3A700%3Anormal&#8221; css=&#8221;.vc_custom_1554429432891{margin-top: 2rem !important;margin-bottom: 3rem !important;}&#8221;][vc_column_text]Desde el 2004 y cada tres a\u00f1os, la Asociaci\u00f3n Colombiana de Ornitolog\u00eda ACO realiza el CONGRESO COLOMBIANO DE ORNITOLOG\u00cdA, un espacio para la difusi\u00f3n del conocimiento cient\u00edfico sobre las aves en pro de su conservaci\u00f3n a trav\u00e9s de presentaciones orales, carteles, conferencias y cursos. La continuidad y permanencia de todas sus ediciones, lo constituyen como uno de los eventos acad\u00e9micos m\u00e1s importantes de la ornitolog\u00eda en el pa\u00eds.<\/p>\n<p>Los esperamos del 22 al 25 de octubre de 2019 en la ciudad de Ibagu\u00e9, Tolima, en la SEXTA versi\u00f3n del Congreso Colombiano de Ornitolog\u00eda.<\/p>\n<p>El comit\u00e9 organizador tiene el gusto de invitar a toda la comunidad nacional e internacional para participar del evento acad\u00e9mico m\u00e1s importante de la ornitolog\u00eda colombiana.[\/vc_column_text][\/vc_column_inner][vc_column_inner width=&#8221;1\/6&#8243;][\/vc_column_inner][\/vc_row_inner][\/vc_column][\/vc_row][\/vc_section]<\/p>\n<\/div>","protected":false},"excerpt":{"rendered":"<p>[vc_section full_width=&#8221;stretch_row&#8221;][vc_row][vc_column width=&#8221;1\/4&#8243; css=&#8221;.vc_custom_1554429921552{padding-right: 0px !important;padding-left: 0px !important;}&#8221;][vc_single_image image=&#8221;144&#8243; img_size=&#8221;full&#8221; css_animation=&#8221;fadeInLeft&#8221;][\/vc_column][vc_column width=&#8221;3\/4&#8243;][vc_row_inner][vc_column_inner width=&#8221;5\/6&#8243; css=&#8221;.vc_custom_1554430359984{padding-top: 2rem !important;padding-right: 3rem !important;padding-bottom: 2rem !important;padding-left: 3rem !important;}&#8221;][vc_custom_heading text=&#8221;Sobre el Congreso&#8221; font_container=&#8221;tag:h2|font_size:3.5rem|text_align:left|color:%236828a8|line_height:1.4em&#8221; google_fonts=&#8221;font_family:Montserrat%3Aregular%2C700|font_style:700%20bold%20regular%3A700%3Anormal&#8221; css=&#8221;.vc_custom_1554429432891{margin-top: 2rem !important;margin-bottom: 3rem !important;}&#8221;][vc_column_text]Desde el 2004 y cada tres a\u00f1os, la Asociaci\u00f3n Colombiana de Ornitolog\u00eda ACO realiza el CONGRESO COLOMBIANO DE ORNITOLOG\u00cdA, un espacio para la difusi\u00f3n [&hellip;]<\/p>\n","protected":false},"author":1,"featured_media":0,"parent":0,"menu_order":0,"comment_status":"closed","ping_status":"closed","template":"","meta":{"footnotes":""},"yoast_head":"<!-- This site is optimized with the Yoast SEO plugin v21.5 - https:\/\/yoast.com\/wordpress\/plugins\/seo\/ -->\n<title>Sobre el Congreso - VI Congreso Colombiano de Ornitologia<\/title>\n<meta name=\"robots\" content=\"index, follow, max-snippet:-1, max-image-preview:large, max-video-preview:-1\" \/>\n<link rel=\"canonical\" href=\"https:\/\/asociacioncolombianadeornitologia.org\/vicongreso\/sobre-el-congreso\/\" \/>\n<meta property=\"og:locale\" content=\"es_ES\" \/>\n<meta property=\"og:type\" content=\"article\" \/>\n<meta property=\"og:title\" content=\"Sobre el Congreso - VI Congreso Colombiano de Ornitologia\" \/>\n<meta property=\"og:description\" content=\"[vc_section full_width=&#8221;stretch_row&#8221;][vc_row][vc_column width=&#8221;1\/4&#8243; css=&#8221;.vc_custom_1554429921552{padding-right: 0px !important;padding-left: 0px !important;}&#8221;][vc_single_image image=&#8221;144&#8243; img_size=&#8221;full&#8221; css_animation=&#8221;fadeInLeft&#8221;][\/vc_column][vc_column width=&#8221;3\/4&#8243;][vc_row_inner][vc_column_inner width=&#8221;5\/6&#8243; css=&#8221;.vc_custom_1554430359984{padding-top: 2rem !important;padding-right: 3rem !important;padding-bottom: 2rem !important;padding-left: 3rem !important;}&#8221;][vc_custom_heading text=&#8221;Sobre el Congreso&#8221; font_container=&#8221;tag:h2|font_size:3.5rem|text_align:left|color:%236828a8|line_height:1.4em&#8221; google_fonts=&#8221;font_family:Montserrat%3Aregular%2C700|font_style:700%20bold%20regular%3A700%3Anormal&#8221; css=&#8221;.vc_custom_1554429432891{margin-top: 2rem !important;margin-bottom: 3rem !important;}&#8221;][vc_column_text]Desde el 2004 y cada tres a\u00f1os, la Asociaci\u00f3n Colombiana de Ornitolog\u00eda ACO realiza el CONGRESO COLOMBIANO DE ORNITOLOG\u00cdA, un espacio para la difusi\u00f3n [&hellip;]\" \/>\n<meta property=\"og:url\" content=\"https:\/\/asociacioncolombianadeornitologia.org\/vicongreso\/sobre-el-congreso\/\" \/>\n<meta property=\"og:site_name\" content=\"VI Congreso Colombiano de Ornitologia\" \/>\n<meta property=\"article:modified_time\" content=\"2019-04-05T03:15:25+00:00\" \/>\n<meta name=\"twitter:card\" content=\"summary_large_image\" \/>\n<meta name=\"twitter:label1\" content=\"Tiempo estimado de lectura\" \/>\n\t<meta name=\"twitter:data1\" content=\"1 minuto\" \/>\n<script type=\"application\/ld+json\" class=\"yoast-schema-graph\">{\"@context\":\"https:\/\/schema.org\",\"@graph\":[{\"@type\":\"WebPage\",\"@id\":\"https:\/\/asociacioncolombianadeornitologia.org\/vicongreso\/sobre-el-congreso\/\",\"url\":\"https:\/\/asociacioncolombianadeornitologia.org\/vicongreso\/sobre-el-congreso\/\",\"name\":\"Sobre el Congreso - VI Congreso Colombiano de Ornitologia\",\"isPartOf\":{\"@id\":\"https:\/\/asociacioncolombianadeornitologia.org\/vicongreso\/#website\"},\"datePublished\":\"2019-02-26T21:41:30+00:00\",\"dateModified\":\"2019-04-05T03:15:25+00:00\",\"breadcrumb\":{\"@id\":\"https:\/\/asociacioncolombianadeornitologia.org\/vicongreso\/sobre-el-congreso\/#breadcrumb\"},\"inLanguage\":\"es-CO\",\"potentialAction\":[{\"@type\":\"ReadAction\",\"target\":[\"https:\/\/asociacioncolombianadeornitologia.org\/vicongreso\/sobre-el-congreso\/\"]}]},{\"@type\":\"BreadcrumbList\",\"@id\":\"https:\/\/asociacioncolombianadeornitologia.org\/vicongreso\/sobre-el-congreso\/#breadcrumb\",\"itemListElement\":[{\"@type\":\"ListItem\",\"position\":1,\"name\":\"Home\",\"item\":\"https:\/\/asociacioncolombianadeornitologia.org\/vicongreso\/\"},{\"@type\":\"ListItem\",\"position\":2,\"name\":\"Sobre el Congreso\"}]},{\"@type\":\"WebSite\",\"@id\":\"https:\/\/asociacioncolombianadeornitologia.org\/vicongreso\/#website\",\"url\":\"https:\/\/asociacioncolombianadeornitologia.org\/vicongreso\/\",\"name\":\"VI Congreso Colombiano de Ornitologia\",\"description\":\"Ibagu\u00e9, Tolima 22 al 25 de octubre de 2019\",\"publisher\":{\"@id\":\"https:\/\/asociacioncolombianadeornitologia.org\/vicongreso\/#organization\"},\"potentialAction\":[{\"@type\":\"SearchAction\",\"target\":{\"@type\":\"EntryPoint\",\"urlTemplate\":\"https:\/\/asociacioncolombianadeornitologia.org\/vicongreso\/?s={search_term_string}\"},\"query-input\":\"required name=search_term_string\"}],\"inLanguage\":\"es-CO\"},{\"@type\":\"Organization\",\"@id\":\"https:\/\/asociacioncolombianadeornitologia.org\/vicongreso\/#organization\",\"name\":\"VI Congreso Colombiano de Ornitologia\",\"url\":\"https:\/\/asociacioncolombianadeornitologia.org\/vicongreso\/\",\"logo\":{\"@type\":\"ImageObject\",\"inLanguage\":\"es-CO\",\"@id\":\"https:\/\/asociacioncolombianadeornitologia.org\/vicongreso\/#\/schema\/logo\/image\/\",\"url\":\"https:\/\/asociacioncolombianadeornitologia.org\/vicongreso\/wp-content\/uploads\/2019\/04\/logo_congreso_ornitologia_white.png\",\"contentUrl\":\"https:\/\/asociacioncolombianadeornitologia.org\/vicongreso\/wp-content\/uploads\/2019\/04\/logo_congreso_ornitologia_white.png\",\"width\":500,\"height\":134,\"caption\":\"VI Congreso Colombiano de Ornitologia\"},\"image\":{\"@id\":\"https:\/\/asociacioncolombianadeornitologia.org\/vicongreso\/#\/schema\/logo\/image\/\"}}]}<\/script>\n<!-- \/ Yoast SEO plugin. -->","yoast_head_json":{"title":"Sobre el Congreso - VI Congreso Colombiano de Ornitologia","robots":{"index":"index","follow":"follow","max-snippet":"max-snippet:-1","max-image-preview":"max-image-preview:large","max-video-preview":"max-video-preview:-1"},"canonical":"https:\/\/asociacioncolombianadeornitologia.org\/vicongreso\/sobre-el-congreso\/","og_locale":"es_ES","og_type":"article","og_title":"Sobre el Congreso - VI Congreso Colombiano de Ornitologia","og_description":"[vc_section full_width=&#8221;stretch_row&#8221;][vc_row][vc_column width=&#8221;1\/4&#8243; css=&#8221;.vc_custom_1554429921552{padding-right: 0px !important;padding-left: 0px !important;}&#8221;][vc_single_image image=&#8221;144&#8243; img_size=&#8221;full&#8221; css_animation=&#8221;fadeInLeft&#8221;][\/vc_column][vc_column width=&#8221;3\/4&#8243;][vc_row_inner][vc_column_inner width=&#8221;5\/6&#8243; css=&#8221;.vc_custom_1554430359984{padding-top: 2rem !important;padding-right: 3rem !important;padding-bottom: 2rem !important;padding-left: 3rem !important;}&#8221;][vc_custom_heading text=&#8221;Sobre el Congreso&#8221; font_container=&#8221;tag:h2|font_size:3.5rem|text_align:left|color:%236828a8|line_height:1.4em&#8221; google_fonts=&#8221;font_family:Montserrat%3Aregular%2C700|font_style:700%20bold%20regular%3A700%3Anormal&#8221; css=&#8221;.vc_custom_1554429432891{margin-top: 2rem !important;margin-bottom: 3rem !important;}&#8221;][vc_column_text]Desde el 2004 y cada tres a\u00f1os, la Asociaci\u00f3n Colombiana de Ornitolog\u00eda ACO realiza el CONGRESO COLOMBIANO DE ORNITOLOG\u00cdA, un espacio para la difusi\u00f3n [&hellip;]","og_url":"https:\/\/asociacioncolombianadeornitologia.org\/vicongreso\/sobre-el-congreso\/","og_site_name":"VI Congreso Colombiano de Ornitologia","article_modified_time":"2019-04-05T03:15:25+00:00","twitter_card":"summary_large_image","twitter_misc":{"Tiempo estimado de lectura":"1 minuto"},"schema":{"@context":"https:\/\/schema.org","@graph":[{"@type":"WebPage","@id":"https:\/\/asociacioncolombianadeornitologia.org\/vicongreso\/sobre-el-congreso\/","url":"https:\/\/asociacioncolombianadeornitologia.org\/vicongreso\/sobre-el-congreso\/","name":"Sobre el Congreso - VI Congreso Colombiano de Ornitologia","isPartOf":{"@id":"https:\/\/asociacioncolombianadeornitologia.org\/vicongreso\/#website"},"datePublished":"2019-02-26T21:41:30+00:00","dateModified":"2019-04-05T03:15:25+00:00","breadcrumb":{"@id":"https:\/\/asociacioncolombianadeornitologia.org\/vicongreso\/sobre-el-congreso\/#breadcrumb"},"inLanguage":"es-CO","potentialAction":[{"@type":"ReadAction","target":["https:\/\/asociacioncolombianadeornitologia.org\/vicongreso\/sobre-el-congreso\/"]}]},{"@type":"BreadcrumbList","@id":"https:\/\/asociacioncolombianadeornitologia.org\/vicongreso\/sobre-el-congreso\/#breadcrumb","itemListElement":[{"@type":"ListItem","position":1,"name":"Home","item":"https:\/\/asociacioncolombianadeornitologia.org\/vicongreso\/"},{"@type":"ListItem","position":2,"name":"Sobre el Congreso"}]},{"@type":"WebSite","@id":"https:\/\/asociacioncolombianadeornitologia.org\/vicongreso\/#website","url":"https:\/\/asociacioncolombianadeornitologia.org\/vicongreso\/","name":"VI Congreso Colombiano de Ornitologia","description":"Ibagu\u00e9, Tolima 22 al 25 de octubre de 2019","publisher":{"@id":"https:\/\/asociacioncolombianadeornitologia.org\/vicongreso\/#organization"},"potentialAction":[{"@type":"SearchAction","target":{"@type":"EntryPoint","urlTemplate":"https:\/\/asociacioncolombianadeornitologia.org\/vicongreso\/?s={search_term_string}"},"query-input":"required name=search_term_string"}],"inLanguage":"es-CO"},{"@type":"Organization","@id":"https:\/\/asociacioncolombianadeornitologia.org\/vicongreso\/#organization","name":"VI Congreso Colombiano de Ornitologia","url":"https:\/\/asociacioncolombianadeornitologia.org\/vicongreso\/","logo":{"@type":"ImageObject","inLanguage":"es-CO","@id":"https:\/\/asociacioncolombianadeornitologia.org\/vicongreso\/#\/schema\/logo\/image\/","url":"https:\/\/asociacioncolombianadeornitologia.org\/vicongreso\/wp-content\/uploads\/2019\/04\/logo_congreso_ornitologia_white.png","contentUrl":"https:\/\/asociacioncolombianadeornitologia.org\/vicongreso\/wp-content\/uploads\/2019\/04\/logo_congreso_ornitologia_white.png","width":500,"height":134,"caption":"VI Congreso Colombiano de Ornitologia"},"image":{"@id":"https:\/\/asociacioncolombianadeornitologia.org\/vicongreso\/#\/schema\/logo\/image\/"}}]}},"_links":{"self":[{"href":"https:\/\/asociacioncolombianadeornitologia.org\/vicongreso\/wp-json\/wp\/v2\/pages\/8"}],"collection":[{"href":"https:\/\/asociacioncolombianadeornitologia.org\/vicongreso\/wp-json\/wp\/v2\/pages"}],"about":[{"href":"https:\/\/asociacioncolombianadeornitologia.org\/vicongreso\/wp-json\/wp\/v2\/types\/page"}],"author":[{"embeddable":true,"href":"https:\/\/asociacioncolombianadeornitologia.org\/vicongreso\/wp-json\/wp\/v2\/users\/1"}],"replies":[{"embeddable":true,"href":"https:\/\/asociacioncolombianadeornitologia.org\/vicongreso\/wp-json\/wp\/v2\/comments?post=8"}],"version-history":[{"count":32,"href":"https:\/\/asociacioncolombianadeornitologia.org\/vicongreso\/wp-json\/wp\/v2\/pages\/8\/revisions"}],"predecessor-version":[{"id":61,"href":"https:\/\/asociacioncolombianadeornitologia.org\/vicongreso\/wp-json\/wp\/v2\/pages\/8\/revisions\/61"}],"wp:attachment":[{"href":"https:\/\/asociacioncolombianadeornitologia.org\/vicongreso\/wp-json\/wp\/v2\/media?parent=8"}],"curies":[{"name":"wp","href":"https:\/\/api.w.org\/{rel}","templated":true}]}}