{"id":546,"date":"2019-10-03T19:37:52","date_gmt":"2019-10-04T00:37:52","guid":{"rendered":"https:\/\/asociacioncolombianadeornitologia.org\/vicongreso\/?page_id=546"},"modified":"2019-10-03T19:37:53","modified_gmt":"2019-10-04T00:37:53","slug":"ecologia-urbana-en-colombia-y-america-latina","status":"publish","type":"page","link":"https:\/\/asociacioncolombianadeornitologia.org\/vicongreso\/ecologia-urbana-en-colombia-y-america-latina\/","title":{"rendered":"Ecolog\u00eda urbana en Colombia y Am\u00e9rica Latina"},"content":{"rendered":"\n<h1 class=\"wp-block-heading\" style=\"text-align:center\">Ecolog\u00eda urbana en Colombia y Am\u00e9rica Latina <\/h1>\n\n\n\n<blockquote class=\"wp-block-quote\"><p><strong>Objetivo principal<\/strong><\/p><p>Situar la ecolog\u00eda urbana desde el punto de vista ornitol\u00f3gico en el contexto de Colombia y Am\u00e9rica Latina, con \u00e9nfasis en su desarrollo y aplicaciones en temas de conservaci\u00f3n y gesti\u00f3n ambiental a nivel nacional. <\/p><p><strong>Alcance<\/strong><\/p><p>Actualmente, la mayor\u00eda de la poblaci\u00f3n humana vive en ciudades, por lo que la demanda de bienes y servicios dentro de estas es muy grande, y se espera un incremento de esta situaci\u00f3n en las pr\u00f3ximas d\u00e9cadas. Ante el preocupante escenario ambiental global, el manejo de estos bienes y servicios, juega un papel fundamental en la preservaci\u00f3n de la biodiversidad en el futuro, tanto dentro como fuera de estos sistemas antr\u00f3picos. Por estos motivos, ha surgido la ecolog\u00eda urbana como una l\u00ednea de investigaci\u00f3n cient\u00edfica enfocada al funcionamiento, crecimiento y establecimiento de zonas urbanas, la cual comenz\u00f3 con trabajos que datan de la d\u00e9cada de los a\u00f1os setenta del siglo pasado y que se consolid\u00f3 como disciplina a finales de la d\u00e9cada de los a\u00f1os noventa. En esta disciplina, las aves han jugado papel clave, gracias a que son conspicuos, f\u00e1cilmente identificables en campo, altamente diversos formando ensamblajes complejos y responden r\u00e1pidamente a perturbaciones antr\u00f3picas. <\/p><p><strong>Visi\u00f3n de aporte<\/strong><\/p><p>Con este simposio se dar\u00e1 a conocer tem\u00e1ticas de ecolog\u00eda urbana de aves en Colombia y Latinoam\u00e9rica buscando fomentar su estudio en el pa\u00eds. Mostrando especialmente el estado del arte del tema en el pa\u00eds, las opciones que tiene su aplicaci\u00f3n en gesti\u00f3n urbana y ambiental a diferentes escalas. <\/p><p><strong>Programaci\u00f3n tentativa<\/strong><\/p><p>Charla Magistral, Dr. MacGregor-Fors. <\/p><p>Introducci\u00f3n al simposio: Felipe Estela, Pontificia Universidad Javeriana-Cali<br><\/p><p>Charla 1: Gesti\u00f3n ambiental teniendo a las aves como indicadores en Bogot\u00e1, Pontificia Universidad Javeriana Bogot\u00e1.<\/p><p>Charla 2: Experiencia de ciencia ciudadana en Cali, Asociaci\u00f3n Calidris<\/p><p>Charla 3: B\u00fahos urbanos en Am\u00e9rica Latina, Pontificia Universidad Javeriana-Cali<\/p><p>Charla 4: Aporte de los campus universitarios a la conservaci\u00f3n y estudio de las aves a nivel nacional, Pontificia Universidad Javeriana-Cali<\/p><p>Charla 5: Aves urbanas de Medell\u00edn<\/p><p>Charla 6: Cantos del amanecer en zonas urbanas, Instituto de Ecolog\u00eda Xalapa, M\u00e9xico<\/p><p>Charla 7 y 8: Para ser llenadas por convocatoria abierta al p\u00fablico en general<\/p><p>Conclusiones: Juan David Amaya, Pontificia Universidad Javeriana-Cali <\/p><p><strong>Coordinadores<\/strong><\/p><p>Este simposio es organizado conjuntamente por el Departamento de Ciencias Naturales y la Facultad de Estudios Ambientales de la Pontificia Universidad Javeriana Cali y Bogot\u00e1, respectivamente. <\/p><\/blockquote>\n","protected":false},"excerpt":{"rendered":"<p>Ecolog\u00eda urbana en Colombia y Am\u00e9rica Latina Objetivo principal Situar la ecolog\u00eda urbana desde el punto de vista ornitol\u00f3gico en el contexto de Colombia y Am\u00e9rica Latina, con \u00e9nfasis en su desarrollo y aplicaciones en temas de conservaci\u00f3n y gesti\u00f3n ambiental a nivel nacional. Alcance Actualmente, la mayor\u00eda de la poblaci\u00f3n humana vive en ciudades, [&hellip;]<\/p>\n","protected":false},"author":1,"featured_media":0,"parent":0,"menu_order":0,"comment_status":"closed","ping_status":"closed","template":"","meta":{"footnotes":""},"yoast_head":"<!-- This site is optimized with the Yoast SEO plugin v21.5 - https:\/\/yoast.com\/wordpress\/plugins\/seo\/ -->\n<title>Ecolog\u00eda urbana en Colombia y Am\u00e9rica Latina - VI Congreso Colombiano de Ornitologia<\/title>\n<meta name=\"robots\" content=\"index, follow, max-snippet:-1, max-image-preview:large, max-video-preview:-1\" \/>\n<link rel=\"canonical\" href=\"https:\/\/asociacioncolombianadeornitologia.org\/vicongreso\/ecologia-urbana-en-colombia-y-america-latina\/\" \/>\n<meta property=\"og:locale\" content=\"es_ES\" \/>\n<meta property=\"og:type\" content=\"article\" \/>\n<meta property=\"og:title\" content=\"Ecolog\u00eda urbana en Colombia y Am\u00e9rica Latina - VI Congreso Colombiano de Ornitologia\" \/>\n<meta property=\"og:description\" content=\"Ecolog\u00eda urbana en Colombia y Am\u00e9rica Latina Objetivo principal Situar la ecolog\u00eda urbana desde el punto de vista ornitol\u00f3gico en el contexto de Colombia y Am\u00e9rica Latina, con \u00e9nfasis en su desarrollo y aplicaciones en temas de conservaci\u00f3n y gesti\u00f3n ambiental a nivel nacional. Alcance Actualmente, la mayor\u00eda de la poblaci\u00f3n humana vive en ciudades, [&hellip;]\" \/>\n<meta property=\"og:url\" content=\"https:\/\/asociacioncolombianadeornitologia.org\/vicongreso\/ecologia-urbana-en-colombia-y-america-latina\/\" \/>\n<meta property=\"og:site_name\" content=\"VI Congreso Colombiano de Ornitologia\" \/>\n<meta property=\"article:modified_time\" content=\"2019-10-04T00:37:53+00:00\" \/>\n<meta name=\"twitter:card\" content=\"summary_large_image\" \/>\n<meta name=\"twitter:label1\" content=\"Tiempo estimado de lectura\" \/>\n\t<meta name=\"twitter:data1\" content=\"2 minutos\" \/>\n<script type=\"application\/ld+json\" class=\"yoast-schema-graph\">{\"@context\":\"https:\/\/schema.org\",\"@graph\":[{\"@type\":\"WebPage\",\"@id\":\"https:\/\/asociacioncolombianadeornitologia.org\/vicongreso\/ecologia-urbana-en-colombia-y-america-latina\/\",\"url\":\"https:\/\/asociacioncolombianadeornitologia.org\/vicongreso\/ecologia-urbana-en-colombia-y-america-latina\/\",\"name\":\"Ecolog\u00eda urbana en Colombia y Am\u00e9rica Latina - VI Congreso Colombiano de Ornitologia\",\"isPartOf\":{\"@id\":\"https:\/\/asociacioncolombianadeornitologia.org\/vicongreso\/#website\"},\"datePublished\":\"2019-10-04T00:37:52+00:00\",\"dateModified\":\"2019-10-04T00:37:53+00:00\",\"breadcrumb\":{\"@id\":\"https:\/\/asociacioncolombianadeornitologia.org\/vicongreso\/ecologia-urbana-en-colombia-y-america-latina\/#breadcrumb\"},\"inLanguage\":\"es-CO\",\"potentialAction\":[{\"@type\":\"ReadAction\",\"target\":[\"https:\/\/asociacioncolombianadeornitologia.org\/vicongreso\/ecologia-urbana-en-colombia-y-america-latina\/\"]}]},{\"@type\":\"BreadcrumbList\",\"@id\":\"https:\/\/asociacioncolombianadeornitologia.org\/vicongreso\/ecologia-urbana-en-colombia-y-america-latina\/#breadcrumb\",\"itemListElement\":[{\"@type\":\"ListItem\",\"position\":1,\"name\":\"Home\",\"item\":\"https:\/\/asociacioncolombianadeornitologia.org\/vicongreso\/\"},{\"@type\":\"ListItem\",\"position\":2,\"name\":\"Ecolog\u00eda urbana en Colombia y Am\u00e9rica Latina\"}]},{\"@type\":\"WebSite\",\"@id\":\"https:\/\/asociacioncolombianadeornitologia.org\/vicongreso\/#website\",\"url\":\"https:\/\/asociacioncolombianadeornitologia.org\/vicongreso\/\",\"name\":\"VI Congreso Colombiano de Ornitologia\",\"description\":\"Ibagu\u00e9, Tolima 22 al 25 de octubre de 2019\",\"publisher\":{\"@id\":\"https:\/\/asociacioncolombianadeornitologia.org\/vicongreso\/#organization\"},\"potentialAction\":[{\"@type\":\"SearchAction\",\"target\":{\"@type\":\"EntryPoint\",\"urlTemplate\":\"https:\/\/asociacioncolombianadeornitologia.org\/vicongreso\/?s={search_term_string}\"},\"query-input\":\"required name=search_term_string\"}],\"inLanguage\":\"es-CO\"},{\"@type\":\"Organization\",\"@id\":\"https:\/\/asociacioncolombianadeornitologia.org\/vicongreso\/#organization\",\"name\":\"VI Congreso Colombiano de Ornitologia\",\"url\":\"https:\/\/asociacioncolombianadeornitologia.org\/vicongreso\/\",\"logo\":{\"@type\":\"ImageObject\",\"inLanguage\":\"es-CO\",\"@id\":\"https:\/\/asociacioncolombianadeornitologia.org\/vicongreso\/#\/schema\/logo\/image\/\",\"url\":\"https:\/\/asociacioncolombianadeornitologia.org\/vicongreso\/wp-content\/uploads\/2019\/04\/logo_congreso_ornitologia_white.png\",\"contentUrl\":\"https:\/\/asociacioncolombianadeornitologia.org\/vicongreso\/wp-content\/uploads\/2019\/04\/logo_congreso_ornitologia_white.png\",\"width\":500,\"height\":134,\"caption\":\"VI Congreso Colombiano de Ornitologia\"},\"image\":{\"@id\":\"https:\/\/asociacioncolombianadeornitologia.org\/vicongreso\/#\/schema\/logo\/image\/\"}}]}<\/script>\n<!-- \/ Yoast SEO plugin. -->","yoast_head_json":{"title":"Ecolog\u00eda urbana en Colombia y Am\u00e9rica Latina - VI Congreso Colombiano de Ornitologia","robots":{"index":"index","follow":"follow","max-snippet":"max-snippet:-1","max-image-preview":"max-image-preview:large","max-video-preview":"max-video-preview:-1"},"canonical":"https:\/\/asociacioncolombianadeornitologia.org\/vicongreso\/ecologia-urbana-en-colombia-y-america-latina\/","og_locale":"es_ES","og_type":"article","og_title":"Ecolog\u00eda urbana en Colombia y Am\u00e9rica Latina - VI Congreso Colombiano de Ornitologia","og_description":"Ecolog\u00eda urbana en Colombia y Am\u00e9rica Latina Objetivo principal Situar la ecolog\u00eda urbana desde el punto de vista ornitol\u00f3gico en el contexto de Colombia y Am\u00e9rica Latina, con \u00e9nfasis en su desarrollo y aplicaciones en temas de conservaci\u00f3n y gesti\u00f3n ambiental a nivel nacional. Alcance Actualmente, la mayor\u00eda de la poblaci\u00f3n humana vive en ciudades, [&hellip;]","og_url":"https:\/\/asociacioncolombianadeornitologia.org\/vicongreso\/ecologia-urbana-en-colombia-y-america-latina\/","og_site_name":"VI Congreso Colombiano de Ornitologia","article_modified_time":"2019-10-04T00:37:53+00:00","twitter_card":"summary_large_image","twitter_misc":{"Tiempo estimado de lectura":"2 minutos"},"schema":{"@context":"https:\/\/schema.org","@graph":[{"@type":"WebPage","@id":"https:\/\/asociacioncolombianadeornitologia.org\/vicongreso\/ecologia-urbana-en-colombia-y-america-latina\/","url":"https:\/\/asociacioncolombianadeornitologia.org\/vicongreso\/ecologia-urbana-en-colombia-y-america-latina\/","name":"Ecolog\u00eda urbana en Colombia y Am\u00e9rica Latina - VI Congreso Colombiano de Ornitologia","isPartOf":{"@id":"https:\/\/asociacioncolombianadeornitologia.org\/vicongreso\/#website"},"datePublished":"2019-10-04T00:37:52+00:00","dateModified":"2019-10-04T00:37:53+00:00","breadcrumb":{"@id":"https:\/\/asociacioncolombianadeornitologia.org\/vicongreso\/ecologia-urbana-en-colombia-y-america-latina\/#breadcrumb"},"inLanguage":"es-CO","potentialAction":[{"@type":"ReadAction","target":["https:\/\/asociacioncolombianadeornitologia.org\/vicongreso\/ecologia-urbana-en-colombia-y-america-latina\/"]}]},{"@type":"BreadcrumbList","@id":"https:\/\/asociacioncolombianadeornitologia.org\/vicongreso\/ecologia-urbana-en-colombia-y-america-latina\/#breadcrumb","itemListElement":[{"@type":"ListItem","position":1,"name":"Home","item":"https:\/\/asociacioncolombianadeornitologia.org\/vicongreso\/"},{"@type":"ListItem","position":2,"name":"Ecolog\u00eda urbana en Colombia y Am\u00e9rica Latina"}]},{"@type":"WebSite","@id":"https:\/\/asociacioncolombianadeornitologia.org\/vicongreso\/#website","url":"https:\/\/asociacioncolombianadeornitologia.org\/vicongreso\/","name":"VI Congreso Colombiano de Ornitologia","description":"Ibagu\u00e9, Tolima 22 al 25 de octubre de 2019","publisher":{"@id":"https:\/\/asociacioncolombianadeornitologia.org\/vicongreso\/#organization"},"potentialAction":[{"@type":"SearchAction","target":{"@type":"EntryPoint","urlTemplate":"https:\/\/asociacioncolombianadeornitologia.org\/vicongreso\/?s={search_term_string}"},"query-input":"required name=search_term_string"}],"inLanguage":"es-CO"},{"@type":"Organization","@id":"https:\/\/asociacioncolombianadeornitologia.org\/vicongreso\/#organization","name":"VI Congreso Colombiano de Ornitologia","url":"https:\/\/asociacioncolombianadeornitologia.org\/vicongreso\/","logo":{"@type":"ImageObject","inLanguage":"es-CO","@id":"https:\/\/asociacioncolombianadeornitologia.org\/vicongreso\/#\/schema\/logo\/image\/","url":"https:\/\/asociacioncolombianadeornitologia.org\/vicongreso\/wp-content\/uploads\/2019\/04\/logo_congreso_ornitologia_white.png","contentUrl":"https:\/\/asociacioncolombianadeornitologia.org\/vicongreso\/wp-content\/uploads\/2019\/04\/logo_congreso_ornitologia_white.png","width":500,"height":134,"caption":"VI Congreso Colombiano de Ornitologia"},"image":{"@id":"https:\/\/asociacioncolombianadeornitologia.org\/vicongreso\/#\/schema\/logo\/image\/"}}]}},"_links":{"self":[{"href":"https:\/\/asociacioncolombianadeornitologia.org\/vicongreso\/wp-json\/wp\/v2\/pages\/546"}],"collection":[{"href":"https:\/\/asociacioncolombianadeornitologia.org\/vicongreso\/wp-json\/wp\/v2\/pages"}],"about":[{"href":"https:\/\/asociacioncolombianadeornitologia.org\/vicongreso\/wp-json\/wp\/v2\/types\/page"}],"author":[{"embeddable":true,"href":"https:\/\/asociacioncolombianadeornitologia.org\/vicongreso\/wp-json\/wp\/v2\/users\/1"}],"replies":[{"embeddable":true,"href":"https:\/\/asociacioncolombianadeornitologia.org\/vicongreso\/wp-json\/wp\/v2\/comments?post=546"}],"version-history":[{"count":1,"href":"https:\/\/asociacioncolombianadeornitologia.org\/vicongreso\/wp-json\/wp\/v2\/pages\/546\/revisions"}],"predecessor-version":[{"id":547,"href":"https:\/\/asociacioncolombianadeornitologia.org\/vicongreso\/wp-json\/wp\/v2\/pages\/546\/revisions\/547"}],"wp:attachment":[{"href":"https:\/\/asociacioncolombianadeornitologia.org\/vicongreso\/wp-json\/wp\/v2\/media?parent=546"}],"curies":[{"name":"wp","href":"https:\/\/api.w.org\/{rel}","templated":true}]}}