{"id":530,"date":"2019-09-26T09:01:03","date_gmt":"2019-09-26T14:01:03","guid":{"rendered":"https:\/\/asociacioncolombianadeornitologia.org\/vicongreso\/?page_id=530"},"modified":"2019-09-26T09:01:04","modified_gmt":"2019-09-26T14:01:04","slug":"ian-macgregor-fors","status":"publish","type":"page","link":"https:\/\/asociacioncolombianadeornitologia.org\/vicongreso\/ian-macgregor-fors\/","title":{"rendered":"Ian MacGregor Fors"},"content":{"rendered":"\n<h1 class=\"wp-block-heading\" style=\"text-align:center\"><strong>Ian MacGregor Fors<\/strong><\/h1>\n\n\n\n<div class=\"wp-block-image\"><figure class=\"aligncenter\"><img loading=\"lazy\" decoding=\"async\" width=\"256\" height=\"300\" src=\"https:\/\/asociacioncolombianadeornitologia.org\/vicongreso\/wp-content\/uploads\/2019\/09\/ian_macgregor-256x300.jpg\" alt=\"\" class=\"wp-image-531\" srcset=\"https:\/\/asociacioncolombianadeornitologia.org\/vicongreso\/wp-content\/uploads\/2019\/09\/ian_macgregor-256x300.jpg 256w, https:\/\/asociacioncolombianadeornitologia.org\/vicongreso\/wp-content\/uploads\/2019\/09\/ian_macgregor.jpg 261w\" sizes=\"(max-width: 256px) 100vw, 256px\" \/><\/figure><\/div>\n\n\n\n<blockquote class=\"wp-block-quote\"><p><strong>Ian MacGregor Fors<\/strong> es Investigador Titular en el Instituto de Ecolog\u00eda, A.C. (INECOL), Campus Xalapa. Su pasi\u00f3n por las aves desde la adolescencia lo llev\u00f3 a estudiar la Licenciatura en Biolog\u00eda en el Centro Universitario de Ciencias Biol\u00f3gicas y Agropecuarias de la Universidad de Guadalajara, donde se gradu\u00f3, con el mejor promedio de su generaci\u00f3n, en 2005. Posteriormente, llev\u00f3 a cabo sus estudios de posgrado como becario del CONACYT en el Centro de Investigaciones en Ecosistemas de la Universidad Nacional Aut\u00f3noma de M\u00e9xico, obteniendo el grado en Maestro en Ciencias Ambientales con menci\u00f3n honor\u00edfica en 2006 y el de Doctor en Ciencias en 2010, el cual lo hizo acreedor de la Medalla \u2018Alfonso Caso\u2019. Posterior a una estancia posdoctoral, ingres\u00f3 como investigador en el INECOL en 2011, instituci\u00f3n en la que labora hasta la fecha dentro de la Red de Ambiente y Sustentabilidad. <\/p><p>Ha permanecido ininterrumpidamente en el Sistema Nacional de Investigadores desde 2012 y recientemente fue nombrado Investigador Nacional Nivel III. Sus l\u00edneas de investigaci\u00f3n se enfocan en el estudio de la respuesta de las comunidades de vida silvestre, principalmente aves, ante disturbios ambientales antropog\u00e9nicos, con especial \u00e9nfasis en zonas urbanas, as\u00ed como la ecolog\u00eda y distribuci\u00f3n de especies de aves ex\u00f3ticas e invasivas. Es autor o coautor de m\u00e1s de 80 publicaciones en revistas cient\u00edficas, as\u00ed como de 19 cap\u00edtulos de libro, tres libros (dos como coeditor) y diversos documentos de divulgaci\u00f3n cient\u00edfica. Desde 2012 es miembro del Consejo Asesor de la Red Internacional de Biodiversidad y Dise\u00f1o Urbano (URBIO), buscando promover la implementaci\u00f3n de la Convenci\u00f3n sobre Diversidad Biol\u00f3gica de la Organizaci\u00f3n de las Naciones Unidas. En el per\u00edodo 2014\u20132016, fue editor asociado de la revista Landscape and Urban Planning (donde es miembro del Comit\u00e9 Editorial) y actualmente es editor asociado del Journal of Urban Ecology, Urban Naturalist y Huitzil, Revista Mexicana de Ornitolog\u00eda.<\/p><\/blockquote>\n","protected":false},"excerpt":{"rendered":"<p>Ian MacGregor Fors Ian MacGregor Fors es Investigador Titular en el Instituto de Ecolog\u00eda, A.C. (INECOL), Campus Xalapa. Su pasi\u00f3n por las aves desde la adolescencia lo llev\u00f3 a estudiar la Licenciatura en Biolog\u00eda en el Centro Universitario de Ciencias Biol\u00f3gicas y Agropecuarias de la Universidad de Guadalajara, donde se gradu\u00f3, con el mejor promedio [&hellip;]<\/p>\n","protected":false},"author":1,"featured_media":0,"parent":0,"menu_order":0,"comment_status":"closed","ping_status":"closed","template":"","meta":{"footnotes":""},"yoast_head":"<!-- This site is optimized with the Yoast SEO plugin v21.5 - https:\/\/yoast.com\/wordpress\/plugins\/seo\/ -->\n<title>Ian MacGregor Fors - VI Congreso Colombiano de Ornitologia<\/title>\n<meta name=\"robots\" content=\"index, follow, max-snippet:-1, max-image-preview:large, max-video-preview:-1\" \/>\n<link rel=\"canonical\" href=\"https:\/\/asociacioncolombianadeornitologia.org\/vicongreso\/ian-macgregor-fors\/\" \/>\n<meta property=\"og:locale\" content=\"es_ES\" \/>\n<meta property=\"og:type\" content=\"article\" \/>\n<meta property=\"og:title\" content=\"Ian MacGregor Fors - VI Congreso Colombiano de Ornitologia\" \/>\n<meta property=\"og:description\" content=\"Ian MacGregor Fors Ian MacGregor Fors es Investigador Titular en el Instituto de Ecolog\u00eda, A.C. (INECOL), Campus Xalapa. Su pasi\u00f3n por las aves desde la adolescencia lo llev\u00f3 a estudiar la Licenciatura en Biolog\u00eda en el Centro Universitario de Ciencias Biol\u00f3gicas y Agropecuarias de la Universidad de Guadalajara, donde se gradu\u00f3, con el mejor promedio [&hellip;]\" \/>\n<meta property=\"og:url\" content=\"https:\/\/asociacioncolombianadeornitologia.org\/vicongreso\/ian-macgregor-fors\/\" \/>\n<meta property=\"og:site_name\" content=\"VI Congreso Colombiano de Ornitologia\" \/>\n<meta property=\"article:modified_time\" content=\"2019-09-26T14:01:04+00:00\" \/>\n<meta property=\"og:image\" content=\"https:\/\/asociacioncolombianadeornitologia.org\/vicongreso\/wp-content\/uploads\/2019\/09\/ian_macgregor-256x300.jpg\" \/>\n<meta name=\"twitter:card\" content=\"summary_large_image\" \/>\n<meta name=\"twitter:label1\" content=\"Tiempo estimado de lectura\" \/>\n\t<meta name=\"twitter:data1\" content=\"2 minutos\" \/>\n<script type=\"application\/ld+json\" class=\"yoast-schema-graph\">{\"@context\":\"https:\/\/schema.org\",\"@graph\":[{\"@type\":\"WebPage\",\"@id\":\"https:\/\/asociacioncolombianadeornitologia.org\/vicongreso\/ian-macgregor-fors\/\",\"url\":\"https:\/\/asociacioncolombianadeornitologia.org\/vicongreso\/ian-macgregor-fors\/\",\"name\":\"Ian MacGregor Fors - VI Congreso Colombiano de Ornitologia\",\"isPartOf\":{\"@id\":\"https:\/\/asociacioncolombianadeornitologia.org\/vicongreso\/#website\"},\"datePublished\":\"2019-09-26T14:01:03+00:00\",\"dateModified\":\"2019-09-26T14:01:04+00:00\",\"breadcrumb\":{\"@id\":\"https:\/\/asociacioncolombianadeornitologia.org\/vicongreso\/ian-macgregor-fors\/#breadcrumb\"},\"inLanguage\":\"es-CO\",\"potentialAction\":[{\"@type\":\"ReadAction\",\"target\":[\"https:\/\/asociacioncolombianadeornitologia.org\/vicongreso\/ian-macgregor-fors\/\"]}]},{\"@type\":\"BreadcrumbList\",\"@id\":\"https:\/\/asociacioncolombianadeornitologia.org\/vicongreso\/ian-macgregor-fors\/#breadcrumb\",\"itemListElement\":[{\"@type\":\"ListItem\",\"position\":1,\"name\":\"Home\",\"item\":\"https:\/\/asociacioncolombianadeornitologia.org\/vicongreso\/\"},{\"@type\":\"ListItem\",\"position\":2,\"name\":\"Ian MacGregor Fors\"}]},{\"@type\":\"WebSite\",\"@id\":\"https:\/\/asociacioncolombianadeornitologia.org\/vicongreso\/#website\",\"url\":\"https:\/\/asociacioncolombianadeornitologia.org\/vicongreso\/\",\"name\":\"VI Congreso Colombiano de Ornitologia\",\"description\":\"Ibagu\u00e9, Tolima 22 al 25 de octubre de 2019\",\"publisher\":{\"@id\":\"https:\/\/asociacioncolombianadeornitologia.org\/vicongreso\/#organization\"},\"potentialAction\":[{\"@type\":\"SearchAction\",\"target\":{\"@type\":\"EntryPoint\",\"urlTemplate\":\"https:\/\/asociacioncolombianadeornitologia.org\/vicongreso\/?s={search_term_string}\"},\"query-input\":\"required name=search_term_string\"}],\"inLanguage\":\"es-CO\"},{\"@type\":\"Organization\",\"@id\":\"https:\/\/asociacioncolombianadeornitologia.org\/vicongreso\/#organization\",\"name\":\"VI Congreso Colombiano de Ornitologia\",\"url\":\"https:\/\/asociacioncolombianadeornitologia.org\/vicongreso\/\",\"logo\":{\"@type\":\"ImageObject\",\"inLanguage\":\"es-CO\",\"@id\":\"https:\/\/asociacioncolombianadeornitologia.org\/vicongreso\/#\/schema\/logo\/image\/\",\"url\":\"https:\/\/asociacioncolombianadeornitologia.org\/vicongreso\/wp-content\/uploads\/2019\/04\/logo_congreso_ornitologia_white.png\",\"contentUrl\":\"https:\/\/asociacioncolombianadeornitologia.org\/vicongreso\/wp-content\/uploads\/2019\/04\/logo_congreso_ornitologia_white.png\",\"width\":500,\"height\":134,\"caption\":\"VI Congreso Colombiano de Ornitologia\"},\"image\":{\"@id\":\"https:\/\/asociacioncolombianadeornitologia.org\/vicongreso\/#\/schema\/logo\/image\/\"}}]}<\/script>\n<!-- \/ Yoast SEO plugin. -->","yoast_head_json":{"title":"Ian MacGregor Fors - VI Congreso Colombiano de Ornitologia","robots":{"index":"index","follow":"follow","max-snippet":"max-snippet:-1","max-image-preview":"max-image-preview:large","max-video-preview":"max-video-preview:-1"},"canonical":"https:\/\/asociacioncolombianadeornitologia.org\/vicongreso\/ian-macgregor-fors\/","og_locale":"es_ES","og_type":"article","og_title":"Ian MacGregor Fors - VI Congreso Colombiano de Ornitologia","og_description":"Ian MacGregor Fors Ian MacGregor Fors es Investigador Titular en el Instituto de Ecolog\u00eda, A.C. (INECOL), Campus Xalapa. Su pasi\u00f3n por las aves desde la adolescencia lo llev\u00f3 a estudiar la Licenciatura en Biolog\u00eda en el Centro Universitario de Ciencias Biol\u00f3gicas y Agropecuarias de la Universidad de Guadalajara, donde se gradu\u00f3, con el mejor promedio [&hellip;]","og_url":"https:\/\/asociacioncolombianadeornitologia.org\/vicongreso\/ian-macgregor-fors\/","og_site_name":"VI Congreso Colombiano de Ornitologia","article_modified_time":"2019-09-26T14:01:04+00:00","og_image":[{"url":"https:\/\/asociacioncolombianadeornitologia.org\/vicongreso\/wp-content\/uploads\/2019\/09\/ian_macgregor-256x300.jpg"}],"twitter_card":"summary_large_image","twitter_misc":{"Tiempo estimado de lectura":"2 minutos"},"schema":{"@context":"https:\/\/schema.org","@graph":[{"@type":"WebPage","@id":"https:\/\/asociacioncolombianadeornitologia.org\/vicongreso\/ian-macgregor-fors\/","url":"https:\/\/asociacioncolombianadeornitologia.org\/vicongreso\/ian-macgregor-fors\/","name":"Ian MacGregor Fors - VI Congreso Colombiano de Ornitologia","isPartOf":{"@id":"https:\/\/asociacioncolombianadeornitologia.org\/vicongreso\/#website"},"datePublished":"2019-09-26T14:01:03+00:00","dateModified":"2019-09-26T14:01:04+00:00","breadcrumb":{"@id":"https:\/\/asociacioncolombianadeornitologia.org\/vicongreso\/ian-macgregor-fors\/#breadcrumb"},"inLanguage":"es-CO","potentialAction":[{"@type":"ReadAction","target":["https:\/\/asociacioncolombianadeornitologia.org\/vicongreso\/ian-macgregor-fors\/"]}]},{"@type":"BreadcrumbList","@id":"https:\/\/asociacioncolombianadeornitologia.org\/vicongreso\/ian-macgregor-fors\/#breadcrumb","itemListElement":[{"@type":"ListItem","position":1,"name":"Home","item":"https:\/\/asociacioncolombianadeornitologia.org\/vicongreso\/"},{"@type":"ListItem","position":2,"name":"Ian MacGregor Fors"}]},{"@type":"WebSite","@id":"https:\/\/asociacioncolombianadeornitologia.org\/vicongreso\/#website","url":"https:\/\/asociacioncolombianadeornitologia.org\/vicongreso\/","name":"VI Congreso Colombiano de Ornitologia","description":"Ibagu\u00e9, Tolima 22 al 25 de octubre de 2019","publisher":{"@id":"https:\/\/asociacioncolombianadeornitologia.org\/vicongreso\/#organization"},"potentialAction":[{"@type":"SearchAction","target":{"@type":"EntryPoint","urlTemplate":"https:\/\/asociacioncolombianadeornitologia.org\/vicongreso\/?s={search_term_string}"},"query-input":"required name=search_term_string"}],"inLanguage":"es-CO"},{"@type":"Organization","@id":"https:\/\/asociacioncolombianadeornitologia.org\/vicongreso\/#organization","name":"VI Congreso Colombiano de Ornitologia","url":"https:\/\/asociacioncolombianadeornitologia.org\/vicongreso\/","logo":{"@type":"ImageObject","inLanguage":"es-CO","@id":"https:\/\/asociacioncolombianadeornitologia.org\/vicongreso\/#\/schema\/logo\/image\/","url":"https:\/\/asociacioncolombianadeornitologia.org\/vicongreso\/wp-content\/uploads\/2019\/04\/logo_congreso_ornitologia_white.png","contentUrl":"https:\/\/asociacioncolombianadeornitologia.org\/vicongreso\/wp-content\/uploads\/2019\/04\/logo_congreso_ornitologia_white.png","width":500,"height":134,"caption":"VI Congreso Colombiano de Ornitologia"},"image":{"@id":"https:\/\/asociacioncolombianadeornitologia.org\/vicongreso\/#\/schema\/logo\/image\/"}}]}},"_links":{"self":[{"href":"https:\/\/asociacioncolombianadeornitologia.org\/vicongreso\/wp-json\/wp\/v2\/pages\/530"}],"collection":[{"href":"https:\/\/asociacioncolombianadeornitologia.org\/vicongreso\/wp-json\/wp\/v2\/pages"}],"about":[{"href":"https:\/\/asociacioncolombianadeornitologia.org\/vicongreso\/wp-json\/wp\/v2\/types\/page"}],"author":[{"embeddable":true,"href":"https:\/\/asociacioncolombianadeornitologia.org\/vicongreso\/wp-json\/wp\/v2\/users\/1"}],"replies":[{"embeddable":true,"href":"https:\/\/asociacioncolombianadeornitologia.org\/vicongreso\/wp-json\/wp\/v2\/comments?post=530"}],"version-history":[{"count":2,"href":"https:\/\/asociacioncolombianadeornitologia.org\/vicongreso\/wp-json\/wp\/v2\/pages\/530\/revisions"}],"predecessor-version":[{"id":533,"href":"https:\/\/asociacioncolombianadeornitologia.org\/vicongreso\/wp-json\/wp\/v2\/pages\/530\/revisions\/533"}],"wp:attachment":[{"href":"https:\/\/asociacioncolombianadeornitologia.org\/vicongreso\/wp-json\/wp\/v2\/media?parent=530"}],"curies":[{"name":"wp","href":"https:\/\/api.w.org\/{rel}","templated":true}]}}