{"id":525,"date":"2019-09-26T08:52:55","date_gmt":"2019-09-26T13:52:55","guid":{"rendered":"https:\/\/asociacioncolombianadeornitologia.org\/vicongreso\/?page_id=525"},"modified":"2019-09-26T09:23:16","modified_gmt":"2019-09-26T14:23:16","slug":"viviana-ruiz-gutierrez","status":"publish","type":"page","link":"https:\/\/asociacioncolombianadeornitologia.org\/vicongreso\/viviana-ruiz-gutierrez\/","title":{"rendered":"Viviana Ruiz Gutierrez"},"content":{"rendered":"\n<h1 class=\"wp-block-heading\" style=\"text-align:center\">\n\nViviana&nbsp;Ruiz-Gutierrez\n\n<\/h1>\n\n\n\n<div class=\"wp-block-image\"><figure class=\"aligncenter\"><img loading=\"lazy\" decoding=\"async\" width=\"300\" height=\"300\" src=\"https:\/\/asociacioncolombianadeornitologia.org\/vicongreso\/wp-content\/uploads\/2019\/09\/VR-300x300.jpeg\" alt=\"\" class=\"wp-image-526\" srcset=\"https:\/\/asociacioncolombianadeornitologia.org\/vicongreso\/wp-content\/uploads\/2019\/09\/VR-300x300.jpeg 300w, https:\/\/asociacioncolombianadeornitologia.org\/vicongreso\/wp-content\/uploads\/2019\/09\/VR-150x150.jpeg 150w, https:\/\/asociacioncolombianadeornitologia.org\/vicongreso\/wp-content\/uploads\/2019\/09\/VR-768x768.jpeg 768w, https:\/\/asociacioncolombianadeornitologia.org\/vicongreso\/wp-content\/uploads\/2019\/09\/VR-1024x1024.jpeg 1024w, https:\/\/asociacioncolombianadeornitologia.org\/vicongreso\/wp-content\/uploads\/2019\/09\/VR-85x85.jpeg 85w, https:\/\/asociacioncolombianadeornitologia.org\/vicongreso\/wp-content\/uploads\/2019\/09\/VR-600x600.jpeg 600w, https:\/\/asociacioncolombianadeornitologia.org\/vicongreso\/wp-content\/uploads\/2019\/09\/VR-100x100.jpeg 100w, https:\/\/asociacioncolombianadeornitologia.org\/vicongreso\/wp-content\/uploads\/2019\/09\/VR.jpeg 1600w\" sizes=\"(max-width: 300px) 100vw, 300px\" \/><\/figure><\/div>\n\n\n\n<blockquote class=\"wp-block-quote\"><p><strong>Viviana Ru\u00edz Guti\u00e9rrez<\/strong> es ec\u00f3loga poblacional y cuantitativa, Bachiller en Biolog\u00eda Tropical de la Universidad Nacional de Costa Rica y Doctora en  Ecolog\u00eda y Biolog\u00eda Evolutiva de la Universidad de Cornell. Viviana ha dedicado la mayor parte de su carrera a apoyar y desarrollar proyectos de ecolog\u00eda aplicada y ciencia para la conservaci\u00f3n en Am\u00e9rica Latina, con un enfoque especial en el monitoreo de la biodiversidad. En Costa Rica, inici\u00f3 su carrera trabajando como voluntaria en estaciones biol\u00f3gicas realizando labores de divulgaci\u00f3n al gobierno y la comunidad. Para su Doctorado, se enfoc\u00f3 en investigar los efectos de la fragmentaci\u00f3n de bosque sobre la diversidad gen\u00e9tica y la din\u00e1mica poblacional de las aves en paisajes productivos.<\/p><p>Como parte de este trabajo, aplic\u00f3 modelos de ocupaci\u00f3n de m\u00faltiples especies por primera vez a poblaciones de aves del Neotropico, y logr\u00f3 demostrar la  importancia de remanentes de bosque para la persistencia de la avifauna del Pacific Sur de Costa Rica.<\/p><p>Despu\u00e9s de su Doctorado, fue investigadora postdoctoral en el Departamento de Pesca, Vida Silvestre y Biolog\u00eda de la Conservaci\u00f3n en la Universidad Estatal de Colorado. Su trabajo durante estos a\u00f1os se enfoc\u00f3 en el desarrollo y aplicaci\u00f3n de modelos estad\u00edsticos para estudiar la demograf\u00eda de aves residentes y migratorias en el Neotropico, y desarrollar capacidades para el monitoreo de la biodiversidad en Am\u00e9rica Latina. En los ultimos 10 a\u00f1os, ha impartido mas de 40 talleres para audiencias diversas, desde funcionarios de Parques Nacionales, a profesores y estudiantes de posgrados en Am\u00e9rica Latina y<br> Europa.<\/p><p>Desde el 2015, es investigadora en el <strong>Programa de Ciencia para la Conservaci\u00f3n del Laboratorio de Ornitolog\u00eda de la Universidad de Cornell<\/strong>, donde ha desarrollado m\u00faltiples proyectos internacionales de investigaci\u00f3n aplicada y programas de conservaci\u00f3n, utilizando el monitoreo biol\u00f3gico participativo como eje central para la toma de informaci\u00f3n y decisiones. Ella es la Directora Ejecutiva del Programa de Becarios de Soluciones Costeras, miembro del consejo del Sociedad Americana de Ornit\u00f3logos &#8211; AOS, miembro del Consejo de la Sociedad de Ornitolog\u00eda Neotropical y Co-presidente del Subcomit\u00e9 de Monitoreo del North American Bird Conservation Initiative &#8211; NABCI.<\/p><\/blockquote>\n","protected":false},"excerpt":{"rendered":"<p>Viviana&nbsp;Ruiz-Gutierrez Viviana Ru\u00edz Guti\u00e9rrez es ec\u00f3loga poblacional y cuantitativa, Bachiller en Biolog\u00eda Tropical de la Universidad Nacional de Costa Rica y Doctora en Ecolog\u00eda y Biolog\u00eda Evolutiva de la Universidad de Cornell. Viviana ha dedicado la mayor parte de su carrera a apoyar y desarrollar proyectos de ecolog\u00eda aplicada y ciencia para la conservaci\u00f3n en [&hellip;]<\/p>\n","protected":false},"author":1,"featured_media":0,"parent":0,"menu_order":0,"comment_status":"closed","ping_status":"closed","template":"","meta":{"footnotes":""},"yoast_head":"<!-- This site is optimized with the Yoast SEO plugin v21.5 - https:\/\/yoast.com\/wordpress\/plugins\/seo\/ -->\n<title>Viviana Ruiz Gutierrez - VI Congreso Colombiano de Ornitologia<\/title>\n<meta name=\"robots\" content=\"index, follow, max-snippet:-1, max-image-preview:large, max-video-preview:-1\" \/>\n<link rel=\"canonical\" href=\"https:\/\/asociacioncolombianadeornitologia.org\/vicongreso\/viviana-ruiz-gutierrez\/\" \/>\n<meta property=\"og:locale\" content=\"es_ES\" \/>\n<meta property=\"og:type\" content=\"article\" \/>\n<meta property=\"og:title\" content=\"Viviana Ruiz Gutierrez - VI Congreso Colombiano de Ornitologia\" \/>\n<meta property=\"og:description\" content=\"Viviana&nbsp;Ruiz-Gutierrez Viviana Ru\u00edz Guti\u00e9rrez es ec\u00f3loga poblacional y cuantitativa, Bachiller en Biolog\u00eda Tropical de la Universidad Nacional de Costa Rica y Doctora en Ecolog\u00eda y Biolog\u00eda Evolutiva de la Universidad de Cornell. Viviana ha dedicado la mayor parte de su carrera a apoyar y desarrollar proyectos de ecolog\u00eda aplicada y ciencia para la conservaci\u00f3n en [&hellip;]\" \/>\n<meta property=\"og:url\" content=\"https:\/\/asociacioncolombianadeornitologia.org\/vicongreso\/viviana-ruiz-gutierrez\/\" \/>\n<meta property=\"og:site_name\" content=\"VI Congreso Colombiano de Ornitologia\" \/>\n<meta property=\"article:modified_time\" content=\"2019-09-26T14:23:16+00:00\" \/>\n<meta property=\"og:image\" content=\"https:\/\/asociacioncolombianadeornitologia.org\/vicongreso\/wp-content\/uploads\/2019\/09\/VR-300x300.jpeg\" \/>\n<meta name=\"twitter:card\" content=\"summary_large_image\" \/>\n<meta name=\"twitter:label1\" content=\"Tiempo estimado de lectura\" \/>\n\t<meta name=\"twitter:data1\" content=\"2 minutos\" \/>\n<script type=\"application\/ld+json\" class=\"yoast-schema-graph\">{\"@context\":\"https:\/\/schema.org\",\"@graph\":[{\"@type\":\"WebPage\",\"@id\":\"https:\/\/asociacioncolombianadeornitologia.org\/vicongreso\/viviana-ruiz-gutierrez\/\",\"url\":\"https:\/\/asociacioncolombianadeornitologia.org\/vicongreso\/viviana-ruiz-gutierrez\/\",\"name\":\"Viviana Ruiz Gutierrez - VI Congreso Colombiano de Ornitologia\",\"isPartOf\":{\"@id\":\"https:\/\/asociacioncolombianadeornitologia.org\/vicongreso\/#website\"},\"datePublished\":\"2019-09-26T13:52:55+00:00\",\"dateModified\":\"2019-09-26T14:23:16+00:00\",\"breadcrumb\":{\"@id\":\"https:\/\/asociacioncolombianadeornitologia.org\/vicongreso\/viviana-ruiz-gutierrez\/#breadcrumb\"},\"inLanguage\":\"es-CO\",\"potentialAction\":[{\"@type\":\"ReadAction\",\"target\":[\"https:\/\/asociacioncolombianadeornitologia.org\/vicongreso\/viviana-ruiz-gutierrez\/\"]}]},{\"@type\":\"BreadcrumbList\",\"@id\":\"https:\/\/asociacioncolombianadeornitologia.org\/vicongreso\/viviana-ruiz-gutierrez\/#breadcrumb\",\"itemListElement\":[{\"@type\":\"ListItem\",\"position\":1,\"name\":\"Home\",\"item\":\"https:\/\/asociacioncolombianadeornitologia.org\/vicongreso\/\"},{\"@type\":\"ListItem\",\"position\":2,\"name\":\"Viviana Ruiz Gutierrez\"}]},{\"@type\":\"WebSite\",\"@id\":\"https:\/\/asociacioncolombianadeornitologia.org\/vicongreso\/#website\",\"url\":\"https:\/\/asociacioncolombianadeornitologia.org\/vicongreso\/\",\"name\":\"VI Congreso Colombiano de Ornitologia\",\"description\":\"Ibagu\u00e9, Tolima 22 al 25 de octubre de 2019\",\"publisher\":{\"@id\":\"https:\/\/asociacioncolombianadeornitologia.org\/vicongreso\/#organization\"},\"potentialAction\":[{\"@type\":\"SearchAction\",\"target\":{\"@type\":\"EntryPoint\",\"urlTemplate\":\"https:\/\/asociacioncolombianadeornitologia.org\/vicongreso\/?s={search_term_string}\"},\"query-input\":\"required name=search_term_string\"}],\"inLanguage\":\"es-CO\"},{\"@type\":\"Organization\",\"@id\":\"https:\/\/asociacioncolombianadeornitologia.org\/vicongreso\/#organization\",\"name\":\"VI Congreso Colombiano de Ornitologia\",\"url\":\"https:\/\/asociacioncolombianadeornitologia.org\/vicongreso\/\",\"logo\":{\"@type\":\"ImageObject\",\"inLanguage\":\"es-CO\",\"@id\":\"https:\/\/asociacioncolombianadeornitologia.org\/vicongreso\/#\/schema\/logo\/image\/\",\"url\":\"https:\/\/asociacioncolombianadeornitologia.org\/vicongreso\/wp-content\/uploads\/2019\/04\/logo_congreso_ornitologia_white.png\",\"contentUrl\":\"https:\/\/asociacioncolombianadeornitologia.org\/vicongreso\/wp-content\/uploads\/2019\/04\/logo_congreso_ornitologia_white.png\",\"width\":500,\"height\":134,\"caption\":\"VI Congreso Colombiano de Ornitologia\"},\"image\":{\"@id\":\"https:\/\/asociacioncolombianadeornitologia.org\/vicongreso\/#\/schema\/logo\/image\/\"}}]}<\/script>\n<!-- \/ Yoast SEO plugin. -->","yoast_head_json":{"title":"Viviana Ruiz Gutierrez - VI Congreso Colombiano de Ornitologia","robots":{"index":"index","follow":"follow","max-snippet":"max-snippet:-1","max-image-preview":"max-image-preview:large","max-video-preview":"max-video-preview:-1"},"canonical":"https:\/\/asociacioncolombianadeornitologia.org\/vicongreso\/viviana-ruiz-gutierrez\/","og_locale":"es_ES","og_type":"article","og_title":"Viviana Ruiz Gutierrez - VI Congreso Colombiano de Ornitologia","og_description":"Viviana&nbsp;Ruiz-Gutierrez Viviana Ru\u00edz Guti\u00e9rrez es ec\u00f3loga poblacional y cuantitativa, Bachiller en Biolog\u00eda Tropical de la Universidad Nacional de Costa Rica y Doctora en Ecolog\u00eda y Biolog\u00eda Evolutiva de la Universidad de Cornell. Viviana ha dedicado la mayor parte de su carrera a apoyar y desarrollar proyectos de ecolog\u00eda aplicada y ciencia para la conservaci\u00f3n en [&hellip;]","og_url":"https:\/\/asociacioncolombianadeornitologia.org\/vicongreso\/viviana-ruiz-gutierrez\/","og_site_name":"VI Congreso Colombiano de Ornitologia","article_modified_time":"2019-09-26T14:23:16+00:00","og_image":[{"url":"https:\/\/asociacioncolombianadeornitologia.org\/vicongreso\/wp-content\/uploads\/2019\/09\/VR-300x300.jpeg"}],"twitter_card":"summary_large_image","twitter_misc":{"Tiempo estimado de lectura":"2 minutos"},"schema":{"@context":"https:\/\/schema.org","@graph":[{"@type":"WebPage","@id":"https:\/\/asociacioncolombianadeornitologia.org\/vicongreso\/viviana-ruiz-gutierrez\/","url":"https:\/\/asociacioncolombianadeornitologia.org\/vicongreso\/viviana-ruiz-gutierrez\/","name":"Viviana Ruiz Gutierrez - VI Congreso Colombiano de Ornitologia","isPartOf":{"@id":"https:\/\/asociacioncolombianadeornitologia.org\/vicongreso\/#website"},"datePublished":"2019-09-26T13:52:55+00:00","dateModified":"2019-09-26T14:23:16+00:00","breadcrumb":{"@id":"https:\/\/asociacioncolombianadeornitologia.org\/vicongreso\/viviana-ruiz-gutierrez\/#breadcrumb"},"inLanguage":"es-CO","potentialAction":[{"@type":"ReadAction","target":["https:\/\/asociacioncolombianadeornitologia.org\/vicongreso\/viviana-ruiz-gutierrez\/"]}]},{"@type":"BreadcrumbList","@id":"https:\/\/asociacioncolombianadeornitologia.org\/vicongreso\/viviana-ruiz-gutierrez\/#breadcrumb","itemListElement":[{"@type":"ListItem","position":1,"name":"Home","item":"https:\/\/asociacioncolombianadeornitologia.org\/vicongreso\/"},{"@type":"ListItem","position":2,"name":"Viviana Ruiz Gutierrez"}]},{"@type":"WebSite","@id":"https:\/\/asociacioncolombianadeornitologia.org\/vicongreso\/#website","url":"https:\/\/asociacioncolombianadeornitologia.org\/vicongreso\/","name":"VI Congreso Colombiano de Ornitologia","description":"Ibagu\u00e9, Tolima 22 al 25 de octubre de 2019","publisher":{"@id":"https:\/\/asociacioncolombianadeornitologia.org\/vicongreso\/#organization"},"potentialAction":[{"@type":"SearchAction","target":{"@type":"EntryPoint","urlTemplate":"https:\/\/asociacioncolombianadeornitologia.org\/vicongreso\/?s={search_term_string}"},"query-input":"required name=search_term_string"}],"inLanguage":"es-CO"},{"@type":"Organization","@id":"https:\/\/asociacioncolombianadeornitologia.org\/vicongreso\/#organization","name":"VI Congreso Colombiano de Ornitologia","url":"https:\/\/asociacioncolombianadeornitologia.org\/vicongreso\/","logo":{"@type":"ImageObject","inLanguage":"es-CO","@id":"https:\/\/asociacioncolombianadeornitologia.org\/vicongreso\/#\/schema\/logo\/image\/","url":"https:\/\/asociacioncolombianadeornitologia.org\/vicongreso\/wp-content\/uploads\/2019\/04\/logo_congreso_ornitologia_white.png","contentUrl":"https:\/\/asociacioncolombianadeornitologia.org\/vicongreso\/wp-content\/uploads\/2019\/04\/logo_congreso_ornitologia_white.png","width":500,"height":134,"caption":"VI Congreso Colombiano de Ornitologia"},"image":{"@id":"https:\/\/asociacioncolombianadeornitologia.org\/vicongreso\/#\/schema\/logo\/image\/"}}]}},"_links":{"self":[{"href":"https:\/\/asociacioncolombianadeornitologia.org\/vicongreso\/wp-json\/wp\/v2\/pages\/525"}],"collection":[{"href":"https:\/\/asociacioncolombianadeornitologia.org\/vicongreso\/wp-json\/wp\/v2\/pages"}],"about":[{"href":"https:\/\/asociacioncolombianadeornitologia.org\/vicongreso\/wp-json\/wp\/v2\/types\/page"}],"author":[{"embeddable":true,"href":"https:\/\/asociacioncolombianadeornitologia.org\/vicongreso\/wp-json\/wp\/v2\/users\/1"}],"replies":[{"embeddable":true,"href":"https:\/\/asociacioncolombianadeornitologia.org\/vicongreso\/wp-json\/wp\/v2\/comments?post=525"}],"version-history":[{"count":4,"href":"https:\/\/asociacioncolombianadeornitologia.org\/vicongreso\/wp-json\/wp\/v2\/pages\/525\/revisions"}],"predecessor-version":[{"id":535,"href":"https:\/\/asociacioncolombianadeornitologia.org\/vicongreso\/wp-json\/wp\/v2\/pages\/525\/revisions\/535"}],"wp:attachment":[{"href":"https:\/\/asociacioncolombianadeornitologia.org\/vicongreso\/wp-json\/wp\/v2\/media?parent=525"}],"curies":[{"name":"wp","href":"https:\/\/api.w.org\/{rel}","templated":true}]}}