{"id":520,"date":"2019-09-24T17:50:31","date_gmt":"2019-09-24T22:50:31","guid":{"rendered":"https:\/\/asociacioncolombianadeornitologia.org\/vicongreso\/?page_id=520"},"modified":"2019-09-24T17:50:32","modified_gmt":"2019-09-24T22:50:32","slug":"mesa-de-trabajo-para-la-conservacion-de-la-reinita-de-canada-cardellina-canadensis-en-colombia","status":"publish","type":"page","link":"https:\/\/asociacioncolombianadeornitologia.org\/vicongreso\/mesa-de-trabajo-para-la-conservacion-de-la-reinita-de-canada-cardellina-canadensis-en-colombia\/","title":{"rendered":"Mesa de trabajo para la conservaci\u00f3n de la reinita de Canad\u00e1 (Cardellina canadensis) en Colombia"},"content":{"rendered":"\n<h1 class=\"wp-block-heading\" style=\"text-align:center\">Mesa de trabajo para la conservaci\u00f3n de la reinita de Canad\u00e1 (<em>Cardellina canadensis<\/em>) en<br> Colombia<\/h1>\n\n\n\n<blockquote class=\"wp-block-quote\"><p><strong>Objetivo principal:<\/strong><br> Identificar oportunidades de alianzas interinstitucionales para aportar al Plan de Conservaci\u00f3n de <em>C. canadensis<\/em> en sus \u00e1reas de invernada en Colombia.<br><\/p><p><strong>Alcance: <\/strong> <br> Las poblaciones<em> C. canadensis<\/em> han disminuido constantemente durante los \u00faltimos 40 a\u00f1os. Su ecolog\u00eda y biolog\u00eda es bien conocida en sus \u00e1reas de reproducci\u00f3n en Canad\u00e1 y Estados  Unidos, pero la informaci\u00f3n en sus sitios de paso (Centroam\u00e9rica) e invernada  (Suram\u00e9rica) es limitada. Colombia est\u00e1 en el centro de la distribuci\u00f3n de invernada de la especie y alberga la mayor proporci\u00f3n de individuos migrantes entre septiembre y abril.<\/p><p>Debido a su carisma, <em>C. canadensis <\/em>est\u00e1 siendo usada como s\u00edmbolo para promover  actividades de conservaci\u00f3n en los Andes colombianos, as\u00ed como actividades de educaci\u00f3n para incentivar la protecci\u00f3n de otras aves locales y migratorias. Esta mesa de trabajo pretende identificar posibles alianzas y v\u00ednculos interinstitucionales, identificar un<br> mecanismo efectivo de comunicaci\u00f3n de resultados sobre la especie, aunar esfuerzos de  conservaci\u00f3n y priorizar las acciones necesarias a corto plazo para asegurar la conservaci\u00f3n de esta especie y otras especies de aves a lo largo de su distribuci\u00f3n.<\/p><p><strong>Cronograma general:<\/strong><br> Tiempo total, aproximadamente 3 horas.<br> Bienvenida y presentaci\u00f3n de asistentes.<br> Presentaci\u00f3n del Plan de Acci\u00f3n de Ciclo Completo de <em>C. canadensis.<\/em><br> Actualizaci\u00f3n del estado de conocimiento de <em>C. canadensis<\/em> en Colombia. Nuevos estudios y acciones de conservaci\u00f3n en marcha.<br> Discusi\u00f3n sobre prioridades de investigaci\u00f3n y conservaci\u00f3n a corto plazo. Como intercambiar informaci\u00f3n y mantener comunicaci\u00f3n fluida entre los actores interesados en la conservaci\u00f3n de <em>C. canadensis<\/em> en Colombia.<br><strong> Responsables: <\/strong>Asociaci\u00f3n Calidris<br><strong> Contacto: <\/strong>Eliana Fierro-Calder\u00f3n <a href=\"eli.fierro@calidris.org.co\">eli.fierro@calidris.org.co<\/a><\/p><\/blockquote>\n","protected":false},"excerpt":{"rendered":"<p>Mesa de trabajo para la conservaci\u00f3n de la reinita de Canad\u00e1 (Cardellina canadensis) en Colombia Objetivo principal: Identificar oportunidades de alianzas interinstitucionales para aportar al Plan de Conservaci\u00f3n de C. canadensis en sus \u00e1reas de invernada en Colombia. Alcance: Las poblaciones C. canadensis han disminuido constantemente durante los \u00faltimos 40 a\u00f1os. Su ecolog\u00eda y biolog\u00eda [&hellip;]<\/p>\n","protected":false},"author":1,"featured_media":0,"parent":0,"menu_order":0,"comment_status":"closed","ping_status":"closed","template":"","meta":{"footnotes":""},"yoast_head":"<!-- This site is optimized with the Yoast SEO plugin v21.5 - https:\/\/yoast.com\/wordpress\/plugins\/seo\/ -->\n<title>Mesa de trabajo para la conservaci\u00f3n de la reinita de Canad\u00e1 (Cardellina canadensis) en Colombia - VI Congreso Colombiano de Ornitologia<\/title>\n<meta name=\"robots\" content=\"index, follow, max-snippet:-1, max-image-preview:large, max-video-preview:-1\" \/>\n<link rel=\"canonical\" href=\"https:\/\/asociacioncolombianadeornitologia.org\/vicongreso\/mesa-de-trabajo-para-la-conservacion-de-la-reinita-de-canada-cardellina-canadensis-en-colombia\/\" \/>\n<meta property=\"og:locale\" content=\"es_ES\" \/>\n<meta property=\"og:type\" content=\"article\" \/>\n<meta property=\"og:title\" content=\"Mesa de trabajo para la conservaci\u00f3n de la reinita de Canad\u00e1 (Cardellina canadensis) en Colombia - VI Congreso Colombiano de Ornitologia\" \/>\n<meta property=\"og:description\" content=\"Mesa de trabajo para la conservaci\u00f3n de la reinita de Canad\u00e1 (Cardellina canadensis) en Colombia Objetivo principal: Identificar oportunidades de alianzas interinstitucionales para aportar al Plan de Conservaci\u00f3n de C. canadensis en sus \u00e1reas de invernada en Colombia. Alcance: Las poblaciones C. canadensis han disminuido constantemente durante los \u00faltimos 40 a\u00f1os. Su ecolog\u00eda y biolog\u00eda [&hellip;]\" \/>\n<meta property=\"og:url\" content=\"https:\/\/asociacioncolombianadeornitologia.org\/vicongreso\/mesa-de-trabajo-para-la-conservacion-de-la-reinita-de-canada-cardellina-canadensis-en-colombia\/\" \/>\n<meta property=\"og:site_name\" content=\"VI Congreso Colombiano de Ornitologia\" \/>\n<meta property=\"article:modified_time\" content=\"2019-09-24T22:50:32+00:00\" \/>\n<meta name=\"twitter:card\" content=\"summary_large_image\" \/>\n<meta name=\"twitter:label1\" content=\"Tiempo estimado de lectura\" \/>\n\t<meta name=\"twitter:data1\" content=\"2 minutos\" \/>\n<script type=\"application\/ld+json\" class=\"yoast-schema-graph\">{\"@context\":\"https:\/\/schema.org\",\"@graph\":[{\"@type\":\"WebPage\",\"@id\":\"https:\/\/asociacioncolombianadeornitologia.org\/vicongreso\/mesa-de-trabajo-para-la-conservacion-de-la-reinita-de-canada-cardellina-canadensis-en-colombia\/\",\"url\":\"https:\/\/asociacioncolombianadeornitologia.org\/vicongreso\/mesa-de-trabajo-para-la-conservacion-de-la-reinita-de-canada-cardellina-canadensis-en-colombia\/\",\"name\":\"Mesa de trabajo para la conservaci\u00f3n de la reinita de Canad\u00e1 (Cardellina canadensis) en Colombia - VI Congreso Colombiano de Ornitologia\",\"isPartOf\":{\"@id\":\"https:\/\/asociacioncolombianadeornitologia.org\/vicongreso\/#website\"},\"datePublished\":\"2019-09-24T22:50:31+00:00\",\"dateModified\":\"2019-09-24T22:50:32+00:00\",\"breadcrumb\":{\"@id\":\"https:\/\/asociacioncolombianadeornitologia.org\/vicongreso\/mesa-de-trabajo-para-la-conservacion-de-la-reinita-de-canada-cardellina-canadensis-en-colombia\/#breadcrumb\"},\"inLanguage\":\"es-CO\",\"potentialAction\":[{\"@type\":\"ReadAction\",\"target\":[\"https:\/\/asociacioncolombianadeornitologia.org\/vicongreso\/mesa-de-trabajo-para-la-conservacion-de-la-reinita-de-canada-cardellina-canadensis-en-colombia\/\"]}]},{\"@type\":\"BreadcrumbList\",\"@id\":\"https:\/\/asociacioncolombianadeornitologia.org\/vicongreso\/mesa-de-trabajo-para-la-conservacion-de-la-reinita-de-canada-cardellina-canadensis-en-colombia\/#breadcrumb\",\"itemListElement\":[{\"@type\":\"ListItem\",\"position\":1,\"name\":\"Home\",\"item\":\"https:\/\/asociacioncolombianadeornitologia.org\/vicongreso\/\"},{\"@type\":\"ListItem\",\"position\":2,\"name\":\"Mesa de trabajo para la conservaci\u00f3n de la reinita de Canad\u00e1 (Cardellina canadensis) en Colombia\"}]},{\"@type\":\"WebSite\",\"@id\":\"https:\/\/asociacioncolombianadeornitologia.org\/vicongreso\/#website\",\"url\":\"https:\/\/asociacioncolombianadeornitologia.org\/vicongreso\/\",\"name\":\"VI Congreso Colombiano de Ornitologia\",\"description\":\"Ibagu\u00e9, Tolima 22 al 25 de octubre de 2019\",\"publisher\":{\"@id\":\"https:\/\/asociacioncolombianadeornitologia.org\/vicongreso\/#organization\"},\"potentialAction\":[{\"@type\":\"SearchAction\",\"target\":{\"@type\":\"EntryPoint\",\"urlTemplate\":\"https:\/\/asociacioncolombianadeornitologia.org\/vicongreso\/?s={search_term_string}\"},\"query-input\":\"required name=search_term_string\"}],\"inLanguage\":\"es-CO\"},{\"@type\":\"Organization\",\"@id\":\"https:\/\/asociacioncolombianadeornitologia.org\/vicongreso\/#organization\",\"name\":\"VI Congreso Colombiano de Ornitologia\",\"url\":\"https:\/\/asociacioncolombianadeornitologia.org\/vicongreso\/\",\"logo\":{\"@type\":\"ImageObject\",\"inLanguage\":\"es-CO\",\"@id\":\"https:\/\/asociacioncolombianadeornitologia.org\/vicongreso\/#\/schema\/logo\/image\/\",\"url\":\"https:\/\/asociacioncolombianadeornitologia.org\/vicongreso\/wp-content\/uploads\/2019\/04\/logo_congreso_ornitologia_white.png\",\"contentUrl\":\"https:\/\/asociacioncolombianadeornitologia.org\/vicongreso\/wp-content\/uploads\/2019\/04\/logo_congreso_ornitologia_white.png\",\"width\":500,\"height\":134,\"caption\":\"VI Congreso Colombiano de Ornitologia\"},\"image\":{\"@id\":\"https:\/\/asociacioncolombianadeornitologia.org\/vicongreso\/#\/schema\/logo\/image\/\"}}]}<\/script>\n<!-- \/ Yoast SEO plugin. -->","yoast_head_json":{"title":"Mesa de trabajo para la conservaci\u00f3n de la reinita de Canad\u00e1 (Cardellina canadensis) en Colombia - VI Congreso Colombiano de Ornitologia","robots":{"index":"index","follow":"follow","max-snippet":"max-snippet:-1","max-image-preview":"max-image-preview:large","max-video-preview":"max-video-preview:-1"},"canonical":"https:\/\/asociacioncolombianadeornitologia.org\/vicongreso\/mesa-de-trabajo-para-la-conservacion-de-la-reinita-de-canada-cardellina-canadensis-en-colombia\/","og_locale":"es_ES","og_type":"article","og_title":"Mesa de trabajo para la conservaci\u00f3n de la reinita de Canad\u00e1 (Cardellina canadensis) en Colombia - VI Congreso Colombiano de Ornitologia","og_description":"Mesa de trabajo para la conservaci\u00f3n de la reinita de Canad\u00e1 (Cardellina canadensis) en Colombia Objetivo principal: Identificar oportunidades de alianzas interinstitucionales para aportar al Plan de Conservaci\u00f3n de C. canadensis en sus \u00e1reas de invernada en Colombia. Alcance: Las poblaciones C. canadensis han disminuido constantemente durante los \u00faltimos 40 a\u00f1os. Su ecolog\u00eda y biolog\u00eda [&hellip;]","og_url":"https:\/\/asociacioncolombianadeornitologia.org\/vicongreso\/mesa-de-trabajo-para-la-conservacion-de-la-reinita-de-canada-cardellina-canadensis-en-colombia\/","og_site_name":"VI Congreso Colombiano de Ornitologia","article_modified_time":"2019-09-24T22:50:32+00:00","twitter_card":"summary_large_image","twitter_misc":{"Tiempo estimado de lectura":"2 minutos"},"schema":{"@context":"https:\/\/schema.org","@graph":[{"@type":"WebPage","@id":"https:\/\/asociacioncolombianadeornitologia.org\/vicongreso\/mesa-de-trabajo-para-la-conservacion-de-la-reinita-de-canada-cardellina-canadensis-en-colombia\/","url":"https:\/\/asociacioncolombianadeornitologia.org\/vicongreso\/mesa-de-trabajo-para-la-conservacion-de-la-reinita-de-canada-cardellina-canadensis-en-colombia\/","name":"Mesa de trabajo para la conservaci\u00f3n de la reinita de Canad\u00e1 (Cardellina canadensis) en Colombia - VI Congreso Colombiano de Ornitologia","isPartOf":{"@id":"https:\/\/asociacioncolombianadeornitologia.org\/vicongreso\/#website"},"datePublished":"2019-09-24T22:50:31+00:00","dateModified":"2019-09-24T22:50:32+00:00","breadcrumb":{"@id":"https:\/\/asociacioncolombianadeornitologia.org\/vicongreso\/mesa-de-trabajo-para-la-conservacion-de-la-reinita-de-canada-cardellina-canadensis-en-colombia\/#breadcrumb"},"inLanguage":"es-CO","potentialAction":[{"@type":"ReadAction","target":["https:\/\/asociacioncolombianadeornitologia.org\/vicongreso\/mesa-de-trabajo-para-la-conservacion-de-la-reinita-de-canada-cardellina-canadensis-en-colombia\/"]}]},{"@type":"BreadcrumbList","@id":"https:\/\/asociacioncolombianadeornitologia.org\/vicongreso\/mesa-de-trabajo-para-la-conservacion-de-la-reinita-de-canada-cardellina-canadensis-en-colombia\/#breadcrumb","itemListElement":[{"@type":"ListItem","position":1,"name":"Home","item":"https:\/\/asociacioncolombianadeornitologia.org\/vicongreso\/"},{"@type":"ListItem","position":2,"name":"Mesa de trabajo para la conservaci\u00f3n de la reinita de Canad\u00e1 (Cardellina canadensis) en Colombia"}]},{"@type":"WebSite","@id":"https:\/\/asociacioncolombianadeornitologia.org\/vicongreso\/#website","url":"https:\/\/asociacioncolombianadeornitologia.org\/vicongreso\/","name":"VI Congreso Colombiano de Ornitologia","description":"Ibagu\u00e9, Tolima 22 al 25 de octubre de 2019","publisher":{"@id":"https:\/\/asociacioncolombianadeornitologia.org\/vicongreso\/#organization"},"potentialAction":[{"@type":"SearchAction","target":{"@type":"EntryPoint","urlTemplate":"https:\/\/asociacioncolombianadeornitologia.org\/vicongreso\/?s={search_term_string}"},"query-input":"required name=search_term_string"}],"inLanguage":"es-CO"},{"@type":"Organization","@id":"https:\/\/asociacioncolombianadeornitologia.org\/vicongreso\/#organization","name":"VI Congreso Colombiano de Ornitologia","url":"https:\/\/asociacioncolombianadeornitologia.org\/vicongreso\/","logo":{"@type":"ImageObject","inLanguage":"es-CO","@id":"https:\/\/asociacioncolombianadeornitologia.org\/vicongreso\/#\/schema\/logo\/image\/","url":"https:\/\/asociacioncolombianadeornitologia.org\/vicongreso\/wp-content\/uploads\/2019\/04\/logo_congreso_ornitologia_white.png","contentUrl":"https:\/\/asociacioncolombianadeornitologia.org\/vicongreso\/wp-content\/uploads\/2019\/04\/logo_congreso_ornitologia_white.png","width":500,"height":134,"caption":"VI Congreso Colombiano de Ornitologia"},"image":{"@id":"https:\/\/asociacioncolombianadeornitologia.org\/vicongreso\/#\/schema\/logo\/image\/"}}]}},"_links":{"self":[{"href":"https:\/\/asociacioncolombianadeornitologia.org\/vicongreso\/wp-json\/wp\/v2\/pages\/520"}],"collection":[{"href":"https:\/\/asociacioncolombianadeornitologia.org\/vicongreso\/wp-json\/wp\/v2\/pages"}],"about":[{"href":"https:\/\/asociacioncolombianadeornitologia.org\/vicongreso\/wp-json\/wp\/v2\/types\/page"}],"author":[{"embeddable":true,"href":"https:\/\/asociacioncolombianadeornitologia.org\/vicongreso\/wp-json\/wp\/v2\/users\/1"}],"replies":[{"embeddable":true,"href":"https:\/\/asociacioncolombianadeornitologia.org\/vicongreso\/wp-json\/wp\/v2\/comments?post=520"}],"version-history":[{"count":1,"href":"https:\/\/asociacioncolombianadeornitologia.org\/vicongreso\/wp-json\/wp\/v2\/pages\/520\/revisions"}],"predecessor-version":[{"id":521,"href":"https:\/\/asociacioncolombianadeornitologia.org\/vicongreso\/wp-json\/wp\/v2\/pages\/520\/revisions\/521"}],"wp:attachment":[{"href":"https:\/\/asociacioncolombianadeornitologia.org\/vicongreso\/wp-json\/wp\/v2\/media?parent=520"}],"curies":[{"name":"wp","href":"https:\/\/api.w.org\/{rel}","templated":true}]}}