{"id":503,"date":"2019-09-17T18:33:29","date_gmt":"2019-09-17T23:33:29","guid":{"rendered":"https:\/\/asociacioncolombianadeornitologia.org\/vicongreso\/?page_id=503"},"modified":"2019-10-08T15:19:33","modified_gmt":"2019-10-08T20:19:33","slug":"papel-del-aviturismo-en-la-conservacion-de-las-aves-estudios-de-caso-experiencias-y-retos-en-la-region-neotropical","status":"publish","type":"page","link":"https:\/\/asociacioncolombianadeornitologia.org\/vicongreso\/papel-del-aviturismo-en-la-conservacion-de-las-aves-estudios-de-caso-experiencias-y-retos-en-la-region-neotropical\/","title":{"rendered":"PAPEL DEL AVITURISMO EN LA CONSERVACI\u00d3N DE LAS AVES: ESTUDIOS DE CASO, EXPERIENCIAS Y RETOS EN LA REGI\u00d3N NEOTROPICAL"},"content":{"rendered":"\n<h1 class=\"wp-block-heading\" style=\"text-align:center\">PAPEL DEL AVITURISMO EN LA CONSERVACI\u00d3N DE LAS AVES:<br> ESTUDIOS DE CASO, EXPERIENCIAS Y RETOS EN LA REGI\u00d3N NEOTROPICAL<\/h1>\n\n\n\n<blockquote class=\"wp-block-quote\"><p>La Sociedad Nacional Audubon plantea el simposio \u201cPapel del aviturismo en la  conservaci\u00f3n de las aves: estudios de caso, experiencias y retos en la regi\u00f3n  Neotropical\u201d, una interesante discusi\u00f3n frente al uso del aviturismo como una medida  complementaria de conservaci\u00f3n de la biodiversidad, especialmente en \u00e1reas neotropicales,  donde la diversidad de aves se convierte en un atractivo tur\u00edstico para mercados emisores  de avituristas como Estados Unidos e Inglaterra. \u00a0\u00a0<\/p><p>El objetivo de este simposio es conocer diferentes experiencias de conservaci\u00f3n  relacionadas con el turismo de observaci\u00f3n de aves y c\u00f3mo a trav\u00e9s de un turismo  responsable se promueve la conservaci\u00f3n de \u00e1reas naturales y las aves.  El simposio analizar\u00e1 c\u00f3mo las actividades de turismo de observaci\u00f3n de aves promueven  la participaci\u00f3n de las comunidades que viven en \u00e1reas de alta biodiversidad pero con  necesidades b\u00e1sicas insatisfechas y plantear\u00e1 discusiones frente al papel que juega el  turismo en la conservaci\u00f3n de la naturaleza.<br> \u00a0<br> Como punto de partida, se plantea el aviturismo como un alternativa socioecon\u00f3mica para  comunidades locales que promueven la conservaci\u00f3n de la biodiversidad. Vincular a dichas comunidades en actividades de aviturismo, fortalecer la investigaci\u00f3n asociada a sus<br> impactos y promover el monitoreo a largo plazo son algunas de las acciones que un turismo  responsable aporta a la conservaci\u00f3n de las aves.<br> \u00a0<br> De igual manera, este simposio identifica aspectos que deben seguir fortaleci\u00e9ndose,  principalmente en temas de investigaci\u00f3n ornitol\u00f3gica, capacidades de carga e impactos de pr\u00e1cticas comunes en este sector (comederos, bebederos, playback, etc) y generar  indicadores que permitan evaluar el grado e impactos de conservaci\u00f3n en los ecosistemas<br> neotropicales.<br><\/p><p><strong>Preguntas orientadoras<\/strong><\/p><p>1. De acuerdo con las propuestas de rutas e itinerarios de aviturismo, \u00bfestar\u00edan cubiertas bajo esta figura <em>sui generis<\/em> de conservaci\u00f3n todas las aves con preocupaci\u00f3n por su conservaci\u00f3n?<br>2. Que debemos hacer para hacer un aviturismo responsable en Colombia<br>3. Cual debe ser el papel de la ciencia, la investigaci\u00f3n y la gesti\u00f3n de la conservaci\u00f3n en el aviturismo. <br><\/p><p><strong>Agenda propuesta<\/strong><\/p><p><strong>8.30 \u2013 9.00 Registro<\/strong><\/p><p><strong>9:00 \u2013 9:15 Apertura, introducci\u00f3n y presentaci\u00f3n de panelistas \u2013 Audubon<\/strong><\/p><p><strong>9:15 \u2013 10:30 Presentaciones<\/strong><\/p><p>1. Rutas de aviturismo de Colombia (15 minutos). Por Catalina Casas<br>2.Estado de conservaci\u00f3n de las aves de la Ruta de Aviturismo de los Andes Centrales de Colombia (15 minutos). Por Juan Sebastian Restrepo<br> 3. Exploraciones ornitol\u00f3gicas, monitoreo comunitario y turismo sostenible: experiencias desde Caldas y las colecciones biol\u00f3gicas del Instituto Humboldt. Por David Ocampo<br> 4. Ruta del suroccidente: retos, oportunidades y vac\u00edos de conservaci\u00f3n. Por Asociaci\u00f3n Calidris (por confirmar)<br> 5. Conservar por entretenci\u00f3n, o entretenci\u00f3n por conservar Por Mar\u00eda Angela Echeverry<br> 6. Proceso de investigaci\u00f3n participativa y contribuci\u00f3n al desarrollo del aviturismo en el municipio de Ibague. Por Yeiner Molina <\/p><p><strong>10.30 \u2013 11.45 Panel de expertos<\/strong><\/p><p>\u00bfEs el aviturismo una herramienta de conservaci\u00f3n efectiva para las aves del Neotropico?<br> Moderadora:<br> Catalina Casas &#8211; Sociedad Nacional Audubon<br> Panelistas:<br> 1. Juan Sebasti\u00e1n Restrepo-Cardona \u2013 Sociedad Nacional Audubon<br> 2. Fernando Ayerbe, Gu\u00eda Ilustrada de la Avifauna Colombiana<br> 3. Mar\u00eda \u00c1ngela Echeverry \u2013 Universidad Javeriana<br> 4. David Ocampo \u2013 SCO\/Humboldt<br> 5. Yeiner Molina \u2013 Universidad de Ibagu\u00e9 <\/p><p><strong>11.45 \u2013 12.00 Conclusiones y cierre \u2013 Calidris (Por confirmar)<\/strong><\/p><p>Contacto: <strong>Diego Ochoa<\/strong> <a href=\"Colombiabogotaoffice@audsoc.onmicrosoft.com\">Colombiabogotaoffice@audsoc.onmicrosoft.com<\/a><\/p><\/blockquote>\n\n\n\n<p><\/p>\n\n\n\n<p><\/p>\n\n\n\n<p><\/p>\n","protected":false},"excerpt":{"rendered":"<p>PAPEL DEL AVITURISMO EN LA CONSERVACI\u00d3N DE LAS AVES: ESTUDIOS DE CASO, EXPERIENCIAS Y RETOS EN LA REGI\u00d3N NEOTROPICAL La Sociedad Nacional Audubon plantea el simposio \u201cPapel del aviturismo en la conservaci\u00f3n de las aves: estudios de caso, experiencias y retos en la regi\u00f3n Neotropical\u201d, una interesante discusi\u00f3n frente al uso del aviturismo como una [&hellip;]<\/p>\n","protected":false},"author":1,"featured_media":0,"parent":0,"menu_order":0,"comment_status":"closed","ping_status":"closed","template":"","meta":{"footnotes":""},"yoast_head":"<!-- This site is optimized with the Yoast SEO plugin v21.5 - https:\/\/yoast.com\/wordpress\/plugins\/seo\/ -->\n<title>PAPEL DEL AVITURISMO EN LA CONSERVACI\u00d3N DE LAS AVES: ESTUDIOS DE CASO, EXPERIENCIAS Y RETOS EN LA REGI\u00d3N NEOTROPICAL - VI Congreso Colombiano de Ornitologia<\/title>\n<meta name=\"robots\" content=\"index, follow, max-snippet:-1, max-image-preview:large, max-video-preview:-1\" \/>\n<link rel=\"canonical\" href=\"https:\/\/asociacioncolombianadeornitologia.org\/vicongreso\/papel-del-aviturismo-en-la-conservacion-de-las-aves-estudios-de-caso-experiencias-y-retos-en-la-region-neotropical\/\" \/>\n<meta property=\"og:locale\" content=\"es_ES\" \/>\n<meta property=\"og:type\" content=\"article\" \/>\n<meta property=\"og:title\" content=\"PAPEL DEL AVITURISMO EN LA CONSERVACI\u00d3N DE LAS AVES: ESTUDIOS DE CASO, EXPERIENCIAS Y RETOS EN LA REGI\u00d3N NEOTROPICAL - VI Congreso Colombiano de Ornitologia\" \/>\n<meta property=\"og:description\" content=\"PAPEL DEL AVITURISMO EN LA CONSERVACI\u00d3N DE LAS AVES: ESTUDIOS DE CASO, EXPERIENCIAS Y RETOS EN LA REGI\u00d3N NEOTROPICAL La Sociedad Nacional Audubon plantea el simposio \u201cPapel del aviturismo en la conservaci\u00f3n de las aves: estudios de caso, experiencias y retos en la regi\u00f3n Neotropical\u201d, una interesante discusi\u00f3n frente al uso del aviturismo como una [&hellip;]\" \/>\n<meta property=\"og:url\" content=\"https:\/\/asociacioncolombianadeornitologia.org\/vicongreso\/papel-del-aviturismo-en-la-conservacion-de-las-aves-estudios-de-caso-experiencias-y-retos-en-la-region-neotropical\/\" \/>\n<meta property=\"og:site_name\" content=\"VI Congreso Colombiano de Ornitologia\" \/>\n<meta property=\"article:modified_time\" content=\"2019-10-08T20:19:33+00:00\" \/>\n<meta name=\"twitter:card\" content=\"summary_large_image\" \/>\n<meta name=\"twitter:label1\" content=\"Tiempo estimado de lectura\" \/>\n\t<meta name=\"twitter:data1\" content=\"3 minutos\" \/>\n<script type=\"application\/ld+json\" class=\"yoast-schema-graph\">{\"@context\":\"https:\/\/schema.org\",\"@graph\":[{\"@type\":\"WebPage\",\"@id\":\"https:\/\/asociacioncolombianadeornitologia.org\/vicongreso\/papel-del-aviturismo-en-la-conservacion-de-las-aves-estudios-de-caso-experiencias-y-retos-en-la-region-neotropical\/\",\"url\":\"https:\/\/asociacioncolombianadeornitologia.org\/vicongreso\/papel-del-aviturismo-en-la-conservacion-de-las-aves-estudios-de-caso-experiencias-y-retos-en-la-region-neotropical\/\",\"name\":\"PAPEL DEL AVITURISMO EN LA CONSERVACI\u00d3N DE LAS AVES: ESTUDIOS DE CASO, EXPERIENCIAS Y RETOS EN LA REGI\u00d3N NEOTROPICAL - VI Congreso Colombiano de Ornitologia\",\"isPartOf\":{\"@id\":\"https:\/\/asociacioncolombianadeornitologia.org\/vicongreso\/#website\"},\"datePublished\":\"2019-09-17T23:33:29+00:00\",\"dateModified\":\"2019-10-08T20:19:33+00:00\",\"breadcrumb\":{\"@id\":\"https:\/\/asociacioncolombianadeornitologia.org\/vicongreso\/papel-del-aviturismo-en-la-conservacion-de-las-aves-estudios-de-caso-experiencias-y-retos-en-la-region-neotropical\/#breadcrumb\"},\"inLanguage\":\"es-CO\",\"potentialAction\":[{\"@type\":\"ReadAction\",\"target\":[\"https:\/\/asociacioncolombianadeornitologia.org\/vicongreso\/papel-del-aviturismo-en-la-conservacion-de-las-aves-estudios-de-caso-experiencias-y-retos-en-la-region-neotropical\/\"]}]},{\"@type\":\"BreadcrumbList\",\"@id\":\"https:\/\/asociacioncolombianadeornitologia.org\/vicongreso\/papel-del-aviturismo-en-la-conservacion-de-las-aves-estudios-de-caso-experiencias-y-retos-en-la-region-neotropical\/#breadcrumb\",\"itemListElement\":[{\"@type\":\"ListItem\",\"position\":1,\"name\":\"Home\",\"item\":\"https:\/\/asociacioncolombianadeornitologia.org\/vicongreso\/\"},{\"@type\":\"ListItem\",\"position\":2,\"name\":\"PAPEL DEL AVITURISMO EN LA CONSERVACI\u00d3N DE LAS AVES: ESTUDIOS DE CASO, EXPERIENCIAS Y RETOS EN LA REGI\u00d3N NEOTROPICAL\"}]},{\"@type\":\"WebSite\",\"@id\":\"https:\/\/asociacioncolombianadeornitologia.org\/vicongreso\/#website\",\"url\":\"https:\/\/asociacioncolombianadeornitologia.org\/vicongreso\/\",\"name\":\"VI Congreso Colombiano de Ornitologia\",\"description\":\"Ibagu\u00e9, Tolima 22 al 25 de octubre de 2019\",\"publisher\":{\"@id\":\"https:\/\/asociacioncolombianadeornitologia.org\/vicongreso\/#organization\"},\"potentialAction\":[{\"@type\":\"SearchAction\",\"target\":{\"@type\":\"EntryPoint\",\"urlTemplate\":\"https:\/\/asociacioncolombianadeornitologia.org\/vicongreso\/?s={search_term_string}\"},\"query-input\":\"required name=search_term_string\"}],\"inLanguage\":\"es-CO\"},{\"@type\":\"Organization\",\"@id\":\"https:\/\/asociacioncolombianadeornitologia.org\/vicongreso\/#organization\",\"name\":\"VI Congreso Colombiano de Ornitologia\",\"url\":\"https:\/\/asociacioncolombianadeornitologia.org\/vicongreso\/\",\"logo\":{\"@type\":\"ImageObject\",\"inLanguage\":\"es-CO\",\"@id\":\"https:\/\/asociacioncolombianadeornitologia.org\/vicongreso\/#\/schema\/logo\/image\/\",\"url\":\"https:\/\/asociacioncolombianadeornitologia.org\/vicongreso\/wp-content\/uploads\/2019\/04\/logo_congreso_ornitologia_white.png\",\"contentUrl\":\"https:\/\/asociacioncolombianadeornitologia.org\/vicongreso\/wp-content\/uploads\/2019\/04\/logo_congreso_ornitologia_white.png\",\"width\":500,\"height\":134,\"caption\":\"VI Congreso Colombiano de Ornitologia\"},\"image\":{\"@id\":\"https:\/\/asociacioncolombianadeornitologia.org\/vicongreso\/#\/schema\/logo\/image\/\"}}]}<\/script>\n<!-- \/ Yoast SEO plugin. -->","yoast_head_json":{"title":"PAPEL DEL AVITURISMO EN LA CONSERVACI\u00d3N DE LAS AVES: ESTUDIOS DE CASO, EXPERIENCIAS Y RETOS EN LA REGI\u00d3N NEOTROPICAL - VI Congreso Colombiano de Ornitologia","robots":{"index":"index","follow":"follow","max-snippet":"max-snippet:-1","max-image-preview":"max-image-preview:large","max-video-preview":"max-video-preview:-1"},"canonical":"https:\/\/asociacioncolombianadeornitologia.org\/vicongreso\/papel-del-aviturismo-en-la-conservacion-de-las-aves-estudios-de-caso-experiencias-y-retos-en-la-region-neotropical\/","og_locale":"es_ES","og_type":"article","og_title":"PAPEL DEL AVITURISMO EN LA CONSERVACI\u00d3N DE LAS AVES: ESTUDIOS DE CASO, EXPERIENCIAS Y RETOS EN LA REGI\u00d3N NEOTROPICAL - VI Congreso Colombiano de Ornitologia","og_description":"PAPEL DEL AVITURISMO EN LA CONSERVACI\u00d3N DE LAS AVES: ESTUDIOS DE CASO, EXPERIENCIAS Y RETOS EN LA REGI\u00d3N NEOTROPICAL La Sociedad Nacional Audubon plantea el simposio \u201cPapel del aviturismo en la conservaci\u00f3n de las aves: estudios de caso, experiencias y retos en la regi\u00f3n Neotropical\u201d, una interesante discusi\u00f3n frente al uso del aviturismo como una [&hellip;]","og_url":"https:\/\/asociacioncolombianadeornitologia.org\/vicongreso\/papel-del-aviturismo-en-la-conservacion-de-las-aves-estudios-de-caso-experiencias-y-retos-en-la-region-neotropical\/","og_site_name":"VI Congreso Colombiano de Ornitologia","article_modified_time":"2019-10-08T20:19:33+00:00","twitter_card":"summary_large_image","twitter_misc":{"Tiempo estimado de lectura":"3 minutos"},"schema":{"@context":"https:\/\/schema.org","@graph":[{"@type":"WebPage","@id":"https:\/\/asociacioncolombianadeornitologia.org\/vicongreso\/papel-del-aviturismo-en-la-conservacion-de-las-aves-estudios-de-caso-experiencias-y-retos-en-la-region-neotropical\/","url":"https:\/\/asociacioncolombianadeornitologia.org\/vicongreso\/papel-del-aviturismo-en-la-conservacion-de-las-aves-estudios-de-caso-experiencias-y-retos-en-la-region-neotropical\/","name":"PAPEL DEL AVITURISMO EN LA CONSERVACI\u00d3N DE LAS AVES: ESTUDIOS DE CASO, EXPERIENCIAS Y RETOS EN LA REGI\u00d3N NEOTROPICAL - VI Congreso Colombiano de Ornitologia","isPartOf":{"@id":"https:\/\/asociacioncolombianadeornitologia.org\/vicongreso\/#website"},"datePublished":"2019-09-17T23:33:29+00:00","dateModified":"2019-10-08T20:19:33+00:00","breadcrumb":{"@id":"https:\/\/asociacioncolombianadeornitologia.org\/vicongreso\/papel-del-aviturismo-en-la-conservacion-de-las-aves-estudios-de-caso-experiencias-y-retos-en-la-region-neotropical\/#breadcrumb"},"inLanguage":"es-CO","potentialAction":[{"@type":"ReadAction","target":["https:\/\/asociacioncolombianadeornitologia.org\/vicongreso\/papel-del-aviturismo-en-la-conservacion-de-las-aves-estudios-de-caso-experiencias-y-retos-en-la-region-neotropical\/"]}]},{"@type":"BreadcrumbList","@id":"https:\/\/asociacioncolombianadeornitologia.org\/vicongreso\/papel-del-aviturismo-en-la-conservacion-de-las-aves-estudios-de-caso-experiencias-y-retos-en-la-region-neotropical\/#breadcrumb","itemListElement":[{"@type":"ListItem","position":1,"name":"Home","item":"https:\/\/asociacioncolombianadeornitologia.org\/vicongreso\/"},{"@type":"ListItem","position":2,"name":"PAPEL DEL AVITURISMO EN LA CONSERVACI\u00d3N DE LAS AVES: ESTUDIOS DE CASO, EXPERIENCIAS Y RETOS EN LA REGI\u00d3N NEOTROPICAL"}]},{"@type":"WebSite","@id":"https:\/\/asociacioncolombianadeornitologia.org\/vicongreso\/#website","url":"https:\/\/asociacioncolombianadeornitologia.org\/vicongreso\/","name":"VI Congreso Colombiano de Ornitologia","description":"Ibagu\u00e9, Tolima 22 al 25 de octubre de 2019","publisher":{"@id":"https:\/\/asociacioncolombianadeornitologia.org\/vicongreso\/#organization"},"potentialAction":[{"@type":"SearchAction","target":{"@type":"EntryPoint","urlTemplate":"https:\/\/asociacioncolombianadeornitologia.org\/vicongreso\/?s={search_term_string}"},"query-input":"required name=search_term_string"}],"inLanguage":"es-CO"},{"@type":"Organization","@id":"https:\/\/asociacioncolombianadeornitologia.org\/vicongreso\/#organization","name":"VI Congreso Colombiano de Ornitologia","url":"https:\/\/asociacioncolombianadeornitologia.org\/vicongreso\/","logo":{"@type":"ImageObject","inLanguage":"es-CO","@id":"https:\/\/asociacioncolombianadeornitologia.org\/vicongreso\/#\/schema\/logo\/image\/","url":"https:\/\/asociacioncolombianadeornitologia.org\/vicongreso\/wp-content\/uploads\/2019\/04\/logo_congreso_ornitologia_white.png","contentUrl":"https:\/\/asociacioncolombianadeornitologia.org\/vicongreso\/wp-content\/uploads\/2019\/04\/logo_congreso_ornitologia_white.png","width":500,"height":134,"caption":"VI Congreso Colombiano de Ornitologia"},"image":{"@id":"https:\/\/asociacioncolombianadeornitologia.org\/vicongreso\/#\/schema\/logo\/image\/"}}]}},"_links":{"self":[{"href":"https:\/\/asociacioncolombianadeornitologia.org\/vicongreso\/wp-json\/wp\/v2\/pages\/503"}],"collection":[{"href":"https:\/\/asociacioncolombianadeornitologia.org\/vicongreso\/wp-json\/wp\/v2\/pages"}],"about":[{"href":"https:\/\/asociacioncolombianadeornitologia.org\/vicongreso\/wp-json\/wp\/v2\/types\/page"}],"author":[{"embeddable":true,"href":"https:\/\/asociacioncolombianadeornitologia.org\/vicongreso\/wp-json\/wp\/v2\/users\/1"}],"replies":[{"embeddable":true,"href":"https:\/\/asociacioncolombianadeornitologia.org\/vicongreso\/wp-json\/wp\/v2\/comments?post=503"}],"version-history":[{"count":8,"href":"https:\/\/asociacioncolombianadeornitologia.org\/vicongreso\/wp-json\/wp\/v2\/pages\/503\/revisions"}],"predecessor-version":[{"id":567,"href":"https:\/\/asociacioncolombianadeornitologia.org\/vicongreso\/wp-json\/wp\/v2\/pages\/503\/revisions\/567"}],"wp:attachment":[{"href":"https:\/\/asociacioncolombianadeornitologia.org\/vicongreso\/wp-json\/wp\/v2\/media?parent=503"}],"curies":[{"name":"wp","href":"https:\/\/api.w.org\/{rel}","templated":true}]}}