{"id":480,"date":"2019-09-09T11:33:36","date_gmt":"2019-09-09T16:33:36","guid":{"rendered":"https:\/\/asociacioncolombianadeornitologia.org\/vicongreso\/?page_id=480"},"modified":"2019-09-09T11:33:37","modified_gmt":"2019-09-09T16:33:37","slug":"nubia-estela-matta-camacho","status":"publish","type":"page","link":"https:\/\/asociacioncolombianadeornitologia.org\/vicongreso\/nubia-estela-matta-camacho\/","title":{"rendered":"Nubia Estela Matta Camacho"},"content":{"rendered":"\n<h1 class=\"wp-block-heading\" style=\"text-align:center\"><strong>Nubia Estela Matta Camacho<\/strong><\/h1>\n\n\n\n<div class=\"wp-block-image\"><figure class=\"aligncenter\"><img loading=\"lazy\" decoding=\"async\" width=\"300\" height=\"225\" src=\"https:\/\/asociacioncolombianadeornitologia.org\/vicongreso\/wp-content\/uploads\/2019\/09\/IMG-2596-Nubia-Matta-300x225.jpg\" alt=\"\" class=\"wp-image-481\" srcset=\"https:\/\/asociacioncolombianadeornitologia.org\/vicongreso\/wp-content\/uploads\/2019\/09\/IMG-2596-Nubia-Matta-300x225.jpg 300w, https:\/\/asociacioncolombianadeornitologia.org\/vicongreso\/wp-content\/uploads\/2019\/09\/IMG-2596-Nubia-Matta-768x576.jpg 768w, https:\/\/asociacioncolombianadeornitologia.org\/vicongreso\/wp-content\/uploads\/2019\/09\/IMG-2596-Nubia-Matta-1024x768.jpg 1024w, https:\/\/asociacioncolombianadeornitologia.org\/vicongreso\/wp-content\/uploads\/2019\/09\/IMG-2596-Nubia-Matta-600x450.jpg 600w\" sizes=\"(max-width: 300px) 100vw, 300px\" \/><\/figure><\/div>\n\n\n\n<blockquote class=\"wp-block-quote\"><p>Estudi\u00e9 mi primaria en la Escuela Julia Calder\u00f3n del Barrio el Jord\u00e1n y me gradu\u00e9 del Colegio  Mar\u00eda Inmaculada de Ibagu\u00e9 en 1986. Posteriormente obtuve el titulo de Bacteri\u00f3loga y  Laboratorista Cl\u00ednica en el a\u00f1o 1990 de la Universidad Colegio Mayor de Cundinamarca, la Maestr\u00eda en Gen\u00e9tica Humana de la Universidad Nacional de Colombia en 1995 y en el a\u00f1o 2005 el Doctorado en Biolog\u00eda parasitaria del Instituto Oswaldo Cruz de Rio de Janeiro Brasil. Desde 1996 me vincul\u00e9 al Departamento de Biolog\u00eda de la Universidad Nacional de Colombia- Sede Bogot\u00e1. Actualmente soy profesora Titular-Tenure. Donde participo en las clases de Gen\u00e9tica, Biolog\u00eda General Inmunolog\u00eda, Pr\u00e1ctica de Investigaci\u00f3n y Taller de Publicaciones. All\u00ed he tenido la oportunidad de crecer personal y profesionalmente con mis estudiantes he dirigido m\u00e1s de 20 trabajos de grado y cerca de una docena de tesis de maestr\u00eda y doctorado.<\/p><p>Resultados de este trabajo y colaboraciones nacionales e internacionales han sido publicadas en revistas indexadas nacionales e internacionales y socializadas en congresos, workshops y cursos cortos. Soy investigadora Junior, y l\u00edder del grupo de Investigaci\u00f3n Caracterizaci\u00f3n gen\u00e9tica e inmunolog\u00eda, adem\u00e1s Curadora de la Colecci\u00f3n Biol\u00f3gica GERPH: Par\u00e1sitos en vida silvestre y editora asociada de la Revista Acta Biol\u00f3gica Colombiana. En el a\u00f1o 2014 fui galardonada con los premios de Docencia excepcional concedido por Universidad Nacional de Colombia y el Premio Nacional Fundaci\u00f3n Alejando \u00c1ngel Escobar: modalidad Ciencias Exactas F\u00edsicas y Naturales.<\/p><p>La l\u00ednea de investigaci\u00f3n mas importante de mi grupo es Caracterizaci\u00f3n de la Biodiversidad de par\u00e1sitos en vida silvestre y de ellas la l\u00ednea de aves es la mas antigua y con m\u00e1s resultados. <strong>Dentro de los aspectos a destacar esta el replanteamiento de distribuci\u00f3n del par\u00e1sito sangu\u00edneo <\/strong><em><strong>Leucocytozoon<\/strong><\/em><strong> para Sur Am\u00e9rica y las nuevas hip\u00f3tesis y proyectos de investigaci\u00f3n de all\u00ed derivados, descripci\u00f3n de nuevas especies de par\u00e1sitos, incluso la primera especie de <\/strong><em><strong>Leucocytozoon<\/strong><\/em><strong> para colibr\u00edes y estudios de relaciones par\u00e1sito-hospedero.<\/strong><\/p><p><a href=\"https:\/\/www.researchgate.net\/profile\/Nubia_Matta ORCID 0000-0003-1775-0804 http:\/\/ciencias.bogota.unal.edu.co\/grupos-de-investigacion\/gerph\/\">https:\/\/www.researchgate.net\/profile\/Nubia_Matta <\/a><\/p><p><a href=\"https:\/\/www.researchgate.net\/profile\/Nubia_Matta ORCID 0000-0003-1775-0804 http:\/\/ciencias.bogota.unal.edu.co\/grupos-de-investigacion\/gerph\/\">ORCID 0000-0003-1775-0804 <\/a><\/p><p><a href=\"https:\/\/www.researchgate.net\/profile\/Nubia_Matta ORCID 0000-0003-1775-0804 http:\/\/ciencias.bogota.unal.edu.co\/grupos-de-investigacion\/gerph\/\">http:\/\/ciencias.bogota.unal.edu.co\/grupos-de-investigacion\/gerph\/<\/a><\/p><\/blockquote>\n\n\n\n<p><\/p>\n","protected":false},"excerpt":{"rendered":"<p>Nubia Estela Matta Camacho Estudi\u00e9 mi primaria en la Escuela Julia Calder\u00f3n del Barrio el Jord\u00e1n y me gradu\u00e9 del Colegio Mar\u00eda Inmaculada de Ibagu\u00e9 en 1986. Posteriormente obtuve el titulo de Bacteri\u00f3loga y Laboratorista Cl\u00ednica en el a\u00f1o 1990 de la Universidad Colegio Mayor de Cundinamarca, la Maestr\u00eda en Gen\u00e9tica Humana de la Universidad [&hellip;]<\/p>\n","protected":false},"author":1,"featured_media":0,"parent":0,"menu_order":0,"comment_status":"closed","ping_status":"closed","template":"","meta":{"footnotes":""},"yoast_head":"<!-- This site is optimized with the Yoast SEO plugin v21.5 - https:\/\/yoast.com\/wordpress\/plugins\/seo\/ -->\n<title>Nubia Estela Matta Camacho - VI Congreso Colombiano de Ornitologia<\/title>\n<meta name=\"robots\" content=\"index, follow, max-snippet:-1, max-image-preview:large, max-video-preview:-1\" \/>\n<link rel=\"canonical\" href=\"https:\/\/asociacioncolombianadeornitologia.org\/vicongreso\/nubia-estela-matta-camacho\/\" \/>\n<meta property=\"og:locale\" content=\"es_ES\" \/>\n<meta property=\"og:type\" content=\"article\" \/>\n<meta property=\"og:title\" content=\"Nubia Estela Matta Camacho - VI Congreso Colombiano de Ornitologia\" \/>\n<meta property=\"og:description\" content=\"Nubia Estela Matta Camacho Estudi\u00e9 mi primaria en la Escuela Julia Calder\u00f3n del Barrio el Jord\u00e1n y me gradu\u00e9 del Colegio Mar\u00eda Inmaculada de Ibagu\u00e9 en 1986. Posteriormente obtuve el titulo de Bacteri\u00f3loga y Laboratorista Cl\u00ednica en el a\u00f1o 1990 de la Universidad Colegio Mayor de Cundinamarca, la Maestr\u00eda en Gen\u00e9tica Humana de la Universidad [&hellip;]\" \/>\n<meta property=\"og:url\" content=\"https:\/\/asociacioncolombianadeornitologia.org\/vicongreso\/nubia-estela-matta-camacho\/\" \/>\n<meta property=\"og:site_name\" content=\"VI Congreso Colombiano de Ornitologia\" \/>\n<meta property=\"article:modified_time\" content=\"2019-09-09T16:33:37+00:00\" \/>\n<meta property=\"og:image\" content=\"https:\/\/asociacioncolombianadeornitologia.org\/vicongreso\/wp-content\/uploads\/2019\/09\/IMG-2596-Nubia-Matta-300x225.jpg\" \/>\n<meta name=\"twitter:card\" content=\"summary_large_image\" \/>\n<meta name=\"twitter:label1\" content=\"Tiempo estimado de lectura\" \/>\n\t<meta name=\"twitter:data1\" content=\"2 minutos\" \/>\n<script type=\"application\/ld+json\" class=\"yoast-schema-graph\">{\"@context\":\"https:\/\/schema.org\",\"@graph\":[{\"@type\":\"WebPage\",\"@id\":\"https:\/\/asociacioncolombianadeornitologia.org\/vicongreso\/nubia-estela-matta-camacho\/\",\"url\":\"https:\/\/asociacioncolombianadeornitologia.org\/vicongreso\/nubia-estela-matta-camacho\/\",\"name\":\"Nubia Estela Matta Camacho - VI Congreso Colombiano de Ornitologia\",\"isPartOf\":{\"@id\":\"https:\/\/asociacioncolombianadeornitologia.org\/vicongreso\/#website\"},\"datePublished\":\"2019-09-09T16:33:36+00:00\",\"dateModified\":\"2019-09-09T16:33:37+00:00\",\"breadcrumb\":{\"@id\":\"https:\/\/asociacioncolombianadeornitologia.org\/vicongreso\/nubia-estela-matta-camacho\/#breadcrumb\"},\"inLanguage\":\"es-CO\",\"potentialAction\":[{\"@type\":\"ReadAction\",\"target\":[\"https:\/\/asociacioncolombianadeornitologia.org\/vicongreso\/nubia-estela-matta-camacho\/\"]}]},{\"@type\":\"BreadcrumbList\",\"@id\":\"https:\/\/asociacioncolombianadeornitologia.org\/vicongreso\/nubia-estela-matta-camacho\/#breadcrumb\",\"itemListElement\":[{\"@type\":\"ListItem\",\"position\":1,\"name\":\"Home\",\"item\":\"https:\/\/asociacioncolombianadeornitologia.org\/vicongreso\/\"},{\"@type\":\"ListItem\",\"position\":2,\"name\":\"Nubia Estela Matta Camacho\"}]},{\"@type\":\"WebSite\",\"@id\":\"https:\/\/asociacioncolombianadeornitologia.org\/vicongreso\/#website\",\"url\":\"https:\/\/asociacioncolombianadeornitologia.org\/vicongreso\/\",\"name\":\"VI Congreso Colombiano de Ornitologia\",\"description\":\"Ibagu\u00e9, Tolima 22 al 25 de octubre de 2019\",\"publisher\":{\"@id\":\"https:\/\/asociacioncolombianadeornitologia.org\/vicongreso\/#organization\"},\"potentialAction\":[{\"@type\":\"SearchAction\",\"target\":{\"@type\":\"EntryPoint\",\"urlTemplate\":\"https:\/\/asociacioncolombianadeornitologia.org\/vicongreso\/?s={search_term_string}\"},\"query-input\":\"required name=search_term_string\"}],\"inLanguage\":\"es-CO\"},{\"@type\":\"Organization\",\"@id\":\"https:\/\/asociacioncolombianadeornitologia.org\/vicongreso\/#organization\",\"name\":\"VI Congreso Colombiano de Ornitologia\",\"url\":\"https:\/\/asociacioncolombianadeornitologia.org\/vicongreso\/\",\"logo\":{\"@type\":\"ImageObject\",\"inLanguage\":\"es-CO\",\"@id\":\"https:\/\/asociacioncolombianadeornitologia.org\/vicongreso\/#\/schema\/logo\/image\/\",\"url\":\"https:\/\/asociacioncolombianadeornitologia.org\/vicongreso\/wp-content\/uploads\/2019\/04\/logo_congreso_ornitologia_white.png\",\"contentUrl\":\"https:\/\/asociacioncolombianadeornitologia.org\/vicongreso\/wp-content\/uploads\/2019\/04\/logo_congreso_ornitologia_white.png\",\"width\":500,\"height\":134,\"caption\":\"VI Congreso Colombiano de Ornitologia\"},\"image\":{\"@id\":\"https:\/\/asociacioncolombianadeornitologia.org\/vicongreso\/#\/schema\/logo\/image\/\"}}]}<\/script>\n<!-- \/ Yoast SEO plugin. -->","yoast_head_json":{"title":"Nubia Estela Matta Camacho - VI Congreso Colombiano de Ornitologia","robots":{"index":"index","follow":"follow","max-snippet":"max-snippet:-1","max-image-preview":"max-image-preview:large","max-video-preview":"max-video-preview:-1"},"canonical":"https:\/\/asociacioncolombianadeornitologia.org\/vicongreso\/nubia-estela-matta-camacho\/","og_locale":"es_ES","og_type":"article","og_title":"Nubia Estela Matta Camacho - VI Congreso Colombiano de Ornitologia","og_description":"Nubia Estela Matta Camacho Estudi\u00e9 mi primaria en la Escuela Julia Calder\u00f3n del Barrio el Jord\u00e1n y me gradu\u00e9 del Colegio Mar\u00eda Inmaculada de Ibagu\u00e9 en 1986. Posteriormente obtuve el titulo de Bacteri\u00f3loga y Laboratorista Cl\u00ednica en el a\u00f1o 1990 de la Universidad Colegio Mayor de Cundinamarca, la Maestr\u00eda en Gen\u00e9tica Humana de la Universidad [&hellip;]","og_url":"https:\/\/asociacioncolombianadeornitologia.org\/vicongreso\/nubia-estela-matta-camacho\/","og_site_name":"VI Congreso Colombiano de Ornitologia","article_modified_time":"2019-09-09T16:33:37+00:00","og_image":[{"url":"https:\/\/asociacioncolombianadeornitologia.org\/vicongreso\/wp-content\/uploads\/2019\/09\/IMG-2596-Nubia-Matta-300x225.jpg"}],"twitter_card":"summary_large_image","twitter_misc":{"Tiempo estimado de lectura":"2 minutos"},"schema":{"@context":"https:\/\/schema.org","@graph":[{"@type":"WebPage","@id":"https:\/\/asociacioncolombianadeornitologia.org\/vicongreso\/nubia-estela-matta-camacho\/","url":"https:\/\/asociacioncolombianadeornitologia.org\/vicongreso\/nubia-estela-matta-camacho\/","name":"Nubia Estela Matta Camacho - VI Congreso Colombiano de Ornitologia","isPartOf":{"@id":"https:\/\/asociacioncolombianadeornitologia.org\/vicongreso\/#website"},"datePublished":"2019-09-09T16:33:36+00:00","dateModified":"2019-09-09T16:33:37+00:00","breadcrumb":{"@id":"https:\/\/asociacioncolombianadeornitologia.org\/vicongreso\/nubia-estela-matta-camacho\/#breadcrumb"},"inLanguage":"es-CO","potentialAction":[{"@type":"ReadAction","target":["https:\/\/asociacioncolombianadeornitologia.org\/vicongreso\/nubia-estela-matta-camacho\/"]}]},{"@type":"BreadcrumbList","@id":"https:\/\/asociacioncolombianadeornitologia.org\/vicongreso\/nubia-estela-matta-camacho\/#breadcrumb","itemListElement":[{"@type":"ListItem","position":1,"name":"Home","item":"https:\/\/asociacioncolombianadeornitologia.org\/vicongreso\/"},{"@type":"ListItem","position":2,"name":"Nubia Estela Matta Camacho"}]},{"@type":"WebSite","@id":"https:\/\/asociacioncolombianadeornitologia.org\/vicongreso\/#website","url":"https:\/\/asociacioncolombianadeornitologia.org\/vicongreso\/","name":"VI Congreso Colombiano de Ornitologia","description":"Ibagu\u00e9, Tolima 22 al 25 de octubre de 2019","publisher":{"@id":"https:\/\/asociacioncolombianadeornitologia.org\/vicongreso\/#organization"},"potentialAction":[{"@type":"SearchAction","target":{"@type":"EntryPoint","urlTemplate":"https:\/\/asociacioncolombianadeornitologia.org\/vicongreso\/?s={search_term_string}"},"query-input":"required name=search_term_string"}],"inLanguage":"es-CO"},{"@type":"Organization","@id":"https:\/\/asociacioncolombianadeornitologia.org\/vicongreso\/#organization","name":"VI Congreso Colombiano de Ornitologia","url":"https:\/\/asociacioncolombianadeornitologia.org\/vicongreso\/","logo":{"@type":"ImageObject","inLanguage":"es-CO","@id":"https:\/\/asociacioncolombianadeornitologia.org\/vicongreso\/#\/schema\/logo\/image\/","url":"https:\/\/asociacioncolombianadeornitologia.org\/vicongreso\/wp-content\/uploads\/2019\/04\/logo_congreso_ornitologia_white.png","contentUrl":"https:\/\/asociacioncolombianadeornitologia.org\/vicongreso\/wp-content\/uploads\/2019\/04\/logo_congreso_ornitologia_white.png","width":500,"height":134,"caption":"VI Congreso Colombiano de Ornitologia"},"image":{"@id":"https:\/\/asociacioncolombianadeornitologia.org\/vicongreso\/#\/schema\/logo\/image\/"}}]}},"_links":{"self":[{"href":"https:\/\/asociacioncolombianadeornitologia.org\/vicongreso\/wp-json\/wp\/v2\/pages\/480"}],"collection":[{"href":"https:\/\/asociacioncolombianadeornitologia.org\/vicongreso\/wp-json\/wp\/v2\/pages"}],"about":[{"href":"https:\/\/asociacioncolombianadeornitologia.org\/vicongreso\/wp-json\/wp\/v2\/types\/page"}],"author":[{"embeddable":true,"href":"https:\/\/asociacioncolombianadeornitologia.org\/vicongreso\/wp-json\/wp\/v2\/users\/1"}],"replies":[{"embeddable":true,"href":"https:\/\/asociacioncolombianadeornitologia.org\/vicongreso\/wp-json\/wp\/v2\/comments?post=480"}],"version-history":[{"count":5,"href":"https:\/\/asociacioncolombianadeornitologia.org\/vicongreso\/wp-json\/wp\/v2\/pages\/480\/revisions"}],"predecessor-version":[{"id":486,"href":"https:\/\/asociacioncolombianadeornitologia.org\/vicongreso\/wp-json\/wp\/v2\/pages\/480\/revisions\/486"}],"wp:attachment":[{"href":"https:\/\/asociacioncolombianadeornitologia.org\/vicongreso\/wp-json\/wp\/v2\/media?parent=480"}],"curies":[{"name":"wp","href":"https:\/\/api.w.org\/{rel}","templated":true}]}}