{"id":444,"date":"2019-08-27T19:35:22","date_gmt":"2019-08-28T00:35:22","guid":{"rendered":"https:\/\/asociacioncolombianadeornitologia.org\/vicongreso\/?page_id=444"},"modified":"2019-08-27T20:00:17","modified_gmt":"2019-08-28T01:00:17","slug":"aves-de-humedales-y-sistemas-productivos","status":"publish","type":"page","link":"https:\/\/asociacioncolombianadeornitologia.org\/vicongreso\/aves-de-humedales-y-sistemas-productivos\/","title":{"rendered":"AVES DE HUMEDALES Y SISTEMAS PRODUCTIVOS"},"content":{"rendered":"\n<h1 class=\"wp-block-heading\" style=\"text-align:center\">   AVES DE HUMEDALES Y SISTEMAS PRODUCTIVOS <\/h1>\n\n\n\n<blockquote class=\"wp-block-quote\"><p>Colombia ocupa una posici\u00f3n estrat\u00e9gica tanto para las aves migratorias ne\u00e1rticas-neotropicales como para las australes, ya que gran cantidad de estas especies pasan o residen en el pa\u00eds durante su \u00e9poca no-reproductiva. M\u00e1s del 85% de las especies migratorias reportadas en Colombia han sido registradas en agroecosistemas. Especies nativas y migratorias pueden verse influenciadas en \u00e1reas de humedales (naturales y artificiales) por el cambio de cobertura natural para la implementaci\u00f3n de sistemas productivos, los cuales pueden permitir el desarrollo de algunos servicios ecosist\u00e9micos de provisi\u00f3n como h\u00e1bitat y alimento, entre otros. Por lo tanto, se hace necesario comprender las relaciones entre las especies de aves y los elementos paisaj\u00edsticos de humedales, sistemas productivos y su interacci\u00f3n para brindar servicios ecosist\u00e9micos de inter\u00e9s. Algunos aspectos ser\u00e1n contextualizados en sistemas productivos de arroz, considerados agroecosistemas con capacidad de proporcionar beneficios y albergar y mantener comunidades de aves y as\u00ed conocer sus aspectos ecol\u00f3gicos y biol\u00f3gicos m\u00e1s importantes.&nbsp;&nbsp; <\/p><p> <strong>Ponente principal:<\/strong> Dr. Chris Elphick. Associate Professor in the Department of Ecology and Evolutionary Biology at the University of Connecticut<\/p><p><strong>Ponencias orales: <\/strong>Elizabeth T\u00e9llez D\u00edaz (Ing. Agr\u00f3noma, Estudiante de Maestr\u00eda en Planificaci\u00f3n y Manejo Ambiental de Cuencas Hidrogr\u00e1ficas &#8211; Universidad del Tolima)<\/p><\/blockquote>\n\n\n\n<blockquote class=\"wp-block-quote\"><p>Coordinador: <\/p><cite><strong>MIGUEL \u00c1NGEL QUIMBAYO CARDONA<\/strong>, Grupo de Investigaci\u00f3n en Biodiversidad y Din\u00e1mica de Ecosistemas Tropicales (GIBDET) &#8211; Universidad del Tolima (UT)<br>Contacto: <a href=\"http:\/\/miguelq@ut.edu.co, gibdet@ut.edu.co\">miguelq@ut.edu.co, gibdet@ut.edu.co<\/a><\/cite><\/blockquote>\n","protected":false},"excerpt":{"rendered":"<p>AVES DE HUMEDALES Y SISTEMAS PRODUCTIVOS Colombia ocupa una posici\u00f3n estrat\u00e9gica tanto para las aves migratorias ne\u00e1rticas-neotropicales como para las australes, ya que gran cantidad de estas especies pasan o residen en el pa\u00eds durante su \u00e9poca no-reproductiva. M\u00e1s del 85% de las especies migratorias reportadas en Colombia han sido registradas en agroecosistemas. Especies nativas [&hellip;]<\/p>\n","protected":false},"author":1,"featured_media":0,"parent":0,"menu_order":0,"comment_status":"closed","ping_status":"closed","template":"","meta":{"footnotes":""},"yoast_head":"<!-- This site is optimized with the Yoast SEO plugin v21.5 - https:\/\/yoast.com\/wordpress\/plugins\/seo\/ -->\n<title>AVES DE HUMEDALES Y SISTEMAS PRODUCTIVOS - VI Congreso Colombiano de Ornitologia<\/title>\n<meta name=\"robots\" content=\"index, follow, max-snippet:-1, max-image-preview:large, max-video-preview:-1\" \/>\n<link rel=\"canonical\" href=\"https:\/\/asociacioncolombianadeornitologia.org\/vicongreso\/aves-de-humedales-y-sistemas-productivos\/\" \/>\n<meta property=\"og:locale\" content=\"es_ES\" \/>\n<meta property=\"og:type\" content=\"article\" \/>\n<meta property=\"og:title\" content=\"AVES DE HUMEDALES Y SISTEMAS PRODUCTIVOS - VI Congreso Colombiano de Ornitologia\" \/>\n<meta property=\"og:description\" content=\"AVES DE HUMEDALES Y SISTEMAS PRODUCTIVOS Colombia ocupa una posici\u00f3n estrat\u00e9gica tanto para las aves migratorias ne\u00e1rticas-neotropicales como para las australes, ya que gran cantidad de estas especies pasan o residen en el pa\u00eds durante su \u00e9poca no-reproductiva. M\u00e1s del 85% de las especies migratorias reportadas en Colombia han sido registradas en agroecosistemas. Especies nativas [&hellip;]\" \/>\n<meta property=\"og:url\" content=\"https:\/\/asociacioncolombianadeornitologia.org\/vicongreso\/aves-de-humedales-y-sistemas-productivos\/\" \/>\n<meta property=\"og:site_name\" content=\"VI Congreso Colombiano de Ornitologia\" \/>\n<meta property=\"article:modified_time\" content=\"2019-08-28T01:00:17+00:00\" \/>\n<meta name=\"twitter:card\" content=\"summary_large_image\" \/>\n<meta name=\"twitter:label1\" content=\"Tiempo estimado de lectura\" \/>\n\t<meta name=\"twitter:data1\" content=\"1 minuto\" \/>\n<script type=\"application\/ld+json\" class=\"yoast-schema-graph\">{\"@context\":\"https:\/\/schema.org\",\"@graph\":[{\"@type\":\"WebPage\",\"@id\":\"https:\/\/asociacioncolombianadeornitologia.org\/vicongreso\/aves-de-humedales-y-sistemas-productivos\/\",\"url\":\"https:\/\/asociacioncolombianadeornitologia.org\/vicongreso\/aves-de-humedales-y-sistemas-productivos\/\",\"name\":\"AVES DE HUMEDALES Y SISTEMAS PRODUCTIVOS - VI Congreso Colombiano de Ornitologia\",\"isPartOf\":{\"@id\":\"https:\/\/asociacioncolombianadeornitologia.org\/vicongreso\/#website\"},\"datePublished\":\"2019-08-28T00:35:22+00:00\",\"dateModified\":\"2019-08-28T01:00:17+00:00\",\"breadcrumb\":{\"@id\":\"https:\/\/asociacioncolombianadeornitologia.org\/vicongreso\/aves-de-humedales-y-sistemas-productivos\/#breadcrumb\"},\"inLanguage\":\"es-CO\",\"potentialAction\":[{\"@type\":\"ReadAction\",\"target\":[\"https:\/\/asociacioncolombianadeornitologia.org\/vicongreso\/aves-de-humedales-y-sistemas-productivos\/\"]}]},{\"@type\":\"BreadcrumbList\",\"@id\":\"https:\/\/asociacioncolombianadeornitologia.org\/vicongreso\/aves-de-humedales-y-sistemas-productivos\/#breadcrumb\",\"itemListElement\":[{\"@type\":\"ListItem\",\"position\":1,\"name\":\"Home\",\"item\":\"https:\/\/asociacioncolombianadeornitologia.org\/vicongreso\/\"},{\"@type\":\"ListItem\",\"position\":2,\"name\":\"AVES DE HUMEDALES Y SISTEMAS PRODUCTIVOS\"}]},{\"@type\":\"WebSite\",\"@id\":\"https:\/\/asociacioncolombianadeornitologia.org\/vicongreso\/#website\",\"url\":\"https:\/\/asociacioncolombianadeornitologia.org\/vicongreso\/\",\"name\":\"VI Congreso Colombiano de Ornitologia\",\"description\":\"Ibagu\u00e9, Tolima 22 al 25 de octubre de 2019\",\"publisher\":{\"@id\":\"https:\/\/asociacioncolombianadeornitologia.org\/vicongreso\/#organization\"},\"potentialAction\":[{\"@type\":\"SearchAction\",\"target\":{\"@type\":\"EntryPoint\",\"urlTemplate\":\"https:\/\/asociacioncolombianadeornitologia.org\/vicongreso\/?s={search_term_string}\"},\"query-input\":\"required name=search_term_string\"}],\"inLanguage\":\"es-CO\"},{\"@type\":\"Organization\",\"@id\":\"https:\/\/asociacioncolombianadeornitologia.org\/vicongreso\/#organization\",\"name\":\"VI Congreso Colombiano de Ornitologia\",\"url\":\"https:\/\/asociacioncolombianadeornitologia.org\/vicongreso\/\",\"logo\":{\"@type\":\"ImageObject\",\"inLanguage\":\"es-CO\",\"@id\":\"https:\/\/asociacioncolombianadeornitologia.org\/vicongreso\/#\/schema\/logo\/image\/\",\"url\":\"https:\/\/asociacioncolombianadeornitologia.org\/vicongreso\/wp-content\/uploads\/2019\/04\/logo_congreso_ornitologia_white.png\",\"contentUrl\":\"https:\/\/asociacioncolombianadeornitologia.org\/vicongreso\/wp-content\/uploads\/2019\/04\/logo_congreso_ornitologia_white.png\",\"width\":500,\"height\":134,\"caption\":\"VI Congreso Colombiano de Ornitologia\"},\"image\":{\"@id\":\"https:\/\/asociacioncolombianadeornitologia.org\/vicongreso\/#\/schema\/logo\/image\/\"}}]}<\/script>\n<!-- \/ Yoast SEO plugin. -->","yoast_head_json":{"title":"AVES DE HUMEDALES Y SISTEMAS PRODUCTIVOS - VI Congreso Colombiano de Ornitologia","robots":{"index":"index","follow":"follow","max-snippet":"max-snippet:-1","max-image-preview":"max-image-preview:large","max-video-preview":"max-video-preview:-1"},"canonical":"https:\/\/asociacioncolombianadeornitologia.org\/vicongreso\/aves-de-humedales-y-sistemas-productivos\/","og_locale":"es_ES","og_type":"article","og_title":"AVES DE HUMEDALES Y SISTEMAS PRODUCTIVOS - VI Congreso Colombiano de Ornitologia","og_description":"AVES DE HUMEDALES Y SISTEMAS PRODUCTIVOS Colombia ocupa una posici\u00f3n estrat\u00e9gica tanto para las aves migratorias ne\u00e1rticas-neotropicales como para las australes, ya que gran cantidad de estas especies pasan o residen en el pa\u00eds durante su \u00e9poca no-reproductiva. M\u00e1s del 85% de las especies migratorias reportadas en Colombia han sido registradas en agroecosistemas. Especies nativas [&hellip;]","og_url":"https:\/\/asociacioncolombianadeornitologia.org\/vicongreso\/aves-de-humedales-y-sistemas-productivos\/","og_site_name":"VI Congreso Colombiano de Ornitologia","article_modified_time":"2019-08-28T01:00:17+00:00","twitter_card":"summary_large_image","twitter_misc":{"Tiempo estimado de lectura":"1 minuto"},"schema":{"@context":"https:\/\/schema.org","@graph":[{"@type":"WebPage","@id":"https:\/\/asociacioncolombianadeornitologia.org\/vicongreso\/aves-de-humedales-y-sistemas-productivos\/","url":"https:\/\/asociacioncolombianadeornitologia.org\/vicongreso\/aves-de-humedales-y-sistemas-productivos\/","name":"AVES DE HUMEDALES Y SISTEMAS PRODUCTIVOS - VI Congreso Colombiano de Ornitologia","isPartOf":{"@id":"https:\/\/asociacioncolombianadeornitologia.org\/vicongreso\/#website"},"datePublished":"2019-08-28T00:35:22+00:00","dateModified":"2019-08-28T01:00:17+00:00","breadcrumb":{"@id":"https:\/\/asociacioncolombianadeornitologia.org\/vicongreso\/aves-de-humedales-y-sistemas-productivos\/#breadcrumb"},"inLanguage":"es-CO","potentialAction":[{"@type":"ReadAction","target":["https:\/\/asociacioncolombianadeornitologia.org\/vicongreso\/aves-de-humedales-y-sistemas-productivos\/"]}]},{"@type":"BreadcrumbList","@id":"https:\/\/asociacioncolombianadeornitologia.org\/vicongreso\/aves-de-humedales-y-sistemas-productivos\/#breadcrumb","itemListElement":[{"@type":"ListItem","position":1,"name":"Home","item":"https:\/\/asociacioncolombianadeornitologia.org\/vicongreso\/"},{"@type":"ListItem","position":2,"name":"AVES DE HUMEDALES Y SISTEMAS PRODUCTIVOS"}]},{"@type":"WebSite","@id":"https:\/\/asociacioncolombianadeornitologia.org\/vicongreso\/#website","url":"https:\/\/asociacioncolombianadeornitologia.org\/vicongreso\/","name":"VI Congreso Colombiano de Ornitologia","description":"Ibagu\u00e9, Tolima 22 al 25 de octubre de 2019","publisher":{"@id":"https:\/\/asociacioncolombianadeornitologia.org\/vicongreso\/#organization"},"potentialAction":[{"@type":"SearchAction","target":{"@type":"EntryPoint","urlTemplate":"https:\/\/asociacioncolombianadeornitologia.org\/vicongreso\/?s={search_term_string}"},"query-input":"required name=search_term_string"}],"inLanguage":"es-CO"},{"@type":"Organization","@id":"https:\/\/asociacioncolombianadeornitologia.org\/vicongreso\/#organization","name":"VI Congreso Colombiano de Ornitologia","url":"https:\/\/asociacioncolombianadeornitologia.org\/vicongreso\/","logo":{"@type":"ImageObject","inLanguage":"es-CO","@id":"https:\/\/asociacioncolombianadeornitologia.org\/vicongreso\/#\/schema\/logo\/image\/","url":"https:\/\/asociacioncolombianadeornitologia.org\/vicongreso\/wp-content\/uploads\/2019\/04\/logo_congreso_ornitologia_white.png","contentUrl":"https:\/\/asociacioncolombianadeornitologia.org\/vicongreso\/wp-content\/uploads\/2019\/04\/logo_congreso_ornitologia_white.png","width":500,"height":134,"caption":"VI Congreso Colombiano de Ornitologia"},"image":{"@id":"https:\/\/asociacioncolombianadeornitologia.org\/vicongreso\/#\/schema\/logo\/image\/"}}]}},"_links":{"self":[{"href":"https:\/\/asociacioncolombianadeornitologia.org\/vicongreso\/wp-json\/wp\/v2\/pages\/444"}],"collection":[{"href":"https:\/\/asociacioncolombianadeornitologia.org\/vicongreso\/wp-json\/wp\/v2\/pages"}],"about":[{"href":"https:\/\/asociacioncolombianadeornitologia.org\/vicongreso\/wp-json\/wp\/v2\/types\/page"}],"author":[{"embeddable":true,"href":"https:\/\/asociacioncolombianadeornitologia.org\/vicongreso\/wp-json\/wp\/v2\/users\/1"}],"replies":[{"embeddable":true,"href":"https:\/\/asociacioncolombianadeornitologia.org\/vicongreso\/wp-json\/wp\/v2\/comments?post=444"}],"version-history":[{"count":4,"href":"https:\/\/asociacioncolombianadeornitologia.org\/vicongreso\/wp-json\/wp\/v2\/pages\/444\/revisions"}],"predecessor-version":[{"id":466,"href":"https:\/\/asociacioncolombianadeornitologia.org\/vicongreso\/wp-json\/wp\/v2\/pages\/444\/revisions\/466"}],"wp:attachment":[{"href":"https:\/\/asociacioncolombianadeornitologia.org\/vicongreso\/wp-json\/wp\/v2\/media?parent=444"}],"curies":[{"name":"wp","href":"https:\/\/api.w.org\/{rel}","templated":true}]}}