{"id":435,"date":"2019-08-26T21:45:31","date_gmt":"2019-08-27T02:45:31","guid":{"rendered":"https:\/\/asociacioncolombianadeornitologia.org\/vicongreso\/?page_id=435"},"modified":"2019-08-27T19:18:09","modified_gmt":"2019-08-28T00:18:09","slug":"biologia-reproductiva-de-aves-neotropicales-vol-2","status":"publish","type":"page","link":"https:\/\/asociacioncolombianadeornitologia.org\/vicongreso\/biologia-reproductiva-de-aves-neotropicales-vol-2\/","title":{"rendered":"BIOLOG\u00cdA REPRODUCTIVA DE AVES NEOTROPICALES VOL. 2"},"content":{"rendered":"\n<h1 class=\"wp-block-heading\" style=\"text-align:center\">BIOLOG\u00cdA\nREPRODUCTIVA DE AVES NEOTROPICALES VOL. 2<\/h1>\n\n\n\n<blockquote class=\"wp-block-quote\"><p>La anidaci\u00f3n es uno de los momentos m\u00e1s importantes de la vida de las aves, ya que determina el \u00e9xito reproductivo de los individuos. Si los individuos son exitosos, se asegura la subsistencia de sus poblaciones a lo largo del tiempo. Desde sus inicios, los estudios sobre biolog\u00eda reproductiva e historia natural en aves neotropicales se han enfocado en la descripci\u00f3n de nidos, huevos y polluelos, y en documentar comportamientos de forma anecd\u00f3tica. Esta aproximaci\u00f3n sigue siendo primordial para conocer diferentes aspectos reproductivos de las aves neotropicales, pues a\u00fan tenemos muchos vac\u00edos de informaci\u00f3n. Sin embargo, el advenimiento de nuevas tecnolog\u00edas nos permite abordar preguntas m\u00e1s complejas, y adem\u00e1s realizar comparaciones a distintas escalas espaciales y temporales. En la primera versi\u00f3n de este simposio (2011), presentamos una gran variedad de preguntas y metodolog\u00edas que han ayudado a complementar nuestro entendimiento de la biolog\u00eda reproductiva de diferentes especies. En esta segunda versi\u00f3n, queremos mostrar m\u00e1s avances en el \u00e1rea y estimular a investigadores colombianos a continuar desarrollando proyectos que permitan seguir llenando vac\u00edos de informaci\u00f3n en este campo. Nuestro objetivo final es dar a conocer la diversidad de estrategias reproductiva de las aves en el norte de los Andes, y las diferentes herramientas disponibles para estudiarlas.<\/p><p><strong> Programaci\u00f3n tentativa:<\/strong><\/p><p> 1. Introducci\u00f3n por parte de los organizadores<br> 2. Colecciones biol\u00f3gicas de fenotipos extendidos: la importancia de la colecci\u00f3n de Huevos<br> Cornelis J. Marinkelle del Instituto Humboldt. Expositor: David Ocampo<br> 3. El efecto de los factores extr\u00ednsecos e intr\u00ednsecos sobre el crecimiento de polluelos. Expositor: Karolina Fierro-Calder\u00f3n<br> 4. Esperamos adem\u00e1s poder alimentar el Simposio con presentaciones de participantes externos al grupo organizador.<br> 5. Conclusiones por parte de los organizadores <\/p><\/blockquote>\n\n\n\n<blockquote class=\"wp-block-quote\"><p><strong>Coordinadores: <\/strong><\/p><p><strong>KAROLINA FIERRO-CALDER\u00d3N,<\/strong> Facultad de Ciencias Biol\u00f3gicas, Departamento de Ciencias Naturales, Universidad Icesi.<br><\/p><p><strong>DAVID OCAMPO,<\/strong> Colecciones Biol\u00f3gicas &#8211; Instituto de Investigaci\u00f3n de Recursos Biol\u00f3gicos Alexander von Humboldt &amp; Sociedad Caldense de Ornitolog\u00eda.<\/p><p><strong>GUSTAVO A. LONDO\u00d1O, <\/strong>Facultad de Ciencias Biol\u00f3gicas, Departamento de Ciencias Naturales, Universidad Icesi.<\/p><p><strong>Contacto: <\/strong><a href=\"karofica@gmail.com\"><strong>karofica@gmail.com<\/strong><\/a><\/p><p><\/p><\/blockquote>\n","protected":false},"excerpt":{"rendered":"<p>BIOLOG\u00cdA REPRODUCTIVA DE AVES NEOTROPICALES VOL. 2 La anidaci\u00f3n es uno de los momentos m\u00e1s importantes de la vida de las aves, ya que determina el \u00e9xito reproductivo de los individuos. Si los individuos son exitosos, se asegura la subsistencia de sus poblaciones a lo largo del tiempo. Desde sus inicios, los estudios sobre biolog\u00eda [&hellip;]<\/p>\n","protected":false},"author":1,"featured_media":0,"parent":0,"menu_order":0,"comment_status":"closed","ping_status":"closed","template":"","meta":{"footnotes":""},"yoast_head":"<!-- This site is optimized with the Yoast SEO plugin v21.5 - https:\/\/yoast.com\/wordpress\/plugins\/seo\/ -->\n<title>BIOLOG\u00cdA REPRODUCTIVA DE AVES NEOTROPICALES VOL. 2 - VI Congreso Colombiano de Ornitologia<\/title>\n<meta name=\"robots\" content=\"index, follow, max-snippet:-1, max-image-preview:large, max-video-preview:-1\" \/>\n<link rel=\"canonical\" href=\"https:\/\/asociacioncolombianadeornitologia.org\/vicongreso\/biologia-reproductiva-de-aves-neotropicales-vol-2\/\" \/>\n<meta property=\"og:locale\" content=\"es_ES\" \/>\n<meta property=\"og:type\" content=\"article\" \/>\n<meta property=\"og:title\" content=\"BIOLOG\u00cdA REPRODUCTIVA DE AVES NEOTROPICALES VOL. 2 - VI Congreso Colombiano de Ornitologia\" \/>\n<meta property=\"og:description\" content=\"BIOLOG\u00cdA REPRODUCTIVA DE AVES NEOTROPICALES VOL. 2 La anidaci\u00f3n es uno de los momentos m\u00e1s importantes de la vida de las aves, ya que determina el \u00e9xito reproductivo de los individuos. Si los individuos son exitosos, se asegura la subsistencia de sus poblaciones a lo largo del tiempo. Desde sus inicios, los estudios sobre biolog\u00eda [&hellip;]\" \/>\n<meta property=\"og:url\" content=\"https:\/\/asociacioncolombianadeornitologia.org\/vicongreso\/biologia-reproductiva-de-aves-neotropicales-vol-2\/\" \/>\n<meta property=\"og:site_name\" content=\"VI Congreso Colombiano de Ornitologia\" \/>\n<meta property=\"article:modified_time\" content=\"2019-08-28T00:18:09+00:00\" \/>\n<meta name=\"twitter:card\" content=\"summary_large_image\" \/>\n<meta name=\"twitter:label1\" content=\"Tiempo estimado de lectura\" \/>\n\t<meta name=\"twitter:data1\" content=\"2 minutos\" \/>\n<script type=\"application\/ld+json\" class=\"yoast-schema-graph\">{\"@context\":\"https:\/\/schema.org\",\"@graph\":[{\"@type\":\"WebPage\",\"@id\":\"https:\/\/asociacioncolombianadeornitologia.org\/vicongreso\/biologia-reproductiva-de-aves-neotropicales-vol-2\/\",\"url\":\"https:\/\/asociacioncolombianadeornitologia.org\/vicongreso\/biologia-reproductiva-de-aves-neotropicales-vol-2\/\",\"name\":\"BIOLOG\u00cdA REPRODUCTIVA DE AVES NEOTROPICALES VOL. 2 - VI Congreso Colombiano de Ornitologia\",\"isPartOf\":{\"@id\":\"https:\/\/asociacioncolombianadeornitologia.org\/vicongreso\/#website\"},\"datePublished\":\"2019-08-27T02:45:31+00:00\",\"dateModified\":\"2019-08-28T00:18:09+00:00\",\"breadcrumb\":{\"@id\":\"https:\/\/asociacioncolombianadeornitologia.org\/vicongreso\/biologia-reproductiva-de-aves-neotropicales-vol-2\/#breadcrumb\"},\"inLanguage\":\"es-CO\",\"potentialAction\":[{\"@type\":\"ReadAction\",\"target\":[\"https:\/\/asociacioncolombianadeornitologia.org\/vicongreso\/biologia-reproductiva-de-aves-neotropicales-vol-2\/\"]}]},{\"@type\":\"BreadcrumbList\",\"@id\":\"https:\/\/asociacioncolombianadeornitologia.org\/vicongreso\/biologia-reproductiva-de-aves-neotropicales-vol-2\/#breadcrumb\",\"itemListElement\":[{\"@type\":\"ListItem\",\"position\":1,\"name\":\"Home\",\"item\":\"https:\/\/asociacioncolombianadeornitologia.org\/vicongreso\/\"},{\"@type\":\"ListItem\",\"position\":2,\"name\":\"BIOLOG\u00cdA REPRODUCTIVA DE AVES NEOTROPICALES VOL. 2\"}]},{\"@type\":\"WebSite\",\"@id\":\"https:\/\/asociacioncolombianadeornitologia.org\/vicongreso\/#website\",\"url\":\"https:\/\/asociacioncolombianadeornitologia.org\/vicongreso\/\",\"name\":\"VI Congreso Colombiano de Ornitologia\",\"description\":\"Ibagu\u00e9, Tolima 22 al 25 de octubre de 2019\",\"publisher\":{\"@id\":\"https:\/\/asociacioncolombianadeornitologia.org\/vicongreso\/#organization\"},\"potentialAction\":[{\"@type\":\"SearchAction\",\"target\":{\"@type\":\"EntryPoint\",\"urlTemplate\":\"https:\/\/asociacioncolombianadeornitologia.org\/vicongreso\/?s={search_term_string}\"},\"query-input\":\"required name=search_term_string\"}],\"inLanguage\":\"es-CO\"},{\"@type\":\"Organization\",\"@id\":\"https:\/\/asociacioncolombianadeornitologia.org\/vicongreso\/#organization\",\"name\":\"VI Congreso Colombiano de Ornitologia\",\"url\":\"https:\/\/asociacioncolombianadeornitologia.org\/vicongreso\/\",\"logo\":{\"@type\":\"ImageObject\",\"inLanguage\":\"es-CO\",\"@id\":\"https:\/\/asociacioncolombianadeornitologia.org\/vicongreso\/#\/schema\/logo\/image\/\",\"url\":\"https:\/\/asociacioncolombianadeornitologia.org\/vicongreso\/wp-content\/uploads\/2019\/04\/logo_congreso_ornitologia_white.png\",\"contentUrl\":\"https:\/\/asociacioncolombianadeornitologia.org\/vicongreso\/wp-content\/uploads\/2019\/04\/logo_congreso_ornitologia_white.png\",\"width\":500,\"height\":134,\"caption\":\"VI Congreso Colombiano de Ornitologia\"},\"image\":{\"@id\":\"https:\/\/asociacioncolombianadeornitologia.org\/vicongreso\/#\/schema\/logo\/image\/\"}}]}<\/script>\n<!-- \/ Yoast SEO plugin. -->","yoast_head_json":{"title":"BIOLOG\u00cdA REPRODUCTIVA DE AVES NEOTROPICALES VOL. 2 - VI Congreso Colombiano de Ornitologia","robots":{"index":"index","follow":"follow","max-snippet":"max-snippet:-1","max-image-preview":"max-image-preview:large","max-video-preview":"max-video-preview:-1"},"canonical":"https:\/\/asociacioncolombianadeornitologia.org\/vicongreso\/biologia-reproductiva-de-aves-neotropicales-vol-2\/","og_locale":"es_ES","og_type":"article","og_title":"BIOLOG\u00cdA REPRODUCTIVA DE AVES NEOTROPICALES VOL. 2 - VI Congreso Colombiano de Ornitologia","og_description":"BIOLOG\u00cdA REPRODUCTIVA DE AVES NEOTROPICALES VOL. 2 La anidaci\u00f3n es uno de los momentos m\u00e1s importantes de la vida de las aves, ya que determina el \u00e9xito reproductivo de los individuos. Si los individuos son exitosos, se asegura la subsistencia de sus poblaciones a lo largo del tiempo. Desde sus inicios, los estudios sobre biolog\u00eda [&hellip;]","og_url":"https:\/\/asociacioncolombianadeornitologia.org\/vicongreso\/biologia-reproductiva-de-aves-neotropicales-vol-2\/","og_site_name":"VI Congreso Colombiano de Ornitologia","article_modified_time":"2019-08-28T00:18:09+00:00","twitter_card":"summary_large_image","twitter_misc":{"Tiempo estimado de lectura":"2 minutos"},"schema":{"@context":"https:\/\/schema.org","@graph":[{"@type":"WebPage","@id":"https:\/\/asociacioncolombianadeornitologia.org\/vicongreso\/biologia-reproductiva-de-aves-neotropicales-vol-2\/","url":"https:\/\/asociacioncolombianadeornitologia.org\/vicongreso\/biologia-reproductiva-de-aves-neotropicales-vol-2\/","name":"BIOLOG\u00cdA REPRODUCTIVA DE AVES NEOTROPICALES VOL. 2 - VI Congreso Colombiano de Ornitologia","isPartOf":{"@id":"https:\/\/asociacioncolombianadeornitologia.org\/vicongreso\/#website"},"datePublished":"2019-08-27T02:45:31+00:00","dateModified":"2019-08-28T00:18:09+00:00","breadcrumb":{"@id":"https:\/\/asociacioncolombianadeornitologia.org\/vicongreso\/biologia-reproductiva-de-aves-neotropicales-vol-2\/#breadcrumb"},"inLanguage":"es-CO","potentialAction":[{"@type":"ReadAction","target":["https:\/\/asociacioncolombianadeornitologia.org\/vicongreso\/biologia-reproductiva-de-aves-neotropicales-vol-2\/"]}]},{"@type":"BreadcrumbList","@id":"https:\/\/asociacioncolombianadeornitologia.org\/vicongreso\/biologia-reproductiva-de-aves-neotropicales-vol-2\/#breadcrumb","itemListElement":[{"@type":"ListItem","position":1,"name":"Home","item":"https:\/\/asociacioncolombianadeornitologia.org\/vicongreso\/"},{"@type":"ListItem","position":2,"name":"BIOLOG\u00cdA REPRODUCTIVA DE AVES NEOTROPICALES VOL. 2"}]},{"@type":"WebSite","@id":"https:\/\/asociacioncolombianadeornitologia.org\/vicongreso\/#website","url":"https:\/\/asociacioncolombianadeornitologia.org\/vicongreso\/","name":"VI Congreso Colombiano de Ornitologia","description":"Ibagu\u00e9, Tolima 22 al 25 de octubre de 2019","publisher":{"@id":"https:\/\/asociacioncolombianadeornitologia.org\/vicongreso\/#organization"},"potentialAction":[{"@type":"SearchAction","target":{"@type":"EntryPoint","urlTemplate":"https:\/\/asociacioncolombianadeornitologia.org\/vicongreso\/?s={search_term_string}"},"query-input":"required name=search_term_string"}],"inLanguage":"es-CO"},{"@type":"Organization","@id":"https:\/\/asociacioncolombianadeornitologia.org\/vicongreso\/#organization","name":"VI Congreso Colombiano de Ornitologia","url":"https:\/\/asociacioncolombianadeornitologia.org\/vicongreso\/","logo":{"@type":"ImageObject","inLanguage":"es-CO","@id":"https:\/\/asociacioncolombianadeornitologia.org\/vicongreso\/#\/schema\/logo\/image\/","url":"https:\/\/asociacioncolombianadeornitologia.org\/vicongreso\/wp-content\/uploads\/2019\/04\/logo_congreso_ornitologia_white.png","contentUrl":"https:\/\/asociacioncolombianadeornitologia.org\/vicongreso\/wp-content\/uploads\/2019\/04\/logo_congreso_ornitologia_white.png","width":500,"height":134,"caption":"VI Congreso Colombiano de Ornitologia"},"image":{"@id":"https:\/\/asociacioncolombianadeornitologia.org\/vicongreso\/#\/schema\/logo\/image\/"}}]}},"_links":{"self":[{"href":"https:\/\/asociacioncolombianadeornitologia.org\/vicongreso\/wp-json\/wp\/v2\/pages\/435"}],"collection":[{"href":"https:\/\/asociacioncolombianadeornitologia.org\/vicongreso\/wp-json\/wp\/v2\/pages"}],"about":[{"href":"https:\/\/asociacioncolombianadeornitologia.org\/vicongreso\/wp-json\/wp\/v2\/types\/page"}],"author":[{"embeddable":true,"href":"https:\/\/asociacioncolombianadeornitologia.org\/vicongreso\/wp-json\/wp\/v2\/users\/1"}],"replies":[{"embeddable":true,"href":"https:\/\/asociacioncolombianadeornitologia.org\/vicongreso\/wp-json\/wp\/v2\/comments?post=435"}],"version-history":[{"count":3,"href":"https:\/\/asociacioncolombianadeornitologia.org\/vicongreso\/wp-json\/wp\/v2\/pages\/435\/revisions"}],"predecessor-version":[{"id":442,"href":"https:\/\/asociacioncolombianadeornitologia.org\/vicongreso\/wp-json\/wp\/v2\/pages\/435\/revisions\/442"}],"wp:attachment":[{"href":"https:\/\/asociacioncolombianadeornitologia.org\/vicongreso\/wp-json\/wp\/v2\/media?parent=435"}],"curies":[{"name":"wp","href":"https:\/\/api.w.org\/{rel}","templated":true}]}}