{"id":432,"date":"2019-08-26T21:39:01","date_gmt":"2019-08-27T02:39:01","guid":{"rendered":"https:\/\/asociacioncolombianadeornitologia.org\/vicongreso\/?page_id=432"},"modified":"2019-08-26T21:39:02","modified_gmt":"2019-08-27T02:39:02","slug":"1er-simposio-internacional-de-avifauna-y-educacion-ambiental","status":"publish","type":"page","link":"https:\/\/asociacioncolombianadeornitologia.org\/vicongreso\/1er-simposio-internacional-de-avifauna-y-educacion-ambiental\/","title":{"rendered":"1er SIMPOSIO INTERNACIONAL DE AVIFAUNA Y EDUCACI\u00d3N AMBIENTAL"},"content":{"rendered":"\n<h1 class=\"wp-block-heading\" style=\"text-align:center\">1<sup>er<\/sup>\nSIMPOSIO INTERNACIONAL DE AVIFAUNA Y EDUCACI\u00d3N AMBIENTAL<\/h1>\n\n\n\n<blockquote class=\"wp-block-quote\"><p> <strong>Objetivo: <\/strong>dar a conocer las iniciativas en investigaci\u00f3n en educaci\u00f3n ambiental y ornitolog\u00eda de diversas instituciones en Latinoam\u00e9rica, con el fin de generar espacios para la construcci\u00f3n de saberes ambientales en relaci\u00f3n a la avifauna y su conservaci\u00f3n.<\/p><p><strong>Alcance: <\/strong>El \u201c1er Simposio Internacional de Avifauna y Educaci\u00f3n Ambiental\u201d en el marco del VI Congreso Colombiano de Ornitolog\u00eda permite el reconocimiento de diversas investigaciones actuales que se realizan en el contexto latinoamericano, siendo prioritario el abordaje de proyectos que articulen las aves y la educaci\u00f3n ambiental como una alternativa de mitigaci\u00f3n y prevenci\u00f3n a la creciente crisis ambiental global. Este espacio estar\u00e1 enfocado en la educaci\u00f3n ambiental en contextos urbanos: conocimientos y perspectivas que poseen los diferentes actores (Estudiantes, docentes y comunidad) sobre la avifauna que habita en su entorno.<\/p><p><strong>Visi\u00f3n:<\/strong> Escenarios cient\u00edficos y pedag\u00f3gicos como este integran a la sociedad como componente inherente a trav\u00e9s de la divulgaci\u00f3n y participaci\u00f3n activa en ejercicios de ciencia ciudadana, facilitando la integraci\u00f3n del conocimiento cient\u00edfico y el conocimiento cotidiano. Este aporte es sumamente importante en la generaci\u00f3n de actitudes y conductas responsables hacia la conservaci\u00f3n de la biodiversidad, los ecosistemas y la ecolog\u00eda de la avifauna de Latinoam\u00e9rica. Siendo indispensable establecer mecanismos para que la comunidad cient\u00edfica pueda volcar sus conocimientos al servicio de la sociedad, contribuyendo a la conservaci\u00f3n de la biodiversidad. <\/p><\/blockquote>\n\n\n\n<blockquote class=\"wp-block-quote\"><p> <br><strong>Coordinadores: <\/strong><br><\/p><p><strong> ANDR\u00c9S CAMILO P\u00c9REZ RODR\u00cdGUEZ,<\/strong> Licenciatura en Educaci\u00f3n B\u00e1sica con \u00c9nfasis en Ciencias Naturales y Educaci\u00f3n Ambiental \u2013 Facultad de Educaci\u00f3n UNIMINUTO Virtual y Distancia \u2013 Sede Bogot\u00e1 Calle 80 Corporaci\u00f3n Universitaria Minuto de Dios<br> \u00a0<br><strong>LIZA LORENA QUITIAN AYALA, <\/strong>Licenciatura en Educaci\u00f3n B\u00e1sica con \u00c9nfasis en Ciencias Naturales y Educaci\u00f3n Ambiental \u2013 Facultad de Educaci\u00f3n UNIMINUTO Virtual y Distancia \u2013 Sede Bogot\u00e1 Calle 80 Corporaci\u00f3n Universitaria Minuto de Dios<br> \u00a0<br><strong>LAURA KATHERINE RODR\u00cdGUEZ MART\u00cdNEZ, <\/strong>Licenciatura en Educaci\u00f3n B\u00e1sica con \u00c9nfasis en Ciencias Naturales y Educaci\u00f3n Ambiental \u2013 Facultad de Educaci\u00f3n UNIMINUTO Virtual y Distancia \u2013 Sede Bogot\u00e1 Calle 80 Corporaci\u00f3n Universitaria Minuto de Dios <\/p><p><strong>Contacto: <\/strong><a href=\"andres.perezr@uniminuto.edu\"><strong>andres.perezr@uniminuto.edu<\/strong><\/a><\/p><\/blockquote>\n\n\n\n<blockquote class=\"wp-block-quote\"><p> <br><strong> Expositores:<\/strong><\/p><p><strong>ALEJANDRO ALBERTO SCHAAF, <\/strong>Instituto de Ecorregiones Andinas (INECOA), Universidad Nacional de Jujuy \u2013 Consejo Nacional de Investigaciones Cient\u00edficas y T\u00e9cnicas (CONICET). Fundaci\u00f3n CEBio, San Salvador de Jujuy, Jujuy, Argentina.<br><em> T\u00edtulo de la presentaci\u00f3n: <\/em> Conocimiento y percepci\u00f3n de estudiantes primarios sobre el bosque y las aves del Noroeste de Argentina.<br> \u00a0<br> <strong>JOS\u00c9 RAFAEL HERRERA HERRERA, <\/strong>Facultad de Ingenier\u00eda y Ciencias &#8211; Universidad Aut\u00f3noma de Tamaulipas, M\u00e9xico.<br><em> T\u00edtulo de la presentaci\u00f3n: <\/em> Importancia de los Talleres de Educaci\u00f3n Ambiental Cortos enfocados a las Aves en Escuelas Rurales del Noreste de Tamaulipas, M\u00e9xico.<br> <br> <strong>ESPERANZA SEP\u00daLVEDA ROJAS, <\/strong>Licenciatura en Educaci\u00f3n B\u00e1sica con \u00c9nfasis en Ciencias Naturales y Educaci\u00f3n Ambiental \u2013 Facultad de Educaci\u00f3n. UNIMINUTO Virtual y Distancia \u2013 Sede Bogot\u00e1 Calle 80. Corporaci\u00f3n Universitaria Minuto de Dios.<br> <em>T\u00edtulo de la presentaci\u00f3n: <\/em>Las aves y la construcci\u00f3n de escenarios pedag\u00f3gicos para la conservaci\u00f3n de ecosistemas urbanos.<br> \u00a0<br> <strong>ANDR\u00c9S CAMILO P\u00c9REZ RODR\u00cdGUEZ, ESPERANZA SEP\u00daLVEDA ROJAS, JOS\u00c9 RAFAEL HERRERA HERRERA, ALEJANDRO ALBERTO SCHAAF,<\/strong> Corporaci\u00f3n Universitaria Minuto de Dios, Universidad Aut\u00f3noma de Tamaulipas, Universidad Nacional de Jujuy.<br> <em>T\u00edtulo de la presentaci\u00f3n:<\/em> El avistamiento de aves, un escenario pedag\u00f3gico para la construcci\u00f3n de saberes ambientales en UNIMINUTO Virtual y Distancia (Colombia), Universidad Aut\u00f3noma de Tamaulipas (M\u00e9xico) y Universidad Nacional de Jujuy (Argentina) &#8211; Proyecto de investigaci\u00f3n interinstitucional. <\/p><p><\/p><\/blockquote>\n","protected":false},"excerpt":{"rendered":"<p>1er SIMPOSIO INTERNACIONAL DE AVIFAUNA Y EDUCACI\u00d3N AMBIENTAL Objetivo: dar a conocer las iniciativas en investigaci\u00f3n en educaci\u00f3n ambiental y ornitolog\u00eda de diversas instituciones en Latinoam\u00e9rica, con el fin de generar espacios para la construcci\u00f3n de saberes ambientales en relaci\u00f3n a la avifauna y su conservaci\u00f3n. Alcance: El \u201c1er Simposio Internacional de Avifauna y Educaci\u00f3n [&hellip;]<\/p>\n","protected":false},"author":1,"featured_media":0,"parent":0,"menu_order":0,"comment_status":"closed","ping_status":"closed","template":"","meta":{"footnotes":""},"yoast_head":"<!-- This site is optimized with the Yoast SEO plugin v21.5 - https:\/\/yoast.com\/wordpress\/plugins\/seo\/ -->\n<title>1er SIMPOSIO INTERNACIONAL DE AVIFAUNA Y EDUCACI\u00d3N AMBIENTAL - VI Congreso Colombiano de Ornitologia<\/title>\n<meta name=\"robots\" content=\"index, follow, max-snippet:-1, max-image-preview:large, max-video-preview:-1\" \/>\n<link rel=\"canonical\" href=\"https:\/\/asociacioncolombianadeornitologia.org\/vicongreso\/1er-simposio-internacional-de-avifauna-y-educacion-ambiental\/\" \/>\n<meta property=\"og:locale\" content=\"es_ES\" \/>\n<meta property=\"og:type\" content=\"article\" \/>\n<meta property=\"og:title\" content=\"1er SIMPOSIO INTERNACIONAL DE AVIFAUNA Y EDUCACI\u00d3N AMBIENTAL - VI Congreso Colombiano de Ornitologia\" \/>\n<meta property=\"og:description\" content=\"1er SIMPOSIO INTERNACIONAL DE AVIFAUNA Y EDUCACI\u00d3N AMBIENTAL Objetivo: dar a conocer las iniciativas en investigaci\u00f3n en educaci\u00f3n ambiental y ornitolog\u00eda de diversas instituciones en Latinoam\u00e9rica, con el fin de generar espacios para la construcci\u00f3n de saberes ambientales en relaci\u00f3n a la avifauna y su conservaci\u00f3n. Alcance: El \u201c1er Simposio Internacional de Avifauna y Educaci\u00f3n [&hellip;]\" \/>\n<meta property=\"og:url\" content=\"https:\/\/asociacioncolombianadeornitologia.org\/vicongreso\/1er-simposio-internacional-de-avifauna-y-educacion-ambiental\/\" \/>\n<meta property=\"og:site_name\" content=\"VI Congreso Colombiano de Ornitologia\" \/>\n<meta property=\"article:modified_time\" content=\"2019-08-27T02:39:02+00:00\" \/>\n<meta name=\"twitter:card\" content=\"summary_large_image\" \/>\n<meta name=\"twitter:label1\" content=\"Tiempo estimado de lectura\" \/>\n\t<meta name=\"twitter:data1\" content=\"3 minutos\" \/>\n<script type=\"application\/ld+json\" class=\"yoast-schema-graph\">{\"@context\":\"https:\/\/schema.org\",\"@graph\":[{\"@type\":\"WebPage\",\"@id\":\"https:\/\/asociacioncolombianadeornitologia.org\/vicongreso\/1er-simposio-internacional-de-avifauna-y-educacion-ambiental\/\",\"url\":\"https:\/\/asociacioncolombianadeornitologia.org\/vicongreso\/1er-simposio-internacional-de-avifauna-y-educacion-ambiental\/\",\"name\":\"1er SIMPOSIO INTERNACIONAL DE AVIFAUNA Y EDUCACI\u00d3N AMBIENTAL - VI Congreso Colombiano de Ornitologia\",\"isPartOf\":{\"@id\":\"https:\/\/asociacioncolombianadeornitologia.org\/vicongreso\/#website\"},\"datePublished\":\"2019-08-27T02:39:01+00:00\",\"dateModified\":\"2019-08-27T02:39:02+00:00\",\"breadcrumb\":{\"@id\":\"https:\/\/asociacioncolombianadeornitologia.org\/vicongreso\/1er-simposio-internacional-de-avifauna-y-educacion-ambiental\/#breadcrumb\"},\"inLanguage\":\"es-CO\",\"potentialAction\":[{\"@type\":\"ReadAction\",\"target\":[\"https:\/\/asociacioncolombianadeornitologia.org\/vicongreso\/1er-simposio-internacional-de-avifauna-y-educacion-ambiental\/\"]}]},{\"@type\":\"BreadcrumbList\",\"@id\":\"https:\/\/asociacioncolombianadeornitologia.org\/vicongreso\/1er-simposio-internacional-de-avifauna-y-educacion-ambiental\/#breadcrumb\",\"itemListElement\":[{\"@type\":\"ListItem\",\"position\":1,\"name\":\"Home\",\"item\":\"https:\/\/asociacioncolombianadeornitologia.org\/vicongreso\/\"},{\"@type\":\"ListItem\",\"position\":2,\"name\":\"1er SIMPOSIO INTERNACIONAL DE AVIFAUNA Y EDUCACI\u00d3N AMBIENTAL\"}]},{\"@type\":\"WebSite\",\"@id\":\"https:\/\/asociacioncolombianadeornitologia.org\/vicongreso\/#website\",\"url\":\"https:\/\/asociacioncolombianadeornitologia.org\/vicongreso\/\",\"name\":\"VI Congreso Colombiano de Ornitologia\",\"description\":\"Ibagu\u00e9, Tolima 22 al 25 de octubre de 2019\",\"publisher\":{\"@id\":\"https:\/\/asociacioncolombianadeornitologia.org\/vicongreso\/#organization\"},\"potentialAction\":[{\"@type\":\"SearchAction\",\"target\":{\"@type\":\"EntryPoint\",\"urlTemplate\":\"https:\/\/asociacioncolombianadeornitologia.org\/vicongreso\/?s={search_term_string}\"},\"query-input\":\"required name=search_term_string\"}],\"inLanguage\":\"es-CO\"},{\"@type\":\"Organization\",\"@id\":\"https:\/\/asociacioncolombianadeornitologia.org\/vicongreso\/#organization\",\"name\":\"VI Congreso Colombiano de Ornitologia\",\"url\":\"https:\/\/asociacioncolombianadeornitologia.org\/vicongreso\/\",\"logo\":{\"@type\":\"ImageObject\",\"inLanguage\":\"es-CO\",\"@id\":\"https:\/\/asociacioncolombianadeornitologia.org\/vicongreso\/#\/schema\/logo\/image\/\",\"url\":\"https:\/\/asociacioncolombianadeornitologia.org\/vicongreso\/wp-content\/uploads\/2019\/04\/logo_congreso_ornitologia_white.png\",\"contentUrl\":\"https:\/\/asociacioncolombianadeornitologia.org\/vicongreso\/wp-content\/uploads\/2019\/04\/logo_congreso_ornitologia_white.png\",\"width\":500,\"height\":134,\"caption\":\"VI Congreso Colombiano de Ornitologia\"},\"image\":{\"@id\":\"https:\/\/asociacioncolombianadeornitologia.org\/vicongreso\/#\/schema\/logo\/image\/\"}}]}<\/script>\n<!-- \/ Yoast SEO plugin. -->","yoast_head_json":{"title":"1er SIMPOSIO INTERNACIONAL DE AVIFAUNA Y EDUCACI\u00d3N AMBIENTAL - VI Congreso Colombiano de Ornitologia","robots":{"index":"index","follow":"follow","max-snippet":"max-snippet:-1","max-image-preview":"max-image-preview:large","max-video-preview":"max-video-preview:-1"},"canonical":"https:\/\/asociacioncolombianadeornitologia.org\/vicongreso\/1er-simposio-internacional-de-avifauna-y-educacion-ambiental\/","og_locale":"es_ES","og_type":"article","og_title":"1er SIMPOSIO INTERNACIONAL DE AVIFAUNA Y EDUCACI\u00d3N AMBIENTAL - VI Congreso Colombiano de Ornitologia","og_description":"1er SIMPOSIO INTERNACIONAL DE AVIFAUNA Y EDUCACI\u00d3N AMBIENTAL Objetivo: dar a conocer las iniciativas en investigaci\u00f3n en educaci\u00f3n ambiental y ornitolog\u00eda de diversas instituciones en Latinoam\u00e9rica, con el fin de generar espacios para la construcci\u00f3n de saberes ambientales en relaci\u00f3n a la avifauna y su conservaci\u00f3n. Alcance: El \u201c1er Simposio Internacional de Avifauna y Educaci\u00f3n [&hellip;]","og_url":"https:\/\/asociacioncolombianadeornitologia.org\/vicongreso\/1er-simposio-internacional-de-avifauna-y-educacion-ambiental\/","og_site_name":"VI Congreso Colombiano de Ornitologia","article_modified_time":"2019-08-27T02:39:02+00:00","twitter_card":"summary_large_image","twitter_misc":{"Tiempo estimado de lectura":"3 minutos"},"schema":{"@context":"https:\/\/schema.org","@graph":[{"@type":"WebPage","@id":"https:\/\/asociacioncolombianadeornitologia.org\/vicongreso\/1er-simposio-internacional-de-avifauna-y-educacion-ambiental\/","url":"https:\/\/asociacioncolombianadeornitologia.org\/vicongreso\/1er-simposio-internacional-de-avifauna-y-educacion-ambiental\/","name":"1er SIMPOSIO INTERNACIONAL DE AVIFAUNA Y EDUCACI\u00d3N AMBIENTAL - VI Congreso Colombiano de Ornitologia","isPartOf":{"@id":"https:\/\/asociacioncolombianadeornitologia.org\/vicongreso\/#website"},"datePublished":"2019-08-27T02:39:01+00:00","dateModified":"2019-08-27T02:39:02+00:00","breadcrumb":{"@id":"https:\/\/asociacioncolombianadeornitologia.org\/vicongreso\/1er-simposio-internacional-de-avifauna-y-educacion-ambiental\/#breadcrumb"},"inLanguage":"es-CO","potentialAction":[{"@type":"ReadAction","target":["https:\/\/asociacioncolombianadeornitologia.org\/vicongreso\/1er-simposio-internacional-de-avifauna-y-educacion-ambiental\/"]}]},{"@type":"BreadcrumbList","@id":"https:\/\/asociacioncolombianadeornitologia.org\/vicongreso\/1er-simposio-internacional-de-avifauna-y-educacion-ambiental\/#breadcrumb","itemListElement":[{"@type":"ListItem","position":1,"name":"Home","item":"https:\/\/asociacioncolombianadeornitologia.org\/vicongreso\/"},{"@type":"ListItem","position":2,"name":"1er SIMPOSIO INTERNACIONAL DE AVIFAUNA Y EDUCACI\u00d3N AMBIENTAL"}]},{"@type":"WebSite","@id":"https:\/\/asociacioncolombianadeornitologia.org\/vicongreso\/#website","url":"https:\/\/asociacioncolombianadeornitologia.org\/vicongreso\/","name":"VI Congreso Colombiano de Ornitologia","description":"Ibagu\u00e9, Tolima 22 al 25 de octubre de 2019","publisher":{"@id":"https:\/\/asociacioncolombianadeornitologia.org\/vicongreso\/#organization"},"potentialAction":[{"@type":"SearchAction","target":{"@type":"EntryPoint","urlTemplate":"https:\/\/asociacioncolombianadeornitologia.org\/vicongreso\/?s={search_term_string}"},"query-input":"required name=search_term_string"}],"inLanguage":"es-CO"},{"@type":"Organization","@id":"https:\/\/asociacioncolombianadeornitologia.org\/vicongreso\/#organization","name":"VI Congreso Colombiano de Ornitologia","url":"https:\/\/asociacioncolombianadeornitologia.org\/vicongreso\/","logo":{"@type":"ImageObject","inLanguage":"es-CO","@id":"https:\/\/asociacioncolombianadeornitologia.org\/vicongreso\/#\/schema\/logo\/image\/","url":"https:\/\/asociacioncolombianadeornitologia.org\/vicongreso\/wp-content\/uploads\/2019\/04\/logo_congreso_ornitologia_white.png","contentUrl":"https:\/\/asociacioncolombianadeornitologia.org\/vicongreso\/wp-content\/uploads\/2019\/04\/logo_congreso_ornitologia_white.png","width":500,"height":134,"caption":"VI Congreso Colombiano de Ornitologia"},"image":{"@id":"https:\/\/asociacioncolombianadeornitologia.org\/vicongreso\/#\/schema\/logo\/image\/"}}]}},"_links":{"self":[{"href":"https:\/\/asociacioncolombianadeornitologia.org\/vicongreso\/wp-json\/wp\/v2\/pages\/432"}],"collection":[{"href":"https:\/\/asociacioncolombianadeornitologia.org\/vicongreso\/wp-json\/wp\/v2\/pages"}],"about":[{"href":"https:\/\/asociacioncolombianadeornitologia.org\/vicongreso\/wp-json\/wp\/v2\/types\/page"}],"author":[{"embeddable":true,"href":"https:\/\/asociacioncolombianadeornitologia.org\/vicongreso\/wp-json\/wp\/v2\/users\/1"}],"replies":[{"embeddable":true,"href":"https:\/\/asociacioncolombianadeornitologia.org\/vicongreso\/wp-json\/wp\/v2\/comments?post=432"}],"version-history":[{"count":2,"href":"https:\/\/asociacioncolombianadeornitologia.org\/vicongreso\/wp-json\/wp\/v2\/pages\/432\/revisions"}],"predecessor-version":[{"id":434,"href":"https:\/\/asociacioncolombianadeornitologia.org\/vicongreso\/wp-json\/wp\/v2\/pages\/432\/revisions\/434"}],"wp:attachment":[{"href":"https:\/\/asociacioncolombianadeornitologia.org\/vicongreso\/wp-json\/wp\/v2\/media?parent=432"}],"curies":[{"name":"wp","href":"https:\/\/api.w.org\/{rel}","templated":true}]}}