{"id":427,"date":"2019-08-26T21:28:42","date_gmt":"2019-08-27T02:28:42","guid":{"rendered":"https:\/\/asociacioncolombianadeornitologia.org\/vicongreso\/?page_id=427"},"modified":"2019-08-27T19:35:35","modified_gmt":"2019-08-28T00:35:35","slug":"1er-simposio-en-etno-ornitologia","status":"publish","type":"page","link":"https:\/\/asociacioncolombianadeornitologia.org\/vicongreso\/1er-simposio-en-etno-ornitologia\/","title":{"rendered":"1er SIMPOSIO EN ETNO ORNITOLOG\u00cdA"},"content":{"rendered":"\n<h1 class=\"wp-block-heading\" style=\"text-align:center\">1<sup>er <\/sup>SIMPOSIO EN ETNO ORNITOLOG\u00cdA<\/h1>\n\n\n\n<blockquote class=\"wp-block-quote\"><p>El objetivo principal de desarrollar este simposio es <strong>\u201cGenerar redes y transferencia de conocimiento entre la comunidad cient\u00edfica que realiza estudios ornitol\u00f3gicos dentro de poblaciones \u00e9tnicas\u201d<\/strong> en pro de la puesta en marcha de iniciativas para la caracterizaci\u00f3n, monitoreo, conservaci\u00f3n y uso sostenible de la avifauna colombiana en territorios colectivos y de paz.<br> La etno-ornitolog\u00eda, hace referencia a las complejas relaciones que existen entre las aves y los dem\u00e1s seres vivientes, as\u00ed como la relaci\u00f3n con el entorno abi\u00f3tico, que se puede explicar desde el enfoque cosmog\u00f3nico y cultural de las etnias, sin obviar el m\u00e9todo cient\u00edfico. Los conocimientos que los habitantes de los territorios colectivos guardan en torno a la avifauna que los rodea son ampliamente inexplorados por la comunidad cient\u00edfica, en tanto que muchas de las din\u00e1micas que ocurren en los ecosistemas son bien conocidas por las poblaciones locales, sin embargo, no se genera por parte de los estudiosos de estos temas gran contribuci\u00f3n para entenderla y brindar alternativas de manejo y trabajo que vincule actividades comunitarias y as\u00ed como tomar acciones beneficiosas y concertadas en sus proyectos investigativos. <\/p><\/blockquote>\n\n\n\n<blockquote class=\"wp-block-quote\"><p> Es por lo que el simposio est\u00e1 dirigido a todas aquellas personas, profesionales y estudiosos que realizan trabajos ornitol\u00f3gicos en territorios comunitarios o colectivos que vinculan poblaciones \u00e9tnicas reconocidas dentro de la legislaci\u00f3n colombiana (Ind\u00edgenas, Afros, Gitanos, Raizales Y Palenqueros), para hacer el llamado a redirigir sus acciones basadas en el conocimiento cultural, ancestral, m\u00edstico que hay en todo el territorio Colombiano que permitan visibilizar todo el potencial y aporte a los estudios e investigaciones cient\u00edficas de estas comunidades locales en los territoritos colectivos como una acci\u00f3n eficaz de entendimiento, conservaci\u00f3n, de paz y reconciliaci\u00f3n. <\/p><\/blockquote>\n\n\n\n<blockquote class=\"wp-block-quote\"><p> En el contexto colombiano la etno-ornitolog\u00eda es una rama poco explorada, sin embargo, se convierte en una l\u00ednea innovadora con una amplia gama de aplicaci\u00f3n, es por esto que el simposio proyecta incentivar una mirada m\u00e1s amplia al conocimiento de las aves y como la aplicaci\u00f3n de herramientas participativas en diferentes contextos colectivos puede brindar informaci\u00f3n relevante y actualizada sobre la avifauna nacional en sus diferentes relaciones con el medio que las rodea. La generaci\u00f3n de estrategias de conservaci\u00f3n colectivas, la identificaci\u00f3n de t\u00e9cnicas locales innovadoras apara tener en cuenta el monitoreo, uso y aprovechamiento sostenible de la avifauna debe convertirse en alternativas productivas sostenible para estas poblaciones con ayuda de todos. <\/p><\/blockquote>\n\n\n\n<blockquote class=\"wp-block-quote\"><p><\/p><cite><strong>Coordinadores: <\/strong><br><strong> GLORIA AMPARO RIVERA VELASCO, <\/strong>Profesional grado 03, Servicio Nacional de Aprendizaje SENA Regional Vaup\u00e9s, programa SENNOVA<br><strong> SEBASTI\u00c1N GUERRERO PEL\u00c1EZ,<\/strong> Apoyo profesional SENNOVA, Servicio Nacional de Aprendizaje SENA Regional Vaup\u00e9s <br><strong>Contacto: <\/strong><a href=\"sguerrerop@sena.edu.co\"><strong>sguerrerop@sena.edu.co<\/strong><\/a><\/cite><\/blockquote>\n","protected":false},"excerpt":{"rendered":"<p>1er SIMPOSIO EN ETNO ORNITOLOG\u00cdA El objetivo principal de desarrollar este simposio es \u201cGenerar redes y transferencia de conocimiento entre la comunidad cient\u00edfica que realiza estudios ornitol\u00f3gicos dentro de poblaciones \u00e9tnicas\u201d en pro de la puesta en marcha de iniciativas para la caracterizaci\u00f3n, monitoreo, conservaci\u00f3n y uso sostenible de la avifauna colombiana en territorios colectivos [&hellip;]<\/p>\n","protected":false},"author":1,"featured_media":0,"parent":0,"menu_order":0,"comment_status":"closed","ping_status":"closed","template":"","meta":{"footnotes":""},"yoast_head":"<!-- This site is optimized with the Yoast SEO plugin v21.5 - https:\/\/yoast.com\/wordpress\/plugins\/seo\/ -->\n<title>1er SIMPOSIO EN ETNO ORNITOLOG\u00cdA - VI Congreso Colombiano de Ornitologia<\/title>\n<meta name=\"robots\" content=\"index, follow, max-snippet:-1, max-image-preview:large, max-video-preview:-1\" \/>\n<link rel=\"canonical\" href=\"https:\/\/asociacioncolombianadeornitologia.org\/vicongreso\/1er-simposio-en-etno-ornitologia\/\" \/>\n<meta property=\"og:locale\" content=\"es_ES\" \/>\n<meta property=\"og:type\" content=\"article\" \/>\n<meta property=\"og:title\" content=\"1er SIMPOSIO EN ETNO ORNITOLOG\u00cdA - VI Congreso Colombiano de Ornitologia\" \/>\n<meta property=\"og:description\" content=\"1er SIMPOSIO EN ETNO ORNITOLOG\u00cdA El objetivo principal de desarrollar este simposio es \u201cGenerar redes y transferencia de conocimiento entre la comunidad cient\u00edfica que realiza estudios ornitol\u00f3gicos dentro de poblaciones \u00e9tnicas\u201d en pro de la puesta en marcha de iniciativas para la caracterizaci\u00f3n, monitoreo, conservaci\u00f3n y uso sostenible de la avifauna colombiana en territorios colectivos [&hellip;]\" \/>\n<meta property=\"og:url\" content=\"https:\/\/asociacioncolombianadeornitologia.org\/vicongreso\/1er-simposio-en-etno-ornitologia\/\" \/>\n<meta property=\"og:site_name\" content=\"VI Congreso Colombiano de Ornitologia\" \/>\n<meta property=\"article:modified_time\" content=\"2019-08-28T00:35:35+00:00\" \/>\n<meta name=\"twitter:card\" content=\"summary_large_image\" \/>\n<meta name=\"twitter:label1\" content=\"Tiempo estimado de lectura\" \/>\n\t<meta name=\"twitter:data1\" content=\"2 minutos\" \/>\n<script type=\"application\/ld+json\" class=\"yoast-schema-graph\">{\"@context\":\"https:\/\/schema.org\",\"@graph\":[{\"@type\":\"WebPage\",\"@id\":\"https:\/\/asociacioncolombianadeornitologia.org\/vicongreso\/1er-simposio-en-etno-ornitologia\/\",\"url\":\"https:\/\/asociacioncolombianadeornitologia.org\/vicongreso\/1er-simposio-en-etno-ornitologia\/\",\"name\":\"1er SIMPOSIO EN ETNO ORNITOLOG\u00cdA - VI Congreso Colombiano de Ornitologia\",\"isPartOf\":{\"@id\":\"https:\/\/asociacioncolombianadeornitologia.org\/vicongreso\/#website\"},\"datePublished\":\"2019-08-27T02:28:42+00:00\",\"dateModified\":\"2019-08-28T00:35:35+00:00\",\"breadcrumb\":{\"@id\":\"https:\/\/asociacioncolombianadeornitologia.org\/vicongreso\/1er-simposio-en-etno-ornitologia\/#breadcrumb\"},\"inLanguage\":\"es-CO\",\"potentialAction\":[{\"@type\":\"ReadAction\",\"target\":[\"https:\/\/asociacioncolombianadeornitologia.org\/vicongreso\/1er-simposio-en-etno-ornitologia\/\"]}]},{\"@type\":\"BreadcrumbList\",\"@id\":\"https:\/\/asociacioncolombianadeornitologia.org\/vicongreso\/1er-simposio-en-etno-ornitologia\/#breadcrumb\",\"itemListElement\":[{\"@type\":\"ListItem\",\"position\":1,\"name\":\"Home\",\"item\":\"https:\/\/asociacioncolombianadeornitologia.org\/vicongreso\/\"},{\"@type\":\"ListItem\",\"position\":2,\"name\":\"1er SIMPOSIO EN ETNO ORNITOLOG\u00cdA\"}]},{\"@type\":\"WebSite\",\"@id\":\"https:\/\/asociacioncolombianadeornitologia.org\/vicongreso\/#website\",\"url\":\"https:\/\/asociacioncolombianadeornitologia.org\/vicongreso\/\",\"name\":\"VI Congreso Colombiano de Ornitologia\",\"description\":\"Ibagu\u00e9, Tolima 22 al 25 de octubre de 2019\",\"publisher\":{\"@id\":\"https:\/\/asociacioncolombianadeornitologia.org\/vicongreso\/#organization\"},\"potentialAction\":[{\"@type\":\"SearchAction\",\"target\":{\"@type\":\"EntryPoint\",\"urlTemplate\":\"https:\/\/asociacioncolombianadeornitologia.org\/vicongreso\/?s={search_term_string}\"},\"query-input\":\"required name=search_term_string\"}],\"inLanguage\":\"es-CO\"},{\"@type\":\"Organization\",\"@id\":\"https:\/\/asociacioncolombianadeornitologia.org\/vicongreso\/#organization\",\"name\":\"VI Congreso Colombiano de Ornitologia\",\"url\":\"https:\/\/asociacioncolombianadeornitologia.org\/vicongreso\/\",\"logo\":{\"@type\":\"ImageObject\",\"inLanguage\":\"es-CO\",\"@id\":\"https:\/\/asociacioncolombianadeornitologia.org\/vicongreso\/#\/schema\/logo\/image\/\",\"url\":\"https:\/\/asociacioncolombianadeornitologia.org\/vicongreso\/wp-content\/uploads\/2019\/04\/logo_congreso_ornitologia_white.png\",\"contentUrl\":\"https:\/\/asociacioncolombianadeornitologia.org\/vicongreso\/wp-content\/uploads\/2019\/04\/logo_congreso_ornitologia_white.png\",\"width\":500,\"height\":134,\"caption\":\"VI Congreso Colombiano de Ornitologia\"},\"image\":{\"@id\":\"https:\/\/asociacioncolombianadeornitologia.org\/vicongreso\/#\/schema\/logo\/image\/\"}}]}<\/script>\n<!-- \/ Yoast SEO plugin. -->","yoast_head_json":{"title":"1er SIMPOSIO EN ETNO ORNITOLOG\u00cdA - VI Congreso Colombiano de Ornitologia","robots":{"index":"index","follow":"follow","max-snippet":"max-snippet:-1","max-image-preview":"max-image-preview:large","max-video-preview":"max-video-preview:-1"},"canonical":"https:\/\/asociacioncolombianadeornitologia.org\/vicongreso\/1er-simposio-en-etno-ornitologia\/","og_locale":"es_ES","og_type":"article","og_title":"1er SIMPOSIO EN ETNO ORNITOLOG\u00cdA - VI Congreso Colombiano de Ornitologia","og_description":"1er SIMPOSIO EN ETNO ORNITOLOG\u00cdA El objetivo principal de desarrollar este simposio es \u201cGenerar redes y transferencia de conocimiento entre la comunidad cient\u00edfica que realiza estudios ornitol\u00f3gicos dentro de poblaciones \u00e9tnicas\u201d en pro de la puesta en marcha de iniciativas para la caracterizaci\u00f3n, monitoreo, conservaci\u00f3n y uso sostenible de la avifauna colombiana en territorios colectivos [&hellip;]","og_url":"https:\/\/asociacioncolombianadeornitologia.org\/vicongreso\/1er-simposio-en-etno-ornitologia\/","og_site_name":"VI Congreso Colombiano de Ornitologia","article_modified_time":"2019-08-28T00:35:35+00:00","twitter_card":"summary_large_image","twitter_misc":{"Tiempo estimado de lectura":"2 minutos"},"schema":{"@context":"https:\/\/schema.org","@graph":[{"@type":"WebPage","@id":"https:\/\/asociacioncolombianadeornitologia.org\/vicongreso\/1er-simposio-en-etno-ornitologia\/","url":"https:\/\/asociacioncolombianadeornitologia.org\/vicongreso\/1er-simposio-en-etno-ornitologia\/","name":"1er SIMPOSIO EN ETNO ORNITOLOG\u00cdA - VI Congreso Colombiano de Ornitologia","isPartOf":{"@id":"https:\/\/asociacioncolombianadeornitologia.org\/vicongreso\/#website"},"datePublished":"2019-08-27T02:28:42+00:00","dateModified":"2019-08-28T00:35:35+00:00","breadcrumb":{"@id":"https:\/\/asociacioncolombianadeornitologia.org\/vicongreso\/1er-simposio-en-etno-ornitologia\/#breadcrumb"},"inLanguage":"es-CO","potentialAction":[{"@type":"ReadAction","target":["https:\/\/asociacioncolombianadeornitologia.org\/vicongreso\/1er-simposio-en-etno-ornitologia\/"]}]},{"@type":"BreadcrumbList","@id":"https:\/\/asociacioncolombianadeornitologia.org\/vicongreso\/1er-simposio-en-etno-ornitologia\/#breadcrumb","itemListElement":[{"@type":"ListItem","position":1,"name":"Home","item":"https:\/\/asociacioncolombianadeornitologia.org\/vicongreso\/"},{"@type":"ListItem","position":2,"name":"1er SIMPOSIO EN ETNO ORNITOLOG\u00cdA"}]},{"@type":"WebSite","@id":"https:\/\/asociacioncolombianadeornitologia.org\/vicongreso\/#website","url":"https:\/\/asociacioncolombianadeornitologia.org\/vicongreso\/","name":"VI Congreso Colombiano de Ornitologia","description":"Ibagu\u00e9, Tolima 22 al 25 de octubre de 2019","publisher":{"@id":"https:\/\/asociacioncolombianadeornitologia.org\/vicongreso\/#organization"},"potentialAction":[{"@type":"SearchAction","target":{"@type":"EntryPoint","urlTemplate":"https:\/\/asociacioncolombianadeornitologia.org\/vicongreso\/?s={search_term_string}"},"query-input":"required name=search_term_string"}],"inLanguage":"es-CO"},{"@type":"Organization","@id":"https:\/\/asociacioncolombianadeornitologia.org\/vicongreso\/#organization","name":"VI Congreso Colombiano de Ornitologia","url":"https:\/\/asociacioncolombianadeornitologia.org\/vicongreso\/","logo":{"@type":"ImageObject","inLanguage":"es-CO","@id":"https:\/\/asociacioncolombianadeornitologia.org\/vicongreso\/#\/schema\/logo\/image\/","url":"https:\/\/asociacioncolombianadeornitologia.org\/vicongreso\/wp-content\/uploads\/2019\/04\/logo_congreso_ornitologia_white.png","contentUrl":"https:\/\/asociacioncolombianadeornitologia.org\/vicongreso\/wp-content\/uploads\/2019\/04\/logo_congreso_ornitologia_white.png","width":500,"height":134,"caption":"VI Congreso Colombiano de Ornitologia"},"image":{"@id":"https:\/\/asociacioncolombianadeornitologia.org\/vicongreso\/#\/schema\/logo\/image\/"}}]}},"_links":{"self":[{"href":"https:\/\/asociacioncolombianadeornitologia.org\/vicongreso\/wp-json\/wp\/v2\/pages\/427"}],"collection":[{"href":"https:\/\/asociacioncolombianadeornitologia.org\/vicongreso\/wp-json\/wp\/v2\/pages"}],"about":[{"href":"https:\/\/asociacioncolombianadeornitologia.org\/vicongreso\/wp-json\/wp\/v2\/types\/page"}],"author":[{"embeddable":true,"href":"https:\/\/asociacioncolombianadeornitologia.org\/vicongreso\/wp-json\/wp\/v2\/users\/1"}],"replies":[{"embeddable":true,"href":"https:\/\/asociacioncolombianadeornitologia.org\/vicongreso\/wp-json\/wp\/v2\/comments?post=427"}],"version-history":[{"count":5,"href":"https:\/\/asociacioncolombianadeornitologia.org\/vicongreso\/wp-json\/wp\/v2\/pages\/427\/revisions"}],"predecessor-version":[{"id":443,"href":"https:\/\/asociacioncolombianadeornitologia.org\/vicongreso\/wp-json\/wp\/v2\/pages\/427\/revisions\/443"}],"wp:attachment":[{"href":"https:\/\/asociacioncolombianadeornitologia.org\/vicongreso\/wp-json\/wp\/v2\/media?parent=427"}],"curies":[{"name":"wp","href":"https:\/\/api.w.org\/{rel}","templated":true}]}}