{"id":386,"date":"2019-08-22T10:40:40","date_gmt":"2019-08-22T15:40:40","guid":{"rendered":"https:\/\/asociacioncolombianadeornitologia.org\/vicongreso\/?page_id=386"},"modified":"2019-08-22T21:00:20","modified_gmt":"2019-08-23T02:00:20","slug":"ciencia-ciudadana-el-reto-de-los-censos-navidenos","status":"publish","type":"page","link":"https:\/\/asociacioncolombianadeornitologia.org\/vicongreso\/ciencia-ciudadana-el-reto-de-los-censos-navidenos\/","title":{"rendered":"Ciencia Ciudadana, el reto de los Censos Navide\u00f1os"},"content":{"rendered":"\n<h1 class=\"wp-block-heading\" style=\"text-align:center\"> Ciencia Ciudadana, el reto de los Censos Navide\u00f1os <\/h1>\n\n\n\n<blockquote class=\"wp-block-quote\"><p>  <strong>Organizador\/Instructor: <\/strong>Catalina Casas C. y Gloria Lentijo<br> <strong>\u00a0<\/strong><br> Actualmente, la Sociedad Nacional de Audubon en convenio con el Servicio de Pesca y Vida Silvestre de los Estados Unidos- NMBCA (Neotropical Migratory Bird Conservation Act-,  se encuentra implementando el proyecto \u201cDesarrollo de un marco para la conservaci\u00f3n comunitaria de  tres especies migratorias focales Cerulean Warbler (<em>Setophaga cerulea<\/em>), Golden-winged Warbler (<em>Vermivora chrysoptera<\/em>)  y Canada Warbler (<em>Cardellina canadensis<\/em>), en los Andes Centrales de Colombia. Entre los objetivos del proyecto se ha establecido fortalecer iniciativas de ciencia ciudadana como son los Censos Navide\u00f1os. Por tanto, desde el programa de Alianzas Internacionales de Audubon, buscando integrar esfuerzos con la RNOA y la Sociedad Caldense de Ornitolog\u00eda, queremos proponer el curso \u201cCiencia Ciudadana, el reto de los Censos Navide\u00f1os\u201d, en el marco del VI Congreso de Ornitolog\u00eda, buscando promover la realizaci\u00f3n de los censos en el pa\u00eds, la inscripci\u00f3n de nuevos c\u00edrculos, reactivar c\u00edrculos existentes y fortalecer las capacidades de un equipo de compiladores.<br> <strong>\u00a0<\/strong><br> <strong>Dirigido a: <\/strong>todos los interesados en liderar los censos navide\u00f1os en diferentes regiones del pa\u00eds, representantes de organizaciones ornitol\u00f3gicas y de las \u00e1reas protegidas que han participado en diferentes temporadas de los censos.<br> <strong>\u00a0<\/strong><br> <strong>Contenido propuesto (temario): <\/strong><br> Proyecto NMBCA: Desarrollo de un marco para la conservaci\u00f3n comunitaria de tres especies migratorias\u00a0focales- Cerulean Warbler (<em>Setophaga cerulea<\/em>), Golden-winged Warbler (<em>Vermivora chrysoptera<\/em>)\u00a0 y\u00a0Canada Warbler (<em>Cardellina\u00a0canadensis<\/em>)-, en los Andes Centrales de Colombia.<br> \u00a0<br><strong> Agenda Curso<\/strong><br> 8:00 -8:30 am. Bienvenida y presentaci\u00f3n de participantes.<br>   8:30- 10:30 am. <\/p><p>-Contextualizaci\u00f3n general Ciencia Ciudadana<br> -Programa Censos Navide\u00f1os de Aves:<br> -Repaso metodolog\u00eda y presentaci\u00f3n para nuevos interesados.<br>   10:30-10:45 am. Descanso.<br> 10:45 am.- 12: 00 m. -Proceso de organizaci\u00f3n y entrega de informaci\u00f3n.<br> 12:00-1:00 pm. Almuerzo libre<br> 1:00-3:45 pm. -Proceso de compilaci\u00f3n de datos en l\u00ednea plataforma Audubon<br> 3:45-04:00 pm. Descanso.<br> 04:00 \u2013 06:00 pm. -An\u00e1lisis potenciales.<br> <strong>\u00a0<\/strong><br> <strong>Fecha y horario: 20 y 21 de octubre <\/strong>de 2019. 8 horas. <\/p><p> <strong>Lugar<\/strong>: por confirmar <\/p><p> <strong>Cupo<\/strong>: 30 personas<\/p><p> <strong>Costo inscripci\u00f3n por persona: <\/strong>gratis cupo limitado<\/p><p><a href=\"https:\/\/docs.google.com\/forms\/d\/e\/1FAIpQLSeaQdFi2pV2YNc0oGs5XoD7W6xw2oLil5yYlvkE39cTDD-PXQ\/viewform?usp=sf_link\">Click ac\u00e1 para inscripci\u00f3n<\/a> <br> \u00a0 <\/p><\/blockquote>\n","protected":false},"excerpt":{"rendered":"<p>Ciencia Ciudadana, el reto de los Censos Navide\u00f1os Organizador\/Instructor: Catalina Casas C. y Gloria Lentijo \u00a0 Actualmente, la Sociedad Nacional de Audubon en convenio con el Servicio de Pesca y Vida Silvestre de los Estados Unidos- NMBCA (Neotropical Migratory Bird Conservation Act-, se encuentra implementando el proyecto \u201cDesarrollo de un marco para la conservaci\u00f3n comunitaria [&hellip;]<\/p>\n","protected":false},"author":1,"featured_media":0,"parent":0,"menu_order":0,"comment_status":"closed","ping_status":"closed","template":"","meta":{"footnotes":""},"yoast_head":"<!-- This site is optimized with the Yoast SEO plugin v21.5 - https:\/\/yoast.com\/wordpress\/plugins\/seo\/ -->\n<title>Ciencia Ciudadana, el reto de los Censos Navide\u00f1os - VI Congreso Colombiano de Ornitologia<\/title>\n<meta name=\"robots\" content=\"index, follow, max-snippet:-1, max-image-preview:large, max-video-preview:-1\" \/>\n<link rel=\"canonical\" href=\"https:\/\/asociacioncolombianadeornitologia.org\/vicongreso\/ciencia-ciudadana-el-reto-de-los-censos-navidenos\/\" \/>\n<meta property=\"og:locale\" content=\"es_ES\" \/>\n<meta property=\"og:type\" content=\"article\" \/>\n<meta property=\"og:title\" content=\"Ciencia Ciudadana, el reto de los Censos Navide\u00f1os - VI Congreso Colombiano de Ornitologia\" \/>\n<meta property=\"og:description\" content=\"Ciencia Ciudadana, el reto de los Censos Navide\u00f1os Organizador\/Instructor: Catalina Casas C. y Gloria Lentijo \u00a0 Actualmente, la Sociedad Nacional de Audubon en convenio con el Servicio de Pesca y Vida Silvestre de los Estados Unidos- NMBCA (Neotropical Migratory Bird Conservation Act-, se encuentra implementando el proyecto \u201cDesarrollo de un marco para la conservaci\u00f3n comunitaria [&hellip;]\" \/>\n<meta property=\"og:url\" content=\"https:\/\/asociacioncolombianadeornitologia.org\/vicongreso\/ciencia-ciudadana-el-reto-de-los-censos-navidenos\/\" \/>\n<meta property=\"og:site_name\" content=\"VI Congreso Colombiano de Ornitologia\" \/>\n<meta property=\"article:modified_time\" content=\"2019-08-23T02:00:20+00:00\" \/>\n<meta name=\"twitter:card\" content=\"summary_large_image\" \/>\n<meta name=\"twitter:label1\" content=\"Tiempo estimado de lectura\" \/>\n\t<meta name=\"twitter:data1\" content=\"2 minutos\" \/>\n<script type=\"application\/ld+json\" class=\"yoast-schema-graph\">{\"@context\":\"https:\/\/schema.org\",\"@graph\":[{\"@type\":\"WebPage\",\"@id\":\"https:\/\/asociacioncolombianadeornitologia.org\/vicongreso\/ciencia-ciudadana-el-reto-de-los-censos-navidenos\/\",\"url\":\"https:\/\/asociacioncolombianadeornitologia.org\/vicongreso\/ciencia-ciudadana-el-reto-de-los-censos-navidenos\/\",\"name\":\"Ciencia Ciudadana, el reto de los Censos Navide\u00f1os - VI Congreso Colombiano de Ornitologia\",\"isPartOf\":{\"@id\":\"https:\/\/asociacioncolombianadeornitologia.org\/vicongreso\/#website\"},\"datePublished\":\"2019-08-22T15:40:40+00:00\",\"dateModified\":\"2019-08-23T02:00:20+00:00\",\"breadcrumb\":{\"@id\":\"https:\/\/asociacioncolombianadeornitologia.org\/vicongreso\/ciencia-ciudadana-el-reto-de-los-censos-navidenos\/#breadcrumb\"},\"inLanguage\":\"es-CO\",\"potentialAction\":[{\"@type\":\"ReadAction\",\"target\":[\"https:\/\/asociacioncolombianadeornitologia.org\/vicongreso\/ciencia-ciudadana-el-reto-de-los-censos-navidenos\/\"]}]},{\"@type\":\"BreadcrumbList\",\"@id\":\"https:\/\/asociacioncolombianadeornitologia.org\/vicongreso\/ciencia-ciudadana-el-reto-de-los-censos-navidenos\/#breadcrumb\",\"itemListElement\":[{\"@type\":\"ListItem\",\"position\":1,\"name\":\"Home\",\"item\":\"https:\/\/asociacioncolombianadeornitologia.org\/vicongreso\/\"},{\"@type\":\"ListItem\",\"position\":2,\"name\":\"Ciencia Ciudadana, el reto de los Censos Navide\u00f1os\"}]},{\"@type\":\"WebSite\",\"@id\":\"https:\/\/asociacioncolombianadeornitologia.org\/vicongreso\/#website\",\"url\":\"https:\/\/asociacioncolombianadeornitologia.org\/vicongreso\/\",\"name\":\"VI Congreso Colombiano de Ornitologia\",\"description\":\"Ibagu\u00e9, Tolima 22 al 25 de octubre de 2019\",\"publisher\":{\"@id\":\"https:\/\/asociacioncolombianadeornitologia.org\/vicongreso\/#organization\"},\"potentialAction\":[{\"@type\":\"SearchAction\",\"target\":{\"@type\":\"EntryPoint\",\"urlTemplate\":\"https:\/\/asociacioncolombianadeornitologia.org\/vicongreso\/?s={search_term_string}\"},\"query-input\":\"required name=search_term_string\"}],\"inLanguage\":\"es-CO\"},{\"@type\":\"Organization\",\"@id\":\"https:\/\/asociacioncolombianadeornitologia.org\/vicongreso\/#organization\",\"name\":\"VI Congreso Colombiano de Ornitologia\",\"url\":\"https:\/\/asociacioncolombianadeornitologia.org\/vicongreso\/\",\"logo\":{\"@type\":\"ImageObject\",\"inLanguage\":\"es-CO\",\"@id\":\"https:\/\/asociacioncolombianadeornitologia.org\/vicongreso\/#\/schema\/logo\/image\/\",\"url\":\"https:\/\/asociacioncolombianadeornitologia.org\/vicongreso\/wp-content\/uploads\/2019\/04\/logo_congreso_ornitologia_white.png\",\"contentUrl\":\"https:\/\/asociacioncolombianadeornitologia.org\/vicongreso\/wp-content\/uploads\/2019\/04\/logo_congreso_ornitologia_white.png\",\"width\":500,\"height\":134,\"caption\":\"VI Congreso Colombiano de Ornitologia\"},\"image\":{\"@id\":\"https:\/\/asociacioncolombianadeornitologia.org\/vicongreso\/#\/schema\/logo\/image\/\"}}]}<\/script>\n<!-- \/ Yoast SEO plugin. -->","yoast_head_json":{"title":"Ciencia Ciudadana, el reto de los Censos Navide\u00f1os - VI Congreso Colombiano de Ornitologia","robots":{"index":"index","follow":"follow","max-snippet":"max-snippet:-1","max-image-preview":"max-image-preview:large","max-video-preview":"max-video-preview:-1"},"canonical":"https:\/\/asociacioncolombianadeornitologia.org\/vicongreso\/ciencia-ciudadana-el-reto-de-los-censos-navidenos\/","og_locale":"es_ES","og_type":"article","og_title":"Ciencia Ciudadana, el reto de los Censos Navide\u00f1os - VI Congreso Colombiano de Ornitologia","og_description":"Ciencia Ciudadana, el reto de los Censos Navide\u00f1os Organizador\/Instructor: Catalina Casas C. y Gloria Lentijo \u00a0 Actualmente, la Sociedad Nacional de Audubon en convenio con el Servicio de Pesca y Vida Silvestre de los Estados Unidos- NMBCA (Neotropical Migratory Bird Conservation Act-, se encuentra implementando el proyecto \u201cDesarrollo de un marco para la conservaci\u00f3n comunitaria [&hellip;]","og_url":"https:\/\/asociacioncolombianadeornitologia.org\/vicongreso\/ciencia-ciudadana-el-reto-de-los-censos-navidenos\/","og_site_name":"VI Congreso Colombiano de Ornitologia","article_modified_time":"2019-08-23T02:00:20+00:00","twitter_card":"summary_large_image","twitter_misc":{"Tiempo estimado de lectura":"2 minutos"},"schema":{"@context":"https:\/\/schema.org","@graph":[{"@type":"WebPage","@id":"https:\/\/asociacioncolombianadeornitologia.org\/vicongreso\/ciencia-ciudadana-el-reto-de-los-censos-navidenos\/","url":"https:\/\/asociacioncolombianadeornitologia.org\/vicongreso\/ciencia-ciudadana-el-reto-de-los-censos-navidenos\/","name":"Ciencia Ciudadana, el reto de los Censos Navide\u00f1os - VI Congreso Colombiano de Ornitologia","isPartOf":{"@id":"https:\/\/asociacioncolombianadeornitologia.org\/vicongreso\/#website"},"datePublished":"2019-08-22T15:40:40+00:00","dateModified":"2019-08-23T02:00:20+00:00","breadcrumb":{"@id":"https:\/\/asociacioncolombianadeornitologia.org\/vicongreso\/ciencia-ciudadana-el-reto-de-los-censos-navidenos\/#breadcrumb"},"inLanguage":"es-CO","potentialAction":[{"@type":"ReadAction","target":["https:\/\/asociacioncolombianadeornitologia.org\/vicongreso\/ciencia-ciudadana-el-reto-de-los-censos-navidenos\/"]}]},{"@type":"BreadcrumbList","@id":"https:\/\/asociacioncolombianadeornitologia.org\/vicongreso\/ciencia-ciudadana-el-reto-de-los-censos-navidenos\/#breadcrumb","itemListElement":[{"@type":"ListItem","position":1,"name":"Home","item":"https:\/\/asociacioncolombianadeornitologia.org\/vicongreso\/"},{"@type":"ListItem","position":2,"name":"Ciencia Ciudadana, el reto de los Censos Navide\u00f1os"}]},{"@type":"WebSite","@id":"https:\/\/asociacioncolombianadeornitologia.org\/vicongreso\/#website","url":"https:\/\/asociacioncolombianadeornitologia.org\/vicongreso\/","name":"VI Congreso Colombiano de Ornitologia","description":"Ibagu\u00e9, Tolima 22 al 25 de octubre de 2019","publisher":{"@id":"https:\/\/asociacioncolombianadeornitologia.org\/vicongreso\/#organization"},"potentialAction":[{"@type":"SearchAction","target":{"@type":"EntryPoint","urlTemplate":"https:\/\/asociacioncolombianadeornitologia.org\/vicongreso\/?s={search_term_string}"},"query-input":"required name=search_term_string"}],"inLanguage":"es-CO"},{"@type":"Organization","@id":"https:\/\/asociacioncolombianadeornitologia.org\/vicongreso\/#organization","name":"VI Congreso Colombiano de Ornitologia","url":"https:\/\/asociacioncolombianadeornitologia.org\/vicongreso\/","logo":{"@type":"ImageObject","inLanguage":"es-CO","@id":"https:\/\/asociacioncolombianadeornitologia.org\/vicongreso\/#\/schema\/logo\/image\/","url":"https:\/\/asociacioncolombianadeornitologia.org\/vicongreso\/wp-content\/uploads\/2019\/04\/logo_congreso_ornitologia_white.png","contentUrl":"https:\/\/asociacioncolombianadeornitologia.org\/vicongreso\/wp-content\/uploads\/2019\/04\/logo_congreso_ornitologia_white.png","width":500,"height":134,"caption":"VI Congreso Colombiano de Ornitologia"},"image":{"@id":"https:\/\/asociacioncolombianadeornitologia.org\/vicongreso\/#\/schema\/logo\/image\/"}}]}},"_links":{"self":[{"href":"https:\/\/asociacioncolombianadeornitologia.org\/vicongreso\/wp-json\/wp\/v2\/pages\/386"}],"collection":[{"href":"https:\/\/asociacioncolombianadeornitologia.org\/vicongreso\/wp-json\/wp\/v2\/pages"}],"about":[{"href":"https:\/\/asociacioncolombianadeornitologia.org\/vicongreso\/wp-json\/wp\/v2\/types\/page"}],"author":[{"embeddable":true,"href":"https:\/\/asociacioncolombianadeornitologia.org\/vicongreso\/wp-json\/wp\/v2\/users\/1"}],"replies":[{"embeddable":true,"href":"https:\/\/asociacioncolombianadeornitologia.org\/vicongreso\/wp-json\/wp\/v2\/comments?post=386"}],"version-history":[{"count":6,"href":"https:\/\/asociacioncolombianadeornitologia.org\/vicongreso\/wp-json\/wp\/v2\/pages\/386\/revisions"}],"predecessor-version":[{"id":422,"href":"https:\/\/asociacioncolombianadeornitologia.org\/vicongreso\/wp-json\/wp\/v2\/pages\/386\/revisions\/422"}],"wp:attachment":[{"href":"https:\/\/asociacioncolombianadeornitologia.org\/vicongreso\/wp-json\/wp\/v2\/media?parent=386"}],"curies":[{"name":"wp","href":"https:\/\/api.w.org\/{rel}","templated":true}]}}