{"id":375,"date":"2019-08-22T10:11:48","date_gmt":"2019-08-22T15:11:48","guid":{"rendered":"https:\/\/asociacioncolombianadeornitologia.org\/vicongreso\/?page_id=375"},"modified":"2019-08-22T11:11:52","modified_gmt":"2019-08-22T16:11:52","slug":"recoleccion-preparacion-y-manejo-de-especimenes-modernos-de-aves-colecciones-ornitologicas-colombianas-del-siglo-xxi","status":"publish","type":"page","link":"https:\/\/asociacioncolombianadeornitologia.org\/vicongreso\/recoleccion-preparacion-y-manejo-de-especimenes-modernos-de-aves-colecciones-ornitologicas-colombianas-del-siglo-xxi\/","title":{"rendered":"Recolecci\u00f3n, preparaci\u00f3n y manejo de espec\u00edmenes modernos de aves: colecciones ornitol\u00f3gicas colombianas del siglo XXI"},"content":{"rendered":"\n<h1 class=\"wp-block-heading\" style=\"text-align:center\"><strong>Recolecci\u00f3n, preparaci\u00f3n y manejo de espec\u00edmenes modernos de aves: colecciones ornitol\u00f3gicas colombianas del siglo XXI<\/strong><\/h1>\n\n\n\n<blockquote class=\"wp-block-quote\"><p>   <strong>Organizadores: <\/strong>David Ocampo, Juliana Soto-Pati\u00f1o, Orlando Acevedo-Charry &amp; Andr\u00e9s M. Cuervo<br> <strong>&nbsp;<\/strong><br> Las colecciones cient\u00edficas de aves se relacionan directamente con el origen mismo de la ornitolog\u00eda, y siguen siendo pilares en el desarrollo de esta disciplina cient\u00edfica con un sinn\u00famero de aplicaciones. El estudio de espec\u00edmenes de aves ha permitido desarrollar desde conceptos biol\u00f3gicos fundamentales en \u00e1reas tan variadas como biodiversidad, evoluci\u00f3n, ecolog\u00eda, gen\u00e9tica y conservaci\u00f3n, hasta responder a la pregunta b\u00e1sica de cu\u00e1ntas y cu\u00e1les especies de aves hay en un lugar determinado. Adem\u00e1s, inspiran una variedad de facetas en la sociedad, desde el arte hasta la ingenier\u00eda, y ayudan en la innovaci\u00f3n en docencia. Sin embargo, a pesar de su central importancia, parece que solo una peque\u00f1a proporci\u00f3n de los ornit\u00f3logos actuales usan o contribuyen a las colecciones ornitol\u00f3gicas para sus investigaciones, o existe la creencia err\u00f3nea de ser cosa del pasado. Si bien hay muchas formas de estudiar a las aves o de abordar una misma pregunta en biolog\u00eda, las investigaciones basadas en colecciones tienen fortalezas conceptuales y t\u00e9cnicas que pocos m\u00e9todos ofrecen. El uso de las colecciones se renueva cada vez con el desarrollo e implementaci\u00f3n de avances te\u00f3ricos y tecnol\u00f3gicos. Por ejemplo, la aparici\u00f3n de aplicaciones en la era digital de im\u00e1genes, bioinform\u00e1tica, tecnolog\u00eda molecular le ha dado un impulso innovador al uso y crecimiento de las colecciones ornitol\u00f3gicas. El esp\u00e9cimen ornitol\u00f3gico moderno consiste de m\u00faltiples preparaciones que est\u00e1n asociadas entre s\u00ed, haciendo de \u00e9stos espec\u00edmenes modulares, y cuyos datos e informaci\u00f3n no solo est\u00e1 cruzada sino abiertamente p\u00fablica. As\u00ed, al registro de una especie por medio de una recolecta cient\u00edfica, se suman todos los dem\u00e1s atributos que pueden recolectarse junto con el esp\u00e9cimen (e.g. vocalizaciones, fotograf\u00edas en vida, material gen\u00e9tico, ala extendida, par\u00e1sitos asociados, cuerpo con contenidos g\u00e1stricos), que posibilitan un abanico de opciones de investigaci\u00f3n inconmensurables en el tiempo. Con este curso, nuestro prop\u00f3sito es familiarizar a estudiantes e investigadores con la vigente importancia de las colecciones biol\u00f3gicas y sus nuevas posibilidades, compartiendo las diferentes l\u00edneas de investigaci\u00f3n y entren\u00e1ndolos para que aprendan y perfeccionen sus t\u00e9cnicas de recolecci\u00f3n, manejo y preparaci\u00f3n de espec\u00edmenes en diversas formas. Esperamos poder estimular a los ornit\u00f3logos colombianos para que aprecien, usen y apoyen el fortalecimiento de las colecciones cient\u00edficas como un recurso esencial para el constante proceso de estudiar la diversidad y biolog\u00eda de las aves de Colombia.<br> <strong>&nbsp;<\/strong><br> <strong>Dirigido a: <\/strong>Estudiantes y profesionales<br> <strong>&nbsp;<\/strong><br> <strong>Contenido propuesto (temario): <\/strong><br>  <br>\u00bfPorque es vital seguir colectando aves en Colombia? Aplicaciones modernas desde los sonidos, la muda, la reproducci\u00f3n y el vuelo, hasta las mol\u00e9culas <br><\/p><p>Colecciones en Colombia, tipos, cu\u00e1les y d\u00f3nde est\u00e1n? <br><br>A qu\u00e9 nos referimos con esp\u00e9cimen extendido <br> &nbsp; <br>Colecciones de Sonidos Ambientales <br><br>Articulaci\u00f3n con Bancos de Tejidos <br> <br>\u00c9tica en la recolecci\u00f3n y manejo de espec\u00edmenes de aves<br> <strong>&nbsp;<\/strong><br> <strong>Fecha y horario: <\/strong>20 y 21 de octubre de 2019<br> &nbsp;<br> <strong>Lugar<\/strong>: por confirmar <br> &nbsp;<br> <strong>Cupo<\/strong>: 20 personas <\/p><p> <strong>Costo inscripci\u00f3n por persona: <\/strong> $90.000<\/p><p> <strong>Confirme disponibilidad de cupos y formas de pago con: <\/strong>David&nbsp;Ocampo &nbsp;<a href=\"mailto:docampo@humboldt.org.co\">docampo@humboldt.org.co<\/a>  <\/p><\/blockquote>\n","protected":false},"excerpt":{"rendered":"<p>Recolecci\u00f3n, preparaci\u00f3n y manejo de espec\u00edmenes modernos de aves: colecciones ornitol\u00f3gicas colombianas del siglo XXI Organizadores: David Ocampo, Juliana Soto-Pati\u00f1o, Orlando Acevedo-Charry &amp; Andr\u00e9s M. Cuervo &nbsp; Las colecciones cient\u00edficas de aves se relacionan directamente con el origen mismo de la ornitolog\u00eda, y siguen siendo pilares en el desarrollo de esta disciplina cient\u00edfica con un [&hellip;]<\/p>\n","protected":false},"author":1,"featured_media":0,"parent":0,"menu_order":0,"comment_status":"closed","ping_status":"closed","template":"","meta":{"footnotes":""},"yoast_head":"<!-- This site is optimized with the Yoast SEO plugin v21.5 - https:\/\/yoast.com\/wordpress\/plugins\/seo\/ -->\n<title>Recolecci\u00f3n, preparaci\u00f3n y manejo de espec\u00edmenes modernos de aves: colecciones ornitol\u00f3gicas colombianas del siglo XXI - VI Congreso Colombiano de Ornitologia<\/title>\n<meta name=\"robots\" content=\"index, follow, max-snippet:-1, max-image-preview:large, max-video-preview:-1\" \/>\n<link rel=\"canonical\" href=\"https:\/\/asociacioncolombianadeornitologia.org\/vicongreso\/recoleccion-preparacion-y-manejo-de-especimenes-modernos-de-aves-colecciones-ornitologicas-colombianas-del-siglo-xxi\/\" \/>\n<meta property=\"og:locale\" content=\"es_ES\" \/>\n<meta property=\"og:type\" content=\"article\" \/>\n<meta property=\"og:title\" content=\"Recolecci\u00f3n, preparaci\u00f3n y manejo de espec\u00edmenes modernos de aves: colecciones ornitol\u00f3gicas colombianas del siglo XXI - VI Congreso Colombiano de Ornitologia\" \/>\n<meta property=\"og:description\" content=\"Recolecci\u00f3n, preparaci\u00f3n y manejo de espec\u00edmenes modernos de aves: colecciones ornitol\u00f3gicas colombianas del siglo XXI Organizadores: David Ocampo, Juliana Soto-Pati\u00f1o, Orlando Acevedo-Charry &amp; Andr\u00e9s M. Cuervo &nbsp; Las colecciones cient\u00edficas de aves se relacionan directamente con el origen mismo de la ornitolog\u00eda, y siguen siendo pilares en el desarrollo de esta disciplina cient\u00edfica con un [&hellip;]\" \/>\n<meta property=\"og:url\" content=\"https:\/\/asociacioncolombianadeornitologia.org\/vicongreso\/recoleccion-preparacion-y-manejo-de-especimenes-modernos-de-aves-colecciones-ornitologicas-colombianas-del-siglo-xxi\/\" \/>\n<meta property=\"og:site_name\" content=\"VI Congreso Colombiano de Ornitologia\" \/>\n<meta property=\"article:modified_time\" content=\"2019-08-22T16:11:52+00:00\" \/>\n<meta name=\"twitter:card\" content=\"summary_large_image\" \/>\n<meta name=\"twitter:label1\" content=\"Tiempo estimado de lectura\" \/>\n\t<meta name=\"twitter:data1\" content=\"3 minutos\" \/>\n<script type=\"application\/ld+json\" class=\"yoast-schema-graph\">{\"@context\":\"https:\/\/schema.org\",\"@graph\":[{\"@type\":\"WebPage\",\"@id\":\"https:\/\/asociacioncolombianadeornitologia.org\/vicongreso\/recoleccion-preparacion-y-manejo-de-especimenes-modernos-de-aves-colecciones-ornitologicas-colombianas-del-siglo-xxi\/\",\"url\":\"https:\/\/asociacioncolombianadeornitologia.org\/vicongreso\/recoleccion-preparacion-y-manejo-de-especimenes-modernos-de-aves-colecciones-ornitologicas-colombianas-del-siglo-xxi\/\",\"name\":\"Recolecci\u00f3n, preparaci\u00f3n y manejo de espec\u00edmenes modernos de aves: colecciones ornitol\u00f3gicas colombianas del siglo XXI - VI Congreso Colombiano de Ornitologia\",\"isPartOf\":{\"@id\":\"https:\/\/asociacioncolombianadeornitologia.org\/vicongreso\/#website\"},\"datePublished\":\"2019-08-22T15:11:48+00:00\",\"dateModified\":\"2019-08-22T16:11:52+00:00\",\"breadcrumb\":{\"@id\":\"https:\/\/asociacioncolombianadeornitologia.org\/vicongreso\/recoleccion-preparacion-y-manejo-de-especimenes-modernos-de-aves-colecciones-ornitologicas-colombianas-del-siglo-xxi\/#breadcrumb\"},\"inLanguage\":\"es-CO\",\"potentialAction\":[{\"@type\":\"ReadAction\",\"target\":[\"https:\/\/asociacioncolombianadeornitologia.org\/vicongreso\/recoleccion-preparacion-y-manejo-de-especimenes-modernos-de-aves-colecciones-ornitologicas-colombianas-del-siglo-xxi\/\"]}]},{\"@type\":\"BreadcrumbList\",\"@id\":\"https:\/\/asociacioncolombianadeornitologia.org\/vicongreso\/recoleccion-preparacion-y-manejo-de-especimenes-modernos-de-aves-colecciones-ornitologicas-colombianas-del-siglo-xxi\/#breadcrumb\",\"itemListElement\":[{\"@type\":\"ListItem\",\"position\":1,\"name\":\"Home\",\"item\":\"https:\/\/asociacioncolombianadeornitologia.org\/vicongreso\/\"},{\"@type\":\"ListItem\",\"position\":2,\"name\":\"Recolecci\u00f3n, preparaci\u00f3n y manejo de espec\u00edmenes modernos de aves: colecciones ornitol\u00f3gicas colombianas del siglo XXI\"}]},{\"@type\":\"WebSite\",\"@id\":\"https:\/\/asociacioncolombianadeornitologia.org\/vicongreso\/#website\",\"url\":\"https:\/\/asociacioncolombianadeornitologia.org\/vicongreso\/\",\"name\":\"VI Congreso Colombiano de Ornitologia\",\"description\":\"Ibagu\u00e9, Tolima 22 al 25 de octubre de 2019\",\"publisher\":{\"@id\":\"https:\/\/asociacioncolombianadeornitologia.org\/vicongreso\/#organization\"},\"potentialAction\":[{\"@type\":\"SearchAction\",\"target\":{\"@type\":\"EntryPoint\",\"urlTemplate\":\"https:\/\/asociacioncolombianadeornitologia.org\/vicongreso\/?s={search_term_string}\"},\"query-input\":\"required name=search_term_string\"}],\"inLanguage\":\"es-CO\"},{\"@type\":\"Organization\",\"@id\":\"https:\/\/asociacioncolombianadeornitologia.org\/vicongreso\/#organization\",\"name\":\"VI Congreso Colombiano de Ornitologia\",\"url\":\"https:\/\/asociacioncolombianadeornitologia.org\/vicongreso\/\",\"logo\":{\"@type\":\"ImageObject\",\"inLanguage\":\"es-CO\",\"@id\":\"https:\/\/asociacioncolombianadeornitologia.org\/vicongreso\/#\/schema\/logo\/image\/\",\"url\":\"https:\/\/asociacioncolombianadeornitologia.org\/vicongreso\/wp-content\/uploads\/2019\/04\/logo_congreso_ornitologia_white.png\",\"contentUrl\":\"https:\/\/asociacioncolombianadeornitologia.org\/vicongreso\/wp-content\/uploads\/2019\/04\/logo_congreso_ornitologia_white.png\",\"width\":500,\"height\":134,\"caption\":\"VI Congreso Colombiano de Ornitologia\"},\"image\":{\"@id\":\"https:\/\/asociacioncolombianadeornitologia.org\/vicongreso\/#\/schema\/logo\/image\/\"}}]}<\/script>\n<!-- \/ Yoast SEO plugin. -->","yoast_head_json":{"title":"Recolecci\u00f3n, preparaci\u00f3n y manejo de espec\u00edmenes modernos de aves: colecciones ornitol\u00f3gicas colombianas del siglo XXI - VI Congreso Colombiano de Ornitologia","robots":{"index":"index","follow":"follow","max-snippet":"max-snippet:-1","max-image-preview":"max-image-preview:large","max-video-preview":"max-video-preview:-1"},"canonical":"https:\/\/asociacioncolombianadeornitologia.org\/vicongreso\/recoleccion-preparacion-y-manejo-de-especimenes-modernos-de-aves-colecciones-ornitologicas-colombianas-del-siglo-xxi\/","og_locale":"es_ES","og_type":"article","og_title":"Recolecci\u00f3n, preparaci\u00f3n y manejo de espec\u00edmenes modernos de aves: colecciones ornitol\u00f3gicas colombianas del siglo XXI - VI Congreso Colombiano de Ornitologia","og_description":"Recolecci\u00f3n, preparaci\u00f3n y manejo de espec\u00edmenes modernos de aves: colecciones ornitol\u00f3gicas colombianas del siglo XXI Organizadores: David Ocampo, Juliana Soto-Pati\u00f1o, Orlando Acevedo-Charry &amp; Andr\u00e9s M. Cuervo &nbsp; Las colecciones cient\u00edficas de aves se relacionan directamente con el origen mismo de la ornitolog\u00eda, y siguen siendo pilares en el desarrollo de esta disciplina cient\u00edfica con un [&hellip;]","og_url":"https:\/\/asociacioncolombianadeornitologia.org\/vicongreso\/recoleccion-preparacion-y-manejo-de-especimenes-modernos-de-aves-colecciones-ornitologicas-colombianas-del-siglo-xxi\/","og_site_name":"VI Congreso Colombiano de Ornitologia","article_modified_time":"2019-08-22T16:11:52+00:00","twitter_card":"summary_large_image","twitter_misc":{"Tiempo estimado de lectura":"3 minutos"},"schema":{"@context":"https:\/\/schema.org","@graph":[{"@type":"WebPage","@id":"https:\/\/asociacioncolombianadeornitologia.org\/vicongreso\/recoleccion-preparacion-y-manejo-de-especimenes-modernos-de-aves-colecciones-ornitologicas-colombianas-del-siglo-xxi\/","url":"https:\/\/asociacioncolombianadeornitologia.org\/vicongreso\/recoleccion-preparacion-y-manejo-de-especimenes-modernos-de-aves-colecciones-ornitologicas-colombianas-del-siglo-xxi\/","name":"Recolecci\u00f3n, preparaci\u00f3n y manejo de espec\u00edmenes modernos de aves: colecciones ornitol\u00f3gicas colombianas del siglo XXI - VI Congreso Colombiano de Ornitologia","isPartOf":{"@id":"https:\/\/asociacioncolombianadeornitologia.org\/vicongreso\/#website"},"datePublished":"2019-08-22T15:11:48+00:00","dateModified":"2019-08-22T16:11:52+00:00","breadcrumb":{"@id":"https:\/\/asociacioncolombianadeornitologia.org\/vicongreso\/recoleccion-preparacion-y-manejo-de-especimenes-modernos-de-aves-colecciones-ornitologicas-colombianas-del-siglo-xxi\/#breadcrumb"},"inLanguage":"es-CO","potentialAction":[{"@type":"ReadAction","target":["https:\/\/asociacioncolombianadeornitologia.org\/vicongreso\/recoleccion-preparacion-y-manejo-de-especimenes-modernos-de-aves-colecciones-ornitologicas-colombianas-del-siglo-xxi\/"]}]},{"@type":"BreadcrumbList","@id":"https:\/\/asociacioncolombianadeornitologia.org\/vicongreso\/recoleccion-preparacion-y-manejo-de-especimenes-modernos-de-aves-colecciones-ornitologicas-colombianas-del-siglo-xxi\/#breadcrumb","itemListElement":[{"@type":"ListItem","position":1,"name":"Home","item":"https:\/\/asociacioncolombianadeornitologia.org\/vicongreso\/"},{"@type":"ListItem","position":2,"name":"Recolecci\u00f3n, preparaci\u00f3n y manejo de espec\u00edmenes modernos de aves: colecciones ornitol\u00f3gicas colombianas del siglo XXI"}]},{"@type":"WebSite","@id":"https:\/\/asociacioncolombianadeornitologia.org\/vicongreso\/#website","url":"https:\/\/asociacioncolombianadeornitologia.org\/vicongreso\/","name":"VI Congreso Colombiano de Ornitologia","description":"Ibagu\u00e9, Tolima 22 al 25 de octubre de 2019","publisher":{"@id":"https:\/\/asociacioncolombianadeornitologia.org\/vicongreso\/#organization"},"potentialAction":[{"@type":"SearchAction","target":{"@type":"EntryPoint","urlTemplate":"https:\/\/asociacioncolombianadeornitologia.org\/vicongreso\/?s={search_term_string}"},"query-input":"required name=search_term_string"}],"inLanguage":"es-CO"},{"@type":"Organization","@id":"https:\/\/asociacioncolombianadeornitologia.org\/vicongreso\/#organization","name":"VI Congreso Colombiano de Ornitologia","url":"https:\/\/asociacioncolombianadeornitologia.org\/vicongreso\/","logo":{"@type":"ImageObject","inLanguage":"es-CO","@id":"https:\/\/asociacioncolombianadeornitologia.org\/vicongreso\/#\/schema\/logo\/image\/","url":"https:\/\/asociacioncolombianadeornitologia.org\/vicongreso\/wp-content\/uploads\/2019\/04\/logo_congreso_ornitologia_white.png","contentUrl":"https:\/\/asociacioncolombianadeornitologia.org\/vicongreso\/wp-content\/uploads\/2019\/04\/logo_congreso_ornitologia_white.png","width":500,"height":134,"caption":"VI Congreso Colombiano de Ornitologia"},"image":{"@id":"https:\/\/asociacioncolombianadeornitologia.org\/vicongreso\/#\/schema\/logo\/image\/"}}]}},"_links":{"self":[{"href":"https:\/\/asociacioncolombianadeornitologia.org\/vicongreso\/wp-json\/wp\/v2\/pages\/375"}],"collection":[{"href":"https:\/\/asociacioncolombianadeornitologia.org\/vicongreso\/wp-json\/wp\/v2\/pages"}],"about":[{"href":"https:\/\/asociacioncolombianadeornitologia.org\/vicongreso\/wp-json\/wp\/v2\/types\/page"}],"author":[{"embeddable":true,"href":"https:\/\/asociacioncolombianadeornitologia.org\/vicongreso\/wp-json\/wp\/v2\/users\/1"}],"replies":[{"embeddable":true,"href":"https:\/\/asociacioncolombianadeornitologia.org\/vicongreso\/wp-json\/wp\/v2\/comments?post=375"}],"version-history":[{"count":2,"href":"https:\/\/asociacioncolombianadeornitologia.org\/vicongreso\/wp-json\/wp\/v2\/pages\/375\/revisions"}],"predecessor-version":[{"id":405,"href":"https:\/\/asociacioncolombianadeornitologia.org\/vicongreso\/wp-json\/wp\/v2\/pages\/375\/revisions\/405"}],"wp:attachment":[{"href":"https:\/\/asociacioncolombianadeornitologia.org\/vicongreso\/wp-json\/wp\/v2\/media?parent=375"}],"curies":[{"name":"wp","href":"https:\/\/api.w.org\/{rel}","templated":true}]}}