{"id":373,"date":"2019-08-22T09:49:17","date_gmt":"2019-08-22T14:49:17","guid":{"rendered":"https:\/\/asociacioncolombianadeornitologia.org\/vicongreso\/?page_id=373"},"modified":"2019-08-22T11:12:56","modified_gmt":"2019-08-22T16:12:56","slug":"perdiendole-el-miedo-a-r","status":"publish","type":"page","link":"https:\/\/asociacioncolombianadeornitologia.org\/vicongreso\/perdiendole-el-miedo-a-r\/","title":{"rendered":"Perdi\u00e9ndole el miedo a R"},"content":{"rendered":"\n<h1 class=\"wp-block-heading\" style=\"text-align:center\"><strong>Perdi\u00e9ndole el miedo a R<\/strong><\/h1>\n\n\n\n<blockquote class=\"wp-block-quote\"><p> <strong>Organizador\/Instructor: <\/strong>Zuania Colon Pineiro y Orlando Acevedo-Charry bi\u00f3logos y magister en ciencias (ecolog\u00eda y biolog\u00eda evolutiva)<br> <strong>&nbsp;<\/strong><br> <strong>Objetivo: <\/strong>El objeto del curso estar\u00eda encaminado a abordar aspectos b\u00e1sicos del manejo de R, con el fin de apoyar a&nbsp;las personas que nunca han utilizado el programa o est\u00e1n en los comienzos.&nbsp;Es decir que el p\u00fablico objetivo son los estudiantes de pregrado que han tenido poca o ninguna experiencia con el programa R, pero tienen algunas bases de estad\u00edstica.<br> <strong>&nbsp;<\/strong><br> <strong>Dirigido a: <\/strong>Estudiantes y profesionales<br> <strong>&nbsp;<\/strong><br> <strong>Contenido propuesto (temario): <\/strong>En este curso corto pretendemos mostrar el manejo b\u00e1sico del programa incluyendo: establecer el directorio, subir datos, descargar paquetes, hacer pruebas estad\u00edsticas b\u00e1sicas, algunas gr\u00e1ficas en ggplot y resoluci\u00f3n de problemas (vencer la barrera del mensaje de&nbsp;error). Como va a ser pr\u00e1ctico, los participantes deben llevar su computador con el programa descargado y descargar material previo que ser\u00e1 enviado electr\u00f3nicamente. <br> &nbsp;<br> <strong>Fecha y horario: <\/strong>22 de octubre de 2019<\/p><p> <strong>Lugar<\/strong>: por confirmar <\/p><p> <strong>Cupo<\/strong>: 10-30 personas<\/p><p> <strong>Costo inscripci\u00f3n por persona:&nbsp; <\/strong>$40.000<\/p><p> <strong>Confirme disponibilidad de cupos y formas de pago con: <\/strong>Zuania Colon Pineiro <a href=\"mailto:zcolonp@gmail.com\">zcolonp@gmail.com<\/a>  <\/p><\/blockquote>\n","protected":false},"excerpt":{"rendered":"<p>Perdi\u00e9ndole el miedo a R Organizador\/Instructor: Zuania Colon Pineiro y Orlando Acevedo-Charry bi\u00f3logos y magister en ciencias (ecolog\u00eda y biolog\u00eda evolutiva) &nbsp; Objetivo: El objeto del curso estar\u00eda encaminado a abordar aspectos b\u00e1sicos del manejo de R, con el fin de apoyar a&nbsp;las personas que nunca han utilizado el programa o est\u00e1n en los comienzos.&nbsp;Es [&hellip;]<\/p>\n","protected":false},"author":1,"featured_media":0,"parent":0,"menu_order":0,"comment_status":"closed","ping_status":"closed","template":"","meta":{"footnotes":""},"yoast_head":"<!-- This site is optimized with the Yoast SEO plugin v21.5 - https:\/\/yoast.com\/wordpress\/plugins\/seo\/ -->\n<title>Perdi\u00e9ndole el miedo a R - VI Congreso Colombiano de Ornitologia<\/title>\n<meta name=\"robots\" content=\"index, follow, max-snippet:-1, max-image-preview:large, max-video-preview:-1\" \/>\n<link rel=\"canonical\" href=\"https:\/\/asociacioncolombianadeornitologia.org\/vicongreso\/perdiendole-el-miedo-a-r\/\" \/>\n<meta property=\"og:locale\" content=\"es_ES\" \/>\n<meta property=\"og:type\" content=\"article\" \/>\n<meta property=\"og:title\" content=\"Perdi\u00e9ndole el miedo a R - VI Congreso Colombiano de Ornitologia\" \/>\n<meta property=\"og:description\" content=\"Perdi\u00e9ndole el miedo a R Organizador\/Instructor: Zuania Colon Pineiro y Orlando Acevedo-Charry bi\u00f3logos y magister en ciencias (ecolog\u00eda y biolog\u00eda evolutiva) &nbsp; Objetivo: El objeto del curso estar\u00eda encaminado a abordar aspectos b\u00e1sicos del manejo de R, con el fin de apoyar a&nbsp;las personas que nunca han utilizado el programa o est\u00e1n en los comienzos.&nbsp;Es [&hellip;]\" \/>\n<meta property=\"og:url\" content=\"https:\/\/asociacioncolombianadeornitologia.org\/vicongreso\/perdiendole-el-miedo-a-r\/\" \/>\n<meta property=\"og:site_name\" content=\"VI Congreso Colombiano de Ornitologia\" \/>\n<meta property=\"article:modified_time\" content=\"2019-08-22T16:12:56+00:00\" \/>\n<meta name=\"twitter:card\" content=\"summary_large_image\" \/>\n<meta name=\"twitter:label1\" content=\"Tiempo estimado de lectura\" \/>\n\t<meta name=\"twitter:data1\" content=\"1 minuto\" \/>\n<script type=\"application\/ld+json\" class=\"yoast-schema-graph\">{\"@context\":\"https:\/\/schema.org\",\"@graph\":[{\"@type\":\"WebPage\",\"@id\":\"https:\/\/asociacioncolombianadeornitologia.org\/vicongreso\/perdiendole-el-miedo-a-r\/\",\"url\":\"https:\/\/asociacioncolombianadeornitologia.org\/vicongreso\/perdiendole-el-miedo-a-r\/\",\"name\":\"Perdi\u00e9ndole el miedo a R - VI Congreso Colombiano de Ornitologia\",\"isPartOf\":{\"@id\":\"https:\/\/asociacioncolombianadeornitologia.org\/vicongreso\/#website\"},\"datePublished\":\"2019-08-22T14:49:17+00:00\",\"dateModified\":\"2019-08-22T16:12:56+00:00\",\"breadcrumb\":{\"@id\":\"https:\/\/asociacioncolombianadeornitologia.org\/vicongreso\/perdiendole-el-miedo-a-r\/#breadcrumb\"},\"inLanguage\":\"es-CO\",\"potentialAction\":[{\"@type\":\"ReadAction\",\"target\":[\"https:\/\/asociacioncolombianadeornitologia.org\/vicongreso\/perdiendole-el-miedo-a-r\/\"]}]},{\"@type\":\"BreadcrumbList\",\"@id\":\"https:\/\/asociacioncolombianadeornitologia.org\/vicongreso\/perdiendole-el-miedo-a-r\/#breadcrumb\",\"itemListElement\":[{\"@type\":\"ListItem\",\"position\":1,\"name\":\"Home\",\"item\":\"https:\/\/asociacioncolombianadeornitologia.org\/vicongreso\/\"},{\"@type\":\"ListItem\",\"position\":2,\"name\":\"Perdi\u00e9ndole el miedo a R\"}]},{\"@type\":\"WebSite\",\"@id\":\"https:\/\/asociacioncolombianadeornitologia.org\/vicongreso\/#website\",\"url\":\"https:\/\/asociacioncolombianadeornitologia.org\/vicongreso\/\",\"name\":\"VI Congreso Colombiano de Ornitologia\",\"description\":\"Ibagu\u00e9, Tolima 22 al 25 de octubre de 2019\",\"publisher\":{\"@id\":\"https:\/\/asociacioncolombianadeornitologia.org\/vicongreso\/#organization\"},\"potentialAction\":[{\"@type\":\"SearchAction\",\"target\":{\"@type\":\"EntryPoint\",\"urlTemplate\":\"https:\/\/asociacioncolombianadeornitologia.org\/vicongreso\/?s={search_term_string}\"},\"query-input\":\"required name=search_term_string\"}],\"inLanguage\":\"es-CO\"},{\"@type\":\"Organization\",\"@id\":\"https:\/\/asociacioncolombianadeornitologia.org\/vicongreso\/#organization\",\"name\":\"VI Congreso Colombiano de Ornitologia\",\"url\":\"https:\/\/asociacioncolombianadeornitologia.org\/vicongreso\/\",\"logo\":{\"@type\":\"ImageObject\",\"inLanguage\":\"es-CO\",\"@id\":\"https:\/\/asociacioncolombianadeornitologia.org\/vicongreso\/#\/schema\/logo\/image\/\",\"url\":\"https:\/\/asociacioncolombianadeornitologia.org\/vicongreso\/wp-content\/uploads\/2019\/04\/logo_congreso_ornitologia_white.png\",\"contentUrl\":\"https:\/\/asociacioncolombianadeornitologia.org\/vicongreso\/wp-content\/uploads\/2019\/04\/logo_congreso_ornitologia_white.png\",\"width\":500,\"height\":134,\"caption\":\"VI Congreso Colombiano de Ornitologia\"},\"image\":{\"@id\":\"https:\/\/asociacioncolombianadeornitologia.org\/vicongreso\/#\/schema\/logo\/image\/\"}}]}<\/script>\n<!-- \/ Yoast SEO plugin. -->","yoast_head_json":{"title":"Perdi\u00e9ndole el miedo a R - VI Congreso Colombiano de Ornitologia","robots":{"index":"index","follow":"follow","max-snippet":"max-snippet:-1","max-image-preview":"max-image-preview:large","max-video-preview":"max-video-preview:-1"},"canonical":"https:\/\/asociacioncolombianadeornitologia.org\/vicongreso\/perdiendole-el-miedo-a-r\/","og_locale":"es_ES","og_type":"article","og_title":"Perdi\u00e9ndole el miedo a R - VI Congreso Colombiano de Ornitologia","og_description":"Perdi\u00e9ndole el miedo a R Organizador\/Instructor: Zuania Colon Pineiro y Orlando Acevedo-Charry bi\u00f3logos y magister en ciencias (ecolog\u00eda y biolog\u00eda evolutiva) &nbsp; Objetivo: El objeto del curso estar\u00eda encaminado a abordar aspectos b\u00e1sicos del manejo de R, con el fin de apoyar a&nbsp;las personas que nunca han utilizado el programa o est\u00e1n en los comienzos.&nbsp;Es [&hellip;]","og_url":"https:\/\/asociacioncolombianadeornitologia.org\/vicongreso\/perdiendole-el-miedo-a-r\/","og_site_name":"VI Congreso Colombiano de Ornitologia","article_modified_time":"2019-08-22T16:12:56+00:00","twitter_card":"summary_large_image","twitter_misc":{"Tiempo estimado de lectura":"1 minuto"},"schema":{"@context":"https:\/\/schema.org","@graph":[{"@type":"WebPage","@id":"https:\/\/asociacioncolombianadeornitologia.org\/vicongreso\/perdiendole-el-miedo-a-r\/","url":"https:\/\/asociacioncolombianadeornitologia.org\/vicongreso\/perdiendole-el-miedo-a-r\/","name":"Perdi\u00e9ndole el miedo a R - VI Congreso Colombiano de Ornitologia","isPartOf":{"@id":"https:\/\/asociacioncolombianadeornitologia.org\/vicongreso\/#website"},"datePublished":"2019-08-22T14:49:17+00:00","dateModified":"2019-08-22T16:12:56+00:00","breadcrumb":{"@id":"https:\/\/asociacioncolombianadeornitologia.org\/vicongreso\/perdiendole-el-miedo-a-r\/#breadcrumb"},"inLanguage":"es-CO","potentialAction":[{"@type":"ReadAction","target":["https:\/\/asociacioncolombianadeornitologia.org\/vicongreso\/perdiendole-el-miedo-a-r\/"]}]},{"@type":"BreadcrumbList","@id":"https:\/\/asociacioncolombianadeornitologia.org\/vicongreso\/perdiendole-el-miedo-a-r\/#breadcrumb","itemListElement":[{"@type":"ListItem","position":1,"name":"Home","item":"https:\/\/asociacioncolombianadeornitologia.org\/vicongreso\/"},{"@type":"ListItem","position":2,"name":"Perdi\u00e9ndole el miedo a R"}]},{"@type":"WebSite","@id":"https:\/\/asociacioncolombianadeornitologia.org\/vicongreso\/#website","url":"https:\/\/asociacioncolombianadeornitologia.org\/vicongreso\/","name":"VI Congreso Colombiano de Ornitologia","description":"Ibagu\u00e9, Tolima 22 al 25 de octubre de 2019","publisher":{"@id":"https:\/\/asociacioncolombianadeornitologia.org\/vicongreso\/#organization"},"potentialAction":[{"@type":"SearchAction","target":{"@type":"EntryPoint","urlTemplate":"https:\/\/asociacioncolombianadeornitologia.org\/vicongreso\/?s={search_term_string}"},"query-input":"required name=search_term_string"}],"inLanguage":"es-CO"},{"@type":"Organization","@id":"https:\/\/asociacioncolombianadeornitologia.org\/vicongreso\/#organization","name":"VI Congreso Colombiano de Ornitologia","url":"https:\/\/asociacioncolombianadeornitologia.org\/vicongreso\/","logo":{"@type":"ImageObject","inLanguage":"es-CO","@id":"https:\/\/asociacioncolombianadeornitologia.org\/vicongreso\/#\/schema\/logo\/image\/","url":"https:\/\/asociacioncolombianadeornitologia.org\/vicongreso\/wp-content\/uploads\/2019\/04\/logo_congreso_ornitologia_white.png","contentUrl":"https:\/\/asociacioncolombianadeornitologia.org\/vicongreso\/wp-content\/uploads\/2019\/04\/logo_congreso_ornitologia_white.png","width":500,"height":134,"caption":"VI Congreso Colombiano de Ornitologia"},"image":{"@id":"https:\/\/asociacioncolombianadeornitologia.org\/vicongreso\/#\/schema\/logo\/image\/"}}]}},"_links":{"self":[{"href":"https:\/\/asociacioncolombianadeornitologia.org\/vicongreso\/wp-json\/wp\/v2\/pages\/373"}],"collection":[{"href":"https:\/\/asociacioncolombianadeornitologia.org\/vicongreso\/wp-json\/wp\/v2\/pages"}],"about":[{"href":"https:\/\/asociacioncolombianadeornitologia.org\/vicongreso\/wp-json\/wp\/v2\/types\/page"}],"author":[{"embeddable":true,"href":"https:\/\/asociacioncolombianadeornitologia.org\/vicongreso\/wp-json\/wp\/v2\/users\/1"}],"replies":[{"embeddable":true,"href":"https:\/\/asociacioncolombianadeornitologia.org\/vicongreso\/wp-json\/wp\/v2\/comments?post=373"}],"version-history":[{"count":2,"href":"https:\/\/asociacioncolombianadeornitologia.org\/vicongreso\/wp-json\/wp\/v2\/pages\/373\/revisions"}],"predecessor-version":[{"id":406,"href":"https:\/\/asociacioncolombianadeornitologia.org\/vicongreso\/wp-json\/wp\/v2\/pages\/373\/revisions\/406"}],"wp:attachment":[{"href":"https:\/\/asociacioncolombianadeornitologia.org\/vicongreso\/wp-json\/wp\/v2\/media?parent=373"}],"curies":[{"name":"wp","href":"https:\/\/api.w.org\/{rel}","templated":true}]}}