{"id":356,"date":"2019-08-21T23:13:09","date_gmt":"2019-08-22T04:13:09","guid":{"rendered":"https:\/\/asociacioncolombianadeornitologia.org\/vicongreso\/?page_id=356"},"modified":"2019-08-22T11:04:03","modified_gmt":"2019-08-22T16:04:03","slug":"sistemas-de-telemetria-aplicada-para-la-investigacion-y-conservacion-en-ornitologia","status":"publish","type":"page","link":"https:\/\/asociacioncolombianadeornitologia.org\/vicongreso\/sistemas-de-telemetria-aplicada-para-la-investigacion-y-conservacion-en-ornitologia\/","title":{"rendered":"Sistemas de Telemetr\u00eda Aplicada para la Investigaci\u00f3n y Conservaci\u00f3n en Ornitolog\u00eda"},"content":{"rendered":"\n<h2 class=\"wp-block-heading\" style=\"text-align:center\"><strong>Sistemas de Telemetr\u00eda Aplicada para la Investigaci\u00f3n y Conservaci\u00f3n en Ornitolog\u00eda <\/strong> <\/h2>\n\n\n\n<div class=\"wp-block-image\"><figure class=\"aligncenter\"><img loading=\"lazy\" decoding=\"async\" width=\"300\" height=\"225\" src=\"https:\/\/asociacioncolombianadeornitologia.org\/vicongreso\/wp-content\/uploads\/2019\/08\/Telenax_TGB-347BR_Eagle-300x225.jpg\" alt=\"\" class=\"wp-image-393\" srcset=\"https:\/\/asociacioncolombianadeornitologia.org\/vicongreso\/wp-content\/uploads\/2019\/08\/Telenax_TGB-347BR_Eagle-300x225.jpg 300w, https:\/\/asociacioncolombianadeornitologia.org\/vicongreso\/wp-content\/uploads\/2019\/08\/Telenax_TGB-347BR_Eagle-768x576.jpg 768w, https:\/\/asociacioncolombianadeornitologia.org\/vicongreso\/wp-content\/uploads\/2019\/08\/Telenax_TGB-347BR_Eagle-600x450.jpg 600w, https:\/\/asociacioncolombianadeornitologia.org\/vicongreso\/wp-content\/uploads\/2019\/08\/Telenax_TGB-347BR_Eagle.jpg 800w\" sizes=\"(max-width: 300px) 100vw, 300px\" \/><\/figure><\/div>\n\n\n\n<blockquote class=\"wp-block-quote\"><p><strong>Organizador\/Instructor:<\/strong> Robin Andr\u00e9s Poches Franco, MVZ, MSc. Asesor en sistemas de telemetr\u00eda aplicada a fauna. Pochitroniks equipos de manejo y telemetr\u00eda para vida silvestre. <\/p><\/blockquote>\n\n\n\n<blockquote class=\"wp-block-quote\"><p><br> <strong>Justificaci\u00f3n:<\/strong> Existen m\u00e1s de 20 compa\u00f1\u00edas comerciales que ofrecen equipos relacionados con sistemas de telemetr\u00eda aplicada a la vida silvestre, y debido a la innovaci\u00f3n y miniaturizaci\u00f3n de los componentes electr\u00f3nicos hoy en d\u00eda se pueden obtener m\u00e1s de 2500 modelos de transmisores disponibles en el mercado; y cada tecnolog\u00eda y modelo tiene sus ventajas y desventajas. Por consiguiente para poder escoger el mejor equipo y el m\u00e1s apropiado a su presupuesto e investigaci\u00f3n, se debe considerar; la especie a investigar, su peso promedio, su ecolog\u00eda, su comportamiento, la duraci\u00f3n deseada de la investigaci\u00f3n, las dimensiones y peso del transmisor, el m\u00e9todo de fijaci\u00f3n, el m\u00e9todo de obtenci\u00f3n de datos o de se\u00f1al, el costo de los equipos (transmisor, receptor, antena, software y accesorios), los rangos de frecuencia permitidos por legislaci\u00f3n en cada pa\u00eds y los rangos de frecuencia de fabricaci\u00f3n de las casas matrices entre otras variables. Al final del curso usted tendr\u00e1 suficiente criterio y las herramientas b\u00e1sicas que le permitir\u00e1n escoger el sistema de telemetr\u00eda m\u00e1s adecuado y ajustado a su especie, a su investigaci\u00f3n, a sus necesidades y a su presupuesto para obtener el mayor beneficio y obtener los mejores resultados. <\/p><p><br> <strong>Objetivo:<\/strong> Adquirir las herramientas y el criterio necesarios al momento de escoger un sistema de telemetr\u00eda adecuado para la especie a investigar para obtener el m\u00e1ximo provecho del equipo. <\/p><p><br> <strong>Dirigido a: <\/strong>Estudiantes y profesionales de las ciencias biol\u00f3gicas, ambientales, forestales, veterinarias y afines, a funcionarios de entidades p\u00fablicas y privadas como (parques nacionales, corporaciones aut\u00f3nomas, universidades, institutos, fundaciones, zool\u00f3gicos entre otros). <\/p><p><br><strong> Contenido propuesto (temario): <\/strong><br> A.    Breve historia y legislaci\u00f3n en Latinoam\u00e9rica sobre telemetr\u00eda y su aplicaci\u00f3n en vida silvestre.<br> B.    Comparaci\u00f3n de tecnolog\u00edas disponibles en el mercado, su funcionamiento, costos, ventajas y desventajas (1. RFID \u00f3 PIT Tags, 2. Ac\u00fastica \u00f3 Sonar, 3. Geo-localizaci\u00f3n por luz\/geotags, 4. Radar arm\u00f3nico, 5. VHF y VHF codificado, 6. PTT (Argos), 7. GPS Store on board\/Data loggers, 8. GPS+UHF (estaci\u00f3n base \u00f3 m\u00f3vil), 9. GPS+GPRS\/GSM\/SMS, 10. GPS+Satelital (Iridium, Argos, Globalstar).<br> C.    \u00c9nfasis en los principios te\u00f3ricos sobre el funcionamiento de radio transmisi\u00f3n y recepci\u00f3n (VHF) (demostraci\u00f3n breve con videos y pr\u00e1ctica con Receptor, Antena y Transmisor VHF) y de la GPS+UHF (modulo GPS y tableta trasnceptora con aplicaci\u00f3n).<br> D.    M\u00e9todos de fijaci\u00f3n en diferentes especies aves (adicional con pr\u00e1ctica con modelos dummies escala real en peluches o especies domesticas de aves o espec\u00edmenes de colecci\u00f3n biol\u00f3gica (posibilidad de conseguir un pato o gallina o esp\u00e9cimen de colecci\u00f3n de la Universidad de Ibagu\u00e9 con ayuda o gesti\u00f3n del VI CCO). E. Manejo de br\u00fajula, mapa, GPS, explicaci\u00f3n breve sobre el software de an\u00e1lisis de datos.<br> F. Demostraci\u00f3n breve y pr\u00e1ctica con v\u00eddeos en sal\u00f3n con tableta y equipo GPS, creaci\u00f3n de itinerario de tomas de posiciones GPS y env\u00edo de datos (Bluetooth) que incluye a) Programaci\u00f3n de un equipo GPS; b) Proceso de inicializaci\u00f3n; c) Obtenci\u00f3n remota de datos.<\/p><p><br> <strong>Fecha y horario: <\/strong>21 de octubre de 2019 (precongreso), 8am a 12m (teor\u00eda) y 2pm a 4pm pr\u00e1ctica (en sal\u00f3n y campus). Intensidad 6 horas. Sujeto a cambios seg\u00fan disponibilidad. <\/p><p><br> <strong>Lugar: <\/strong>Por confirmar <\/p><p><strong>Cupo:<\/strong> 8-40 personas<br> Modalidad te\u00f3rica mediante presentaci\u00f3n en power point (fotograf\u00edas, videos y discusi\u00f3n de reportes de caso) y pr\u00e1ctica en la b\u00fasqueda de transmisor, antena y receptor VHF y adem\u00e1s en la configuraci\u00f3n de un modelo GPS+UHF de acceso remoto con tableta. <\/p><p><br><strong> Costo inscripci\u00f3n por persona:  <\/strong><br> $95.000 inscritos al VI CCO<\/p><p>$130.000 no inscritos al VI CCO <\/p><p><\/p><p><strong>Formulario de inscripci\u00f3n <\/strong><a rel=\"noreferrer noopener\" aria-label=\" (opens in a new tab)\" href=\"https:\/\/docs.google.com\/forms\/d\/e\/1FAIpQLSc7ywMHdw5fP8u-QTlnKzDR-HiY6bzDSMPkz95TTNA91VFPSg\/viewform?usp=sf_link\" target=\"_blank\"><strong>https:\/\/docs.google.com\/forms\/d\/e\/1FAIpQLSc7ywMHdw5fP8u-QTlnKzDR-HiY6bzDSMPkz95TTNA91VFPSg\/viewform?usp=sf_lin<\/strong>k<\/a><\/p><p><\/p><\/blockquote>\n\n\n\n<div class=\"wp-block-image\"><figure class=\"aligncenter\"><img loading=\"lazy\" decoding=\"async\" width=\"300\" height=\"276\" src=\"https:\/\/asociacioncolombianadeornitologia.org\/vicongreso\/wp-content\/uploads\/2019\/08\/Telenax_TXE-311CP_Parrot_VHF_1-300x276.jpg\" alt=\"\" class=\"wp-image-397\" srcset=\"https:\/\/asociacioncolombianadeornitologia.org\/vicongreso\/wp-content\/uploads\/2019\/08\/Telenax_TXE-311CP_Parrot_VHF_1-300x276.jpg 300w, https:\/\/asociacioncolombianadeornitologia.org\/vicongreso\/wp-content\/uploads\/2019\/08\/Telenax_TXE-311CP_Parrot_VHF_1.jpg 577w\" sizes=\"(max-width: 300px) 100vw, 300px\" \/><\/figure><\/div>\n","protected":false},"excerpt":{"rendered":"<p>Sistemas de Telemetr\u00eda Aplicada para la Investigaci\u00f3n y Conservaci\u00f3n en Ornitolog\u00eda Organizador\/Instructor: Robin Andr\u00e9s Poches Franco, MVZ, MSc. Asesor en sistemas de telemetr\u00eda aplicada a fauna. Pochitroniks equipos de manejo y telemetr\u00eda para vida silvestre. Justificaci\u00f3n: Existen m\u00e1s de 20 compa\u00f1\u00edas comerciales que ofrecen equipos relacionados con sistemas de telemetr\u00eda aplicada a la vida silvestre, [&hellip;]<\/p>\n","protected":false},"author":1,"featured_media":0,"parent":0,"menu_order":0,"comment_status":"closed","ping_status":"closed","template":"","meta":{"footnotes":""},"yoast_head":"<!-- This site is optimized with the Yoast SEO plugin v21.5 - https:\/\/yoast.com\/wordpress\/plugins\/seo\/ -->\n<title>Sistemas de Telemetr\u00eda Aplicada para la Investigaci\u00f3n y Conservaci\u00f3n en Ornitolog\u00eda - VI Congreso Colombiano de Ornitologia<\/title>\n<meta name=\"robots\" content=\"index, follow, max-snippet:-1, max-image-preview:large, max-video-preview:-1\" \/>\n<link rel=\"canonical\" href=\"https:\/\/asociacioncolombianadeornitologia.org\/vicongreso\/sistemas-de-telemetria-aplicada-para-la-investigacion-y-conservacion-en-ornitologia\/\" \/>\n<meta property=\"og:locale\" content=\"es_ES\" \/>\n<meta property=\"og:type\" content=\"article\" \/>\n<meta property=\"og:title\" content=\"Sistemas de Telemetr\u00eda Aplicada para la Investigaci\u00f3n y Conservaci\u00f3n en Ornitolog\u00eda - VI Congreso Colombiano de Ornitologia\" \/>\n<meta property=\"og:description\" content=\"Sistemas de Telemetr\u00eda Aplicada para la Investigaci\u00f3n y Conservaci\u00f3n en Ornitolog\u00eda Organizador\/Instructor: Robin Andr\u00e9s Poches Franco, MVZ, MSc. Asesor en sistemas de telemetr\u00eda aplicada a fauna. Pochitroniks equipos de manejo y telemetr\u00eda para vida silvestre. Justificaci\u00f3n: Existen m\u00e1s de 20 compa\u00f1\u00edas comerciales que ofrecen equipos relacionados con sistemas de telemetr\u00eda aplicada a la vida silvestre, [&hellip;]\" \/>\n<meta property=\"og:url\" content=\"https:\/\/asociacioncolombianadeornitologia.org\/vicongreso\/sistemas-de-telemetria-aplicada-para-la-investigacion-y-conservacion-en-ornitologia\/\" \/>\n<meta property=\"og:site_name\" content=\"VI Congreso Colombiano de Ornitologia\" \/>\n<meta property=\"article:modified_time\" content=\"2019-08-22T16:04:03+00:00\" \/>\n<meta property=\"og:image\" content=\"https:\/\/asociacioncolombianadeornitologia.org\/vicongreso\/wp-content\/uploads\/2019\/08\/Telenax_TGB-347BR_Eagle-300x225.jpg\" \/>\n<meta name=\"twitter:card\" content=\"summary_large_image\" \/>\n<meta name=\"twitter:label1\" content=\"Tiempo estimado de lectura\" \/>\n\t<meta name=\"twitter:data1\" content=\"4 minutos\" \/>\n<script type=\"application\/ld+json\" class=\"yoast-schema-graph\">{\"@context\":\"https:\/\/schema.org\",\"@graph\":[{\"@type\":\"WebPage\",\"@id\":\"https:\/\/asociacioncolombianadeornitologia.org\/vicongreso\/sistemas-de-telemetria-aplicada-para-la-investigacion-y-conservacion-en-ornitologia\/\",\"url\":\"https:\/\/asociacioncolombianadeornitologia.org\/vicongreso\/sistemas-de-telemetria-aplicada-para-la-investigacion-y-conservacion-en-ornitologia\/\",\"name\":\"Sistemas de Telemetr\u00eda Aplicada para la Investigaci\u00f3n y Conservaci\u00f3n en Ornitolog\u00eda - VI Congreso Colombiano de Ornitologia\",\"isPartOf\":{\"@id\":\"https:\/\/asociacioncolombianadeornitologia.org\/vicongreso\/#website\"},\"datePublished\":\"2019-08-22T04:13:09+00:00\",\"dateModified\":\"2019-08-22T16:04:03+00:00\",\"breadcrumb\":{\"@id\":\"https:\/\/asociacioncolombianadeornitologia.org\/vicongreso\/sistemas-de-telemetria-aplicada-para-la-investigacion-y-conservacion-en-ornitologia\/#breadcrumb\"},\"inLanguage\":\"es-CO\",\"potentialAction\":[{\"@type\":\"ReadAction\",\"target\":[\"https:\/\/asociacioncolombianadeornitologia.org\/vicongreso\/sistemas-de-telemetria-aplicada-para-la-investigacion-y-conservacion-en-ornitologia\/\"]}]},{\"@type\":\"BreadcrumbList\",\"@id\":\"https:\/\/asociacioncolombianadeornitologia.org\/vicongreso\/sistemas-de-telemetria-aplicada-para-la-investigacion-y-conservacion-en-ornitologia\/#breadcrumb\",\"itemListElement\":[{\"@type\":\"ListItem\",\"position\":1,\"name\":\"Home\",\"item\":\"https:\/\/asociacioncolombianadeornitologia.org\/vicongreso\/\"},{\"@type\":\"ListItem\",\"position\":2,\"name\":\"Sistemas de Telemetr\u00eda Aplicada para la Investigaci\u00f3n y Conservaci\u00f3n en Ornitolog\u00eda\"}]},{\"@type\":\"WebSite\",\"@id\":\"https:\/\/asociacioncolombianadeornitologia.org\/vicongreso\/#website\",\"url\":\"https:\/\/asociacioncolombianadeornitologia.org\/vicongreso\/\",\"name\":\"VI Congreso Colombiano de Ornitologia\",\"description\":\"Ibagu\u00e9, Tolima 22 al 25 de octubre de 2019\",\"publisher\":{\"@id\":\"https:\/\/asociacioncolombianadeornitologia.org\/vicongreso\/#organization\"},\"potentialAction\":[{\"@type\":\"SearchAction\",\"target\":{\"@type\":\"EntryPoint\",\"urlTemplate\":\"https:\/\/asociacioncolombianadeornitologia.org\/vicongreso\/?s={search_term_string}\"},\"query-input\":\"required name=search_term_string\"}],\"inLanguage\":\"es-CO\"},{\"@type\":\"Organization\",\"@id\":\"https:\/\/asociacioncolombianadeornitologia.org\/vicongreso\/#organization\",\"name\":\"VI Congreso Colombiano de Ornitologia\",\"url\":\"https:\/\/asociacioncolombianadeornitologia.org\/vicongreso\/\",\"logo\":{\"@type\":\"ImageObject\",\"inLanguage\":\"es-CO\",\"@id\":\"https:\/\/asociacioncolombianadeornitologia.org\/vicongreso\/#\/schema\/logo\/image\/\",\"url\":\"https:\/\/asociacioncolombianadeornitologia.org\/vicongreso\/wp-content\/uploads\/2019\/04\/logo_congreso_ornitologia_white.png\",\"contentUrl\":\"https:\/\/asociacioncolombianadeornitologia.org\/vicongreso\/wp-content\/uploads\/2019\/04\/logo_congreso_ornitologia_white.png\",\"width\":500,\"height\":134,\"caption\":\"VI Congreso Colombiano de Ornitologia\"},\"image\":{\"@id\":\"https:\/\/asociacioncolombianadeornitologia.org\/vicongreso\/#\/schema\/logo\/image\/\"}}]}<\/script>\n<!-- \/ Yoast SEO plugin. -->","yoast_head_json":{"title":"Sistemas de Telemetr\u00eda Aplicada para la Investigaci\u00f3n y Conservaci\u00f3n en Ornitolog\u00eda - VI Congreso Colombiano de Ornitologia","robots":{"index":"index","follow":"follow","max-snippet":"max-snippet:-1","max-image-preview":"max-image-preview:large","max-video-preview":"max-video-preview:-1"},"canonical":"https:\/\/asociacioncolombianadeornitologia.org\/vicongreso\/sistemas-de-telemetria-aplicada-para-la-investigacion-y-conservacion-en-ornitologia\/","og_locale":"es_ES","og_type":"article","og_title":"Sistemas de Telemetr\u00eda Aplicada para la Investigaci\u00f3n y Conservaci\u00f3n en Ornitolog\u00eda - VI Congreso Colombiano de Ornitologia","og_description":"Sistemas de Telemetr\u00eda Aplicada para la Investigaci\u00f3n y Conservaci\u00f3n en Ornitolog\u00eda Organizador\/Instructor: Robin Andr\u00e9s Poches Franco, MVZ, MSc. Asesor en sistemas de telemetr\u00eda aplicada a fauna. Pochitroniks equipos de manejo y telemetr\u00eda para vida silvestre. Justificaci\u00f3n: Existen m\u00e1s de 20 compa\u00f1\u00edas comerciales que ofrecen equipos relacionados con sistemas de telemetr\u00eda aplicada a la vida silvestre, [&hellip;]","og_url":"https:\/\/asociacioncolombianadeornitologia.org\/vicongreso\/sistemas-de-telemetria-aplicada-para-la-investigacion-y-conservacion-en-ornitologia\/","og_site_name":"VI Congreso Colombiano de Ornitologia","article_modified_time":"2019-08-22T16:04:03+00:00","og_image":[{"url":"https:\/\/asociacioncolombianadeornitologia.org\/vicongreso\/wp-content\/uploads\/2019\/08\/Telenax_TGB-347BR_Eagle-300x225.jpg"}],"twitter_card":"summary_large_image","twitter_misc":{"Tiempo estimado de lectura":"4 minutos"},"schema":{"@context":"https:\/\/schema.org","@graph":[{"@type":"WebPage","@id":"https:\/\/asociacioncolombianadeornitologia.org\/vicongreso\/sistemas-de-telemetria-aplicada-para-la-investigacion-y-conservacion-en-ornitologia\/","url":"https:\/\/asociacioncolombianadeornitologia.org\/vicongreso\/sistemas-de-telemetria-aplicada-para-la-investigacion-y-conservacion-en-ornitologia\/","name":"Sistemas de Telemetr\u00eda Aplicada para la Investigaci\u00f3n y Conservaci\u00f3n en Ornitolog\u00eda - VI Congreso Colombiano de Ornitologia","isPartOf":{"@id":"https:\/\/asociacioncolombianadeornitologia.org\/vicongreso\/#website"},"datePublished":"2019-08-22T04:13:09+00:00","dateModified":"2019-08-22T16:04:03+00:00","breadcrumb":{"@id":"https:\/\/asociacioncolombianadeornitologia.org\/vicongreso\/sistemas-de-telemetria-aplicada-para-la-investigacion-y-conservacion-en-ornitologia\/#breadcrumb"},"inLanguage":"es-CO","potentialAction":[{"@type":"ReadAction","target":["https:\/\/asociacioncolombianadeornitologia.org\/vicongreso\/sistemas-de-telemetria-aplicada-para-la-investigacion-y-conservacion-en-ornitologia\/"]}]},{"@type":"BreadcrumbList","@id":"https:\/\/asociacioncolombianadeornitologia.org\/vicongreso\/sistemas-de-telemetria-aplicada-para-la-investigacion-y-conservacion-en-ornitologia\/#breadcrumb","itemListElement":[{"@type":"ListItem","position":1,"name":"Home","item":"https:\/\/asociacioncolombianadeornitologia.org\/vicongreso\/"},{"@type":"ListItem","position":2,"name":"Sistemas de Telemetr\u00eda Aplicada para la Investigaci\u00f3n y Conservaci\u00f3n en Ornitolog\u00eda"}]},{"@type":"WebSite","@id":"https:\/\/asociacioncolombianadeornitologia.org\/vicongreso\/#website","url":"https:\/\/asociacioncolombianadeornitologia.org\/vicongreso\/","name":"VI Congreso Colombiano de Ornitologia","description":"Ibagu\u00e9, Tolima 22 al 25 de octubre de 2019","publisher":{"@id":"https:\/\/asociacioncolombianadeornitologia.org\/vicongreso\/#organization"},"potentialAction":[{"@type":"SearchAction","target":{"@type":"EntryPoint","urlTemplate":"https:\/\/asociacioncolombianadeornitologia.org\/vicongreso\/?s={search_term_string}"},"query-input":"required name=search_term_string"}],"inLanguage":"es-CO"},{"@type":"Organization","@id":"https:\/\/asociacioncolombianadeornitologia.org\/vicongreso\/#organization","name":"VI Congreso Colombiano de Ornitologia","url":"https:\/\/asociacioncolombianadeornitologia.org\/vicongreso\/","logo":{"@type":"ImageObject","inLanguage":"es-CO","@id":"https:\/\/asociacioncolombianadeornitologia.org\/vicongreso\/#\/schema\/logo\/image\/","url":"https:\/\/asociacioncolombianadeornitologia.org\/vicongreso\/wp-content\/uploads\/2019\/04\/logo_congreso_ornitologia_white.png","contentUrl":"https:\/\/asociacioncolombianadeornitologia.org\/vicongreso\/wp-content\/uploads\/2019\/04\/logo_congreso_ornitologia_white.png","width":500,"height":134,"caption":"VI Congreso Colombiano de Ornitologia"},"image":{"@id":"https:\/\/asociacioncolombianadeornitologia.org\/vicongreso\/#\/schema\/logo\/image\/"}}]}},"_links":{"self":[{"href":"https:\/\/asociacioncolombianadeornitologia.org\/vicongreso\/wp-json\/wp\/v2\/pages\/356"}],"collection":[{"href":"https:\/\/asociacioncolombianadeornitologia.org\/vicongreso\/wp-json\/wp\/v2\/pages"}],"about":[{"href":"https:\/\/asociacioncolombianadeornitologia.org\/vicongreso\/wp-json\/wp\/v2\/types\/page"}],"author":[{"embeddable":true,"href":"https:\/\/asociacioncolombianadeornitologia.org\/vicongreso\/wp-json\/wp\/v2\/users\/1"}],"replies":[{"embeddable":true,"href":"https:\/\/asociacioncolombianadeornitologia.org\/vicongreso\/wp-json\/wp\/v2\/comments?post=356"}],"version-history":[{"count":16,"href":"https:\/\/asociacioncolombianadeornitologia.org\/vicongreso\/wp-json\/wp\/v2\/pages\/356\/revisions"}],"predecessor-version":[{"id":403,"href":"https:\/\/asociacioncolombianadeornitologia.org\/vicongreso\/wp-json\/wp\/v2\/pages\/356\/revisions\/403"}],"wp:attachment":[{"href":"https:\/\/asociacioncolombianadeornitologia.org\/vicongreso\/wp-json\/wp\/v2\/media?parent=356"}],"curies":[{"name":"wp","href":"https:\/\/api.w.org\/{rel}","templated":true}]}}