{"id":339,"date":"2019-08-21T22:33:06","date_gmt":"2019-08-22T03:33:06","guid":{"rendered":"https:\/\/asociacioncolombianadeornitologia.org\/vicongreso\/?page_id=339"},"modified":"2019-08-21T22:33:07","modified_gmt":"2019-08-22T03:33:07","slug":"marcia-carolina-munoz","status":"publish","type":"page","link":"https:\/\/asociacioncolombianadeornitologia.org\/vicongreso\/marcia-carolina-munoz\/","title":{"rendered":"Marcia Carolina Mu\u00f1oz"},"content":{"rendered":"\n<h1 class=\"wp-block-heading\" style=\"text-align:center\">Marcia Carolina Mu\u00f1oz<\/h1>\n\n\n\n<div class=\"wp-block-image\"><figure class=\"aligncenter\"><img loading=\"lazy\" decoding=\"async\" width=\"300\" height=\"200\" src=\"https:\/\/asociacioncolombianadeornitologia.org\/vicongreso\/wp-content\/uploads\/2019\/08\/MCM_foto1Ajpg-300x200.jpg\" alt=\"\" class=\"wp-image-340\" srcset=\"https:\/\/asociacioncolombianadeornitologia.org\/vicongreso\/wp-content\/uploads\/2019\/08\/MCM_foto1Ajpg-300x200.jpg 300w, https:\/\/asociacioncolombianadeornitologia.org\/vicongreso\/wp-content\/uploads\/2019\/08\/MCM_foto1Ajpg-768x512.jpg 768w, https:\/\/asociacioncolombianadeornitologia.org\/vicongreso\/wp-content\/uploads\/2019\/08\/MCM_foto1Ajpg-1024x683.jpg 1024w, https:\/\/asociacioncolombianadeornitologia.org\/vicongreso\/wp-content\/uploads\/2019\/08\/MCM_foto1Ajpg-460x307.jpg 460w, https:\/\/asociacioncolombianadeornitologia.org\/vicongreso\/wp-content\/uploads\/2019\/08\/MCM_foto1Ajpg-600x400.jpg 600w\" sizes=\"(max-width: 300px) 100vw, 300px\" \/><\/figure><\/div>\n\n\n\n<p><strong>Bi\u00f3loga egresada de la Universidad del Valle, con estudios de maestr\u00eda en la Universidad de  Puerto Rico y doctorado en el \u00e1rea de ecolog\u00eda de la Goethe Universit\u00e4t en Alemania.<\/strong> Sus investigaciones se centran en las interacciones entre animales y plantas, como la dispersi\u00f3n  de semillas y la polinizaci\u00f3n, las cuales son claves para el funcionamiento de los ecosistemas  tropicales. Ha trabajado principalmente en los ecosistemas de bosque de niebla y bosque seco  en Colombia, donde ha buscado entender el papel de la fauna, especialmente las aves, en la  regeneraci\u00f3n de bosque y resiliencia a la perturbaci\u00f3n humana. Con el coraz\u00f3n de un  naturalista, sus primeros estudios fueron sobre historia natural, dieta, dispersi\u00f3n de semillas y  densidades poblacionales de especies de aves amenazadas en Colombia como los cr\u00e1cidos.<\/p>\n\n\n\n<p><br> En los \u00faltimos a\u00f1os trabaja a nivel de comunidad con redes mutualistas, donde busca  entender la relaci\u00f3n entre rasgos y funciones ecosist\u00e9micas para extender un puente entre  conocimiento ecol\u00f3gico y conservaci\u00f3n. Actualmente es profesora en el Instituto de Biolog\u00eda  de la Universidad de Antioquia, Colombia.<\/p>\n","protected":false},"excerpt":{"rendered":"<p>Marcia Carolina Mu\u00f1oz Bi\u00f3loga egresada de la Universidad del Valle, con estudios de maestr\u00eda en la Universidad de Puerto Rico y doctorado en el \u00e1rea de ecolog\u00eda de la Goethe Universit\u00e4t en Alemania. Sus investigaciones se centran en las interacciones entre animales y plantas, como la dispersi\u00f3n de semillas y la polinizaci\u00f3n, las cuales son [&hellip;]<\/p>\n","protected":false},"author":1,"featured_media":0,"parent":0,"menu_order":0,"comment_status":"closed","ping_status":"closed","template":"","meta":{"footnotes":""},"yoast_head":"<!-- This site is optimized with the Yoast SEO plugin v21.5 - https:\/\/yoast.com\/wordpress\/plugins\/seo\/ -->\n<title>Marcia Carolina Mu\u00f1oz - VI Congreso Colombiano de Ornitologia<\/title>\n<meta name=\"robots\" content=\"index, follow, max-snippet:-1, max-image-preview:large, max-video-preview:-1\" \/>\n<link rel=\"canonical\" href=\"https:\/\/asociacioncolombianadeornitologia.org\/vicongreso\/marcia-carolina-munoz\/\" \/>\n<meta property=\"og:locale\" content=\"es_ES\" \/>\n<meta property=\"og:type\" content=\"article\" \/>\n<meta property=\"og:title\" content=\"Marcia Carolina Mu\u00f1oz - VI Congreso Colombiano de Ornitologia\" \/>\n<meta property=\"og:description\" content=\"Marcia Carolina Mu\u00f1oz Bi\u00f3loga egresada de la Universidad del Valle, con estudios de maestr\u00eda en la Universidad de Puerto Rico y doctorado en el \u00e1rea de ecolog\u00eda de la Goethe Universit\u00e4t en Alemania. Sus investigaciones se centran en las interacciones entre animales y plantas, como la dispersi\u00f3n de semillas y la polinizaci\u00f3n, las cuales son [&hellip;]\" \/>\n<meta property=\"og:url\" content=\"https:\/\/asociacioncolombianadeornitologia.org\/vicongreso\/marcia-carolina-munoz\/\" \/>\n<meta property=\"og:site_name\" content=\"VI Congreso Colombiano de Ornitologia\" \/>\n<meta property=\"article:modified_time\" content=\"2019-08-22T03:33:07+00:00\" \/>\n<meta property=\"og:image\" content=\"https:\/\/asociacioncolombianadeornitologia.org\/vicongreso\/wp-content\/uploads\/2019\/08\/MCM_foto1Ajpg-300x200.jpg\" \/>\n<meta name=\"twitter:card\" content=\"summary_large_image\" \/>\n<meta name=\"twitter:label1\" content=\"Tiempo estimado de lectura\" \/>\n\t<meta name=\"twitter:data1\" content=\"1 minuto\" \/>\n<script type=\"application\/ld+json\" class=\"yoast-schema-graph\">{\"@context\":\"https:\/\/schema.org\",\"@graph\":[{\"@type\":\"WebPage\",\"@id\":\"https:\/\/asociacioncolombianadeornitologia.org\/vicongreso\/marcia-carolina-munoz\/\",\"url\":\"https:\/\/asociacioncolombianadeornitologia.org\/vicongreso\/marcia-carolina-munoz\/\",\"name\":\"Marcia Carolina Mu\u00f1oz - VI Congreso Colombiano de Ornitologia\",\"isPartOf\":{\"@id\":\"https:\/\/asociacioncolombianadeornitologia.org\/vicongreso\/#website\"},\"datePublished\":\"2019-08-22T03:33:06+00:00\",\"dateModified\":\"2019-08-22T03:33:07+00:00\",\"breadcrumb\":{\"@id\":\"https:\/\/asociacioncolombianadeornitologia.org\/vicongreso\/marcia-carolina-munoz\/#breadcrumb\"},\"inLanguage\":\"es-CO\",\"potentialAction\":[{\"@type\":\"ReadAction\",\"target\":[\"https:\/\/asociacioncolombianadeornitologia.org\/vicongreso\/marcia-carolina-munoz\/\"]}]},{\"@type\":\"BreadcrumbList\",\"@id\":\"https:\/\/asociacioncolombianadeornitologia.org\/vicongreso\/marcia-carolina-munoz\/#breadcrumb\",\"itemListElement\":[{\"@type\":\"ListItem\",\"position\":1,\"name\":\"Home\",\"item\":\"https:\/\/asociacioncolombianadeornitologia.org\/vicongreso\/\"},{\"@type\":\"ListItem\",\"position\":2,\"name\":\"Marcia Carolina Mu\u00f1oz\"}]},{\"@type\":\"WebSite\",\"@id\":\"https:\/\/asociacioncolombianadeornitologia.org\/vicongreso\/#website\",\"url\":\"https:\/\/asociacioncolombianadeornitologia.org\/vicongreso\/\",\"name\":\"VI Congreso Colombiano de Ornitologia\",\"description\":\"Ibagu\u00e9, Tolima 22 al 25 de octubre de 2019\",\"publisher\":{\"@id\":\"https:\/\/asociacioncolombianadeornitologia.org\/vicongreso\/#organization\"},\"potentialAction\":[{\"@type\":\"SearchAction\",\"target\":{\"@type\":\"EntryPoint\",\"urlTemplate\":\"https:\/\/asociacioncolombianadeornitologia.org\/vicongreso\/?s={search_term_string}\"},\"query-input\":\"required name=search_term_string\"}],\"inLanguage\":\"es-CO\"},{\"@type\":\"Organization\",\"@id\":\"https:\/\/asociacioncolombianadeornitologia.org\/vicongreso\/#organization\",\"name\":\"VI Congreso Colombiano de Ornitologia\",\"url\":\"https:\/\/asociacioncolombianadeornitologia.org\/vicongreso\/\",\"logo\":{\"@type\":\"ImageObject\",\"inLanguage\":\"es-CO\",\"@id\":\"https:\/\/asociacioncolombianadeornitologia.org\/vicongreso\/#\/schema\/logo\/image\/\",\"url\":\"https:\/\/asociacioncolombianadeornitologia.org\/vicongreso\/wp-content\/uploads\/2019\/04\/logo_congreso_ornitologia_white.png\",\"contentUrl\":\"https:\/\/asociacioncolombianadeornitologia.org\/vicongreso\/wp-content\/uploads\/2019\/04\/logo_congreso_ornitologia_white.png\",\"width\":500,\"height\":134,\"caption\":\"VI Congreso Colombiano de Ornitologia\"},\"image\":{\"@id\":\"https:\/\/asociacioncolombianadeornitologia.org\/vicongreso\/#\/schema\/logo\/image\/\"}}]}<\/script>\n<!-- \/ Yoast SEO plugin. -->","yoast_head_json":{"title":"Marcia Carolina Mu\u00f1oz - VI Congreso Colombiano de Ornitologia","robots":{"index":"index","follow":"follow","max-snippet":"max-snippet:-1","max-image-preview":"max-image-preview:large","max-video-preview":"max-video-preview:-1"},"canonical":"https:\/\/asociacioncolombianadeornitologia.org\/vicongreso\/marcia-carolina-munoz\/","og_locale":"es_ES","og_type":"article","og_title":"Marcia Carolina Mu\u00f1oz - VI Congreso Colombiano de Ornitologia","og_description":"Marcia Carolina Mu\u00f1oz Bi\u00f3loga egresada de la Universidad del Valle, con estudios de maestr\u00eda en la Universidad de Puerto Rico y doctorado en el \u00e1rea de ecolog\u00eda de la Goethe Universit\u00e4t en Alemania. Sus investigaciones se centran en las interacciones entre animales y plantas, como la dispersi\u00f3n de semillas y la polinizaci\u00f3n, las cuales son [&hellip;]","og_url":"https:\/\/asociacioncolombianadeornitologia.org\/vicongreso\/marcia-carolina-munoz\/","og_site_name":"VI Congreso Colombiano de Ornitologia","article_modified_time":"2019-08-22T03:33:07+00:00","og_image":[{"url":"https:\/\/asociacioncolombianadeornitologia.org\/vicongreso\/wp-content\/uploads\/2019\/08\/MCM_foto1Ajpg-300x200.jpg"}],"twitter_card":"summary_large_image","twitter_misc":{"Tiempo estimado de lectura":"1 minuto"},"schema":{"@context":"https:\/\/schema.org","@graph":[{"@type":"WebPage","@id":"https:\/\/asociacioncolombianadeornitologia.org\/vicongreso\/marcia-carolina-munoz\/","url":"https:\/\/asociacioncolombianadeornitologia.org\/vicongreso\/marcia-carolina-munoz\/","name":"Marcia Carolina Mu\u00f1oz - VI Congreso Colombiano de Ornitologia","isPartOf":{"@id":"https:\/\/asociacioncolombianadeornitologia.org\/vicongreso\/#website"},"datePublished":"2019-08-22T03:33:06+00:00","dateModified":"2019-08-22T03:33:07+00:00","breadcrumb":{"@id":"https:\/\/asociacioncolombianadeornitologia.org\/vicongreso\/marcia-carolina-munoz\/#breadcrumb"},"inLanguage":"es-CO","potentialAction":[{"@type":"ReadAction","target":["https:\/\/asociacioncolombianadeornitologia.org\/vicongreso\/marcia-carolina-munoz\/"]}]},{"@type":"BreadcrumbList","@id":"https:\/\/asociacioncolombianadeornitologia.org\/vicongreso\/marcia-carolina-munoz\/#breadcrumb","itemListElement":[{"@type":"ListItem","position":1,"name":"Home","item":"https:\/\/asociacioncolombianadeornitologia.org\/vicongreso\/"},{"@type":"ListItem","position":2,"name":"Marcia Carolina Mu\u00f1oz"}]},{"@type":"WebSite","@id":"https:\/\/asociacioncolombianadeornitologia.org\/vicongreso\/#website","url":"https:\/\/asociacioncolombianadeornitologia.org\/vicongreso\/","name":"VI Congreso Colombiano de Ornitologia","description":"Ibagu\u00e9, Tolima 22 al 25 de octubre de 2019","publisher":{"@id":"https:\/\/asociacioncolombianadeornitologia.org\/vicongreso\/#organization"},"potentialAction":[{"@type":"SearchAction","target":{"@type":"EntryPoint","urlTemplate":"https:\/\/asociacioncolombianadeornitologia.org\/vicongreso\/?s={search_term_string}"},"query-input":"required name=search_term_string"}],"inLanguage":"es-CO"},{"@type":"Organization","@id":"https:\/\/asociacioncolombianadeornitologia.org\/vicongreso\/#organization","name":"VI Congreso Colombiano de Ornitologia","url":"https:\/\/asociacioncolombianadeornitologia.org\/vicongreso\/","logo":{"@type":"ImageObject","inLanguage":"es-CO","@id":"https:\/\/asociacioncolombianadeornitologia.org\/vicongreso\/#\/schema\/logo\/image\/","url":"https:\/\/asociacioncolombianadeornitologia.org\/vicongreso\/wp-content\/uploads\/2019\/04\/logo_congreso_ornitologia_white.png","contentUrl":"https:\/\/asociacioncolombianadeornitologia.org\/vicongreso\/wp-content\/uploads\/2019\/04\/logo_congreso_ornitologia_white.png","width":500,"height":134,"caption":"VI Congreso Colombiano de Ornitologia"},"image":{"@id":"https:\/\/asociacioncolombianadeornitologia.org\/vicongreso\/#\/schema\/logo\/image\/"}}]}},"_links":{"self":[{"href":"https:\/\/asociacioncolombianadeornitologia.org\/vicongreso\/wp-json\/wp\/v2\/pages\/339"}],"collection":[{"href":"https:\/\/asociacioncolombianadeornitologia.org\/vicongreso\/wp-json\/wp\/v2\/pages"}],"about":[{"href":"https:\/\/asociacioncolombianadeornitologia.org\/vicongreso\/wp-json\/wp\/v2\/types\/page"}],"author":[{"embeddable":true,"href":"https:\/\/asociacioncolombianadeornitologia.org\/vicongreso\/wp-json\/wp\/v2\/users\/1"}],"replies":[{"embeddable":true,"href":"https:\/\/asociacioncolombianadeornitologia.org\/vicongreso\/wp-json\/wp\/v2\/comments?post=339"}],"version-history":[{"count":5,"href":"https:\/\/asociacioncolombianadeornitologia.org\/vicongreso\/wp-json\/wp\/v2\/pages\/339\/revisions"}],"predecessor-version":[{"id":347,"href":"https:\/\/asociacioncolombianadeornitologia.org\/vicongreso\/wp-json\/wp\/v2\/pages\/339\/revisions\/347"}],"wp:attachment":[{"href":"https:\/\/asociacioncolombianadeornitologia.org\/vicongreso\/wp-json\/wp\/v2\/media?parent=339"}],"curies":[{"name":"wp","href":"https:\/\/api.w.org\/{rel}","templated":true}]}}