{"id":316,"date":"2019-08-21T22:03:54","date_gmt":"2019-08-22T03:03:54","guid":{"rendered":"https:\/\/asociacioncolombianadeornitologia.org\/vicongreso\/?page_id=316"},"modified":"2019-08-27T19:37:36","modified_gmt":"2019-08-28T00:37:36","slug":"fernando-ayerbe-quinones","status":"publish","type":"page","link":"https:\/\/asociacioncolombianadeornitologia.org\/vicongreso\/fernando-ayerbe-quinones\/","title":{"rendered":"Fernando Ayerbe Qui\u00f1ones"},"content":{"rendered":"\n<h1 class=\"wp-block-heading\" style=\"text-align:center\">Fernando Ayerbe Qui\u00f1ones<\/h1>\n\n\n\n<div class=\"wp-block-image\"><figure class=\"aligncenter\"><img loading=\"lazy\" decoding=\"async\" width=\"248\" height=\"300\" src=\"https:\/\/asociacioncolombianadeornitologia.org\/vicongreso\/wp-content\/uploads\/2019\/08\/Foto-F.-Ayerbe-Qui\u00f1ones-248x300.jpg\" alt=\"\" class=\"wp-image-317\" srcset=\"https:\/\/asociacioncolombianadeornitologia.org\/vicongreso\/wp-content\/uploads\/2019\/08\/Foto-F.-Ayerbe-Qui\u00f1ones-248x300.jpg 248w, https:\/\/asociacioncolombianadeornitologia.org\/vicongreso\/wp-content\/uploads\/2019\/08\/Foto-F.-Ayerbe-Qui\u00f1ones-768x929.jpg 768w, https:\/\/asociacioncolombianadeornitologia.org\/vicongreso\/wp-content\/uploads\/2019\/08\/Foto-F.-Ayerbe-Qui\u00f1ones-847x1024.jpg 847w, https:\/\/asociacioncolombianadeornitologia.org\/vicongreso\/wp-content\/uploads\/2019\/08\/Foto-F.-Ayerbe-Qui\u00f1ones-600x725.jpg 600w\" sizes=\"(max-width: 248px) 100vw, 248px\" \/><\/figure><\/div>\n\n\n\n<p><strong>Naci\u00f3 en Bol\u00edvar (Cauca, Colombia) en 1980<\/strong>, ah\u00ed realiz\u00f3 sus estudios de b\u00e1sica primaria. En 1991 se mud\u00f3 a Popay\u00e1n para adelantar sus estudios de secundaria y complet\u00f3 su pregrado en la Universidad del Cauca en donde obtuvo el t\u00edtulo de Bi\u00f3logo con \u00e9nfasis en Zoolog\u00eda. Durante el periodo universitario, se desempe\u00f1\u00f3 como monitor de la colecci\u00f3n de Aves del Museo de Historia Natural de la Universidad del Cauca y realiz\u00f3 varias publicaciones cient\u00edficas sobre aves de Colombia. Desde que finaliz\u00f3 su pregrado en 2008, ha trabajado como investigador asociado al programa Colombia de la Wildlife Conservation Society (WCS) en proyectos de investigaci\u00f3n y conservaci\u00f3n de las aves en varias regiones del pa\u00eds. <\/p>\n\n\n\n<p>A trav\u00e9s de WCS-Colombia, Fernando ha trabajado en la publicaci\u00f3n de los las gu\u00edas de aves <strong>Tangara de Colombia, <a href=\"https:\/\/asociacioncolombianadeornitologia.org\/colibries-colombia-fernando-ayerbe-wcs\/\">Colibr\u00edes de Colombia<\/a>, Gu\u00eda ilustrada de la Avifauna Colombiana, <\/strong>y su m\u00e1s reciente publicaci\u00f3n:<strong> <a href=\"https:\/\/asociacioncolombianadeornitologia.org\/field-guide-to-the-birds-of-colombia\/\">An Illustrated Field Guide to the Birds of Colombia<\/a><\/strong>. Su inter\u00e9s es publicar informaci\u00f3n a trav\u00e9s de herramientas did\u00e1cticas que ayuden a proteger y conocer la biodiversidad de Colombia, adem\u00e1s de resaltar el alto valor del conocimiento que los colombianos tienen de las aves en todas las regiones del pa\u00eds.<\/p>\n","protected":false},"excerpt":{"rendered":"<p>Fernando Ayerbe Qui\u00f1ones Naci\u00f3 en Bol\u00edvar (Cauca, Colombia) en 1980, ah\u00ed realiz\u00f3 sus estudios de b\u00e1sica primaria. En 1991 se mud\u00f3 a Popay\u00e1n para adelantar sus estudios de secundaria y complet\u00f3 su pregrado en la Universidad del Cauca en donde obtuvo el t\u00edtulo de Bi\u00f3logo con \u00e9nfasis en Zoolog\u00eda. Durante el periodo universitario, se desempe\u00f1\u00f3 [&hellip;]<\/p>\n","protected":false},"author":1,"featured_media":0,"parent":0,"menu_order":0,"comment_status":"closed","ping_status":"closed","template":"","meta":{"footnotes":""},"yoast_head":"<!-- This site is optimized with the Yoast SEO plugin v21.5 - https:\/\/yoast.com\/wordpress\/plugins\/seo\/ -->\n<title>Fernando Ayerbe Qui\u00f1ones - VI Congreso Colombiano de Ornitologia<\/title>\n<meta name=\"robots\" content=\"index, follow, max-snippet:-1, max-image-preview:large, max-video-preview:-1\" \/>\n<link rel=\"canonical\" href=\"https:\/\/asociacioncolombianadeornitologia.org\/vicongreso\/fernando-ayerbe-quinones\/\" \/>\n<meta property=\"og:locale\" content=\"es_ES\" \/>\n<meta property=\"og:type\" content=\"article\" \/>\n<meta property=\"og:title\" content=\"Fernando Ayerbe Qui\u00f1ones - VI Congreso Colombiano de Ornitologia\" \/>\n<meta property=\"og:description\" content=\"Fernando Ayerbe Qui\u00f1ones Naci\u00f3 en Bol\u00edvar (Cauca, Colombia) en 1980, ah\u00ed realiz\u00f3 sus estudios de b\u00e1sica primaria. En 1991 se mud\u00f3 a Popay\u00e1n para adelantar sus estudios de secundaria y complet\u00f3 su pregrado en la Universidad del Cauca en donde obtuvo el t\u00edtulo de Bi\u00f3logo con \u00e9nfasis en Zoolog\u00eda. Durante el periodo universitario, se desempe\u00f1\u00f3 [&hellip;]\" \/>\n<meta property=\"og:url\" content=\"https:\/\/asociacioncolombianadeornitologia.org\/vicongreso\/fernando-ayerbe-quinones\/\" \/>\n<meta property=\"og:site_name\" content=\"VI Congreso Colombiano de Ornitologia\" \/>\n<meta property=\"article:modified_time\" content=\"2019-08-28T00:37:36+00:00\" \/>\n<meta name=\"twitter:card\" content=\"summary_large_image\" \/>\n<meta name=\"twitter:label1\" content=\"Tiempo estimado de lectura\" \/>\n\t<meta name=\"twitter:data1\" content=\"1 minuto\" \/>\n<script type=\"application\/ld+json\" class=\"yoast-schema-graph\">{\"@context\":\"https:\/\/schema.org\",\"@graph\":[{\"@type\":\"WebPage\",\"@id\":\"https:\/\/asociacioncolombianadeornitologia.org\/vicongreso\/fernando-ayerbe-quinones\/\",\"url\":\"https:\/\/asociacioncolombianadeornitologia.org\/vicongreso\/fernando-ayerbe-quinones\/\",\"name\":\"Fernando Ayerbe Qui\u00f1ones - VI Congreso Colombiano de Ornitologia\",\"isPartOf\":{\"@id\":\"https:\/\/asociacioncolombianadeornitologia.org\/vicongreso\/#website\"},\"datePublished\":\"2019-08-22T03:03:54+00:00\",\"dateModified\":\"2019-08-28T00:37:36+00:00\",\"breadcrumb\":{\"@id\":\"https:\/\/asociacioncolombianadeornitologia.org\/vicongreso\/fernando-ayerbe-quinones\/#breadcrumb\"},\"inLanguage\":\"es-CO\",\"potentialAction\":[{\"@type\":\"ReadAction\",\"target\":[\"https:\/\/asociacioncolombianadeornitologia.org\/vicongreso\/fernando-ayerbe-quinones\/\"]}]},{\"@type\":\"BreadcrumbList\",\"@id\":\"https:\/\/asociacioncolombianadeornitologia.org\/vicongreso\/fernando-ayerbe-quinones\/#breadcrumb\",\"itemListElement\":[{\"@type\":\"ListItem\",\"position\":1,\"name\":\"Home\",\"item\":\"https:\/\/asociacioncolombianadeornitologia.org\/vicongreso\/\"},{\"@type\":\"ListItem\",\"position\":2,\"name\":\"Fernando Ayerbe Qui\u00f1ones\"}]},{\"@type\":\"WebSite\",\"@id\":\"https:\/\/asociacioncolombianadeornitologia.org\/vicongreso\/#website\",\"url\":\"https:\/\/asociacioncolombianadeornitologia.org\/vicongreso\/\",\"name\":\"VI Congreso Colombiano de Ornitologia\",\"description\":\"Ibagu\u00e9, Tolima 22 al 25 de octubre de 2019\",\"publisher\":{\"@id\":\"https:\/\/asociacioncolombianadeornitologia.org\/vicongreso\/#organization\"},\"potentialAction\":[{\"@type\":\"SearchAction\",\"target\":{\"@type\":\"EntryPoint\",\"urlTemplate\":\"https:\/\/asociacioncolombianadeornitologia.org\/vicongreso\/?s={search_term_string}\"},\"query-input\":\"required name=search_term_string\"}],\"inLanguage\":\"es-CO\"},{\"@type\":\"Organization\",\"@id\":\"https:\/\/asociacioncolombianadeornitologia.org\/vicongreso\/#organization\",\"name\":\"VI Congreso Colombiano de Ornitologia\",\"url\":\"https:\/\/asociacioncolombianadeornitologia.org\/vicongreso\/\",\"logo\":{\"@type\":\"ImageObject\",\"inLanguage\":\"es-CO\",\"@id\":\"https:\/\/asociacioncolombianadeornitologia.org\/vicongreso\/#\/schema\/logo\/image\/\",\"url\":\"https:\/\/asociacioncolombianadeornitologia.org\/vicongreso\/wp-content\/uploads\/2019\/04\/logo_congreso_ornitologia_white.png\",\"contentUrl\":\"https:\/\/asociacioncolombianadeornitologia.org\/vicongreso\/wp-content\/uploads\/2019\/04\/logo_congreso_ornitologia_white.png\",\"width\":500,\"height\":134,\"caption\":\"VI Congreso Colombiano de Ornitologia\"},\"image\":{\"@id\":\"https:\/\/asociacioncolombianadeornitologia.org\/vicongreso\/#\/schema\/logo\/image\/\"}}]}<\/script>\n<!-- \/ Yoast SEO plugin. -->","yoast_head_json":{"title":"Fernando Ayerbe Qui\u00f1ones - VI Congreso Colombiano de Ornitologia","robots":{"index":"index","follow":"follow","max-snippet":"max-snippet:-1","max-image-preview":"max-image-preview:large","max-video-preview":"max-video-preview:-1"},"canonical":"https:\/\/asociacioncolombianadeornitologia.org\/vicongreso\/fernando-ayerbe-quinones\/","og_locale":"es_ES","og_type":"article","og_title":"Fernando Ayerbe Qui\u00f1ones - VI Congreso Colombiano de Ornitologia","og_description":"Fernando Ayerbe Qui\u00f1ones Naci\u00f3 en Bol\u00edvar (Cauca, Colombia) en 1980, ah\u00ed realiz\u00f3 sus estudios de b\u00e1sica primaria. En 1991 se mud\u00f3 a Popay\u00e1n para adelantar sus estudios de secundaria y complet\u00f3 su pregrado en la Universidad del Cauca en donde obtuvo el t\u00edtulo de Bi\u00f3logo con \u00e9nfasis en Zoolog\u00eda. Durante el periodo universitario, se desempe\u00f1\u00f3 [&hellip;]","og_url":"https:\/\/asociacioncolombianadeornitologia.org\/vicongreso\/fernando-ayerbe-quinones\/","og_site_name":"VI Congreso Colombiano de Ornitologia","article_modified_time":"2019-08-28T00:37:36+00:00","twitter_card":"summary_large_image","twitter_misc":{"Tiempo estimado de lectura":"1 minuto"},"schema":{"@context":"https:\/\/schema.org","@graph":[{"@type":"WebPage","@id":"https:\/\/asociacioncolombianadeornitologia.org\/vicongreso\/fernando-ayerbe-quinones\/","url":"https:\/\/asociacioncolombianadeornitologia.org\/vicongreso\/fernando-ayerbe-quinones\/","name":"Fernando Ayerbe Qui\u00f1ones - VI Congreso Colombiano de Ornitologia","isPartOf":{"@id":"https:\/\/asociacioncolombianadeornitologia.org\/vicongreso\/#website"},"datePublished":"2019-08-22T03:03:54+00:00","dateModified":"2019-08-28T00:37:36+00:00","breadcrumb":{"@id":"https:\/\/asociacioncolombianadeornitologia.org\/vicongreso\/fernando-ayerbe-quinones\/#breadcrumb"},"inLanguage":"es-CO","potentialAction":[{"@type":"ReadAction","target":["https:\/\/asociacioncolombianadeornitologia.org\/vicongreso\/fernando-ayerbe-quinones\/"]}]},{"@type":"BreadcrumbList","@id":"https:\/\/asociacioncolombianadeornitologia.org\/vicongreso\/fernando-ayerbe-quinones\/#breadcrumb","itemListElement":[{"@type":"ListItem","position":1,"name":"Home","item":"https:\/\/asociacioncolombianadeornitologia.org\/vicongreso\/"},{"@type":"ListItem","position":2,"name":"Fernando Ayerbe Qui\u00f1ones"}]},{"@type":"WebSite","@id":"https:\/\/asociacioncolombianadeornitologia.org\/vicongreso\/#website","url":"https:\/\/asociacioncolombianadeornitologia.org\/vicongreso\/","name":"VI Congreso Colombiano de Ornitologia","description":"Ibagu\u00e9, Tolima 22 al 25 de octubre de 2019","publisher":{"@id":"https:\/\/asociacioncolombianadeornitologia.org\/vicongreso\/#organization"},"potentialAction":[{"@type":"SearchAction","target":{"@type":"EntryPoint","urlTemplate":"https:\/\/asociacioncolombianadeornitologia.org\/vicongreso\/?s={search_term_string}"},"query-input":"required name=search_term_string"}],"inLanguage":"es-CO"},{"@type":"Organization","@id":"https:\/\/asociacioncolombianadeornitologia.org\/vicongreso\/#organization","name":"VI Congreso Colombiano de Ornitologia","url":"https:\/\/asociacioncolombianadeornitologia.org\/vicongreso\/","logo":{"@type":"ImageObject","inLanguage":"es-CO","@id":"https:\/\/asociacioncolombianadeornitologia.org\/vicongreso\/#\/schema\/logo\/image\/","url":"https:\/\/asociacioncolombianadeornitologia.org\/vicongreso\/wp-content\/uploads\/2019\/04\/logo_congreso_ornitologia_white.png","contentUrl":"https:\/\/asociacioncolombianadeornitologia.org\/vicongreso\/wp-content\/uploads\/2019\/04\/logo_congreso_ornitologia_white.png","width":500,"height":134,"caption":"VI Congreso Colombiano de Ornitologia"},"image":{"@id":"https:\/\/asociacioncolombianadeornitologia.org\/vicongreso\/#\/schema\/logo\/image\/"}}]}},"_links":{"self":[{"href":"https:\/\/asociacioncolombianadeornitologia.org\/vicongreso\/wp-json\/wp\/v2\/pages\/316"}],"collection":[{"href":"https:\/\/asociacioncolombianadeornitologia.org\/vicongreso\/wp-json\/wp\/v2\/pages"}],"about":[{"href":"https:\/\/asociacioncolombianadeornitologia.org\/vicongreso\/wp-json\/wp\/v2\/types\/page"}],"author":[{"embeddable":true,"href":"https:\/\/asociacioncolombianadeornitologia.org\/vicongreso\/wp-json\/wp\/v2\/users\/1"}],"replies":[{"embeddable":true,"href":"https:\/\/asociacioncolombianadeornitologia.org\/vicongreso\/wp-json\/wp\/v2\/comments?post=316"}],"version-history":[{"count":12,"href":"https:\/\/asociacioncolombianadeornitologia.org\/vicongreso\/wp-json\/wp\/v2\/pages\/316\/revisions"}],"predecessor-version":[{"id":350,"href":"https:\/\/asociacioncolombianadeornitologia.org\/vicongreso\/wp-json\/wp\/v2\/pages\/316\/revisions\/350"}],"wp:attachment":[{"href":"https:\/\/asociacioncolombianadeornitologia.org\/vicongreso\/wp-json\/wp\/v2\/media?parent=316"}],"curies":[{"name":"wp","href":"https:\/\/api.w.org\/{rel}","templated":true}]}}