{"id":188,"date":"2019-04-05T14:23:23","date_gmt":"2019-04-05T19:23:23","guid":{"rendered":"http:\/\/vicongresocolombianodeornitologia.org\/?page_id=188"},"modified":"2019-10-13T10:09:41","modified_gmt":"2019-10-13T15:09:41","slug":"tarifas","status":"publish","type":"page","link":"https:\/\/asociacioncolombianadeornitologia.org\/vicongreso\/tarifas\/","title":{"rendered":"Tarifas"},"content":{"rendered":"<div class=\"wpb-content-wrapper\"><p>[vc_section full_width=&#8221;stretch_row&#8221;][vc_row][vc_column width=&#8221;1\/4&#8243; css=&#8221;.vc_custom_1554429921552{padding-right: 0px !important;padding-left: 0px !important;}&#8221;][vc_single_image image=&#8221;137&#8243; img_size=&#8221;full&#8221; css_animation=&#8221;fadeInLeft&#8221;][\/vc_column][vc_column width=&#8221;3\/4&#8243;][vc_row_inner][vc_column_inner width=&#8221;5\/6&#8243; css=&#8221;.vc_custom_1554430359984{padding-top: 2rem !important;padding-right: 3rem !important;padding-bottom: 2rem !important;padding-left: 3rem !important;}&#8221;][vc_custom_heading text=&#8221;Tarifas VI Congreso Colombiano de Ornitolog\u00eda&#8221; font_container=&#8221;tag:h2|font_size:3.5rem|text_align:left|color:%236828a8|line_height:1.4em&#8221; google_fonts=&#8221;font_family:Montserrat%3Aregular%2C700|font_style:700%20bold%20regular%3A700%3Anormal&#8221; css=&#8221;.vc_custom_1555113519943{margin-top: 2rem !important;margin-bottom: 3rem !important;}&#8221;][vc_column_text css=&#8221;.vc_custom_1555978088931{margin-bottom: 3rem !important;}&#8221;]<strong>IMPORTANTE, ANTES DE HACER SU PAGO LEA DETENIDAMENTE LA SIGUIENTE INFORMACI\u00d3N. NO SE HACEN DEVOLUCIONES.<\/strong><\/p>\n<h3>Proceso de inscripci\u00f3n<\/h3>\n<ol>\n<li>Seleccione la tarifa.<\/li>\n<li>De click en la tarifa seleccionada e inicie el proceso de pago ePayco seg\u00fan las instrucciones. Puede hacer pago v\u00eda PSE, tarjeta de cr\u00e9dito y otras opciones.<\/li>\n<\/ol>\n<p>[\/vc_column_text][vc_column_text css=&#8221;.vc_custom_1570979542497{margin-bottom: 4rem !important;}&#8221;]<\/p>\n<table class=\"tg\">\n<tbody>\n<tr>\n<th class=\"tg-7btt\" colspan=\"3\">\n<h3>TARIFAS VI CONGRESO COLOMBIANO DE ORNITOLOG\u00cdA 22-25 OCTUBRE 2019<\/h3>\n<\/th>\n<\/tr>\n<tr>\n<td class=\"tg-fymr\">Categor\u00eda<\/td>\n<td class=\"tg-cnwr\">\n<h3><span style=\"color: #ff0000;\"><strong>ULTIMAS HORAS DE ESTA TARIFA<\/strong><\/span><\/h3>\n<\/td>\n<td class=\"tg-cnwr\">\n<h3><span style=\"color: #000000;\"><strong>A partir del 15 de octubre de 2019 (COP)<\/strong><\/span><\/h3>\n<\/td>\n<\/tr>\n<tr>\n<td class=\"tg-dvid\" colspan=\"3\"><span style=\"color: #ff0000;\"><b style=\"color: #ff0000;\">SOCIOS VIGENTES ACO, ESTUDIANTES SENA, <\/b><span style=\"color: #ff0000;\"><b>GU\u00cdAS<\/b><\/span><b style=\"color: #ff0000;\"> DE <\/b><span style=\"color: #ff0000;\"><b>OBSERVACI\u00d3N<\/b><\/span><b style=\"color: #ff0000;\"> Y AGRICULTORES<\/b><span style=\"color: #ff0000;\"> (Incluye inscripci\u00f3n al congreso)<\/span><\/span><\/td>\n<\/tr>\n<tr>\n<td class=\"tg-0pky\">Estudiante socio vigente ACO (pregrado), estudiantes SENA, gu\u00edas de observaci\u00f3n. Debe tener carn\u00e9, RNT o certificaci\u00f3n vigente<\/p>\n<p>&nbsp;<\/td>\n<td class=\"tg-0pky\">$215.000<\/td>\n<td class=\"tg-0pky\">$280.000<\/td>\n<\/tr>\n<tr>\n<td class=\"tg-0pky\"><\/td>\n<td class=\"tg-0pky\">\n<form><script src='https:\/\/checkout.epayco.co\/checkout.js' data-epayco-key='17596fe92aa1a0aff8acec51619949de' class='epayco-button' data-epayco-amount='215000' data-epayco-name='Socio ACO estudiante corte 1 ' data-epayco-description='Socio ACO estudiante corte 1 ' data-epayco-currency='COP' data-epayco-country='CO' data-epayco-test='false' data-epayco-external='false' data-epayco-response='https:\/\/asociacioncolombianadeornitologia.org\/vicongreso\/' data-epayco-confirmation='https:\/\/asociacioncolombianadeornitologia.org\/vicongreso\/' data-epayco-button='https:\/\/369969691f476073508a-60bf0867add971908d4f26a64519c2aa.ssl.cf5.rackcdn.com\/btns\/btn1.png'> \n    <\/script><\/form>\n<\/td>\n<td class=\"tg-0pky\">\n<form><script src='https:\/\/checkout.epayco.co\/checkout.js' data-epayco-key='17596fe92aa1a0aff8acec51619949de' class='epayco-button' data-epayco-amount='280000' data-epayco-name='Socio ACO estudiante corte 2 ' data-epayco-description='Socio ACO estudiante corte 2 ' data-epayco-currency='COP' data-epayco-country='CO' data-epayco-test='false' data-epayco-external='false' data-epayco-response='https:\/\/asociacioncolombianadeornitologia.org\/vicongreso\/' data-epayco-confirmation='https:\/\/asociacioncolombianadeornitologia.org\/vicongreso\/' data-epayco-button='https:\/\/369969691f476073508a-60bf0867add971908d4f26a64519c2aa.ssl.cf5.rackcdn.com\/btns\/btn1.png'> \n    <\/script><\/form>\n<\/td>\n<\/tr>\n<tr>\n<td class=\"tg-0pky\">Profesional socio vigente ACO<\/td>\n<td class=\"tg-0pky\">$325.000<\/td>\n<td class=\"tg-0pky\">$425.000<\/td>\n<\/tr>\n<tr>\n<td class=\"tg-0pky\"><\/td>\n<td class=\"tg-0pky\">\n<form><script src='https:\/\/checkout.epayco.co\/checkout.js' data-epayco-key='17596fe92aa1a0aff8acec51619949de' class='epayco-button' data-epayco-amount='325000' data-epayco-name='Socio ACO profesional corte 1 ' data-epayco-description='Socio ACO profesional corte 1 ' data-epayco-currency='COP' data-epayco-country='CO' data-epayco-test='false' data-epayco-external='false' data-epayco-response='https:\/\/asociacioncolombianadeornitologia.org\/vicongreso\/' data-epayco-confirmation='https:\/\/asociacioncolombianadeornitologia.org\/vicongreso\/' data-epayco-button='https:\/\/369969691f476073508a-60bf0867add971908d4f26a64519c2aa.ssl.cf5.rackcdn.com\/btns\/btn1.png'> \n    <\/script><\/form>\n<\/td>\n<td class=\"tg-0pky\">\n<form><script src='https:\/\/checkout.epayco.co\/checkout.js' data-epayco-key='17596fe92aa1a0aff8acec51619949de' class='epayco-button' data-epayco-amount='425000' data-epayco-name='Socio ACO profesional corte 2 ' data-epayco-description='Socio ACO profesional corte 2 ' data-epayco-currency='COP' data-epayco-country='CO' data-epayco-test='false' data-epayco-external='false' data-epayco-response='https:\/\/asociacioncolombianadeornitologia.org\/vicongreso\/' data-epayco-confirmation='https:\/\/asociacioncolombianadeornitologia.org\/vicongreso\/' data-epayco-button='https:\/\/369969691f476073508a-60bf0867add971908d4f26a64519c2aa.ssl.cf5.rackcdn.com\/btns\/btn1.png'> \n    <\/script><\/form>\n<\/td>\n<\/tr>\n<tr>\n<td class=\"tg-dvid\" colspan=\"5\"><span style=\"color: #ff0000;\"><strong>PARA AQUELLOS QUE DESEAN SER NUEVOS SOCIOS ACO, SOCIOS ATO Y ESTUDIANTES DE U.IBAGU\u00c9<\/strong>\u00a0(Incluye inscripci\u00f3n al congreso y membres\u00eda 2019-2020)<\/span><\/td>\n<\/tr>\n<tr>\n<td class=\"tg-0pky\">Estudiante nuevo socio ACO (pregrado \u00fanicamente), socios ATO, estudiantes de U.Ibagu\u00e9. Debe tener carn\u00e9 o certificado de afiliaci\u00f3n vigente<\/td>\n<td class=\"tg-0pky\">$275.000<\/td>\n<td class=\"tg-0pky\"><\/td>\n<\/tr>\n<tr>\n<td class=\"tg-0pky\"><\/td>\n<td class=\"tg-0pky\">\n<form><script src='https:\/\/checkout.epayco.co\/checkout.js' data-epayco-key='17596fe92aa1a0aff8acec51619949de' class='epayco-button' data-epayco-amount='275000' data-epayco-name='Nuevo estudiante corte 1 ' data-epayco-description='Nuevo estudiante corte 1 ' data-epayco-currency='COP' data-epayco-country='CO' data-epayco-test='false' data-epayco-external='false' data-epayco-response='https:\/\/asociacioncolombianadeornitologia.org\/vicongreso\/' data-epayco-confirmation='https:\/\/asociacioncolombianadeornitologia.org\/vicongreso\/' data-epayco-button='https:\/\/369969691f476073508a-60bf0867add971908d4f26a64519c2aa.ssl.cf5.rackcdn.com\/btns\/btn1.png'> \n    <\/script><\/form>\n<\/td>\n<td class=\"tg-0pky\"><\/td>\n<\/tr>\n<tr>\n<td class=\"tg-0pky\">Profesional nuevo socio ACO<\/td>\n<td class=\"tg-0pky\">$445.000<\/td>\n<td class=\"tg-0pky\"><\/td>\n<\/tr>\n<tr>\n<td class=\"tg-0pky\"><\/td>\n<td class=\"tg-0pky\">\n<form><script src='https:\/\/checkout.epayco.co\/checkout.js' data-epayco-key='17596fe92aa1a0aff8acec51619949de' class='epayco-button' data-epayco-amount='445000' data-epayco-name='Nuevo profesional corte 1 ' data-epayco-description='Nuevo profesional corte 1 ' data-epayco-currency='COP' data-epayco-country='CO' data-epayco-test='false' data-epayco-external='false' data-epayco-response='https:\/\/asociacioncolombianadeornitologia.org\/vicongreso\/' data-epayco-confirmation='https:\/\/asociacioncolombianadeornitologia.org\/vicongreso\/' data-epayco-button='https:\/\/369969691f476073508a-60bf0867add971908d4f26a64519c2aa.ssl.cf5.rackcdn.com\/btns\/btn1.png'> \n    <\/script><\/form>\n<\/td>\n<td class=\"tg-0pky\"><\/td>\n<\/tr>\n<tr>\n<td class=\"tg-dvid\" colspan=\"5\"><span style=\"color: #ff0000;\"><strong>P\u00daBLICO GENERAL<\/strong> (Incluye inscripci\u00f3n al congreso)<\/span><\/td>\n<\/tr>\n<tr>\n<td class=\"tg-0pky\">Estudiante general (pregrado \u00fanicamente). Debe tener carn\u00e9 vigente<\/td>\n<td class=\"tg-0pky\">$300.000<\/td>\n<td class=\"tg-0pky\">$390.000<\/td>\n<\/tr>\n<tr>\n<td class=\"tg-0pky\"><\/td>\n<td class=\"tg-0pky\">\n<form><script src='https:\/\/checkout.epayco.co\/checkout.js' data-epayco-key='17596fe92aa1a0aff8acec51619949de' class='epayco-button' data-epayco-amount='300000' data-epayco-name=' General estudiante corte 1 ' data-epayco-description=' General estudiante corte 1 ' data-epayco-currency='COP' data-epayco-country='CO' data-epayco-test='false' data-epayco-external='false' data-epayco-response='https:\/\/asociacioncolombianadeornitologia.org\/vicongreso\/' data-epayco-confirmation='https:\/\/asociacioncolombianadeornitologia.org\/vicongreso\/' data-epayco-button='https:\/\/369969691f476073508a-60bf0867add971908d4f26a64519c2aa.ssl.cf5.rackcdn.com\/btns\/btn1.png'> \n    <\/script><\/form>\n<\/td>\n<td class=\"tg-0pky\">\n<form><script src='https:\/\/checkout.epayco.co\/checkout.js' data-epayco-key='17596fe92aa1a0aff8acec51619949de' class='epayco-button' data-epayco-amount='390000' data-epayco-name='General estudiante corte 2 ' data-epayco-description='General estudiante corte 2 ' data-epayco-currency='COP' data-epayco-country='CO' data-epayco-test='false' data-epayco-external='false' data-epayco-response='https:\/\/asociacioncolombianadeornitologia.org\/vicongreso\/' data-epayco-confirmation='https:\/\/asociacioncolombianadeornitologia.org\/vicongreso\/' data-epayco-button='https:\/\/369969691f476073508a-60bf0867add971908d4f26a64519c2aa.ssl.cf5.rackcdn.com\/btns\/btn1.png'> \n    <\/script><\/form>\n<\/td>\n<\/tr>\n<tr>\n<td class=\"tg-0pky\">Profesional general<\/td>\n<td class=\"tg-0pky\">$470.000<\/td>\n<td class=\"tg-0pky\">$615.000<\/td>\n<\/tr>\n<tr>\n<td class=\"tg-0pky\"><\/td>\n<td class=\"tg-0pky\">\n<form><script src='https:\/\/checkout.epayco.co\/checkout.js' data-epayco-key='17596fe92aa1a0aff8acec51619949de' class='epayco-button' data-epayco-amount='470000' data-epayco-name='General profesional corte 1' data-epayco-description='General profesional corte 1' data-epayco-currency='COP' data-epayco-country='CO' data-epayco-test='false' data-epayco-external='false' data-epayco-response='https:\/\/asociacioncolombianadeornitologia.org\/vicongreso\/' data-epayco-confirmation='https:\/\/asociacioncolombianadeornitologia.org\/vicongreso\/' data-epayco-button='https:\/\/369969691f476073508a-60bf0867add971908d4f26a64519c2aa.ssl.cf5.rackcdn.com\/btns\/btn1.png'> \n    <\/script><\/form>\n<\/td>\n<td class=\"tg-0pky\">\n<form><script src='https:\/\/checkout.epayco.co\/checkout.js' data-epayco-key='17596fe92aa1a0aff8acec51619949de' class='epayco-button' data-epayco-amount='615000' data-epayco-name=' General profesional corte 2 ' data-epayco-description=' General profesional corte 2 ' data-epayco-currency='COP' data-epayco-country='CO' data-epayco-test='false' data-epayco-external='false' data-epayco-response='https:\/\/asociacioncolombianadeornitologia.org\/vicongreso\/' data-epayco-confirmation='https:\/\/asociacioncolombianadeornitologia.org\/vicongreso\/' data-epayco-button='https:\/\/369969691f476073508a-60bf0867add971908d4f26a64519c2aa.ssl.cf5.rackcdn.com\/btns\/btn1.png'> \n    <\/script><\/form>\n<\/td>\n<\/tr>\n<\/tbody>\n<\/table>\n<h3 style=\"text-align: center;\"><strong>Importante, la plataforma de pago toma los datos del pagador y los asume como el asistente. Si requiere cambiar los datos, escr\u00edbanos a <a href=\"congreso@ornitologiacolombiana.com\">congreso@ornitologiacolombiana.com<\/a><\/strong><\/h3>\n<p>&nbsp;<\/p>\n<p>Pagos desde el exterior en D\u00d3LARES AMERICANOS seg\u00fan la tasa del d\u00eda<\/p>\n<p>Tarifas con impuesto incluido<\/p>\n<p><strong>Medios de pago:<\/strong> Tarjeta de cr\u00e9dito, PSE, Efecty, Baloto, Punto GANA, Punto RED, Red SERVI, SafetyPay, DaviPlata<\/p>\n<h5><strong>\u00bfInquietudes? Comun\u00edquese al WhatsApp 57+3152617130 (solo mensajes, no llamadas)<\/strong><\/h5>\n<p>[\/vc_column_text][vc_column_text][\/vc_column_text][\/vc_column_inner][vc_column_inner width=&#8221;1\/6&#8243;][\/vc_column_inner][\/vc_row_inner][\/vc_column][\/vc_row][\/vc_section][vc_row][vc_column][vc_column_text]<\/p>\n<p>[\/vc_column_text][\/vc_column][\/vc_row]<\/p>\n<\/div>","protected":false},"excerpt":{"rendered":"<p>[vc_section full_width=&#8221;stretch_row&#8221;][vc_row][vc_column width=&#8221;1\/4&#8243; css=&#8221;.vc_custom_1554429921552{padding-right: 0px !important;padding-left: 0px !important;}&#8221;][vc_single_image image=&#8221;137&#8243; img_size=&#8221;full&#8221; css_animation=&#8221;fadeInLeft&#8221;][\/vc_column][vc_column width=&#8221;3\/4&#8243;][vc_row_inner][vc_column_inner width=&#8221;5\/6&#8243; css=&#8221;.vc_custom_1554430359984{padding-top: 2rem !important;padding-right: 3rem !important;padding-bottom: 2rem !important;padding-left: 3rem !important;}&#8221;][vc_custom_heading text=&#8221;Tarifas VI Congreso Colombiano de Ornitolog\u00eda&#8221; font_container=&#8221;tag:h2|font_size:3.5rem|text_align:left|color:%236828a8|line_height:1.4em&#8221; google_fonts=&#8221;font_family:Montserrat%3Aregular%2C700|font_style:700%20bold%20regular%3A700%3Anormal&#8221; css=&#8221;.vc_custom_1555113519943{margin-top: 2rem !important;margin-bottom: 3rem !important;}&#8221;][vc_column_text css=&#8221;.vc_custom_1555978088931{margin-bottom: 3rem !important;}&#8221;]IMPORTANTE, ANTES DE HACER SU PAGO LEA DETENIDAMENTE LA SIGUIENTE INFORMACI\u00d3N. NO SE HACEN DEVOLUCIONES. Proceso de inscripci\u00f3n [&hellip;]<\/p>\n","protected":false},"author":1,"featured_media":0,"parent":0,"menu_order":0,"comment_status":"closed","ping_status":"closed","template":"","meta":{"footnotes":""},"yoast_head":"<!-- This site is optimized with the Yoast SEO plugin v21.5 - https:\/\/yoast.com\/wordpress\/plugins\/seo\/ -->\n<title>Tarifas - VI Congreso Colombiano de Ornitologia<\/title>\n<meta name=\"robots\" content=\"index, follow, max-snippet:-1, max-image-preview:large, max-video-preview:-1\" \/>\n<link rel=\"canonical\" href=\"https:\/\/asociacioncolombianadeornitologia.org\/vicongreso\/tarifas\/\" \/>\n<meta property=\"og:locale\" content=\"es_ES\" \/>\n<meta property=\"og:type\" content=\"article\" \/>\n<meta property=\"og:title\" content=\"Tarifas - VI Congreso Colombiano de Ornitologia\" \/>\n<meta property=\"og:description\" content=\"[vc_section full_width=&#8221;stretch_row&#8221;][vc_row][vc_column width=&#8221;1\/4&#8243; css=&#8221;.vc_custom_1554429921552{padding-right: 0px !important;padding-left: 0px !important;}&#8221;][vc_single_image image=&#8221;137&#8243; img_size=&#8221;full&#8221; css_animation=&#8221;fadeInLeft&#8221;][\/vc_column][vc_column width=&#8221;3\/4&#8243;][vc_row_inner][vc_column_inner width=&#8221;5\/6&#8243; css=&#8221;.vc_custom_1554430359984{padding-top: 2rem !important;padding-right: 3rem !important;padding-bottom: 2rem !important;padding-left: 3rem !important;}&#8221;][vc_custom_heading text=&#8221;Tarifas VI Congreso Colombiano de Ornitolog\u00eda&#8221; font_container=&#8221;tag:h2|font_size:3.5rem|text_align:left|color:%236828a8|line_height:1.4em&#8221; google_fonts=&#8221;font_family:Montserrat%3Aregular%2C700|font_style:700%20bold%20regular%3A700%3Anormal&#8221; css=&#8221;.vc_custom_1555113519943{margin-top: 2rem !important;margin-bottom: 3rem !important;}&#8221;][vc_column_text css=&#8221;.vc_custom_1555978088931{margin-bottom: 3rem !important;}&#8221;]IMPORTANTE, ANTES DE HACER SU PAGO LEA DETENIDAMENTE LA SIGUIENTE INFORMACI\u00d3N. NO SE HACEN DEVOLUCIONES. Proceso de inscripci\u00f3n [&hellip;]\" \/>\n<meta property=\"og:url\" content=\"https:\/\/asociacioncolombianadeornitologia.org\/vicongreso\/tarifas\/\" \/>\n<meta property=\"og:site_name\" content=\"VI Congreso Colombiano de Ornitologia\" \/>\n<meta property=\"article:modified_time\" content=\"2019-10-13T15:09:41+00:00\" \/>\n<meta name=\"twitter:card\" content=\"summary_large_image\" \/>\n<meta name=\"twitter:label1\" content=\"Tiempo estimado de lectura\" \/>\n\t<meta name=\"twitter:data1\" content=\"2 minutos\" \/>\n<script type=\"application\/ld+json\" class=\"yoast-schema-graph\">{\"@context\":\"https:\/\/schema.org\",\"@graph\":[{\"@type\":\"WebPage\",\"@id\":\"https:\/\/asociacioncolombianadeornitologia.org\/vicongreso\/tarifas\/\",\"url\":\"https:\/\/asociacioncolombianadeornitologia.org\/vicongreso\/tarifas\/\",\"name\":\"Tarifas - VI Congreso Colombiano de Ornitologia\",\"isPartOf\":{\"@id\":\"https:\/\/asociacioncolombianadeornitologia.org\/vicongreso\/#website\"},\"datePublished\":\"2019-04-05T19:23:23+00:00\",\"dateModified\":\"2019-10-13T15:09:41+00:00\",\"breadcrumb\":{\"@id\":\"https:\/\/asociacioncolombianadeornitologia.org\/vicongreso\/tarifas\/#breadcrumb\"},\"inLanguage\":\"es-CO\",\"potentialAction\":[{\"@type\":\"ReadAction\",\"target\":[\"https:\/\/asociacioncolombianadeornitologia.org\/vicongreso\/tarifas\/\"]}]},{\"@type\":\"BreadcrumbList\",\"@id\":\"https:\/\/asociacioncolombianadeornitologia.org\/vicongreso\/tarifas\/#breadcrumb\",\"itemListElement\":[{\"@type\":\"ListItem\",\"position\":1,\"name\":\"Home\",\"item\":\"https:\/\/asociacioncolombianadeornitologia.org\/vicongreso\/\"},{\"@type\":\"ListItem\",\"position\":2,\"name\":\"Tarifas\"}]},{\"@type\":\"WebSite\",\"@id\":\"https:\/\/asociacioncolombianadeornitologia.org\/vicongreso\/#website\",\"url\":\"https:\/\/asociacioncolombianadeornitologia.org\/vicongreso\/\",\"name\":\"VI Congreso Colombiano de Ornitologia\",\"description\":\"Ibagu\u00e9, Tolima 22 al 25 de octubre de 2019\",\"publisher\":{\"@id\":\"https:\/\/asociacioncolombianadeornitologia.org\/vicongreso\/#organization\"},\"potentialAction\":[{\"@type\":\"SearchAction\",\"target\":{\"@type\":\"EntryPoint\",\"urlTemplate\":\"https:\/\/asociacioncolombianadeornitologia.org\/vicongreso\/?s={search_term_string}\"},\"query-input\":\"required name=search_term_string\"}],\"inLanguage\":\"es-CO\"},{\"@type\":\"Organization\",\"@id\":\"https:\/\/asociacioncolombianadeornitologia.org\/vicongreso\/#organization\",\"name\":\"VI Congreso Colombiano de Ornitologia\",\"url\":\"https:\/\/asociacioncolombianadeornitologia.org\/vicongreso\/\",\"logo\":{\"@type\":\"ImageObject\",\"inLanguage\":\"es-CO\",\"@id\":\"https:\/\/asociacioncolombianadeornitologia.org\/vicongreso\/#\/schema\/logo\/image\/\",\"url\":\"https:\/\/asociacioncolombianadeornitologia.org\/vicongreso\/wp-content\/uploads\/2019\/04\/logo_congreso_ornitologia_white.png\",\"contentUrl\":\"https:\/\/asociacioncolombianadeornitologia.org\/vicongreso\/wp-content\/uploads\/2019\/04\/logo_congreso_ornitologia_white.png\",\"width\":500,\"height\":134,\"caption\":\"VI Congreso Colombiano de Ornitologia\"},\"image\":{\"@id\":\"https:\/\/asociacioncolombianadeornitologia.org\/vicongreso\/#\/schema\/logo\/image\/\"}}]}<\/script>\n<!-- \/ Yoast SEO plugin. -->","yoast_head_json":{"title":"Tarifas - VI Congreso Colombiano de Ornitologia","robots":{"index":"index","follow":"follow","max-snippet":"max-snippet:-1","max-image-preview":"max-image-preview:large","max-video-preview":"max-video-preview:-1"},"canonical":"https:\/\/asociacioncolombianadeornitologia.org\/vicongreso\/tarifas\/","og_locale":"es_ES","og_type":"article","og_title":"Tarifas - VI Congreso Colombiano de Ornitologia","og_description":"[vc_section full_width=&#8221;stretch_row&#8221;][vc_row][vc_column width=&#8221;1\/4&#8243; css=&#8221;.vc_custom_1554429921552{padding-right: 0px !important;padding-left: 0px !important;}&#8221;][vc_single_image image=&#8221;137&#8243; img_size=&#8221;full&#8221; css_animation=&#8221;fadeInLeft&#8221;][\/vc_column][vc_column width=&#8221;3\/4&#8243;][vc_row_inner][vc_column_inner width=&#8221;5\/6&#8243; css=&#8221;.vc_custom_1554430359984{padding-top: 2rem !important;padding-right: 3rem !important;padding-bottom: 2rem !important;padding-left: 3rem !important;}&#8221;][vc_custom_heading text=&#8221;Tarifas VI Congreso Colombiano de Ornitolog\u00eda&#8221; font_container=&#8221;tag:h2|font_size:3.5rem|text_align:left|color:%236828a8|line_height:1.4em&#8221; google_fonts=&#8221;font_family:Montserrat%3Aregular%2C700|font_style:700%20bold%20regular%3A700%3Anormal&#8221; css=&#8221;.vc_custom_1555113519943{margin-top: 2rem !important;margin-bottom: 3rem !important;}&#8221;][vc_column_text css=&#8221;.vc_custom_1555978088931{margin-bottom: 3rem !important;}&#8221;]IMPORTANTE, ANTES DE HACER SU PAGO LEA DETENIDAMENTE LA SIGUIENTE INFORMACI\u00d3N. NO SE HACEN DEVOLUCIONES. Proceso de inscripci\u00f3n [&hellip;]","og_url":"https:\/\/asociacioncolombianadeornitologia.org\/vicongreso\/tarifas\/","og_site_name":"VI Congreso Colombiano de Ornitologia","article_modified_time":"2019-10-13T15:09:41+00:00","twitter_card":"summary_large_image","twitter_misc":{"Tiempo estimado de lectura":"2 minutos"},"schema":{"@context":"https:\/\/schema.org","@graph":[{"@type":"WebPage","@id":"https:\/\/asociacioncolombianadeornitologia.org\/vicongreso\/tarifas\/","url":"https:\/\/asociacioncolombianadeornitologia.org\/vicongreso\/tarifas\/","name":"Tarifas - VI Congreso Colombiano de Ornitologia","isPartOf":{"@id":"https:\/\/asociacioncolombianadeornitologia.org\/vicongreso\/#website"},"datePublished":"2019-04-05T19:23:23+00:00","dateModified":"2019-10-13T15:09:41+00:00","breadcrumb":{"@id":"https:\/\/asociacioncolombianadeornitologia.org\/vicongreso\/tarifas\/#breadcrumb"},"inLanguage":"es-CO","potentialAction":[{"@type":"ReadAction","target":["https:\/\/asociacioncolombianadeornitologia.org\/vicongreso\/tarifas\/"]}]},{"@type":"BreadcrumbList","@id":"https:\/\/asociacioncolombianadeornitologia.org\/vicongreso\/tarifas\/#breadcrumb","itemListElement":[{"@type":"ListItem","position":1,"name":"Home","item":"https:\/\/asociacioncolombianadeornitologia.org\/vicongreso\/"},{"@type":"ListItem","position":2,"name":"Tarifas"}]},{"@type":"WebSite","@id":"https:\/\/asociacioncolombianadeornitologia.org\/vicongreso\/#website","url":"https:\/\/asociacioncolombianadeornitologia.org\/vicongreso\/","name":"VI Congreso Colombiano de Ornitologia","description":"Ibagu\u00e9, Tolima 22 al 25 de octubre de 2019","publisher":{"@id":"https:\/\/asociacioncolombianadeornitologia.org\/vicongreso\/#organization"},"potentialAction":[{"@type":"SearchAction","target":{"@type":"EntryPoint","urlTemplate":"https:\/\/asociacioncolombianadeornitologia.org\/vicongreso\/?s={search_term_string}"},"query-input":"required name=search_term_string"}],"inLanguage":"es-CO"},{"@type":"Organization","@id":"https:\/\/asociacioncolombianadeornitologia.org\/vicongreso\/#organization","name":"VI Congreso Colombiano de Ornitologia","url":"https:\/\/asociacioncolombianadeornitologia.org\/vicongreso\/","logo":{"@type":"ImageObject","inLanguage":"es-CO","@id":"https:\/\/asociacioncolombianadeornitologia.org\/vicongreso\/#\/schema\/logo\/image\/","url":"https:\/\/asociacioncolombianadeornitologia.org\/vicongreso\/wp-content\/uploads\/2019\/04\/logo_congreso_ornitologia_white.png","contentUrl":"https:\/\/asociacioncolombianadeornitologia.org\/vicongreso\/wp-content\/uploads\/2019\/04\/logo_congreso_ornitologia_white.png","width":500,"height":134,"caption":"VI Congreso Colombiano de Ornitologia"},"image":{"@id":"https:\/\/asociacioncolombianadeornitologia.org\/vicongreso\/#\/schema\/logo\/image\/"}}]}},"_links":{"self":[{"href":"https:\/\/asociacioncolombianadeornitologia.org\/vicongreso\/wp-json\/wp\/v2\/pages\/188"}],"collection":[{"href":"https:\/\/asociacioncolombianadeornitologia.org\/vicongreso\/wp-json\/wp\/v2\/pages"}],"about":[{"href":"https:\/\/asociacioncolombianadeornitologia.org\/vicongreso\/wp-json\/wp\/v2\/types\/page"}],"author":[{"embeddable":true,"href":"https:\/\/asociacioncolombianadeornitologia.org\/vicongreso\/wp-json\/wp\/v2\/users\/1"}],"replies":[{"embeddable":true,"href":"https:\/\/asociacioncolombianadeornitologia.org\/vicongreso\/wp-json\/wp\/v2\/comments?post=188"}],"version-history":[{"count":55,"href":"https:\/\/asociacioncolombianadeornitologia.org\/vicongreso\/wp-json\/wp\/v2\/pages\/188\/revisions"}],"predecessor-version":[{"id":580,"href":"https:\/\/asociacioncolombianadeornitologia.org\/vicongreso\/wp-json\/wp\/v2\/pages\/188\/revisions\/580"}],"wp:attachment":[{"href":"https:\/\/asociacioncolombianadeornitologia.org\/vicongreso\/wp-json\/wp\/v2\/media?parent=188"}],"curies":[{"name":"wp","href":"https:\/\/api.w.org\/{rel}","templated":true}]}}