{"id":18,"date":"2019-02-26T21:42:40","date_gmt":"2019-02-26T21:42:40","guid":{"rendered":"http:\/\/vicongresocolombianodeornitologia.org\/?page_id=18"},"modified":"2019-09-24T17:51:38","modified_gmt":"2019-09-24T22:51:38","slug":"cursos","status":"publish","type":"page","link":"https:\/\/asociacioncolombianadeornitologia.org\/vicongreso\/cursos\/","title":{"rendered":"Cursos"},"content":{"rendered":"<div class=\"wpb-content-wrapper\"><p>[vc_section full_width=&#8221;stretch_row&#8221;][vc_row][vc_column width=&#8221;1\/4&#8243; css=&#8221;.vc_custom_1554429921552{padding-right: 0px !important;padding-left: 0px !important;}&#8221;][vc_single_image image=&#8221;135&#8243; img_size=&#8221;full&#8221; css_animation=&#8221;fadeInLeft&#8221;][\/vc_column][vc_column width=&#8221;3\/4&#8243;][vc_row_inner][vc_column_inner width=&#8221;5\/6&#8243; css=&#8221;.vc_custom_1554430359984{padding-top: 2rem !important;padding-right: 3rem !important;padding-bottom: 2rem !important;padding-left: 3rem !important;}&#8221;][vc_custom_heading text=&#8221;Cursos&#8221; font_container=&#8221;tag:h2|font_size:3.5rem|text_align:left|color:%236828a8|line_height:1.4em&#8221; google_fonts=&#8221;font_family:Montserrat%3Aregular%2C700|font_style:700%20bold%20regular%3A700%3Anormal&#8221; css=&#8221;.vc_custom_1554434463052{margin-top: 2rem !important;margin-bottom: 3rem !important;}&#8221;][vc_column_text]<\/p>\n<h3><span style=\"color: #000000;\">1. <a href=\"https:\/\/asociacioncolombianadeornitologia.org\/vicongreso\/sistemas-de-telemetria-aplicada-para-la-investigacion-y-conservacion-en-ornitologia\/\">Sistemas de telemetr\u00eda aplicada para la investigaci\u00f3n y conservaci\u00f3n en ornitolog\u00eda<\/a><\/span><\/h3>\n<h3><\/h3>\n<p>&nbsp;<\/p>\n<h3><span style=\"color: #000000;\">2. <a href=\"https:\/\/asociacioncolombianadeornitologia.org\/vicongreso\/flexibilidad-y-eficiencia-en-analisis-de-datos-en-ecologia-con-enfasis-en-ornitologia-una-introduccion-a-los-modelos-mixtos-multinivel-en-r\/\">Flexibilidad y eficiencia en an\u00e1lisis de datos en ecolog\u00eda con \u00e9nfasis en ornitolog\u00eda: una introducci\u00f3n a los modelos (mixtos) multinivel en R<\/a><\/span><\/h3>\n<h3><\/h3>\n<p>&nbsp;<\/p>\n<h3><span style=\"color: #000000;\">3. <a href=\"https:\/\/asociacioncolombianadeornitologia.org\/vicongreso\/perdiendole-el-miedo-a-r\/\">Perdi\u00e9ndole el miedo a R<\/a><\/span><\/h3>\n<h3><\/h3>\n<p>&nbsp;<\/p>\n<h3><span style=\"color: #000000;\">4. <a href=\"https:\/\/asociacioncolombianadeornitologia.org\/vicongreso\/recoleccion-preparacion-y-manejo-de-especimenes-modernos-de-aves-colecciones-ornitologicas-colombianas-del-siglo-xxi\/\">Recolecci\u00f3n, preparaci\u00f3n y manejo de espec\u00edmenes modernos de aves: colecciones ornitol\u00f3gicas colombianas del siglo XXI<\/a><\/span><\/h3>\n<h3><\/h3>\n<p>&nbsp;<\/p>\n<h3><span style=\"color: #000000;\">5. <a href=\"https:\/\/asociacioncolombianadeornitologia.org\/vicongreso\/v-curso-basico-de-anillamiento-de-aves\/\">V Curso B\u00e1sico de Anillamiento de Aves<\/a><\/span><\/h3>\n<h3><\/h3>\n<p>&nbsp;<\/p>\n<h3><span style=\"color: #000000;\">6. <a href=\"https:\/\/asociacioncolombianadeornitologia.org\/vicongreso\/ciencia-ciudadana-el-reto-de-los-censos-navidenos\/\">Ciencia Ciudadana, el reto de los Censos Navide\u00f1os<\/a><\/span><\/h3>\n<h3><\/h3>\n<p>&nbsp;<\/p>\n<h3><span style=\"color: #000000;\">7. <a href=\"https:\/\/asociacioncolombianadeornitologia.org\/vicongreso\/curso-basico-de-grabacion-de-sonidos-de-aves-en-el-campo\/\">Curso b\u00e1sico de grabaci\u00f3n de sonidos de aves en el campo<\/a><\/span><\/h3>\n<p>&nbsp;<\/p>\n<h3>8. <a href=\"https:\/\/asociacioncolombianadeornitologia.org\/vicongreso\/mesa-de-trabajo-para-la-conservacion-de-la-reinita-de-canada-cardellina-canadensis-en-colombia\/\">Mesa de trabajo para la conservaci\u00f3n de la reinita de Canad\u00e1 (<em>Cardellina canadensis<\/em>) en Colombia<\/a><\/h3>\n<p>[\/vc_column_text][\/vc_column_inner][vc_column_inner width=&#8221;1\/6&#8243;][\/vc_column_inner][\/vc_row_inner][\/vc_column][\/vc_row][\/vc_section]<\/p>\n<\/div>","protected":false},"excerpt":{"rendered":"<p>[vc_section full_width=&#8221;stretch_row&#8221;][vc_row][vc_column width=&#8221;1\/4&#8243; css=&#8221;.vc_custom_1554429921552{padding-right: 0px !important;padding-left: 0px !important;}&#8221;][vc_single_image image=&#8221;135&#8243; img_size=&#8221;full&#8221; css_animation=&#8221;fadeInLeft&#8221;][\/vc_column][vc_column width=&#8221;3\/4&#8243;][vc_row_inner][vc_column_inner width=&#8221;5\/6&#8243; css=&#8221;.vc_custom_1554430359984{padding-top: 2rem !important;padding-right: 3rem !important;padding-bottom: 2rem !important;padding-left: 3rem !important;}&#8221;][vc_custom_heading text=&#8221;Cursos&#8221; font_container=&#8221;tag:h2|font_size:3.5rem|text_align:left|color:%236828a8|line_height:1.4em&#8221; google_fonts=&#8221;font_family:Montserrat%3Aregular%2C700|font_style:700%20bold%20regular%3A700%3Anormal&#8221; css=&#8221;.vc_custom_1554434463052{margin-top: 2rem !important;margin-bottom: 3rem !important;}&#8221;][vc_column_text] 1. Sistemas de telemetr\u00eda aplicada para la investigaci\u00f3n y conservaci\u00f3n en ornitolog\u00eda &nbsp; 2. Flexibilidad y eficiencia en an\u00e1lisis de datos en ecolog\u00eda con \u00e9nfasis [&hellip;]<\/p>\n","protected":false},"author":1,"featured_media":0,"parent":0,"menu_order":0,"comment_status":"closed","ping_status":"closed","template":"","meta":{"footnotes":""},"yoast_head":"<!-- This site is optimized with the Yoast SEO plugin v21.5 - https:\/\/yoast.com\/wordpress\/plugins\/seo\/ -->\n<title>Cursos - VI Congreso Colombiano de Ornitologia<\/title>\n<meta name=\"robots\" content=\"index, follow, max-snippet:-1, max-image-preview:large, max-video-preview:-1\" \/>\n<link rel=\"canonical\" href=\"https:\/\/asociacioncolombianadeornitologia.org\/vicongreso\/cursos\/\" \/>\n<meta property=\"og:locale\" content=\"es_ES\" \/>\n<meta property=\"og:type\" content=\"article\" \/>\n<meta property=\"og:title\" content=\"Cursos - VI Congreso Colombiano de Ornitologia\" \/>\n<meta property=\"og:description\" content=\"[vc_section full_width=&#8221;stretch_row&#8221;][vc_row][vc_column width=&#8221;1\/4&#8243; css=&#8221;.vc_custom_1554429921552{padding-right: 0px !important;padding-left: 0px !important;}&#8221;][vc_single_image image=&#8221;135&#8243; img_size=&#8221;full&#8221; css_animation=&#8221;fadeInLeft&#8221;][\/vc_column][vc_column width=&#8221;3\/4&#8243;][vc_row_inner][vc_column_inner width=&#8221;5\/6&#8243; css=&#8221;.vc_custom_1554430359984{padding-top: 2rem !important;padding-right: 3rem !important;padding-bottom: 2rem !important;padding-left: 3rem !important;}&#8221;][vc_custom_heading text=&#8221;Cursos&#8221; font_container=&#8221;tag:h2|font_size:3.5rem|text_align:left|color:%236828a8|line_height:1.4em&#8221; google_fonts=&#8221;font_family:Montserrat%3Aregular%2C700|font_style:700%20bold%20regular%3A700%3Anormal&#8221; css=&#8221;.vc_custom_1554434463052{margin-top: 2rem !important;margin-bottom: 3rem !important;}&#8221;][vc_column_text] 1. Sistemas de telemetr\u00eda aplicada para la investigaci\u00f3n y conservaci\u00f3n en ornitolog\u00eda &nbsp; 2. Flexibilidad y eficiencia en an\u00e1lisis de datos en ecolog\u00eda con \u00e9nfasis [&hellip;]\" \/>\n<meta property=\"og:url\" content=\"https:\/\/asociacioncolombianadeornitologia.org\/vicongreso\/cursos\/\" \/>\n<meta property=\"og:site_name\" content=\"VI Congreso Colombiano de Ornitologia\" \/>\n<meta property=\"article:modified_time\" content=\"2019-09-24T22:51:38+00:00\" \/>\n<meta name=\"twitter:card\" content=\"summary_large_image\" \/>\n<meta name=\"twitter:label1\" content=\"Tiempo estimado de lectura\" \/>\n\t<meta name=\"twitter:data1\" content=\"1 minuto\" \/>\n<script type=\"application\/ld+json\" class=\"yoast-schema-graph\">{\"@context\":\"https:\/\/schema.org\",\"@graph\":[{\"@type\":\"WebPage\",\"@id\":\"https:\/\/asociacioncolombianadeornitologia.org\/vicongreso\/cursos\/\",\"url\":\"https:\/\/asociacioncolombianadeornitologia.org\/vicongreso\/cursos\/\",\"name\":\"Cursos - VI Congreso Colombiano de Ornitologia\",\"isPartOf\":{\"@id\":\"https:\/\/asociacioncolombianadeornitologia.org\/vicongreso\/#website\"},\"datePublished\":\"2019-02-26T21:42:40+00:00\",\"dateModified\":\"2019-09-24T22:51:38+00:00\",\"breadcrumb\":{\"@id\":\"https:\/\/asociacioncolombianadeornitologia.org\/vicongreso\/cursos\/#breadcrumb\"},\"inLanguage\":\"es-CO\",\"potentialAction\":[{\"@type\":\"ReadAction\",\"target\":[\"https:\/\/asociacioncolombianadeornitologia.org\/vicongreso\/cursos\/\"]}]},{\"@type\":\"BreadcrumbList\",\"@id\":\"https:\/\/asociacioncolombianadeornitologia.org\/vicongreso\/cursos\/#breadcrumb\",\"itemListElement\":[{\"@type\":\"ListItem\",\"position\":1,\"name\":\"Home\",\"item\":\"https:\/\/asociacioncolombianadeornitologia.org\/vicongreso\/\"},{\"@type\":\"ListItem\",\"position\":2,\"name\":\"Cursos\"}]},{\"@type\":\"WebSite\",\"@id\":\"https:\/\/asociacioncolombianadeornitologia.org\/vicongreso\/#website\",\"url\":\"https:\/\/asociacioncolombianadeornitologia.org\/vicongreso\/\",\"name\":\"VI Congreso Colombiano de Ornitologia\",\"description\":\"Ibagu\u00e9, Tolima 22 al 25 de octubre de 2019\",\"publisher\":{\"@id\":\"https:\/\/asociacioncolombianadeornitologia.org\/vicongreso\/#organization\"},\"potentialAction\":[{\"@type\":\"SearchAction\",\"target\":{\"@type\":\"EntryPoint\",\"urlTemplate\":\"https:\/\/asociacioncolombianadeornitologia.org\/vicongreso\/?s={search_term_string}\"},\"query-input\":\"required name=search_term_string\"}],\"inLanguage\":\"es-CO\"},{\"@type\":\"Organization\",\"@id\":\"https:\/\/asociacioncolombianadeornitologia.org\/vicongreso\/#organization\",\"name\":\"VI Congreso Colombiano de Ornitologia\",\"url\":\"https:\/\/asociacioncolombianadeornitologia.org\/vicongreso\/\",\"logo\":{\"@type\":\"ImageObject\",\"inLanguage\":\"es-CO\",\"@id\":\"https:\/\/asociacioncolombianadeornitologia.org\/vicongreso\/#\/schema\/logo\/image\/\",\"url\":\"https:\/\/asociacioncolombianadeornitologia.org\/vicongreso\/wp-content\/uploads\/2019\/04\/logo_congreso_ornitologia_white.png\",\"contentUrl\":\"https:\/\/asociacioncolombianadeornitologia.org\/vicongreso\/wp-content\/uploads\/2019\/04\/logo_congreso_ornitologia_white.png\",\"width\":500,\"height\":134,\"caption\":\"VI Congreso Colombiano de Ornitologia\"},\"image\":{\"@id\":\"https:\/\/asociacioncolombianadeornitologia.org\/vicongreso\/#\/schema\/logo\/image\/\"}}]}<\/script>\n<!-- \/ Yoast SEO plugin. -->","yoast_head_json":{"title":"Cursos - VI Congreso Colombiano de Ornitologia","robots":{"index":"index","follow":"follow","max-snippet":"max-snippet:-1","max-image-preview":"max-image-preview:large","max-video-preview":"max-video-preview:-1"},"canonical":"https:\/\/asociacioncolombianadeornitologia.org\/vicongreso\/cursos\/","og_locale":"es_ES","og_type":"article","og_title":"Cursos - VI Congreso Colombiano de Ornitologia","og_description":"[vc_section full_width=&#8221;stretch_row&#8221;][vc_row][vc_column width=&#8221;1\/4&#8243; css=&#8221;.vc_custom_1554429921552{padding-right: 0px !important;padding-left: 0px !important;}&#8221;][vc_single_image image=&#8221;135&#8243; img_size=&#8221;full&#8221; css_animation=&#8221;fadeInLeft&#8221;][\/vc_column][vc_column width=&#8221;3\/4&#8243;][vc_row_inner][vc_column_inner width=&#8221;5\/6&#8243; css=&#8221;.vc_custom_1554430359984{padding-top: 2rem !important;padding-right: 3rem !important;padding-bottom: 2rem !important;padding-left: 3rem !important;}&#8221;][vc_custom_heading text=&#8221;Cursos&#8221; font_container=&#8221;tag:h2|font_size:3.5rem|text_align:left|color:%236828a8|line_height:1.4em&#8221; google_fonts=&#8221;font_family:Montserrat%3Aregular%2C700|font_style:700%20bold%20regular%3A700%3Anormal&#8221; css=&#8221;.vc_custom_1554434463052{margin-top: 2rem !important;margin-bottom: 3rem !important;}&#8221;][vc_column_text] 1. Sistemas de telemetr\u00eda aplicada para la investigaci\u00f3n y conservaci\u00f3n en ornitolog\u00eda &nbsp; 2. Flexibilidad y eficiencia en an\u00e1lisis de datos en ecolog\u00eda con \u00e9nfasis [&hellip;]","og_url":"https:\/\/asociacioncolombianadeornitologia.org\/vicongreso\/cursos\/","og_site_name":"VI Congreso Colombiano de Ornitologia","article_modified_time":"2019-09-24T22:51:38+00:00","twitter_card":"summary_large_image","twitter_misc":{"Tiempo estimado de lectura":"1 minuto"},"schema":{"@context":"https:\/\/schema.org","@graph":[{"@type":"WebPage","@id":"https:\/\/asociacioncolombianadeornitologia.org\/vicongreso\/cursos\/","url":"https:\/\/asociacioncolombianadeornitologia.org\/vicongreso\/cursos\/","name":"Cursos - VI Congreso Colombiano de Ornitologia","isPartOf":{"@id":"https:\/\/asociacioncolombianadeornitologia.org\/vicongreso\/#website"},"datePublished":"2019-02-26T21:42:40+00:00","dateModified":"2019-09-24T22:51:38+00:00","breadcrumb":{"@id":"https:\/\/asociacioncolombianadeornitologia.org\/vicongreso\/cursos\/#breadcrumb"},"inLanguage":"es-CO","potentialAction":[{"@type":"ReadAction","target":["https:\/\/asociacioncolombianadeornitologia.org\/vicongreso\/cursos\/"]}]},{"@type":"BreadcrumbList","@id":"https:\/\/asociacioncolombianadeornitologia.org\/vicongreso\/cursos\/#breadcrumb","itemListElement":[{"@type":"ListItem","position":1,"name":"Home","item":"https:\/\/asociacioncolombianadeornitologia.org\/vicongreso\/"},{"@type":"ListItem","position":2,"name":"Cursos"}]},{"@type":"WebSite","@id":"https:\/\/asociacioncolombianadeornitologia.org\/vicongreso\/#website","url":"https:\/\/asociacioncolombianadeornitologia.org\/vicongreso\/","name":"VI Congreso Colombiano de Ornitologia","description":"Ibagu\u00e9, Tolima 22 al 25 de octubre de 2019","publisher":{"@id":"https:\/\/asociacioncolombianadeornitologia.org\/vicongreso\/#organization"},"potentialAction":[{"@type":"SearchAction","target":{"@type":"EntryPoint","urlTemplate":"https:\/\/asociacioncolombianadeornitologia.org\/vicongreso\/?s={search_term_string}"},"query-input":"required name=search_term_string"}],"inLanguage":"es-CO"},{"@type":"Organization","@id":"https:\/\/asociacioncolombianadeornitologia.org\/vicongreso\/#organization","name":"VI Congreso Colombiano de Ornitologia","url":"https:\/\/asociacioncolombianadeornitologia.org\/vicongreso\/","logo":{"@type":"ImageObject","inLanguage":"es-CO","@id":"https:\/\/asociacioncolombianadeornitologia.org\/vicongreso\/#\/schema\/logo\/image\/","url":"https:\/\/asociacioncolombianadeornitologia.org\/vicongreso\/wp-content\/uploads\/2019\/04\/logo_congreso_ornitologia_white.png","contentUrl":"https:\/\/asociacioncolombianadeornitologia.org\/vicongreso\/wp-content\/uploads\/2019\/04\/logo_congreso_ornitologia_white.png","width":500,"height":134,"caption":"VI Congreso Colombiano de Ornitologia"},"image":{"@id":"https:\/\/asociacioncolombianadeornitologia.org\/vicongreso\/#\/schema\/logo\/image\/"}}]}},"_links":{"self":[{"href":"https:\/\/asociacioncolombianadeornitologia.org\/vicongreso\/wp-json\/wp\/v2\/pages\/18"}],"collection":[{"href":"https:\/\/asociacioncolombianadeornitologia.org\/vicongreso\/wp-json\/wp\/v2\/pages"}],"about":[{"href":"https:\/\/asociacioncolombianadeornitologia.org\/vicongreso\/wp-json\/wp\/v2\/types\/page"}],"author":[{"embeddable":true,"href":"https:\/\/asociacioncolombianadeornitologia.org\/vicongreso\/wp-json\/wp\/v2\/users\/1"}],"replies":[{"embeddable":true,"href":"https:\/\/asociacioncolombianadeornitologia.org\/vicongreso\/wp-json\/wp\/v2\/comments?post=18"}],"version-history":[{"count":14,"href":"https:\/\/asociacioncolombianadeornitologia.org\/vicongreso\/wp-json\/wp\/v2\/pages\/18\/revisions"}],"predecessor-version":[{"id":522,"href":"https:\/\/asociacioncolombianadeornitologia.org\/vicongreso\/wp-json\/wp\/v2\/pages\/18\/revisions\/522"}],"wp:attachment":[{"href":"https:\/\/asociacioncolombianadeornitologia.org\/vicongreso\/wp-json\/wp\/v2\/media?parent=18"}],"curies":[{"name":"wp","href":"https:\/\/api.w.org\/{rel}","templated":true}]}}