{"id":16,"date":"2019-02-26T21:42:26","date_gmt":"2019-02-26T21:42:26","guid":{"rendered":"http:\/\/vicongresocolombianodeornitologia.org\/?page_id=16"},"modified":"2019-10-08T15:04:42","modified_gmt":"2019-10-08T20:04:42","slug":"simposios","status":"publish","type":"page","link":"https:\/\/asociacioncolombianadeornitologia.org\/vicongreso\/simposios\/","title":{"rendered":"Simposios"},"content":{"rendered":"<div class=\"wpb-content-wrapper\"><p>[vc_section full_width=&#8221;stretch_row&#8221;][vc_row][vc_column width=&#8221;1\/4&#8243; css=&#8221;.vc_custom_1554429921552{padding-right: 0px !important;padding-left: 0px !important;}&#8221;][vc_single_image image=&#8221;139&#8243; img_size=&#8221;full&#8221; css_animation=&#8221;fadeInLeft&#8221;][\/vc_column][vc_column width=&#8221;3\/4&#8243;][vc_row_inner][vc_column_inner width=&#8221;5\/6&#8243; css=&#8221;.vc_custom_1554430359984{padding-top: 2rem !important;padding-right: 3rem !important;padding-bottom: 2rem !important;padding-left: 3rem !important;}&#8221;][vc_custom_heading text=&#8221;Simposios&#8221; font_container=&#8221;tag:h2|font_size:3.5rem|text_align:left|color:%236828a8|line_height:1.4em&#8221; google_fonts=&#8221;font_family:Montserrat%3Aregular%2C700|font_style:700%20bold%20regular%3A700%3Anormal&#8221; css=&#8221;.vc_custom_1554431578180{margin-top: 2rem !important;margin-bottom: 3rem !important;}&#8221;][vc_column_text][\/vc_column_text][\/vc_column_inner][vc_column_inner width=&#8221;1\/6&#8243;][\/vc_column_inner][\/vc_row_inner][vc_row_inner][vc_column_inner width=&#8221;5\/6&#8243; css=&#8221;.vc_custom_1554430359984{padding-top: 2rem !important;padding-right: 3rem !important;padding-bottom: 2rem !important;padding-left: 3rem !important;}&#8221;][vc_column_text]Simposios para el VI Congreso Colombiano de Ornitolog\u00eda<\/p>\n<p>Los simposios en el marco del VI Congreso Colombiano de Ornitolog\u00eda buscan una integraci\u00f3n de trabajos que respondan una tem\u00e1tica general. Para esta versi\u00f3n, los simposios estar\u00e1n compuestos por una introducci\u00f3n a cargo de los postulantes, seguidos de las presentaciones y finalizaran con una sesi\u00f3n de cierre a cargo de los postulantes. Esta organizaci\u00f3n, contribuye a dar la posibilidad a asistentes que quieran estar en varios simposios simult\u00e1neos que coordinen sus movimientos entre charlas.<\/p>\n<p>De acuerdo al criterio del comit\u00e9 cient\u00edfico y los organizadores de los simposios, es posible la inclusi\u00f3n de res\u00famenes externos (sometidos a trav\u00e9s del aplicativo) dentro de la lista de presentaciones.<\/p>\n<ol>\n<li><a href=\"https:\/\/asociacioncolombianadeornitologia.org\/vicongreso\/aves-de-humedales-y-sistemas-productivos\/\">AVES EN HUMEDALES Y SISTEMAS PRODUCTIVOS<\/a><\/li>\n<li><a href=\"https:\/\/asociacioncolombianadeornitologia.org\/vicongreso\/1er-simposio-en-etno-ornitologia\/\">1er SIMPOSIO EN ETNO ORNITOLOGIA<\/a><\/li>\n<li><a href=\"https:\/\/asociacioncolombianadeornitologia.org\/vicongreso\/ecologia-urbana-en-colombia-y-america-latina\/\">ECOLOG\u00cdA URBANA EN COLOMBIA Y AMERICA LATINA<\/a><\/li>\n<li><a href=\"https:\/\/asociacioncolombianadeornitologia.org\/vicongreso\/1er-simposio-internacional-de-avifauna-y-educacion-ambiental\/\">1er SIMPOSIO INTERNACIONAL DE AVIFAUNA Y EDUCACI\u00d3N AMBIENTAL<\/a><\/li>\n<li><a href=\"https:\/\/asociacioncolombianadeornitologia.org\/vicongreso\/biologia-reproductiva-de-aves-neotropicales-vol-2\/\">BIOLOG\u00cdA REPRODUCTIVA DE AVES NEOTROPICALES VOL. 2<\/a><\/li>\n<li><a href=\"https:\/\/asociacioncolombianadeornitologia.org\/vicongreso\/papel-del-aviturismo-en-la-conservacion-de-las-aves-estudios-de-caso-experiencias-y-retos-en-la-region-neotropical\/\">PAPEL DEL AVITURISMO EN LA CONSERVACI\u00d3N DE LAS AVES: ESTUDIOS DE CASO, EXPERIENCIAS Y RETOS EN LA REGI\u00d3N NEOTROPICAL<\/a><\/li>\n<li><a href=\"https:\/\/asociacioncolombianadeornitologia.org\/vicongreso\/restaurando-las-areas-degradadas-de-colombia-a-traves-de-las-aves-y-sus-interacciones\/\">RESTAURANDO LAS \u00c1REAS DEGRADADAS DE COLOMBIA A TRAV\u00c9S DE LAS AVES Y SUS INTERACCIONES<\/a><\/li>\n<\/ol>\n<p><a href=\"mailto:congreso@ornitologiacolombiana.com\">congreso@ornitologiacolombiana.com<\/a>[\/vc_column_text][\/vc_column_inner][vc_column_inner width=&#8221;1\/6&#8243;][\/vc_column_inner][\/vc_row_inner][\/vc_column][\/vc_row][\/vc_section]<\/p>\n<\/div>","protected":false},"excerpt":{"rendered":"<p>[vc_section full_width=&#8221;stretch_row&#8221;][vc_row][vc_column width=&#8221;1\/4&#8243; css=&#8221;.vc_custom_1554429921552{padding-right: 0px !important;padding-left: 0px !important;}&#8221;][vc_single_image image=&#8221;139&#8243; img_size=&#8221;full&#8221; css_animation=&#8221;fadeInLeft&#8221;][\/vc_column][vc_column width=&#8221;3\/4&#8243;][vc_row_inner][vc_column_inner width=&#8221;5\/6&#8243; css=&#8221;.vc_custom_1554430359984{padding-top: 2rem !important;padding-right: 3rem !important;padding-bottom: 2rem !important;padding-left: 3rem !important;}&#8221;][vc_custom_heading text=&#8221;Simposios&#8221; font_container=&#8221;tag:h2|font_size:3.5rem|text_align:left|color:%236828a8|line_height:1.4em&#8221; google_fonts=&#8221;font_family:Montserrat%3Aregular%2C700|font_style:700%20bold%20regular%3A700%3Anormal&#8221; css=&#8221;.vc_custom_1554431578180{margin-top: 2rem !important;margin-bottom: 3rem !important;}&#8221;][vc_column_text][\/vc_column_text][\/vc_column_inner][vc_column_inner width=&#8221;1\/6&#8243;][\/vc_column_inner][\/vc_row_inner][vc_row_inner][vc_column_inner width=&#8221;5\/6&#8243; css=&#8221;.vc_custom_1554430359984{padding-top: 2rem !important;padding-right: 3rem !important;padding-bottom: 2rem !important;padding-left: 3rem !important;}&#8221;][vc_column_text]Simposios para el VI Congreso Colombiano de Ornitolog\u00eda Los simposios en el marco del VI [&hellip;]<\/p>\n","protected":false},"author":1,"featured_media":0,"parent":0,"menu_order":0,"comment_status":"closed","ping_status":"closed","template":"","meta":{"footnotes":""},"yoast_head":"<!-- This site is optimized with the Yoast SEO plugin v21.5 - https:\/\/yoast.com\/wordpress\/plugins\/seo\/ -->\n<title>Simposios - VI Congreso Colombiano de Ornitologia<\/title>\n<meta name=\"robots\" content=\"index, follow, max-snippet:-1, max-image-preview:large, max-video-preview:-1\" \/>\n<link rel=\"canonical\" href=\"https:\/\/asociacioncolombianadeornitologia.org\/vicongreso\/simposios\/\" \/>\n<meta property=\"og:locale\" content=\"es_ES\" \/>\n<meta property=\"og:type\" content=\"article\" \/>\n<meta property=\"og:title\" content=\"Simposios - VI Congreso Colombiano de Ornitologia\" \/>\n<meta property=\"og:description\" content=\"[vc_section full_width=&#8221;stretch_row&#8221;][vc_row][vc_column width=&#8221;1\/4&#8243; css=&#8221;.vc_custom_1554429921552{padding-right: 0px !important;padding-left: 0px !important;}&#8221;][vc_single_image image=&#8221;139&#8243; img_size=&#8221;full&#8221; css_animation=&#8221;fadeInLeft&#8221;][\/vc_column][vc_column width=&#8221;3\/4&#8243;][vc_row_inner][vc_column_inner width=&#8221;5\/6&#8243; css=&#8221;.vc_custom_1554430359984{padding-top: 2rem !important;padding-right: 3rem !important;padding-bottom: 2rem !important;padding-left: 3rem !important;}&#8221;][vc_custom_heading text=&#8221;Simposios&#8221; font_container=&#8221;tag:h2|font_size:3.5rem|text_align:left|color:%236828a8|line_height:1.4em&#8221; google_fonts=&#8221;font_family:Montserrat%3Aregular%2C700|font_style:700%20bold%20regular%3A700%3Anormal&#8221; css=&#8221;.vc_custom_1554431578180{margin-top: 2rem !important;margin-bottom: 3rem !important;}&#8221;][vc_column_text][\/vc_column_text][\/vc_column_inner][vc_column_inner width=&#8221;1\/6&#8243;][\/vc_column_inner][\/vc_row_inner][vc_row_inner][vc_column_inner width=&#8221;5\/6&#8243; css=&#8221;.vc_custom_1554430359984{padding-top: 2rem !important;padding-right: 3rem !important;padding-bottom: 2rem !important;padding-left: 3rem !important;}&#8221;][vc_column_text]Simposios para el VI Congreso Colombiano de Ornitolog\u00eda Los simposios en el marco del VI [&hellip;]\" \/>\n<meta property=\"og:url\" content=\"https:\/\/asociacioncolombianadeornitologia.org\/vicongreso\/simposios\/\" \/>\n<meta property=\"og:site_name\" content=\"VI Congreso Colombiano de Ornitologia\" \/>\n<meta property=\"article:modified_time\" content=\"2019-10-08T20:04:42+00:00\" \/>\n<meta name=\"twitter:card\" content=\"summary_large_image\" \/>\n<meta name=\"twitter:label1\" content=\"Tiempo estimado de lectura\" \/>\n\t<meta name=\"twitter:data1\" content=\"2 minutos\" \/>\n<script type=\"application\/ld+json\" class=\"yoast-schema-graph\">{\"@context\":\"https:\/\/schema.org\",\"@graph\":[{\"@type\":\"WebPage\",\"@id\":\"https:\/\/asociacioncolombianadeornitologia.org\/vicongreso\/simposios\/\",\"url\":\"https:\/\/asociacioncolombianadeornitologia.org\/vicongreso\/simposios\/\",\"name\":\"Simposios - VI Congreso Colombiano de Ornitologia\",\"isPartOf\":{\"@id\":\"https:\/\/asociacioncolombianadeornitologia.org\/vicongreso\/#website\"},\"datePublished\":\"2019-02-26T21:42:26+00:00\",\"dateModified\":\"2019-10-08T20:04:42+00:00\",\"breadcrumb\":{\"@id\":\"https:\/\/asociacioncolombianadeornitologia.org\/vicongreso\/simposios\/#breadcrumb\"},\"inLanguage\":\"es-CO\",\"potentialAction\":[{\"@type\":\"ReadAction\",\"target\":[\"https:\/\/asociacioncolombianadeornitologia.org\/vicongreso\/simposios\/\"]}]},{\"@type\":\"BreadcrumbList\",\"@id\":\"https:\/\/asociacioncolombianadeornitologia.org\/vicongreso\/simposios\/#breadcrumb\",\"itemListElement\":[{\"@type\":\"ListItem\",\"position\":1,\"name\":\"Home\",\"item\":\"https:\/\/asociacioncolombianadeornitologia.org\/vicongreso\/\"},{\"@type\":\"ListItem\",\"position\":2,\"name\":\"Simposios\"}]},{\"@type\":\"WebSite\",\"@id\":\"https:\/\/asociacioncolombianadeornitologia.org\/vicongreso\/#website\",\"url\":\"https:\/\/asociacioncolombianadeornitologia.org\/vicongreso\/\",\"name\":\"VI Congreso Colombiano de Ornitologia\",\"description\":\"Ibagu\u00e9, Tolima 22 al 25 de octubre de 2019\",\"publisher\":{\"@id\":\"https:\/\/asociacioncolombianadeornitologia.org\/vicongreso\/#organization\"},\"potentialAction\":[{\"@type\":\"SearchAction\",\"target\":{\"@type\":\"EntryPoint\",\"urlTemplate\":\"https:\/\/asociacioncolombianadeornitologia.org\/vicongreso\/?s={search_term_string}\"},\"query-input\":\"required name=search_term_string\"}],\"inLanguage\":\"es-CO\"},{\"@type\":\"Organization\",\"@id\":\"https:\/\/asociacioncolombianadeornitologia.org\/vicongreso\/#organization\",\"name\":\"VI Congreso Colombiano de Ornitologia\",\"url\":\"https:\/\/asociacioncolombianadeornitologia.org\/vicongreso\/\",\"logo\":{\"@type\":\"ImageObject\",\"inLanguage\":\"es-CO\",\"@id\":\"https:\/\/asociacioncolombianadeornitologia.org\/vicongreso\/#\/schema\/logo\/image\/\",\"url\":\"https:\/\/asociacioncolombianadeornitologia.org\/vicongreso\/wp-content\/uploads\/2019\/04\/logo_congreso_ornitologia_white.png\",\"contentUrl\":\"https:\/\/asociacioncolombianadeornitologia.org\/vicongreso\/wp-content\/uploads\/2019\/04\/logo_congreso_ornitologia_white.png\",\"width\":500,\"height\":134,\"caption\":\"VI Congreso Colombiano de Ornitologia\"},\"image\":{\"@id\":\"https:\/\/asociacioncolombianadeornitologia.org\/vicongreso\/#\/schema\/logo\/image\/\"}}]}<\/script>\n<!-- \/ Yoast SEO plugin. -->","yoast_head_json":{"title":"Simposios - VI Congreso Colombiano de Ornitologia","robots":{"index":"index","follow":"follow","max-snippet":"max-snippet:-1","max-image-preview":"max-image-preview:large","max-video-preview":"max-video-preview:-1"},"canonical":"https:\/\/asociacioncolombianadeornitologia.org\/vicongreso\/simposios\/","og_locale":"es_ES","og_type":"article","og_title":"Simposios - VI Congreso Colombiano de Ornitologia","og_description":"[vc_section full_width=&#8221;stretch_row&#8221;][vc_row][vc_column width=&#8221;1\/4&#8243; css=&#8221;.vc_custom_1554429921552{padding-right: 0px !important;padding-left: 0px !important;}&#8221;][vc_single_image image=&#8221;139&#8243; img_size=&#8221;full&#8221; css_animation=&#8221;fadeInLeft&#8221;][\/vc_column][vc_column width=&#8221;3\/4&#8243;][vc_row_inner][vc_column_inner width=&#8221;5\/6&#8243; css=&#8221;.vc_custom_1554430359984{padding-top: 2rem !important;padding-right: 3rem !important;padding-bottom: 2rem !important;padding-left: 3rem !important;}&#8221;][vc_custom_heading text=&#8221;Simposios&#8221; font_container=&#8221;tag:h2|font_size:3.5rem|text_align:left|color:%236828a8|line_height:1.4em&#8221; google_fonts=&#8221;font_family:Montserrat%3Aregular%2C700|font_style:700%20bold%20regular%3A700%3Anormal&#8221; css=&#8221;.vc_custom_1554431578180{margin-top: 2rem !important;margin-bottom: 3rem !important;}&#8221;][vc_column_text][\/vc_column_text][\/vc_column_inner][vc_column_inner width=&#8221;1\/6&#8243;][\/vc_column_inner][\/vc_row_inner][vc_row_inner][vc_column_inner width=&#8221;5\/6&#8243; css=&#8221;.vc_custom_1554430359984{padding-top: 2rem !important;padding-right: 3rem !important;padding-bottom: 2rem !important;padding-left: 3rem !important;}&#8221;][vc_column_text]Simposios para el VI Congreso Colombiano de Ornitolog\u00eda Los simposios en el marco del VI [&hellip;]","og_url":"https:\/\/asociacioncolombianadeornitologia.org\/vicongreso\/simposios\/","og_site_name":"VI Congreso Colombiano de Ornitologia","article_modified_time":"2019-10-08T20:04:42+00:00","twitter_card":"summary_large_image","twitter_misc":{"Tiempo estimado de lectura":"2 minutos"},"schema":{"@context":"https:\/\/schema.org","@graph":[{"@type":"WebPage","@id":"https:\/\/asociacioncolombianadeornitologia.org\/vicongreso\/simposios\/","url":"https:\/\/asociacioncolombianadeornitologia.org\/vicongreso\/simposios\/","name":"Simposios - VI Congreso Colombiano de Ornitologia","isPartOf":{"@id":"https:\/\/asociacioncolombianadeornitologia.org\/vicongreso\/#website"},"datePublished":"2019-02-26T21:42:26+00:00","dateModified":"2019-10-08T20:04:42+00:00","breadcrumb":{"@id":"https:\/\/asociacioncolombianadeornitologia.org\/vicongreso\/simposios\/#breadcrumb"},"inLanguage":"es-CO","potentialAction":[{"@type":"ReadAction","target":["https:\/\/asociacioncolombianadeornitologia.org\/vicongreso\/simposios\/"]}]},{"@type":"BreadcrumbList","@id":"https:\/\/asociacioncolombianadeornitologia.org\/vicongreso\/simposios\/#breadcrumb","itemListElement":[{"@type":"ListItem","position":1,"name":"Home","item":"https:\/\/asociacioncolombianadeornitologia.org\/vicongreso\/"},{"@type":"ListItem","position":2,"name":"Simposios"}]},{"@type":"WebSite","@id":"https:\/\/asociacioncolombianadeornitologia.org\/vicongreso\/#website","url":"https:\/\/asociacioncolombianadeornitologia.org\/vicongreso\/","name":"VI Congreso Colombiano de Ornitologia","description":"Ibagu\u00e9, Tolima 22 al 25 de octubre de 2019","publisher":{"@id":"https:\/\/asociacioncolombianadeornitologia.org\/vicongreso\/#organization"},"potentialAction":[{"@type":"SearchAction","target":{"@type":"EntryPoint","urlTemplate":"https:\/\/asociacioncolombianadeornitologia.org\/vicongreso\/?s={search_term_string}"},"query-input":"required name=search_term_string"}],"inLanguage":"es-CO"},{"@type":"Organization","@id":"https:\/\/asociacioncolombianadeornitologia.org\/vicongreso\/#organization","name":"VI Congreso Colombiano de Ornitologia","url":"https:\/\/asociacioncolombianadeornitologia.org\/vicongreso\/","logo":{"@type":"ImageObject","inLanguage":"es-CO","@id":"https:\/\/asociacioncolombianadeornitologia.org\/vicongreso\/#\/schema\/logo\/image\/","url":"https:\/\/asociacioncolombianadeornitologia.org\/vicongreso\/wp-content\/uploads\/2019\/04\/logo_congreso_ornitologia_white.png","contentUrl":"https:\/\/asociacioncolombianadeornitologia.org\/vicongreso\/wp-content\/uploads\/2019\/04\/logo_congreso_ornitologia_white.png","width":500,"height":134,"caption":"VI Congreso Colombiano de Ornitologia"},"image":{"@id":"https:\/\/asociacioncolombianadeornitologia.org\/vicongreso\/#\/schema\/logo\/image\/"}}]}},"_links":{"self":[{"href":"https:\/\/asociacioncolombianadeornitologia.org\/vicongreso\/wp-json\/wp\/v2\/pages\/16"}],"collection":[{"href":"https:\/\/asociacioncolombianadeornitologia.org\/vicongreso\/wp-json\/wp\/v2\/pages"}],"about":[{"href":"https:\/\/asociacioncolombianadeornitologia.org\/vicongreso\/wp-json\/wp\/v2\/types\/page"}],"author":[{"embeddable":true,"href":"https:\/\/asociacioncolombianadeornitologia.org\/vicongreso\/wp-json\/wp\/v2\/users\/1"}],"replies":[{"embeddable":true,"href":"https:\/\/asociacioncolombianadeornitologia.org\/vicongreso\/wp-json\/wp\/v2\/comments?post=16"}],"version-history":[{"count":21,"href":"https:\/\/asociacioncolombianadeornitologia.org\/vicongreso\/wp-json\/wp\/v2\/pages\/16\/revisions"}],"predecessor-version":[{"id":548,"href":"https:\/\/asociacioncolombianadeornitologia.org\/vicongreso\/wp-json\/wp\/v2\/pages\/16\/revisions\/548"}],"wp:attachment":[{"href":"https:\/\/asociacioncolombianadeornitologia.org\/vicongreso\/wp-json\/wp\/v2\/media?parent=16"}],"curies":[{"name":"wp","href":"https:\/\/api.w.org\/{rel}","templated":true}]}}