{"id":10,"date":"2019-02-26T21:41:43","date_gmt":"2019-02-26T21:41:43","guid":{"rendered":"http:\/\/vicongresocolombianodeornitologia.org\/?page_id=10"},"modified":"2019-04-16T22:30:55","modified_gmt":"2019-04-17T03:30:55","slug":"sede","status":"publish","type":"page","link":"https:\/\/asociacioncolombianadeornitologia.org\/vicongreso\/sede\/","title":{"rendered":"Sede"},"content":{"rendered":"<div class=\"wpb-content-wrapper\"><p>[vc_section full_width=&#8221;stretch_row&#8221;][vc_row][vc_column width=&#8221;1\/4&#8243; css=&#8221;.vc_custom_1554429921552{padding-right: 0px !important;padding-left: 0px !important;}&#8221;][vc_single_image image=&#8221;145&#8243; img_size=&#8221;full&#8221; css_animation=&#8221;fadeInLeft&#8221;][\/vc_column][vc_column width=&#8221;3\/4&#8243;][vc_row_inner][vc_column_inner width=&#8221;5\/6&#8243; css=&#8221;.vc_custom_1554430359984{padding-top: 2rem !important;padding-right: 3rem !important;padding-bottom: 2rem !important;padding-left: 3rem !important;}&#8221;][vc_custom_heading text=&#8221;Sede del Congreso&#8221; font_container=&#8221;tag:h2|font_size:3.5rem|text_align:left|color:%236828a8|line_height:1.4em&#8221; google_fonts=&#8221;font_family:Montserrat%3Aregular%2C700|font_style:700%20bold%20regular%3A700%3Anormal&#8221; css=&#8221;.vc_custom_1554431336949{margin-top: 2rem !important;margin-bottom: 3rem !important;}&#8221;][vc_column_text]<\/p>\n<h3>Ibagu\u00e9<\/h3>\n<p>Ibagu\u00e9 es un municipio colombiano ubicado en el centro-occidente de Colombia, sobre la Cordillera Central de los Andes entre el Ca\u00f1\u00f3n del Combeima y el Valle del Magdalena, en cercan\u00edas del Nevado del Tolima. Es la capital del departamento de Tolima.<\/p>\n<p>&nbsp;<\/p>\n<p>Es llamada La Capital Musical de Colombia, t\u00edtulo que le otorg\u00f3 el franc\u00e9s Conde de Gabriac en sus cr\u00f3nicas de viaje publicadas en Europa hacia 1886 quien qued\u00f3 sorprendido con el ambiente musical en la ciudad, sus coloridos murales de los edificios del centro y el Conservatorio del Tolima, considerado como una de las escuelas de m\u00fasica m\u00e1s importantes en el pa\u00eds.<\/p>\n<h3><\/h3>\n<h3>Universidad de Ibagu\u00e9<\/h3>\n<p>&nbsp;<\/p>\n<p><img loading=\"lazy\" decoding=\"async\" class=\"alignnone size-full wp-image-51\" src=\"http:\/\/vicongresocolombianodeornitologia.org\/wp-content\/uploads\/2019\/03\/logo-universidad-ibague.png\" alt=\"\" width=\"172\" height=\"71\" \/><\/p>\n<p>La Universidad de Ibagu\u00e9 es una universidad privada con sede en Ibagu\u00e9, Colombia. Fundada el 27 de agosto de 1980. Tiene 5 facultades, las cuales agrupan 18 programas de pregrado.\u200b En posgrado ofrece diez especializaciones\u200b y cuatro maestr\u00edas.<\/p>\n<p><a href=\"https:\/\/www.unibague.edu.co\/\" target=\"_blank\" rel=\"noopener noreferrer\">https:\/\/www.unibague.edu.co\/<\/a><\/p>\n<p><img loading=\"lazy\" decoding=\"async\" class=\"alignnone size-medium wp-image-87\" src=\"http:\/\/vicongresocolombianodeornitologia.org\/wp-content\/uploads\/2019\/03\/14206057742_23746fce1c_c-300x129.jpg\" alt=\"\" width=\"300\" height=\"129\" srcset=\"https:\/\/asociacioncolombianadeornitologia.org\/vicongreso\/wp-content\/uploads\/2019\/03\/14206057742_23746fce1c_c-300x129.jpg 300w, https:\/\/asociacioncolombianadeornitologia.org\/vicongreso\/wp-content\/uploads\/2019\/03\/14206057742_23746fce1c_c-768x329.jpg 768w, https:\/\/asociacioncolombianadeornitologia.org\/vicongreso\/wp-content\/uploads\/2019\/03\/14206057742_23746fce1c_c-600x257.jpg 600w, https:\/\/asociacioncolombianadeornitologia.org\/vicongreso\/wp-content\/uploads\/2019\/03\/14206057742_23746fce1c_c.jpg 800w\" sizes=\"(max-width: 300px) 100vw, 300px\" \/>[\/vc_column_text][\/vc_column_inner][vc_column_inner width=&#8221;1\/6&#8243;][\/vc_column_inner][\/vc_row_inner][\/vc_column][\/vc_row][\/vc_section]<\/p>\n<\/div>","protected":false},"excerpt":{"rendered":"<p>[vc_section full_width=&#8221;stretch_row&#8221;][vc_row][vc_column width=&#8221;1\/4&#8243; css=&#8221;.vc_custom_1554429921552{padding-right: 0px !important;padding-left: 0px !important;}&#8221;][vc_single_image image=&#8221;145&#8243; img_size=&#8221;full&#8221; css_animation=&#8221;fadeInLeft&#8221;][\/vc_column][vc_column width=&#8221;3\/4&#8243;][vc_row_inner][vc_column_inner width=&#8221;5\/6&#8243; css=&#8221;.vc_custom_1554430359984{padding-top: 2rem !important;padding-right: 3rem !important;padding-bottom: 2rem !important;padding-left: 3rem !important;}&#8221;][vc_custom_heading text=&#8221;Sede del Congreso&#8221; font_container=&#8221;tag:h2|font_size:3.5rem|text_align:left|color:%236828a8|line_height:1.4em&#8221; google_fonts=&#8221;font_family:Montserrat%3Aregular%2C700|font_style:700%20bold%20regular%3A700%3Anormal&#8221; css=&#8221;.vc_custom_1554431336949{margin-top: 2rem !important;margin-bottom: 3rem !important;}&#8221;][vc_column_text] Ibagu\u00e9 Ibagu\u00e9 es un municipio colombiano ubicado en el centro-occidente de Colombia, sobre la Cordillera Central de los Andes entre el Ca\u00f1\u00f3n del [&hellip;]<\/p>\n","protected":false},"author":1,"featured_media":0,"parent":0,"menu_order":0,"comment_status":"closed","ping_status":"closed","template":"","meta":{"footnotes":""},"yoast_head":"<!-- This site is optimized with the Yoast SEO plugin v21.5 - https:\/\/yoast.com\/wordpress\/plugins\/seo\/ -->\n<title>Sede - VI Congreso Colombiano de Ornitologia<\/title>\n<meta name=\"robots\" content=\"index, follow, max-snippet:-1, max-image-preview:large, max-video-preview:-1\" \/>\n<link rel=\"canonical\" href=\"https:\/\/asociacioncolombianadeornitologia.org\/vicongreso\/sede\/\" \/>\n<meta property=\"og:locale\" content=\"es_ES\" \/>\n<meta property=\"og:type\" content=\"article\" \/>\n<meta property=\"og:title\" content=\"Sede - VI Congreso Colombiano de Ornitologia\" \/>\n<meta property=\"og:description\" content=\"[vc_section full_width=&#8221;stretch_row&#8221;][vc_row][vc_column width=&#8221;1\/4&#8243; css=&#8221;.vc_custom_1554429921552{padding-right: 0px !important;padding-left: 0px !important;}&#8221;][vc_single_image image=&#8221;145&#8243; img_size=&#8221;full&#8221; css_animation=&#8221;fadeInLeft&#8221;][\/vc_column][vc_column width=&#8221;3\/4&#8243;][vc_row_inner][vc_column_inner width=&#8221;5\/6&#8243; css=&#8221;.vc_custom_1554430359984{padding-top: 2rem !important;padding-right: 3rem !important;padding-bottom: 2rem !important;padding-left: 3rem !important;}&#8221;][vc_custom_heading text=&#8221;Sede del Congreso&#8221; font_container=&#8221;tag:h2|font_size:3.5rem|text_align:left|color:%236828a8|line_height:1.4em&#8221; google_fonts=&#8221;font_family:Montserrat%3Aregular%2C700|font_style:700%20bold%20regular%3A700%3Anormal&#8221; css=&#8221;.vc_custom_1554431336949{margin-top: 2rem !important;margin-bottom: 3rem !important;}&#8221;][vc_column_text] Ibagu\u00e9 Ibagu\u00e9 es un municipio colombiano ubicado en el centro-occidente de Colombia, sobre la Cordillera Central de los Andes entre el Ca\u00f1\u00f3n del [&hellip;]\" \/>\n<meta property=\"og:url\" content=\"https:\/\/asociacioncolombianadeornitologia.org\/vicongreso\/sede\/\" \/>\n<meta property=\"og:site_name\" content=\"VI Congreso Colombiano de Ornitologia\" \/>\n<meta property=\"article:modified_time\" content=\"2019-04-17T03:30:55+00:00\" \/>\n<meta property=\"og:image\" content=\"http:\/\/vicongresocolombianodeornitologia.org\/wp-content\/uploads\/2019\/03\/logo-universidad-ibague.png\" \/>\n<meta name=\"twitter:card\" content=\"summary_large_image\" \/>\n<meta name=\"twitter:label1\" content=\"Tiempo estimado de lectura\" \/>\n\t<meta name=\"twitter:data1\" content=\"1 minuto\" \/>\n<script type=\"application\/ld+json\" class=\"yoast-schema-graph\">{\"@context\":\"https:\/\/schema.org\",\"@graph\":[{\"@type\":\"WebPage\",\"@id\":\"https:\/\/asociacioncolombianadeornitologia.org\/vicongreso\/sede\/\",\"url\":\"https:\/\/asociacioncolombianadeornitologia.org\/vicongreso\/sede\/\",\"name\":\"Sede - VI Congreso Colombiano de Ornitologia\",\"isPartOf\":{\"@id\":\"https:\/\/asociacioncolombianadeornitologia.org\/vicongreso\/#website\"},\"datePublished\":\"2019-02-26T21:41:43+00:00\",\"dateModified\":\"2019-04-17T03:30:55+00:00\",\"breadcrumb\":{\"@id\":\"https:\/\/asociacioncolombianadeornitologia.org\/vicongreso\/sede\/#breadcrumb\"},\"inLanguage\":\"es-CO\",\"potentialAction\":[{\"@type\":\"ReadAction\",\"target\":[\"https:\/\/asociacioncolombianadeornitologia.org\/vicongreso\/sede\/\"]}]},{\"@type\":\"BreadcrumbList\",\"@id\":\"https:\/\/asociacioncolombianadeornitologia.org\/vicongreso\/sede\/#breadcrumb\",\"itemListElement\":[{\"@type\":\"ListItem\",\"position\":1,\"name\":\"Home\",\"item\":\"https:\/\/asociacioncolombianadeornitologia.org\/vicongreso\/\"},{\"@type\":\"ListItem\",\"position\":2,\"name\":\"Sede\"}]},{\"@type\":\"WebSite\",\"@id\":\"https:\/\/asociacioncolombianadeornitologia.org\/vicongreso\/#website\",\"url\":\"https:\/\/asociacioncolombianadeornitologia.org\/vicongreso\/\",\"name\":\"VI Congreso Colombiano de Ornitologia\",\"description\":\"Ibagu\u00e9, Tolima 22 al 25 de octubre de 2019\",\"publisher\":{\"@id\":\"https:\/\/asociacioncolombianadeornitologia.org\/vicongreso\/#organization\"},\"potentialAction\":[{\"@type\":\"SearchAction\",\"target\":{\"@type\":\"EntryPoint\",\"urlTemplate\":\"https:\/\/asociacioncolombianadeornitologia.org\/vicongreso\/?s={search_term_string}\"},\"query-input\":\"required name=search_term_string\"}],\"inLanguage\":\"es-CO\"},{\"@type\":\"Organization\",\"@id\":\"https:\/\/asociacioncolombianadeornitologia.org\/vicongreso\/#organization\",\"name\":\"VI Congreso Colombiano de Ornitologia\",\"url\":\"https:\/\/asociacioncolombianadeornitologia.org\/vicongreso\/\",\"logo\":{\"@type\":\"ImageObject\",\"inLanguage\":\"es-CO\",\"@id\":\"https:\/\/asociacioncolombianadeornitologia.org\/vicongreso\/#\/schema\/logo\/image\/\",\"url\":\"https:\/\/asociacioncolombianadeornitologia.org\/vicongreso\/wp-content\/uploads\/2019\/04\/logo_congreso_ornitologia_white.png\",\"contentUrl\":\"https:\/\/asociacioncolombianadeornitologia.org\/vicongreso\/wp-content\/uploads\/2019\/04\/logo_congreso_ornitologia_white.png\",\"width\":500,\"height\":134,\"caption\":\"VI Congreso Colombiano de Ornitologia\"},\"image\":{\"@id\":\"https:\/\/asociacioncolombianadeornitologia.org\/vicongreso\/#\/schema\/logo\/image\/\"}}]}<\/script>\n<!-- \/ Yoast SEO plugin. -->","yoast_head_json":{"title":"Sede - VI Congreso Colombiano de Ornitologia","robots":{"index":"index","follow":"follow","max-snippet":"max-snippet:-1","max-image-preview":"max-image-preview:large","max-video-preview":"max-video-preview:-1"},"canonical":"https:\/\/asociacioncolombianadeornitologia.org\/vicongreso\/sede\/","og_locale":"es_ES","og_type":"article","og_title":"Sede - VI Congreso Colombiano de Ornitologia","og_description":"[vc_section full_width=&#8221;stretch_row&#8221;][vc_row][vc_column width=&#8221;1\/4&#8243; css=&#8221;.vc_custom_1554429921552{padding-right: 0px !important;padding-left: 0px !important;}&#8221;][vc_single_image image=&#8221;145&#8243; img_size=&#8221;full&#8221; css_animation=&#8221;fadeInLeft&#8221;][\/vc_column][vc_column width=&#8221;3\/4&#8243;][vc_row_inner][vc_column_inner width=&#8221;5\/6&#8243; css=&#8221;.vc_custom_1554430359984{padding-top: 2rem !important;padding-right: 3rem !important;padding-bottom: 2rem !important;padding-left: 3rem !important;}&#8221;][vc_custom_heading text=&#8221;Sede del Congreso&#8221; font_container=&#8221;tag:h2|font_size:3.5rem|text_align:left|color:%236828a8|line_height:1.4em&#8221; google_fonts=&#8221;font_family:Montserrat%3Aregular%2C700|font_style:700%20bold%20regular%3A700%3Anormal&#8221; css=&#8221;.vc_custom_1554431336949{margin-top: 2rem !important;margin-bottom: 3rem !important;}&#8221;][vc_column_text] Ibagu\u00e9 Ibagu\u00e9 es un municipio colombiano ubicado en el centro-occidente de Colombia, sobre la Cordillera Central de los Andes entre el Ca\u00f1\u00f3n del [&hellip;]","og_url":"https:\/\/asociacioncolombianadeornitologia.org\/vicongreso\/sede\/","og_site_name":"VI Congreso Colombiano de Ornitologia","article_modified_time":"2019-04-17T03:30:55+00:00","og_image":[{"url":"http:\/\/vicongresocolombianodeornitologia.org\/wp-content\/uploads\/2019\/03\/logo-universidad-ibague.png"}],"twitter_card":"summary_large_image","twitter_misc":{"Tiempo estimado de lectura":"1 minuto"},"schema":{"@context":"https:\/\/schema.org","@graph":[{"@type":"WebPage","@id":"https:\/\/asociacioncolombianadeornitologia.org\/vicongreso\/sede\/","url":"https:\/\/asociacioncolombianadeornitologia.org\/vicongreso\/sede\/","name":"Sede - VI Congreso Colombiano de Ornitologia","isPartOf":{"@id":"https:\/\/asociacioncolombianadeornitologia.org\/vicongreso\/#website"},"datePublished":"2019-02-26T21:41:43+00:00","dateModified":"2019-04-17T03:30:55+00:00","breadcrumb":{"@id":"https:\/\/asociacioncolombianadeornitologia.org\/vicongreso\/sede\/#breadcrumb"},"inLanguage":"es-CO","potentialAction":[{"@type":"ReadAction","target":["https:\/\/asociacioncolombianadeornitologia.org\/vicongreso\/sede\/"]}]},{"@type":"BreadcrumbList","@id":"https:\/\/asociacioncolombianadeornitologia.org\/vicongreso\/sede\/#breadcrumb","itemListElement":[{"@type":"ListItem","position":1,"name":"Home","item":"https:\/\/asociacioncolombianadeornitologia.org\/vicongreso\/"},{"@type":"ListItem","position":2,"name":"Sede"}]},{"@type":"WebSite","@id":"https:\/\/asociacioncolombianadeornitologia.org\/vicongreso\/#website","url":"https:\/\/asociacioncolombianadeornitologia.org\/vicongreso\/","name":"VI Congreso Colombiano de Ornitologia","description":"Ibagu\u00e9, Tolima 22 al 25 de octubre de 2019","publisher":{"@id":"https:\/\/asociacioncolombianadeornitologia.org\/vicongreso\/#organization"},"potentialAction":[{"@type":"SearchAction","target":{"@type":"EntryPoint","urlTemplate":"https:\/\/asociacioncolombianadeornitologia.org\/vicongreso\/?s={search_term_string}"},"query-input":"required name=search_term_string"}],"inLanguage":"es-CO"},{"@type":"Organization","@id":"https:\/\/asociacioncolombianadeornitologia.org\/vicongreso\/#organization","name":"VI Congreso Colombiano de Ornitologia","url":"https:\/\/asociacioncolombianadeornitologia.org\/vicongreso\/","logo":{"@type":"ImageObject","inLanguage":"es-CO","@id":"https:\/\/asociacioncolombianadeornitologia.org\/vicongreso\/#\/schema\/logo\/image\/","url":"https:\/\/asociacioncolombianadeornitologia.org\/vicongreso\/wp-content\/uploads\/2019\/04\/logo_congreso_ornitologia_white.png","contentUrl":"https:\/\/asociacioncolombianadeornitologia.org\/vicongreso\/wp-content\/uploads\/2019\/04\/logo_congreso_ornitologia_white.png","width":500,"height":134,"caption":"VI Congreso Colombiano de Ornitologia"},"image":{"@id":"https:\/\/asociacioncolombianadeornitologia.org\/vicongreso\/#\/schema\/logo\/image\/"}}]}},"_links":{"self":[{"href":"https:\/\/asociacioncolombianadeornitologia.org\/vicongreso\/wp-json\/wp\/v2\/pages\/10"}],"collection":[{"href":"https:\/\/asociacioncolombianadeornitologia.org\/vicongreso\/wp-json\/wp\/v2\/pages"}],"about":[{"href":"https:\/\/asociacioncolombianadeornitologia.org\/vicongreso\/wp-json\/wp\/v2\/types\/page"}],"author":[{"embeddable":true,"href":"https:\/\/asociacioncolombianadeornitologia.org\/vicongreso\/wp-json\/wp\/v2\/users\/1"}],"replies":[{"embeddable":true,"href":"https:\/\/asociacioncolombianadeornitologia.org\/vicongreso\/wp-json\/wp\/v2\/comments?post=10"}],"version-history":[{"count":10,"href":"https:\/\/asociacioncolombianadeornitologia.org\/vicongreso\/wp-json\/wp\/v2\/pages\/10\/revisions"}],"predecessor-version":[{"id":86,"href":"https:\/\/asociacioncolombianadeornitologia.org\/vicongreso\/wp-json\/wp\/v2\/pages\/10\/revisions\/86"}],"wp:attachment":[{"href":"https:\/\/asociacioncolombianadeornitologia.org\/vicongreso\/wp-json\/wp\/v2\/media?parent=10"}],"curies":[{"name":"wp","href":"https:\/\/api.w.org\/{rel}","templated":true}]}}