{"id":8,"date":"2016-02-07T18:19:04","date_gmt":"2016-02-07T23:19:04","guid":{"rendered":"http:\/\/asociacioncolombianadeornitologia.org\/vcongreso\/?page_id=8"},"modified":"2016-07-12T15:57:43","modified_gmt":"2016-07-12T20:57:43","slug":"sede","status":"publish","type":"page","link":"https:\/\/asociacioncolombianadeornitologia.org\/vcongreso\/sede\/","title":{"rendered":"Sede"},"content":{"rendered":"<p><strong>Medell\u00edn<\/strong><br \/>\nLa bella capital antioque\u00f1a, ubicada a 440 kms de Bogot\u00e1 y con una temperatura promedio de 24\u00b0C ser\u00e1 la ciudad que reciba la V edici\u00f3n del Congreso Colombiano de Ornitolog\u00eda del 8 al 11 de noviembre de 2016.<br \/>\nConozca m\u00e1s aqu\u00ed:<br \/>\n<a class=\"button-resumen\" href=\"https:\/\/www.medellin.gov.co\/irj\/portal\/nmedellin\">Alcald\u00eda de Medell\u00edn<\/a><\/p>\n<p><strong>Universidad de Antioquia<\/strong><br \/>\nLa Universidad de Antioquia es una instituci\u00f3n de Educaci\u00f3n Superior con domicilio en la ciudad de Medell\u00edn. Tiene por objeto la b\u00fasqueda, desarrollo y difusi\u00f3n del conocimiento en los campos de las humanidades, la ciencia, las artes, la filosof\u00eda, la t\u00e9cnica y la tecnolog\u00eda, mediante las actividades de investigaci\u00f3n, de docencia y de extensi\u00f3n.<\/p>\n<p><a href=\"http:\/\/www.udea.edu.co\/\" target=\"_blank\"><img loading=\"lazy\" decoding=\"async\" src=\"http:\/\/asociacioncolombianadeornitologia.org\/vcongreso\/wp-content\/uploads\/2016\/02\/Logo-horizontal-300x95.png\" alt=\"Logo horizontal\" width=\"300\" height=\"95\" class=\"size-medium wp-image-110\" srcset=\"https:\/\/asociacioncolombianadeornitologia.org\/vcongreso\/wp-content\/uploads\/2016\/02\/Logo-horizontal-300x95.png 300w, https:\/\/asociacioncolombianadeornitologia.org\/vcongreso\/wp-content\/uploads\/2016\/02\/Logo-horizontal-768x244.png 768w, https:\/\/asociacioncolombianadeornitologia.org\/vcongreso\/wp-content\/uploads\/2016\/02\/Logo-horizontal-1024x325.png 1024w\" sizes=\"(max-width: 300px) 100vw, 300px\" \/><\/a><\/p>\n<p><em>Texto tomado de: http:\/\/www.udea.edu.co\/wps\/portal\/udea\/web\/inicio\/institucional\/quienes-somos\/contenido\/asmenulateral\/naturaleza-juridica\/<\/em><\/p>\n<p><strong>Edificio de Extensi\u00f3n <\/strong><br \/>\nEl edificio de Extensi\u00f3n de la Universidad de Antioquia ubicado entre carreras 52 y 53, y entre calles 70 y 71 prestar\u00e1 sus servicios para el V Congreso Colombiano de Ornitologia.<br \/>\n<em>Texto tomado de: http:\/\/www.udea.edu.co\/wps\/portal\/udea\/web\/inicio\/institucional\/sedes-seccionales\/contenido\/asmenulateral\/medellin\/<\/em><\/p>\n<p><img loading=\"lazy\" decoding=\"async\" src=\"http:\/\/asociacioncolombianadeornitologia.org\/vcongreso\/wp-content\/uploads\/2016\/02\/sede_congreso_ornitologia_2016.jpg\" alt=\"sede_congreso_ornitologia_2016\" width=\"600\" height=\"450\" class=\"size-full wp-image-182\" srcset=\"https:\/\/asociacioncolombianadeornitologia.org\/vcongreso\/wp-content\/uploads\/2016\/02\/sede_congreso_ornitologia_2016.jpg 600w, https:\/\/asociacioncolombianadeornitologia.org\/vcongreso\/wp-content\/uploads\/2016\/02\/sede_congreso_ornitologia_2016-300x225.jpg 300w\" sizes=\"(max-width: 600px) 100vw, 600px\" \/><br \/>\n<em>Foto tomada de: http:\/\/fundacionudea.com\/v2\/?page_id=433<\/em><\/p>\n","protected":false},"excerpt":{"rendered":"<p>Medell\u00edn La bella capital antioque\u00f1a, ubicada a 440 kms de Bogot\u00e1 y con una temperatura promedio de 24\u00b0C ser\u00e1 la ciudad que reciba la V edici\u00f3n del Congreso Colombiano de Ornitolog\u00eda del 8 al 11 de noviembre de 2016. Conozca m\u00e1s aqu\u00ed: Alcald\u00eda de Medell\u00edn Universidad de Antioquia La Universidad de Antioquia es una instituci\u00f3n [&hellip;]<\/p>\n","protected":false},"author":1,"featured_media":0,"parent":0,"menu_order":0,"comment_status":"closed","ping_status":"closed","template":"","meta":{"footnotes":""},"_links":{"self":[{"href":"https:\/\/asociacioncolombianadeornitologia.org\/vcongreso\/wp-json\/wp\/v2\/pages\/8"}],"collection":[{"href":"https:\/\/asociacioncolombianadeornitologia.org\/vcongreso\/wp-json\/wp\/v2\/pages"}],"about":[{"href":"https:\/\/asociacioncolombianadeornitologia.org\/vcongreso\/wp-json\/wp\/v2\/types\/page"}],"author":[{"embeddable":true,"href":"https:\/\/asociacioncolombianadeornitologia.org\/vcongreso\/wp-json\/wp\/v2\/users\/1"}],"replies":[{"embeddable":true,"href":"https:\/\/asociacioncolombianadeornitologia.org\/vcongreso\/wp-json\/wp\/v2\/comments?post=8"}],"version-history":[{"count":8,"href":"https:\/\/asociacioncolombianadeornitologia.org\/vcongreso\/wp-json\/wp\/v2\/pages\/8\/revisions"}],"predecessor-version":[{"id":184,"href":"https:\/\/asociacioncolombianadeornitologia.org\/vcongreso\/wp-json\/wp\/v2\/pages\/8\/revisions\/184"}],"wp:attachment":[{"href":"https:\/\/asociacioncolombianadeornitologia.org\/vcongreso\/wp-json\/wp\/v2\/media?parent=8"}],"curies":[{"name":"wp","href":"https:\/\/api.w.org\/{rel}","templated":true}]}}