{"id":6,"date":"2016-02-07T18:18:43","date_gmt":"2016-02-07T23:18:43","guid":{"rendered":"http:\/\/asociacioncolombianadeornitologia.org\/vcongreso\/?page_id=6"},"modified":"2016-02-11T09:21:07","modified_gmt":"2016-02-11T14:21:07","slug":"sobre-el-congreso","status":"publish","type":"page","link":"https:\/\/asociacioncolombianadeornitologia.org\/vcongreso\/sobre-el-congreso\/","title":{"rendered":"Sobre el Congreso"},"content":{"rendered":"<p><img loading=\"lazy\" decoding=\"async\" src=\"http:\/\/asociacioncolombianadeornitologia.org\/vcongreso\/wp-content\/uploads\/2016\/02\/sergio-collazos-ortalis-columbiana.jpg\" alt=\"sergio-collazos-ortalis-columbiana\" width=\"1200\" height=\"400\" class=\"aligncenter size-full wp-image-81\" srcset=\"https:\/\/asociacioncolombianadeornitologia.org\/vcongreso\/wp-content\/uploads\/2016\/02\/sergio-collazos-ortalis-columbiana.jpg 1200w, https:\/\/asociacioncolombianadeornitologia.org\/vcongreso\/wp-content\/uploads\/2016\/02\/sergio-collazos-ortalis-columbiana-300x100.jpg 300w, https:\/\/asociacioncolombianadeornitologia.org\/vcongreso\/wp-content\/uploads\/2016\/02\/sergio-collazos-ortalis-columbiana-768x256.jpg 768w, https:\/\/asociacioncolombianadeornitologia.org\/vcongreso\/wp-content\/uploads\/2016\/02\/sergio-collazos-ortalis-columbiana-1024x341.jpg 1024w\" sizes=\"(max-width: 1200px) 100vw, 1200px\" \/><\/p>\n<p>\nCada tres a\u00f1os la Asociaci\u00f3n Colombiana de Ornitolog\u00eda ACO realiza el Congreso Colombiano de Ornitolog\u00eda, un espacio para la difusi\u00f3n del conocimiento cient\u00edfico de las aves en pro de su conservaci\u00f3n a trav\u00e9s de presentaciones orales o carteles, conferencias y cursos.<\/p>\n<p>Del 8 al 11 de noviembre de 2016 en la ciudad de Medell\u00edn se llevar\u00e1 a cabo la quinta versi\u00f3n del congreso liderado por la Asociaci\u00f3n Colombiana de Ornitolog\u00eda ACO junto a la Universidad de Antioquia.<\/p>\n<p>El comit\u00e9 organizador invita a toda la comunidad nacional e internacional a participar del evento acad\u00e9mico m\u00e1s importante de la ornitolog\u00eda en el pa\u00eds.<\/p>\n","protected":false},"excerpt":{"rendered":"<p>Cada tres a\u00f1os la Asociaci\u00f3n Colombiana de Ornitolog\u00eda ACO realiza el Congreso Colombiano de Ornitolog\u00eda, un espacio para la difusi\u00f3n del conocimiento cient\u00edfico de las aves en pro de su conservaci\u00f3n a trav\u00e9s de presentaciones orales o carteles, conferencias y cursos. Del 8 al 11 de noviembre de 2016 en la ciudad de Medell\u00edn se [&hellip;]<\/p>\n","protected":false},"author":1,"featured_media":0,"parent":0,"menu_order":0,"comment_status":"closed","ping_status":"closed","template":"","meta":{"footnotes":""},"_links":{"self":[{"href":"https:\/\/asociacioncolombianadeornitologia.org\/vcongreso\/wp-json\/wp\/v2\/pages\/6"}],"collection":[{"href":"https:\/\/asociacioncolombianadeornitologia.org\/vcongreso\/wp-json\/wp\/v2\/pages"}],"about":[{"href":"https:\/\/asociacioncolombianadeornitologia.org\/vcongreso\/wp-json\/wp\/v2\/types\/page"}],"author":[{"embeddable":true,"href":"https:\/\/asociacioncolombianadeornitologia.org\/vcongreso\/wp-json\/wp\/v2\/users\/1"}],"replies":[{"embeddable":true,"href":"https:\/\/asociacioncolombianadeornitologia.org\/vcongreso\/wp-json\/wp\/v2\/comments?post=6"}],"version-history":[{"count":3,"href":"https:\/\/asociacioncolombianadeornitologia.org\/vcongreso\/wp-json\/wp\/v2\/pages\/6\/revisions"}],"predecessor-version":[{"id":84,"href":"https:\/\/asociacioncolombianadeornitologia.org\/vcongreso\/wp-json\/wp\/v2\/pages\/6\/revisions\/84"}],"wp:attachment":[{"href":"https:\/\/asociacioncolombianadeornitologia.org\/vcongreso\/wp-json\/wp\/v2\/media?parent=6"}],"curies":[{"name":"wp","href":"https:\/\/api.w.org\/{rel}","templated":true}]}}