{"id":38,"date":"2016-02-07T19:14:08","date_gmt":"2016-02-08T00:14:08","guid":{"rendered":"http:\/\/asociacioncolombianadeornitologia.org\/vcongreso\/?page_id=38"},"modified":"2016-12-12T11:48:00","modified_gmt":"2016-12-12T16:48:00","slug":"home","status":"publish","type":"page","link":"https:\/\/asociacioncolombianadeornitologia.org\/vcongreso\/","title":{"rendered":"Home"},"content":{"rendered":"<div class=\"row\">\n<div class=\"col-md-4 col-sm-6\">\n<h3>LIBRO DE RESUMENES<\/h3>\n<p>Encuentre el libro de resumenes de las presentaciones del evento.<\/p>\n<p><a class=\"btn-home\" href=\"http:\/\/asociacioncolombianadeornitologia.org\/vcongreso\/programacion\/\">M\u00e1s Informaci\u00f3n<\/a><\/p>\n<\/div>\n<div class=\"col-md-4 col-sm-6\">\n<h3>BECAS<\/h3>\n<p>Conozca la lista final de becados.<\/p>\n<p><a class=\"btn-home\" href=\"http:\/\/asociacioncolombianadeornitologia.org\/vcongreso\/becas\/\">M\u00e1s Informaci\u00f3n<\/a><\/p>\n<\/div>\n<div class=\"col-md-4 col-sm-6\">\n<h3>PREMIOS<\/h3>\n<p>Conozca el listado de autores premiados.<\/p>\n<p><a class=\"btn-home\" href=\"http:\/\/asociacioncolombianadeornitologia.org\/vcongreso\/simposios\/\">M\u00e1s Informaci\u00f3n<\/a><\/p>\n<\/div>\n<\/div>\n","protected":false},"excerpt":{"rendered":"<p>LIBRO DE RESUMENES Encuentre el libro de resumenes de las presentaciones del evento. M\u00e1s Informaci\u00f3n BECAS Conozca la lista final de becados. M\u00e1s Informaci\u00f3n PREMIOS Conozca el listado de autores premiados. M\u00e1s Informaci\u00f3n<\/p>\n","protected":false},"author":1,"featured_media":0,"parent":0,"menu_order":0,"comment_status":"closed","ping_status":"closed","template":"","meta":{"footnotes":""},"_links":{"self":[{"href":"https:\/\/asociacioncolombianadeornitologia.org\/vcongreso\/wp-json\/wp\/v2\/pages\/38"}],"collection":[{"href":"https:\/\/asociacioncolombianadeornitologia.org\/vcongreso\/wp-json\/wp\/v2\/pages"}],"about":[{"href":"https:\/\/asociacioncolombianadeornitologia.org\/vcongreso\/wp-json\/wp\/v2\/types\/page"}],"author":[{"embeddable":true,"href":"https:\/\/asociacioncolombianadeornitologia.org\/vcongreso\/wp-json\/wp\/v2\/users\/1"}],"replies":[{"embeddable":true,"href":"https:\/\/asociacioncolombianadeornitologia.org\/vcongreso\/wp-json\/wp\/v2\/comments?post=38"}],"version-history":[{"count":18,"href":"https:\/\/asociacioncolombianadeornitologia.org\/vcongreso\/wp-json\/wp\/v2\/pages\/38\/revisions"}],"predecessor-version":[{"id":405,"href":"https:\/\/asociacioncolombianadeornitologia.org\/vcongreso\/wp-json\/wp\/v2\/pages\/38\/revisions\/405"}],"wp:attachment":[{"href":"https:\/\/asociacioncolombianadeornitologia.org\/vcongreso\/wp-json\/wp\/v2\/media?parent=38"}],"curies":[{"name":"wp","href":"https:\/\/api.w.org\/{rel}","templated":true}]}}