{"id":20,"date":"2016-02-07T18:48:19","date_gmt":"2016-02-07T23:48:19","guid":{"rendered":"http:\/\/asociacioncolombianadeornitologia.org\/vcongreso\/?page_id=20"},"modified":"2016-09-02T13:18:39","modified_gmt":"2016-09-02T18:18:39","slug":"cursos","status":"publish","type":"page","link":"https:\/\/asociacioncolombianadeornitologia.org\/vcongreso\/cursos\/","title":{"rendered":"Cursos"},"content":{"rendered":"<div class=\"row\">\n<div class=\"col-sm-8\">\n<h2>Cursos PRECONGRESO<\/h2>\n<ol>\n<li><strong>An\u00e1lisis de redes mutualistas planta-animal: herramientas para la investigaci\u00f3n, gesti\u00f3n y conservaci\u00f3n de comunidades ecol\u00f3gicas.<\/strong><br \/>\nDuraci\u00f3n: 1 d\u00eda (Lunes 7 de noviembre)<br \/>\nResponsables: Marcia Mu\u00f1oz e Isabel Donoso<br \/>\nCupo m\u00e1ximo: 20 personas<br \/>\nInversi\u00f3n: $90,000<br \/>\nEncuentre m\u00e1s detalles en:\u00a0<a href=\"http:\/\/asociacioncolombianadeornitologia.org\/vcongreso\/analisis-de-redes-mutualistas-planta-animal\/\">http:\/\/asociacioncolombianadeornitologia.org\/vcongreso\/analisis-de-redes-mutualistas-planta-animal\/<\/a><\/li>\n<li><strong>Fijaci\u00f3n de transmisores GPS en aves e introducci\u00f3n al an\u00e1lisis de rango de acci\u00f3n y uso de h\u00e1bitat.<\/strong><br \/>\nDuraci\u00f3n: 1 d\u00eda\u00a0(Lunes 7 de noviembre)<br \/>\nResponsables: Fundaci\u00f3n Proyecto \u00c1guila Crestada-Colombia &amp; Fundaci\u00f3n Hidrobiol\u00f3gica George Dahl<br \/>\nCupo m\u00e1ximo: 30 personas<br \/>\nInversi\u00f3n: $90,000<br \/>\nEncuentre m\u00e1s detalles en:\u00a0<a href=\"http:\/\/asociacioncolombianadeornitologia.org\/vcongreso\/fijacion-de-transmisores-gps\/\">http:\/\/asociacioncolombianadeornitologia.org\/vcongreso\/fijacion-de-transmisores-gps\/<\/a><\/li>\n<li><strong>Determinaci\u00f3n de la edad e identificaci\u00f3n de estrategias de muda en passeriformes neotropicales.<\/strong><br \/>\nDuraci\u00f3n: 1 d\u00eda\u00a0(Lunes 7 de noviembre)<br \/>\nInstructores: Miguel Moreno-Palacios U de Ibagu\u00e9 &#8211; Diego Andr\u00e9s Carant\u00f3n U Nacional &#8211; Nick Bayly SELVA<br \/>\nCupo m\u00e1ximo: 16 personas<br \/>\nInversi\u00f3n: $90,000<br \/>\nEncuentre m\u00e1s detalles en:\u00a0<a href=\"http:\/\/asociacioncolombianadeornitologia.org\/vcongreso\/determinacion-de-la-edad-e-identificacion-de-estrategias-de-muda-en-passeriformes-neotropicales\/\">http:\/\/asociacioncolombianadeornitologia.org\/vcongreso\/determinacion-de-la-edad-e-identificacion-de-estrategias-de-muda-en-passeriformes-neotropicales\/<\/a><\/li>\n<li><strong>Curso escritura cient\u00edfica<\/strong><br \/>\nDuraci\u00f3n: 2 d\u00edas\u00a0(Domingo 6 y lunes 7 de noviembre)<br \/>\nResponsables: ACO<br \/>\nCupo m\u00e1ximo: 20 personas<br \/>\nInversi\u00f3n: $200,000<\/li>\n<li><strong><strong>Taller:\u00a0Modelat\u00f3n de distribuciones de aves en BioModelos<\/strong><\/strong><br \/>\nDuraci\u00f3n: 1 d\u00eda\u00a0(Lunes 7 de noviembre) \u00a0Encuentre detalles y proceso de inscripci\u00f3n en:\u00a0<a href=\"http:\/\/asociacioncolombianadeornitologia.org\/vcongreso\/modelaton-de-distribuciones-de-aves-en-biomodelos\/\">http:\/\/asociacioncolombianadeornitologia.org\/vcongreso\/modelaton-de-distribuciones-de-aves-en-biomodelos\/<\/a><br \/>\nResponsables: Jorge Vel\u00e1squez-Tibat\u00e1, Helena Olaya, Yanira Cifuentes, Carlos Ruiz y Sergio Chaparro\/Laboratorio de Biogeograf\u00eda Aplicada, Instituto de Investigaci\u00f3n de Recursos Biol\u00f3gicos Alexander von Humboldt.\u00a0Calidris, Cali, Colombia.<\/li>\n<li><strong>Taller \u201cPrograma AICA en Colombia: presente y futuro\u201d<br \/>\n<\/strong>Duraci\u00f3n: Medio d\u00eda-jornada de la ma\u00f1ana\u00a0(Miercoles 9 de noviembre)<br \/>\nResponsables: Instituto Humboldt, Asociaci\u00f3n Calidris, BirdLife Internacional<br \/>\nCupo\u00a0ilimitado &#8211; entrada libre<\/li>\n<li><strong>REUNI\u00d3N -REVISORES EBIRD PARA COLOMBIA<br \/>\n<\/strong>Duraci\u00f3n: 2 horas (Mi\u00e9rcoles 9 de noviembre 5.00-7.00 pm)<br \/>\nResponsables: Nick Bayly &#8211; SELVA<\/li>\n<\/ol>\n<h2>Cursos POSTCONGRESO<\/h2>\n<ol>\n<li><strong>Telemetr\u00eda<\/strong><br \/>\nDuraci\u00f3n: Medio dia\u00a0(Sabado 12 de noviembre)<br \/>\nResponsable: Robin Poches TELEMAX<br \/>\nCupo m\u00e1ximo: 30 personas<br \/>\nInversi\u00f3n: $90,000<br \/>\nEncuentre m\u00e1s detalles en:\u00a0<a href=\"http:\/\/asociacioncolombianadeornitologia.org\/vcongreso\/telemetria\/\">http:\/\/asociacioncolombianadeornitologia.org\/vcongreso\/telemetria\/<\/a><\/li>\n<\/ol>\n<h2>PRE-INSCRIPCI\u00d3N<\/h2>\n<p>Env\u00ede un correo a <a href=\"http:\/\/inscripcion@vcongresocolombianodeornitologia.org\">inscripcion@vcongresocolombianodeornitologia.org<\/a>\u00a0indicando:<\/p>\n<ol>\n<li>Nombre del curso de inter\u00e9s<\/li>\n<li>Nombres y apellidos del interesado<\/li>\n<li>Numero de identificaci\u00f3n<\/li>\n<li>Email<\/li>\n<li>Celular<\/li>\n<\/ol>\n<p>A vuelta de correo recibir\u00e1 la notificaci\u00f3n e instrucciones de pago<\/p>\n<p>&nbsp;<\/p>\n<\/div>\n<div class=\"col-sm-4\"><img loading=\"lazy\" decoding=\"async\" class=\"aligncenter size-full wp-image-61\" src=\"http:\/\/asociacioncolombianadeornitologia.org\/vcongreso\/wp-content\/uploads\/2016\/02\/jorge-larotta-internas-01.jpg\" alt=\"jorge-larotta-internas-01\" width=\"520\" height=\"350\" srcset=\"https:\/\/asociacioncolombianadeornitologia.org\/vcongreso\/wp-content\/uploads\/2016\/02\/jorge-larotta-internas-01.jpg 520w, https:\/\/asociacioncolombianadeornitologia.org\/vcongreso\/wp-content\/uploads\/2016\/02\/jorge-larotta-internas-01-300x202.jpg 300w\" sizes=\"(max-width: 520px) 100vw, 520px\" \/><\/div>\n<\/div>\n","protected":false},"excerpt":{"rendered":"<p>Cursos PRECONGRESO An\u00e1lisis de redes mutualistas planta-animal: herramientas para la investigaci\u00f3n, gesti\u00f3n y conservaci\u00f3n de comunidades ecol\u00f3gicas. Duraci\u00f3n: 1 d\u00eda (Lunes 7 de noviembre) Responsables: Marcia Mu\u00f1oz e Isabel Donoso Cupo m\u00e1ximo: 20 personas Inversi\u00f3n: $90,000 Encuentre m\u00e1s detalles en:\u00a0http:\/\/asociacioncolombianadeornitologia.org\/vcongreso\/analisis-de-redes-mutualistas-planta-animal\/ Fijaci\u00f3n de transmisores GPS en aves e introducci\u00f3n al an\u00e1lisis de rango de acci\u00f3n y [&hellip;]<\/p>\n","protected":false},"author":1,"featured_media":0,"parent":0,"menu_order":0,"comment_status":"closed","ping_status":"closed","template":"","meta":{"footnotes":""},"_links":{"self":[{"href":"https:\/\/asociacioncolombianadeornitologia.org\/vcongreso\/wp-json\/wp\/v2\/pages\/20"}],"collection":[{"href":"https:\/\/asociacioncolombianadeornitologia.org\/vcongreso\/wp-json\/wp\/v2\/pages"}],"about":[{"href":"https:\/\/asociacioncolombianadeornitologia.org\/vcongreso\/wp-json\/wp\/v2\/types\/page"}],"author":[{"embeddable":true,"href":"https:\/\/asociacioncolombianadeornitologia.org\/vcongreso\/wp-json\/wp\/v2\/users\/1"}],"replies":[{"embeddable":true,"href":"https:\/\/asociacioncolombianadeornitologia.org\/vcongreso\/wp-json\/wp\/v2\/comments?post=20"}],"version-history":[{"count":25,"href":"https:\/\/asociacioncolombianadeornitologia.org\/vcongreso\/wp-json\/wp\/v2\/pages\/20\/revisions"}],"predecessor-version":[{"id":309,"href":"https:\/\/asociacioncolombianadeornitologia.org\/vcongreso\/wp-json\/wp\/v2\/pages\/20\/revisions\/309"}],"wp:attachment":[{"href":"https:\/\/asociacioncolombianadeornitologia.org\/vcongreso\/wp-json\/wp\/v2\/media?parent=20"}],"curies":[{"name":"wp","href":"https:\/\/api.w.org\/{rel}","templated":true}]}}