{"id":14,"date":"2016-02-07T18:20:34","date_gmt":"2016-02-07T23:20:34","guid":{"rendered":"http:\/\/asociacioncolombianadeornitologia.org\/vcongreso\/?page_id=14"},"modified":"2016-12-12T11:19:05","modified_gmt":"2016-12-12T16:19:05","slug":"simposios","status":"publish","type":"page","link":"https:\/\/asociacioncolombianadeornitologia.org\/vcongreso\/simposios\/","title":{"rendered":"Premios"},"content":{"rendered":"<div class=\"row\">\n<p><img loading=\"lazy\" decoding=\"async\" class=\"wp-image-57 alignleft\" src=\"http:\/\/asociacioncolombianadeornitologia.org\/vcongreso\/wp-content\/uploads\/2016\/02\/camila-parra-internas-01.jpg\" alt=\"camila-parra-internas-01\" width=\"549\" height=\"369\" srcset=\"https:\/\/asociacioncolombianadeornitologia.org\/vcongreso\/wp-content\/uploads\/2016\/02\/camila-parra-internas-01.jpg 520w, https:\/\/asociacioncolombianadeornitologia.org\/vcongreso\/wp-content\/uploads\/2016\/02\/camila-parra-internas-01-300x202.jpg 300w\" sizes=\"(max-width: 549px) 100vw, 549px\" \/><\/p>\n<p>El comit\u00e9 organizador y la ACO agradecen a todos los participantes del evento y hacen publico el reconocimiento a los mejores trabajos dentro del marco acad\u00e9mico del congreso.<\/p>\n<p><strong>Premio presentaci\u00f3n oral (Postgrado)<\/strong><br \/>\nFausto Saenz (13)<br \/>\nJorge Avenda\u00f1o (187)<\/p>\n<p><strong>Premio presentaci\u00f3n\u00a0oral (Pregrado)<\/strong><br \/>\nNataly Tejeiro (43)<br \/>\nAdriana Pati\u00f1o Nu\u00f1ez (114)<\/p>\n<p><strong>Premio presentaci\u00f3n cartel<\/strong><br \/>\nDanilo Santos (53)<br \/>\nAndrea Ariza (200)<br \/>\nCollazos Gonzalez (143)<br \/>\nDiana Ramirez M. (66)<\/p>\n<h3 class=\"col-sm-6\"><\/h3>\n<\/div>\n<p>&nbsp;<\/p>\n<p>&nbsp;<\/p>\n","protected":false},"excerpt":{"rendered":"<p>El comit\u00e9 organizador y la ACO agradecen a todos los participantes del evento y hacen publico el reconocimiento a los mejores trabajos dentro del marco acad\u00e9mico del congreso. Premio presentaci\u00f3n oral (Postgrado) Fausto Saenz (13) Jorge Avenda\u00f1o (187) Premio presentaci\u00f3n\u00a0oral (Pregrado) Nataly Tejeiro (43) Adriana Pati\u00f1o Nu\u00f1ez (114) Premio presentaci\u00f3n cartel Danilo Santos (53) Andrea [&hellip;]<\/p>\n","protected":false},"author":1,"featured_media":0,"parent":0,"menu_order":0,"comment_status":"closed","ping_status":"closed","template":"","meta":{"footnotes":""},"_links":{"self":[{"href":"https:\/\/asociacioncolombianadeornitologia.org\/vcongreso\/wp-json\/wp\/v2\/pages\/14"}],"collection":[{"href":"https:\/\/asociacioncolombianadeornitologia.org\/vcongreso\/wp-json\/wp\/v2\/pages"}],"about":[{"href":"https:\/\/asociacioncolombianadeornitologia.org\/vcongreso\/wp-json\/wp\/v2\/types\/page"}],"author":[{"embeddable":true,"href":"https:\/\/asociacioncolombianadeornitologia.org\/vcongreso\/wp-json\/wp\/v2\/users\/1"}],"replies":[{"embeddable":true,"href":"https:\/\/asociacioncolombianadeornitologia.org\/vcongreso\/wp-json\/wp\/v2\/comments?post=14"}],"version-history":[{"count":27,"href":"https:\/\/asociacioncolombianadeornitologia.org\/vcongreso\/wp-json\/wp\/v2\/pages\/14\/revisions"}],"predecessor-version":[{"id":396,"href":"https:\/\/asociacioncolombianadeornitologia.org\/vcongreso\/wp-json\/wp\/v2\/pages\/14\/revisions\/396"}],"wp:attachment":[{"href":"https:\/\/asociacioncolombianadeornitologia.org\/vcongreso\/wp-json\/wp\/v2\/media?parent=14"}],"curies":[{"name":"wp","href":"https:\/\/api.w.org\/{rel}","templated":true}]}}