{"id":12,"date":"2016-02-07T18:20:08","date_gmt":"2016-02-07T23:20:08","guid":{"rendered":"http:\/\/asociacioncolombianadeornitologia.org\/vcongreso\/?page_id=12"},"modified":"2016-11-03T19:40:49","modified_gmt":"2016-11-04T00:40:49","slug":"inscripcion","status":"publish","type":"page","link":"https:\/\/asociacioncolombianadeornitologia.org\/vcongreso\/inscripcion\/","title":{"rendered":"Inscripci\u00f3n"},"content":{"rendered":"<p>Recuerde que la membres\u00eda ACO est\u00e1 abierta a todas las personas interesadas en las aves colombianas y otorga descuento en la inscripci\u00f3n al congreso.<\/p>\n<p>Si est\u00e1 interesado en afiliarse, diligencie el siguiente <a href=\"http:\/\/asociacioncolombianadeornitologia.org\/formulario-de-afiliacion\/\" target=\"_blank\">FORMULARIO<\/a>\u00a0y\u00a0pague la INSCRIPCI\u00d3N + MEMBRES\u00cdA para obtener el beneficio inmediatamente.<\/p>\n<h2><span style=\"color: #993300;\"><strong>DEL 1 DE SEPTIEMBRE AL I<\/strong><\/span><span style=\"color: #993300;\"><strong>NICIO DEL EVENTO<\/strong><\/span><\/h2>\n<p>&nbsp;<\/p>\n<table style=\"width: 100%;\">\n<thead><\/thead>\n<tbody>\n<tr>\n<th>Categor\u00eda<\/th>\n<th>Tarifas planas<\/p>\n<p>(Inscripci\u00f3n<\/p>\n<p>por persona)<\/th>\n<th>Inscripci\u00f3n+<\/p>\n<p>membres\u00eda<\/p>\n<p>2016<\/th>\n<th>Inscripci\u00f3n+<\/p>\n<p>membres\u00eda<\/p>\n<p>hasta 2017<\/th>\n<th>Inscripci\u00f3n+<\/p>\n<p>membres\u00eda<\/p>\n<p>hasta 2018<\/th>\n<\/tr>\n<tr>\n<td>Estudiante socio ACO<\/td>\n<td>$ 280.000<\/td>\n<td>$ 340.000<\/td>\n<td>$ 395.000<\/td>\n<td>$ 440.000<\/td>\n<\/tr>\n<tr>\n<td>Estudiante no socio<\/td>\n<td>$ 360.000<\/td>\n<td><\/td>\n<td><\/td>\n<td><\/td>\n<\/tr>\n<tr>\n<td>Profesional socio ACO<\/td>\n<td>$ 370.000<\/td>\n<td>$ 470.000<\/td>\n<td>$ 565.000<\/td>\n<td>$ 650.000<\/td>\n<\/tr>\n<tr>\n<td>Profesional no socio<\/td>\n<td>$ 480.000<\/td>\n<td><\/td>\n<td><\/td>\n<td><\/td>\n<\/tr>\n<\/tbody>\n<\/table>\n<p style=\"text-align: right;\">*La tarifa para estudiantes aplica para programas de pre y pos grado<\/p>\n<p style=\"text-align: right;\">*Precios en pesos colombianos COP<\/p>\n<p style=\"text-align: right;\">*Para pagos en otras monedas, comun\u00edquese con <a href=\"http:\/\/inscripcion@vcongresocolombianodeornitologia.org\">inscripcion@vcongresocolombianodeornitologia.org<\/a><\/p>\n<p>Formas de pago:<\/p>\n<p><strong>CONSIGNACI\u00d3N EN EFECTIVO O CHEQUE<\/strong><\/p>\n<ol type=\"a\">\n<li>Desde una sucursal f\u00edsica de Bancolombia (efectivo y cheque)<\/li>\n<li>Desde un Corresponsal No Bancario CNB de Bancolombia (solo efectivo)<\/li>\n<\/ol>\n<p><strong>TRANSFERENCIA<\/strong><\/p>\n<ol type=\"a\">\n<li>Desde otra cuenta Bancolombia a trav\u00e9s de sucursal virtual, cajero, PAC o Corresponsal No Bancario CNB<\/li>\n<li>Desde una cuenta DIFERENTE a Bancolombia. Los costos, tiempos y condiciones ser\u00e1n establecidos por cada banco.<\/li>\n<\/ol>\n<p style=\"text-align: center;\"><strong>Cuenta de Ahorros Bancolombia a nombre de la Asociaci\u00f3n Colombiana de Ornitolog\u00eda ACO 19113323615 <\/strong><\/p>\n<p style=\"text-align: center;\"><strong>NIT 830118001<\/strong><\/p>\n<p>Una vez realizado el pago, env\u00ede el soporte al correo <a href=\"http:\/\/inscripcion@vcongresocolombianodeornitologia.org\">inscripcion@vcongresocolombianodeornitologia.org<\/a>\u00a0con los siguientes datos:<\/p>\n<ol type=\"1\">\n<li>Nombres y apellidos<\/li>\n<li>Tipo y n\u00famero de identificaci\u00f3n<\/li>\n<li>Email<\/li>\n<li>Indique si es estudiante o profesional. En caso de ser estudiante relacione programa e instituci\u00f3n. En caso de ser profesional indique en qu\u00e9 y la instituci\u00f3n\/empresa a la que pertenece<\/li>\n<li>Pa\u00eds\/ciudad<\/li>\n<li>Celular<\/li>\n<\/ol>\n<p><strong>NOTA:<\/strong>\u00a0Compare! Los valores actuales de membres\u00eda son:<br \/>\nEstudiante (pre y posgrado) $60.000<br \/>\nProfesional $100.000<\/p>\n<div id='gallery-1' class='gallery galleryid-12 gallery-columns-4 gallery-size-medium'><figure class='gallery-item'>\n\t\t\t<div class='gallery-icon landscape'>\n\t\t\t\t<img loading=\"lazy\" decoding=\"async\" width=\"300\" height=\"225\" src=\"https:\/\/asociacioncolombianadeornitologia.org\/vcongreso\/wp-content\/uploads\/2016\/02\/Phaetusa-symplex-Juliana-Zuluaga-300x225.jpeg\" class=\"attachment-medium size-medium\" alt=\"\" srcset=\"https:\/\/asociacioncolombianadeornitologia.org\/vcongreso\/wp-content\/uploads\/2016\/02\/Phaetusa-symplex-Juliana-Zuluaga-300x225.jpeg 300w, https:\/\/asociacioncolombianadeornitologia.org\/vcongreso\/wp-content\/uploads\/2016\/02\/Phaetusa-symplex-Juliana-Zuluaga.jpeg 320w\" sizes=\"(max-width: 300px) 100vw, 300px\" \/>\n\t\t\t<\/div><\/figure><figure class='gallery-item'>\n\t\t\t<div class='gallery-icon landscape'>\n\t\t\t\t<img loading=\"lazy\" decoding=\"async\" width=\"300\" height=\"225\" src=\"https:\/\/asociacioncolombianadeornitologia.org\/vcongreso\/wp-content\/uploads\/2016\/02\/Polioptila-plumbea-Juliana-Zuluaga-300x225.jpeg\" class=\"attachment-medium size-medium\" alt=\"\" srcset=\"https:\/\/asociacioncolombianadeornitologia.org\/vcongreso\/wp-content\/uploads\/2016\/02\/Polioptila-plumbea-Juliana-Zuluaga-300x225.jpeg 300w, https:\/\/asociacioncolombianadeornitologia.org\/vcongreso\/wp-content\/uploads\/2016\/02\/Polioptila-plumbea-Juliana-Zuluaga.jpeg 320w\" sizes=\"(max-width: 300px) 100vw, 300px\" \/>\n\t\t\t<\/div><\/figure><figure class='gallery-item'>\n\t\t\t<div class='gallery-icon landscape'>\n\t\t\t\t<img loading=\"lazy\" decoding=\"async\" width=\"300\" height=\"225\" src=\"https:\/\/asociacioncolombianadeornitologia.org\/vcongreso\/wp-content\/uploads\/2016\/02\/Tyrannus-savana-Juliana-Zuluaga-300x225.jpeg\" class=\"attachment-medium size-medium\" alt=\"\" srcset=\"https:\/\/asociacioncolombianadeornitologia.org\/vcongreso\/wp-content\/uploads\/2016\/02\/Tyrannus-savana-Juliana-Zuluaga-300x225.jpeg 300w, https:\/\/asociacioncolombianadeornitologia.org\/vcongreso\/wp-content\/uploads\/2016\/02\/Tyrannus-savana-Juliana-Zuluaga.jpeg 320w\" sizes=\"(max-width: 300px) 100vw, 300px\" \/>\n\t\t\t<\/div><\/figure><figure class='gallery-item'>\n\t\t\t<div class='gallery-icon landscape'>\n\t\t\t\t<img loading=\"lazy\" decoding=\"async\" width=\"300\" height=\"225\" src=\"https:\/\/asociacioncolombianadeornitologia.org\/vcongreso\/wp-content\/uploads\/2016\/02\/Arundinicola-leucocephala-Juliana-Zuluaga-300x225.jpeg\" class=\"attachment-medium size-medium\" alt=\"\" srcset=\"https:\/\/asociacioncolombianadeornitologia.org\/vcongreso\/wp-content\/uploads\/2016\/02\/Arundinicola-leucocephala-Juliana-Zuluaga-300x225.jpeg 300w, https:\/\/asociacioncolombianadeornitologia.org\/vcongreso\/wp-content\/uploads\/2016\/02\/Arundinicola-leucocephala-Juliana-Zuluaga.jpeg 320w\" sizes=\"(max-width: 300px) 100vw, 300px\" \/>\n\t\t\t<\/div><\/figure><figure class='gallery-item'>\n\t\t\t<div class='gallery-icon landscape'>\n\t\t\t\t<img loading=\"lazy\" decoding=\"async\" width=\"300\" height=\"225\" src=\"https:\/\/asociacioncolombianadeornitologia.org\/vcongreso\/wp-content\/uploads\/2016\/02\/Eurypyga-helias-Juliana-Zuluaga-300x225.jpeg\" class=\"attachment-medium size-medium\" alt=\"\" srcset=\"https:\/\/asociacioncolombianadeornitologia.org\/vcongreso\/wp-content\/uploads\/2016\/02\/Eurypyga-helias-Juliana-Zuluaga-300x225.jpeg 300w, https:\/\/asociacioncolombianadeornitologia.org\/vcongreso\/wp-content\/uploads\/2016\/02\/Eurypyga-helias-Juliana-Zuluaga.jpeg 320w\" sizes=\"(max-width: 300px) 100vw, 300px\" \/>\n\t\t\t<\/div><\/figure><figure class='gallery-item'>\n\t\t\t<div class='gallery-icon landscape'>\n\t\t\t\t<img loading=\"lazy\" decoding=\"async\" width=\"300\" height=\"225\" src=\"https:\/\/asociacioncolombianadeornitologia.org\/vcongreso\/wp-content\/uploads\/2016\/02\/Chloroceryle-amazona-Juliana-Zuluaga-300x225.jpeg\" class=\"attachment-medium size-medium\" alt=\"\" srcset=\"https:\/\/asociacioncolombianadeornitologia.org\/vcongreso\/wp-content\/uploads\/2016\/02\/Chloroceryle-amazona-Juliana-Zuluaga-300x225.jpeg 300w, https:\/\/asociacioncolombianadeornitologia.org\/vcongreso\/wp-content\/uploads\/2016\/02\/Chloroceryle-amazona-Juliana-Zuluaga.jpeg 320w\" sizes=\"(max-width: 300px) 100vw, 300px\" \/>\n\t\t\t<\/div><\/figure><figure class='gallery-item'>\n\t\t\t<div class='gallery-icon landscape'>\n\t\t\t\t<img loading=\"lazy\" decoding=\"async\" width=\"300\" height=\"225\" src=\"https:\/\/asociacioncolombianadeornitologia.org\/vcongreso\/wp-content\/uploads\/2016\/02\/Milvago-chimachima-Juliana-Zuluaga-300x225.jpeg\" class=\"attachment-medium size-medium\" alt=\"\" srcset=\"https:\/\/asociacioncolombianadeornitologia.org\/vcongreso\/wp-content\/uploads\/2016\/02\/Milvago-chimachima-Juliana-Zuluaga-300x225.jpeg 300w, https:\/\/asociacioncolombianadeornitologia.org\/vcongreso\/wp-content\/uploads\/2016\/02\/Milvago-chimachima-Juliana-Zuluaga.jpeg 320w\" sizes=\"(max-width: 300px) 100vw, 300px\" \/>\n\t\t\t<\/div><\/figure>\n\t\t<\/div>\n\n","protected":false},"excerpt":{"rendered":"<p>Recuerde que la membres\u00eda ACO est\u00e1 abierta a todas las personas interesadas en las aves colombianas y otorga descuento en la inscripci\u00f3n al congreso. Si est\u00e1 interesado en afiliarse, diligencie el siguiente FORMULARIO\u00a0y\u00a0pague la INSCRIPCI\u00d3N + MEMBRES\u00cdA para obtener el beneficio inmediatamente. DEL 1 DE SEPTIEMBRE AL INICIO DEL EVENTO &nbsp; Categor\u00eda Tarifas planas (Inscripci\u00f3n [&hellip;]<\/p>\n","protected":false},"author":1,"featured_media":0,"parent":0,"menu_order":0,"comment_status":"closed","ping_status":"closed","template":"","meta":{"footnotes":""},"_links":{"self":[{"href":"https:\/\/asociacioncolombianadeornitologia.org\/vcongreso\/wp-json\/wp\/v2\/pages\/12"}],"collection":[{"href":"https:\/\/asociacioncolombianadeornitologia.org\/vcongreso\/wp-json\/wp\/v2\/pages"}],"about":[{"href":"https:\/\/asociacioncolombianadeornitologia.org\/vcongreso\/wp-json\/wp\/v2\/types\/page"}],"author":[{"embeddable":true,"href":"https:\/\/asociacioncolombianadeornitologia.org\/vcongreso\/wp-json\/wp\/v2\/users\/1"}],"replies":[{"embeddable":true,"href":"https:\/\/asociacioncolombianadeornitologia.org\/vcongreso\/wp-json\/wp\/v2\/comments?post=12"}],"version-history":[{"count":32,"href":"https:\/\/asociacioncolombianadeornitologia.org\/vcongreso\/wp-json\/wp\/v2\/pages\/12\/revisions"}],"predecessor-version":[{"id":377,"href":"https:\/\/asociacioncolombianadeornitologia.org\/vcongreso\/wp-json\/wp\/v2\/pages\/12\/revisions\/377"}],"wp:attachment":[{"href":"https:\/\/asociacioncolombianadeornitologia.org\/vcongreso\/wp-json\/wp\/v2\/media?parent=12"}],"curies":[{"name":"wp","href":"https:\/\/api.w.org\/{rel}","templated":true}]}}