{"id":10,"date":"2016-02-07T18:19:36","date_gmt":"2016-02-07T23:19:36","guid":{"rendered":"http:\/\/asociacioncolombianadeornitologia.org\/vcongreso\/?page_id=10"},"modified":"2023-11-20T15:12:51","modified_gmt":"2023-11-20T20:12:51","slug":"programacion","status":"publish","type":"page","link":"https:\/\/asociacioncolombianadeornitologia.org\/vcongreso\/programacion\/","title":{"rendered":"Programaci\u00f3n"},"content":{"rendered":"<p style=\"text-align: center;\">El comit\u00e9 cient\u00edfico y organizador del V Congreso Colombiano de Ornitolog\u00eda ponen a disposici\u00f3n del p\u00fablico la programaci\u00f3n del evento y la lista final de trabajos incluidos.<\/p>\n<p style=\"text-align: center;\"><span style=\"color: #000000;\"><strong><a style=\"color: #000000;\" href=\"http:\/\/asociacioncolombianadeornitologia.org\/vcongreso\/wp-content\/uploads\/2016\/11\/Programa_VCCO.xlsx\" target=\"_blank\" rel=\"noopener\">Programaci\u00f3n versi\u00f3n Excel<\/a>\u00a0\u00a0<\/strong><strong><a style=\"color: #000000;\" href=\"http:\/\/asociacioncolombianadeornitologia.org\/vcongreso\/wp-content\/uploads\/2016\/11\/Programa_VCCO.pdf\" target=\"_blank\" rel=\"noopener\">Programaci\u00f3n versi\u00f3n PDF<\/a><\/strong><\/span><\/p>\n<p style=\"text-align: center;\"><span style=\"color: #000000;\"><strong><a style=\"color: #000000;\" href=\"http:\/\/asociacioncolombianadeornitologia.org\/vcongreso\/wp-content\/uploads\/2016\/11\/Lista-de-trabajos-VCCO.xlsx\" target=\"_blank\" rel=\"noopener\">Lista final de trabajos Excel<\/a>\u00a0\u00a0<\/strong><strong><a style=\"color: #000000;\" href=\"http:\/\/asociacioncolombianadeornitologia.org\/vcongreso\/wp-content\/uploads\/2016\/11\/Lista-de-trabajos-VCCO.pdf\" target=\"_blank\" rel=\"noopener\">Lista final de trabajos PDF<\/a><\/strong><\/span><\/p>\n<p style=\"text-align: center;\"><span style=\"color: #000000;\"><strong><a style=\"color: #000000;\" href=\"http:\/\/asociacioncolombianadeornitologia.org\/vcongreso\/wp-content\/uploads\/2016\/11\/Lista-por-auditorio-VCCO.xlsx\" target=\"_blank\" rel=\"noopener\">Lista de trabajos por Auditorio Excel<\/a><\/strong><\/span><\/p>\n<h2 style=\"text-align: center;\"><span style=\"color: #ff0000;\"><strong><a style=\"color: #ff0000;\" href=\"https:\/\/asociacioncolombianadeornitologia.org\/wp-content\/uploads\/2023\/11\/MEMORIAS-VCCO-2016-ISSN-2981-5495-en-linea.pdf\" target=\"_blank\" rel=\"noopener\">Libro de\u00a0<\/a><\/strong><\/span><span style=\"color: #ff0000;\"><b><u>res\u00famenes<\/u><\/b><\/span><\/h2>\n<p style=\"text-align: center;\"><strong>Pautas generales para la presentaci\u00f3n de trabajos (orales y cartel)\u00a0<a href=\"http:\/\/asociacioncolombianadeornitologia.org\/vcongreso\/wp-content\/uploads\/2016\/10\/VCCO-Pautas-generales-para-la-presentaci\u00f3n-de-trabajos.pdf\" target=\"_blank\" rel=\"noopener\">Haga click ac\u00e1<\/a><\/strong><\/p>\n<p><strong>COMIT\u00c9 CIENT\u00cdFICO<\/strong><\/p>\n<p style=\"text-align: left;\">En esta V edici\u00f3n del congreso, cada uno de los res\u00famenes en modalidad de poster y cartel, fue evaluado por dos pares; mientras que los trabajos sometidos a simposio fueron convocados y evaluados directamente por los coordinadores.<\/p>\n<p>En este sentido solo podemos expresar una enorme gratitud a todos los evaluadores, quienes soportaron varios correos y mensajes de asignaci\u00f3n de m\u00faltiples trabajos de los cerca de (250) que se presentaron para el congreso. Esta labor de evaluaci\u00f3n de res\u00famenes es siempre una labor voluntaria y desinteresada, que parte del compromiso individual con el desarrollo de una disciplina y de un pa\u00eds, pero tambi\u00e9n muestra un compromiso con el crecimiento de la comunidad de personas.<\/p>\n<p>El comit\u00e9 cient\u00edfico de evaluaci\u00f3n de res\u00famenes estuvo conformado por:<\/p>\n<p>Alejandro Rico<br \/>\nAndr\u00e9s Cuervo<br \/>\nFelipe Estela<br \/>\nGloria Lentijo<br \/>\nGustavo Kattan<br \/>\nGustavo Londo\u00f1o<br \/>\nHumberto \u00c1lvarez<br \/>\nJorge Avenda\u00f1o<br \/>\nJorge P\u00e9rez-Emman<br \/>\nJuan David Amaya<br \/>\nJuan Freile<br \/>\nJuan Pablo L\u00f3pez Ordo\u00f1ez<br \/>\nJuan Parra<br \/>\nLiliana Rosero<br \/>\nMarcia Mu\u00f1oz<br \/>\nMar\u00eda \u00c1ngela Echeverry-Galvis<br \/>\nMateo L\u00f3pez<br \/>\nMiguel Moreno<br \/>\nNatalia Guti\u00e9rrez-Pinto<br \/>\nNick Bayly<br \/>\nOscar Laverde Rodr\u00edguez<br \/>\nPaulo Pulgarin<br \/>\nSandra Arango<br \/>\nSergio Losada Prado<\/p>\n<p>Valentina G\u00f3mez<br \/>\nSergio A. Collazos Gonzalez \u00a0(apoyo log\u00edstico)<\/p>\n<p>Finalmente, un agradecimiento especial a\u00a0Maria \u00c1ngela Echeverry-Galvis y Miguel Moreno por su trabajo y\u00a0dedicaci\u00f3n\u00a0durante la\u00a0elaboraci\u00f3n del programa del congreso.<\/p>\n<p>Preguntas u observaciones:\u00a0inscripcion@vcongresocolombianodeornitologia.org<\/p>\n<div><\/div>\n<div class=\"align-center\"><\/div>\n","protected":false},"excerpt":{"rendered":"<p>El comit\u00e9 cient\u00edfico y organizador del V Congreso Colombiano de Ornitolog\u00eda ponen a disposici\u00f3n del p\u00fablico la programaci\u00f3n del evento y la lista final de trabajos incluidos. Programaci\u00f3n versi\u00f3n Excel\u00a0\u00a0Programaci\u00f3n versi\u00f3n PDF Lista final de trabajos Excel\u00a0\u00a0Lista final de trabajos PDF Lista de trabajos por Auditorio Excel Libro de\u00a0res\u00famenes Pautas generales para la presentaci\u00f3n de [&hellip;]<\/p>\n","protected":false},"author":1,"featured_media":0,"parent":0,"menu_order":0,"comment_status":"closed","ping_status":"closed","template":"","meta":{"footnotes":""},"_links":{"self":[{"href":"https:\/\/asociacioncolombianadeornitologia.org\/vcongreso\/wp-json\/wp\/v2\/pages\/10"}],"collection":[{"href":"https:\/\/asociacioncolombianadeornitologia.org\/vcongreso\/wp-json\/wp\/v2\/pages"}],"about":[{"href":"https:\/\/asociacioncolombianadeornitologia.org\/vcongreso\/wp-json\/wp\/v2\/types\/page"}],"author":[{"embeddable":true,"href":"https:\/\/asociacioncolombianadeornitologia.org\/vcongreso\/wp-json\/wp\/v2\/users\/1"}],"replies":[{"embeddable":true,"href":"https:\/\/asociacioncolombianadeornitologia.org\/vcongreso\/wp-json\/wp\/v2\/comments?post=10"}],"version-history":[{"count":38,"href":"https:\/\/asociacioncolombianadeornitologia.org\/vcongreso\/wp-json\/wp\/v2\/pages\/10\/revisions"}],"predecessor-version":[{"id":406,"href":"https:\/\/asociacioncolombianadeornitologia.org\/vcongreso\/wp-json\/wp\/v2\/pages\/10\/revisions\/406"}],"wp:attachment":[{"href":"https:\/\/asociacioncolombianadeornitologia.org\/vcongreso\/wp-json\/wp\/v2\/media?parent=10"}],"curies":[{"name":"wp","href":"https:\/\/api.w.org\/{rel}","templated":true}]}}