{"id":289,"date":"2016-08-26T16:16:56","date_gmt":"2016-08-26T21:16:56","guid":{"rendered":"http:\/\/asociacioncolombianadeornitologia.org\/vcongreso\/?page_id=289"},"modified":"2016-10-18T15:26:39","modified_gmt":"2016-10-18T20:26:39","slug":"becas","status":"publish","type":"page","link":"http:\/\/asociacioncolombianadeornitologia.org\/vcongreso\/becas\/","title":{"rendered":"Becas"},"content":{"rendered":"<p>El comit\u00e9 organizador del V\u00a0Congreso Colombiano de Ornitolog\u00eda agradece a todos aquellos que presentaron su postulaci\u00f3n para las becas ofrecidas. Encuentre a continuaci\u00f3n el listado final.<\/p>\n<p>Estimado becado, le informamos que la notificacion e instrucciones para legalizar su beca\u00a0fueron enviadas al correo electr\u00f3nico registrado. Es importante que confirme la recepci\u00f3n del mensaje y siga las instrucciones all\u00ed relacionadas.<\/p>\n<p style=\"text-align: center;\"><strong><a href=\"http:\/\/asociacioncolombianadeornitologia.org\/vcongreso\/wp-content\/uploads\/2016\/10\/VCCO-Lista-final-BECAS.xlsx\" target=\"_blank\">Listado final de becados<\/a><\/strong><\/p>\n<p>&nbsp;<\/p>\n<p>&nbsp;<\/p>\n<p>&nbsp;<\/p>\n<p>&nbsp;<\/p>\n<p>&nbsp;<\/p>\n","protected":false},"excerpt":{"rendered":"<p>El comit\u00e9 organizador del V\u00a0Congreso Colombiano de Ornitolog\u00eda agradece a todos aquellos que presentaron su postulaci\u00f3n para las becas ofrecidas. Encuentre a continuaci\u00f3n el listado final. Estimado becado, le informamos que la notificacion e instrucciones para legalizar su beca\u00a0fueron enviadas al correo electr\u00f3nico registrado. Es importante que confirme la recepci\u00f3n del mensaje y siga las [&hellip;]<\/p>\n","protected":false},"author":2,"featured_media":0,"parent":0,"menu_order":0,"comment_status":"closed","ping_status":"closed","template":"","meta":{"footnotes":""},"_links":{"self":[{"href":"http:\/\/asociacioncolombianadeornitologia.org\/vcongreso\/wp-json\/wp\/v2\/pages\/289"}],"collection":[{"href":"http:\/\/asociacioncolombianadeornitologia.org\/vcongreso\/wp-json\/wp\/v2\/pages"}],"about":[{"href":"http:\/\/asociacioncolombianadeornitologia.org\/vcongreso\/wp-json\/wp\/v2\/types\/page"}],"author":[{"embeddable":true,"href":"http:\/\/asociacioncolombianadeornitologia.org\/vcongreso\/wp-json\/wp\/v2\/users\/2"}],"replies":[{"embeddable":true,"href":"http:\/\/asociacioncolombianadeornitologia.org\/vcongreso\/wp-json\/wp\/v2\/comments?post=289"}],"version-history":[{"count":9,"href":"http:\/\/asociacioncolombianadeornitologia.org\/vcongreso\/wp-json\/wp\/v2\/pages\/289\/revisions"}],"predecessor-version":[{"id":326,"href":"http:\/\/asociacioncolombianadeornitologia.org\/vcongreso\/wp-json\/wp\/v2\/pages\/289\/revisions\/326"}],"wp:attachment":[{"href":"http:\/\/asociacioncolombianadeornitologia.org\/vcongreso\/wp-json\/wp\/v2\/media?parent=289"}],"curies":[{"name":"wp","href":"https:\/\/api.w.org\/{rel}","templated":true}]}}