{"id":280,"date":"2016-08-26T15:43:59","date_gmt":"2016-08-26T20:43:59","guid":{"rendered":"http:\/\/asociacioncolombianadeornitologia.org\/vcongreso\/?page_id=280"},"modified":"2016-08-26T15:55:15","modified_gmt":"2016-08-26T20:55:15","slug":"dr-alejandro-rico-guevara","status":"publish","type":"page","link":"http:\/\/asociacioncolombianadeornitologia.org\/vcongreso\/dr-alejandro-rico-guevara\/","title":{"rendered":"Dr. Alejandro Rico-Guevara"},"content":{"rendered":"<p><img loading=\"lazy\" decoding=\"async\" class=\"alignleft  wp-image-248\" src=\"http:\/\/asociacioncolombianadeornitologia.org\/vcongreso\/wp-content\/uploads\/2016\/08\/Alejandro-Rico-Guevara.jpg\" alt=\"dr-amanda-rodewald\" width=\"278\" height=\"189\" \/>Alejandro Rico Guevara es bi\u00f3logo de la U. Nacional y doctor de la U. de Connecticut. Ha estudiado colibr\u00edes durante 15 a\u00f1os, siguiendo la escuela de morfolog\u00eda funcional. Intenta establecer expl\u00edcitamente los enlaces entre mecanismos subyacentes (p.e. forma y funci\u00f3n) y fen\u00f3menos emergentes (p.e. desempe\u00f1o y patrones ecol\u00f3gicos). Ha escogido las aves nectar\u00edvoras como modelo de estudio para cuantificar la variaci\u00f3n en rasgos del aparato alimentario, su consecuente influencia en la eficiencia de aprovechamiento de recursos, e implicaciones en la partici\u00f3n ecol\u00f3gica y tendencias evolutivas. Estudiando desde mieleros australianos hasta playeros nectar\u00edvoros (!) en la polinesia francesa, ha difundido apreciaci\u00f3n por las maravillas del mundo natural en diversos documentales y medios masivos de comunicaci\u00f3n (p.e. entrevistado varias veces para el New York Times). Recientemente se convirti\u00f3 en el primer suramericano en recibir el Premio Pitelka a la excelencia en investigaci\u00f3n y en el segundo colombiano en obtener una beca Miller para investigaci\u00f3n postdoctoral en la U. de California \u2013 Berkeley.<\/p>\n","protected":false},"excerpt":{"rendered":"<p>Alejandro Rico Guevara es bi\u00f3logo de la U. Nacional y doctor de la U. de Connecticut. Ha estudiado colibr\u00edes durante 15 a\u00f1os, siguiendo la escuela de morfolog\u00eda funcional. Intenta establecer expl\u00edcitamente los enlaces entre mecanismos subyacentes (p.e. forma y funci\u00f3n) y fen\u00f3menos emergentes (p.e. desempe\u00f1o y patrones ecol\u00f3gicos). Ha escogido las aves nectar\u00edvoras como modelo [&hellip;]<\/p>\n","protected":false},"author":2,"featured_media":0,"parent":0,"menu_order":0,"comment_status":"closed","ping_status":"closed","template":"","meta":{"footnotes":""},"_links":{"self":[{"href":"http:\/\/asociacioncolombianadeornitologia.org\/vcongreso\/wp-json\/wp\/v2\/pages\/280"}],"collection":[{"href":"http:\/\/asociacioncolombianadeornitologia.org\/vcongreso\/wp-json\/wp\/v2\/pages"}],"about":[{"href":"http:\/\/asociacioncolombianadeornitologia.org\/vcongreso\/wp-json\/wp\/v2\/types\/page"}],"author":[{"embeddable":true,"href":"http:\/\/asociacioncolombianadeornitologia.org\/vcongreso\/wp-json\/wp\/v2\/users\/2"}],"replies":[{"embeddable":true,"href":"http:\/\/asociacioncolombianadeornitologia.org\/vcongreso\/wp-json\/wp\/v2\/comments?post=280"}],"version-history":[{"count":4,"href":"http:\/\/asociacioncolombianadeornitologia.org\/vcongreso\/wp-json\/wp\/v2\/pages\/280\/revisions"}],"predecessor-version":[{"id":287,"href":"http:\/\/asociacioncolombianadeornitologia.org\/vcongreso\/wp-json\/wp\/v2\/pages\/280\/revisions\/287"}],"wp:attachment":[{"href":"http:\/\/asociacioncolombianadeornitologia.org\/vcongreso\/wp-json\/wp\/v2\/media?parent=280"}],"curies":[{"name":"wp","href":"https:\/\/api.w.org\/{rel}","templated":true}]}}