{"id":263,"date":"2016-08-09T09:26:00","date_gmt":"2016-08-09T14:26:00","guid":{"rendered":"http:\/\/asociacioncolombianadeornitologia.org\/vcongreso\/?page_id=263"},"modified":"2016-08-09T09:26:31","modified_gmt":"2016-08-09T14:26:31","slug":"gustavo-kattan","status":"publish","type":"page","link":"http:\/\/asociacioncolombianadeornitologia.org\/vcongreso\/gustavo-kattan\/","title":{"rendered":"Dr. Gustavo Kattan"},"content":{"rendered":"<p><img loading=\"lazy\" decoding=\"async\" src=\"http:\/\/asociacioncolombianadeornitologia.org\/vcongreso\/wp-content\/uploads\/2016\/02\/dr-gustavo-kattan.jpg\" alt=\"dr-gustavo-kattan\" width=\"200\" height=\"227\" class=\"alignleft size-full wp-image-250\" \/><br \/>\nGustavo Kattan es bi\u00f3logo de la Universidad del Valle y obtuvo sus t\u00edtulos de maestr\u00eda y doctorado en la Universidad de Florida en Gainesville, EE. UU. Ha dedicado los m\u00e1s de 30 a\u00f1os de su vida profesional al estudio y la conservaci\u00f3n de la biota neotropical. Sus intereses de investigaci\u00f3n son amplios y abarcan desde el estudio de la ecolog\u00eda conductual y fisiol\u00f3gica a nivel organ\u00edsmico, hasta la ecolog\u00eda de poblaciones y comunidades en distintas escalas espaciotemporales. Sus organismos favoritos son las aves, pero tambi\u00e9n le interesan otros vertebrados y algunos invertebrados. Su investigaci\u00f3n en los \u00faltimos a\u00f1os se ha enfocado en entender c\u00f3mo diversos factores ec\u00f3logicos, como la distribuci\u00f3n y abundancia de recursos y los patrones de uso de h\u00e1bitat, afectan la estructura y din\u00e1mica de las poblaciones en el espacio y el tiempo. Estos aspectos son cruciales para la conservaci\u00f3n de especies amenazadas y en general de la biodiversidad, pues la estructura y din\u00e1mica de las comunidades resultan de la superposici\u00f3n de estos procesos a nivel poblacional. Durante 14 a\u00f1os trabaj\u00f3 con el Programa de Colombia de Wildlife Conservation Society, desde el cual lider\u00f3 un programa de investigaci\u00f3n, capacitaci\u00f3n y planificaci\u00f3n para la conservaci\u00f3n. Actualmente es profesor en el Departamento de Ciencias Naturales y Matem\u00e1ticas de la Pontificia Universidad Javeriana de Cali.<\/p>\n","protected":false},"excerpt":{"rendered":"<p>Gustavo Kattan es bi\u00f3logo de la Universidad del Valle y obtuvo sus t\u00edtulos de maestr\u00eda y doctorado en la Universidad de Florida en Gainesville, EE. UU. Ha dedicado los m\u00e1s de 30 a\u00f1os de su vida profesional al estudio y la conservaci\u00f3n de la biota neotropical. Sus intereses de investigaci\u00f3n son amplios y abarcan desde [&hellip;]<\/p>\n","protected":false},"author":1,"featured_media":0,"parent":0,"menu_order":0,"comment_status":"closed","ping_status":"closed","template":"","meta":{"footnotes":""},"_links":{"self":[{"href":"http:\/\/asociacioncolombianadeornitologia.org\/vcongreso\/wp-json\/wp\/v2\/pages\/263"}],"collection":[{"href":"http:\/\/asociacioncolombianadeornitologia.org\/vcongreso\/wp-json\/wp\/v2\/pages"}],"about":[{"href":"http:\/\/asociacioncolombianadeornitologia.org\/vcongreso\/wp-json\/wp\/v2\/types\/page"}],"author":[{"embeddable":true,"href":"http:\/\/asociacioncolombianadeornitologia.org\/vcongreso\/wp-json\/wp\/v2\/users\/1"}],"replies":[{"embeddable":true,"href":"http:\/\/asociacioncolombianadeornitologia.org\/vcongreso\/wp-json\/wp\/v2\/comments?post=263"}],"version-history":[{"count":1,"href":"http:\/\/asociacioncolombianadeornitologia.org\/vcongreso\/wp-json\/wp\/v2\/pages\/263\/revisions"}],"predecessor-version":[{"id":264,"href":"http:\/\/asociacioncolombianadeornitologia.org\/vcongreso\/wp-json\/wp\/v2\/pages\/263\/revisions\/264"}],"wp:attachment":[{"href":"http:\/\/asociacioncolombianadeornitologia.org\/vcongreso\/wp-json\/wp\/v2\/media?parent=263"}],"curies":[{"name":"wp","href":"https:\/\/api.w.org\/{rel}","templated":true}]}}