{"id":241,"date":"2016-08-05T11:07:59","date_gmt":"2016-08-05T16:07:59","guid":{"rendered":"http:\/\/asociacioncolombianadeornitologia.org\/vcongreso\/?page_id=241"},"modified":"2016-08-05T11:08:54","modified_gmt":"2016-08-05T16:08:54","slug":"telemetria","status":"publish","type":"page","link":"http:\/\/asociacioncolombianadeornitologia.org\/vcongreso\/telemetria\/","title":{"rendered":"Telemetr\u00eda"},"content":{"rendered":"<p><strong>Objetivo:\u00a0<\/strong><\/p>\n<p>Adquirir las herramientas necesarias para obtener el m\u00e1ximo provecho al equipo de telemetr\u00eda de radio transmisi\u00f3n de VHF \u00f3 GPS con env\u00edo de datos en forma remota terrestre y satelital.<\/p>\n<p><strong>Dirigido a:<\/strong><\/p>\n<p>Estudiantes y profesionales de las ciencias biol\u00f3gicas o afines a la ornitolog\u00eda<\/p>\n<p><strong>Contenido estimado:\u00a0<\/strong><\/p>\n<p>1. Historia y legislaci\u00f3n nacional<\/p>\n<p>2. Comparaci\u00f3n de tecnolog\u00edas disponibles en el mercado, su funcionamiento, ventajas y desventajas<\/p>\n<p>3. Principios te\u00f3ricos sobre el funcionamiento de radio transmisi\u00f3n y recepci\u00f3n (VHF) (demostraci\u00f3n breve con videos y pr\u00e1ctica con Receptor, Antena y Transmisor VHF<\/p>\n<p>4. Demostraci\u00f3n breve y pr\u00e1ctica con v\u00eddeos en sal\u00f3n con tableta y equipo GPS (Telenax), creaci\u00f3n de itinerario de tomas de posiciones GPS y env\u00edo de datos (Bluetooth) que incluye a) Programaci\u00f3n de un equipo GPS; b) Proceso de inicializaci\u00f3n; c) Obtenci\u00f3n remota de datos.<\/p>\n<p>En total ser\u00e1n 2 horas de\u00a0presentaciones \u00a0y 2 horas de practica demostrativa en la fijaci\u00f3n de transmisores de telemetr\u00eda a \u201cmodelo\u201d animal de ave y una pr\u00e1ctica de b\u00fasqueda breve de un transmisor VHF con receptor y antena Yagi VHF en \u201ccampo\u201d en el Jard\u00edn Bot\u00e1nico de Medell\u00edn (no incluye transporte).<\/p>\n<p><strong>Responsable:\u00a0<\/strong><\/p>\n<p>Robin Andr\u00e9s Poches Franco, MVZ, MSc<\/p>\n","protected":false},"excerpt":{"rendered":"<p>Objetivo:\u00a0 Adquirir las herramientas necesarias para obtener el m\u00e1ximo provecho al equipo de telemetr\u00eda de radio transmisi\u00f3n de VHF \u00f3 GPS con env\u00edo de datos en forma remota terrestre y satelital. Dirigido a: Estudiantes y profesionales de las ciencias biol\u00f3gicas o afines a la ornitolog\u00eda Contenido estimado:\u00a0 1. Historia y legislaci\u00f3n nacional 2. Comparaci\u00f3n de [&hellip;]<\/p>\n","protected":false},"author":2,"featured_media":0,"parent":0,"menu_order":0,"comment_status":"closed","ping_status":"closed","template":"","meta":{"footnotes":""},"_links":{"self":[{"href":"http:\/\/asociacioncolombianadeornitologia.org\/vcongreso\/wp-json\/wp\/v2\/pages\/241"}],"collection":[{"href":"http:\/\/asociacioncolombianadeornitologia.org\/vcongreso\/wp-json\/wp\/v2\/pages"}],"about":[{"href":"http:\/\/asociacioncolombianadeornitologia.org\/vcongreso\/wp-json\/wp\/v2\/types\/page"}],"author":[{"embeddable":true,"href":"http:\/\/asociacioncolombianadeornitologia.org\/vcongreso\/wp-json\/wp\/v2\/users\/2"}],"replies":[{"embeddable":true,"href":"http:\/\/asociacioncolombianadeornitologia.org\/vcongreso\/wp-json\/wp\/v2\/comments?post=241"}],"version-history":[{"count":3,"href":"http:\/\/asociacioncolombianadeornitologia.org\/vcongreso\/wp-json\/wp\/v2\/pages\/241\/revisions"}],"predecessor-version":[{"id":244,"href":"http:\/\/asociacioncolombianadeornitologia.org\/vcongreso\/wp-json\/wp\/v2\/pages\/241\/revisions\/244"}],"wp:attachment":[{"href":"http:\/\/asociacioncolombianadeornitologia.org\/vcongreso\/wp-json\/wp\/v2\/media?parent=241"}],"curies":[{"name":"wp","href":"https:\/\/api.w.org\/{rel}","templated":true}]}}