{"id":235,"date":"2016-08-05T10:39:23","date_gmt":"2016-08-05T15:39:23","guid":{"rendered":"http:\/\/asociacioncolombianadeornitologia.org\/vcongreso\/?page_id=235"},"modified":"2016-08-05T10:39:23","modified_gmt":"2016-08-05T15:39:23","slug":"analisis-de-redes-mutualistas-planta-animal","status":"publish","type":"page","link":"http:\/\/asociacioncolombianadeornitologia.org\/vcongreso\/analisis-de-redes-mutualistas-planta-animal\/","title":{"rendered":"An\u00e1lisis de redes mutualistas planta-animal"},"content":{"rendered":"<p><strong>Objetivo del curso<\/strong><\/p>\n<p>Ofrecer herramientas te\u00f3ricas y pr\u00e1cticas\u00a0enfocadas al an\u00e1lisis, interpretaci\u00f3n y evaluaci\u00f3n de redes de \u00a0interacciones\u00a0mutualistas. El curso se centrar\u00e1 principalmente en redes mutualistas (e.g.\u00a0polinizaci\u00f3n, frugivor\u00eda-dispersi\u00f3n), bas\u00e1ndonos en las m\u00e9tricas o par\u00e1metros\u00a0que las definen, su modelaci\u00f3n y potencial aplicaci\u00f3n a estudios ecol\u00f3gicos.<\/p>\n<p><strong>P\u00fablico objetivo<\/strong><\/p>\n<p>Alumnos de grado avanzado tanto de pregrado como de\u00a0posgrado en \u00e1reas afines a la ecolog\u00eda, biolog\u00eda, ciencias ambientales;\u00a0estudiantes de maestr\u00eda, doctorado o cualquier investigador interesado en el\u00a0an\u00e1lisis de redes de interacciones mutualistas planta-animal.<\/p>\n<p><strong>Contenido estimado<\/strong><\/p>\n<p>Hora: 9:00 am \u2013 9:45 am<br \/>\n1. Introducci\u00f3n a las redes ecol\u00f3gicas<br \/>\na. Historia y uso en ecolog\u00eda \u00bfDesde cu\u00e1ndo, c\u00f3mo y para qu\u00e9 el uso de\u00a0redes?<br \/>\nb. Caracter\u00edsticas generales de las redes mutualistas<br \/>\nc. Mecanismos ecol\u00f3gicos y evolutivos responsables del ensamble de\u00a0especies<\/p>\n<p>Hora: 10:00 am \u2013 12:00 am<br \/>\n2. R y Bipartite package. Casos pr\u00e1cticos<br \/>\na. Introducci\u00f3n de R como software<br \/>\nb. Elaboraci\u00f3n de matrices de interacci\u00f3n a partir de datos emp\u00edricos, y\u00a0estimaci\u00f3n de \u00edndices a nivel de especie, nivel de grupo y a nivel de\u00a0comunidad. Matrices cualitativas y cuantitativas.<br \/>\nc. Interpretaci\u00f3n de las distintas m\u00e9tricas<br \/>\nd. Representaciones gr\u00e1ficas de redes mutualistas<\/p>\n<p>Hora: 1:00 pm \u2013 1:45 pm<br \/>\n3. Redes en un contexto ecol\u00f3gico<br \/>\na. Gradientes<br \/>\nb. Comparaciones latitudinales<br \/>\nc. Diversidad Funcional<br \/>\nd. Variaciones espacio-temporales<br \/>\ne. Conservaci\u00f3n y efectos funcionales<\/p>\n<p>Hora: 2: pm \u2013 2:45 pm<br \/>\n4. Simulaci\u00f3n de p\u00e9rdida de especies<br \/>\na. Implicaciones funcionales tras extinciones deterministas. Ejemplo\u00a0pr\u00e1ctico<\/p>\n<p>Hora: 3:00 pm \u2013 3:45 pm<br \/>\n5. Redes y nuevas tendencias<br \/>\na. Direcciones prioritarias para investigaciones futuras<br \/>\nb. Liderar una discusi\u00f3n sobre las publicaciones m\u00e1s recientes sobre\u00a0redes ecol\u00f3gicas<\/p>\n<p>Hora: 4:00 pm \u2013 5:00 pm<br \/>\n6. Discusi\u00f3n con los participantes sobre sus proyectos, ideas o inquietudes<br \/>\n7. \u201cFeedback\u201d y evaluaci\u00f3n del curso<br \/>\n5:00 pm fin del curso<\/p>\n<p><strong>Personas a cargo<\/strong><\/p>\n<p>Marcia Carolina Mu\u00f1oz Neyra (M. Sc. y estudiante de Doctorado)<br \/>\nSenckenberg Biodiversity and Climate Research Centre (BiK-F),\u00a0Frankfurt (Main) y Goethe University, Alemania<\/p>\n<p>Isabel Donoso Cuadrado (M. Sc. y estudiante de Doctorado)<br \/>\nUniversidad de Oviedo &amp; Unidad Mixta de Investigaci\u00f3n a la\u00a0Biodiversidad (UMIB, CSIC-UO-PA), Oviedo, Espa\u00f1a<\/p>\n","protected":false},"excerpt":{"rendered":"<p>Objetivo del curso Ofrecer herramientas te\u00f3ricas y pr\u00e1cticas\u00a0enfocadas al an\u00e1lisis, interpretaci\u00f3n y evaluaci\u00f3n de redes de \u00a0interacciones\u00a0mutualistas. El curso se centrar\u00e1 principalmente en redes mutualistas (e.g.\u00a0polinizaci\u00f3n, frugivor\u00eda-dispersi\u00f3n), bas\u00e1ndonos en las m\u00e9tricas o par\u00e1metros\u00a0que las definen, su modelaci\u00f3n y potencial aplicaci\u00f3n a estudios ecol\u00f3gicos. P\u00fablico objetivo Alumnos de grado avanzado tanto de pregrado como de\u00a0posgrado en [&hellip;]<\/p>\n","protected":false},"author":2,"featured_media":0,"parent":0,"menu_order":0,"comment_status":"closed","ping_status":"closed","template":"","meta":{"footnotes":""},"_links":{"self":[{"href":"http:\/\/asociacioncolombianadeornitologia.org\/vcongreso\/wp-json\/wp\/v2\/pages\/235"}],"collection":[{"href":"http:\/\/asociacioncolombianadeornitologia.org\/vcongreso\/wp-json\/wp\/v2\/pages"}],"about":[{"href":"http:\/\/asociacioncolombianadeornitologia.org\/vcongreso\/wp-json\/wp\/v2\/types\/page"}],"author":[{"embeddable":true,"href":"http:\/\/asociacioncolombianadeornitologia.org\/vcongreso\/wp-json\/wp\/v2\/users\/2"}],"replies":[{"embeddable":true,"href":"http:\/\/asociacioncolombianadeornitologia.org\/vcongreso\/wp-json\/wp\/v2\/comments?post=235"}],"version-history":[{"count":1,"href":"http:\/\/asociacioncolombianadeornitologia.org\/vcongreso\/wp-json\/wp\/v2\/pages\/235\/revisions"}],"predecessor-version":[{"id":236,"href":"http:\/\/asociacioncolombianadeornitologia.org\/vcongreso\/wp-json\/wp\/v2\/pages\/235\/revisions\/236"}],"wp:attachment":[{"href":"http:\/\/asociacioncolombianadeornitologia.org\/vcongreso\/wp-json\/wp\/v2\/media?parent=235"}],"curies":[{"name":"wp","href":"https:\/\/api.w.org\/{rel}","templated":true}]}}