{"id":221,"date":"2016-08-03T21:35:09","date_gmt":"2016-08-04T02:35:09","guid":{"rendered":"http:\/\/asociacioncolombianadeornitologia.org\/vcongreso\/?page_id=221"},"modified":"2016-09-02T13:21:33","modified_gmt":"2016-09-02T18:21:33","slug":"determinacion-de-la-edad-e-identificacion-de-estrategias-de-muda-en-passeriformes-neotropicales","status":"publish","type":"page","link":"http:\/\/asociacioncolombianadeornitologia.org\/vcongreso\/determinacion-de-la-edad-e-identificacion-de-estrategias-de-muda-en-passeriformes-neotropicales\/","title":{"rendered":"Determinaci\u00f3n de la edad e identificaci\u00f3n de estrategias de muda en Passeriformes neotropicales"},"content":{"rendered":"<p><img loading=\"lazy\" decoding=\"async\" class=\"size-medium wp-image-222 aligncenter\" src=\"http:\/\/asociacioncolombianadeornitologia.org\/vcongreso\/wp-content\/uploads\/2016\/08\/Formicivora_grisea-300x225.jpg\" alt=\"Formicivora_grisea\" width=\"300\" height=\"225\" srcset=\"http:\/\/asociacioncolombianadeornitologia.org\/vcongreso\/wp-content\/uploads\/2016\/08\/Formicivora_grisea-300x225.jpg 300w, http:\/\/asociacioncolombianadeornitologia.org\/vcongreso\/wp-content\/uploads\/2016\/08\/Formicivora_grisea-768x576.jpg 768w, http:\/\/asociacioncolombianadeornitologia.org\/vcongreso\/wp-content\/uploads\/2016\/08\/Formicivora_grisea-1024x768.jpg 1024w\" sizes=\"(max-width: 300px) 100vw, 300px\" \/><\/p>\n<p><strong>Instructores: <\/strong><\/p>\n<p>Miguel Moreno Palacios \u2013 Universidad de Ibagu\u00e9<\/p>\n<p>Diego Carant\u00f3n \u2013 Universidad Nacional<\/p>\n<p>Nick Bayly &#8211; Selva<\/p>\n<p><strong>\u00a0<\/strong><strong>Dirigido a:<\/strong><\/p>\n<p>El curso se encuentra dirigido a estudiantes y profesionales que adelanten investigaciones que requieran el uso de categor\u00edas de edad. En general, a personas que trabajen en temas de ecolog\u00eda de poblaciones, ciclos de vida, ciclos de muda, entre otros.<\/p>\n<p>La secci\u00f3n pr\u00e1ctica del curso ser\u00e1 desarrollada con espec\u00edmenes de colecci\u00f3n, por lo cual no se requiere experiencia en t\u00e9cnicas de manipulaci\u00f3n y anillamiento de aves, ni manejo de redes de niebla.<\/p>\n<p>&nbsp;<\/p>\n<p><strong>Estrategia:<\/strong> Charla magistral, discusiones, taller en colecci\u00f3n de referencia (UdeA), material de lectura complementario.<\/p>\n<p><strong>Introducci\u00f3n<\/strong><\/p>\n<p>Las estrategias de muda (<em>sensu<\/em> Howell et al. 2003) son el concepto que incorpora todos patrones conocidos de sucesi\u00f3n del plumaje y su estudio proporciona un marco para el an\u00e1lisis y comparaci\u00f3n de los ciclos de muda en las aves. La informaci\u00f3n suministrada por las estrategias de muda es de importancia para la comprensi\u00f3n de las historias de vida de las aves, debido a las interacciones que se presentan con otros ciclos como la reproducci\u00f3n o la migraci\u00f3n. Adicionalmente, la descripci\u00f3n de la muda y el plumaje ha sido de gran utilidad para la determinaci\u00f3n de la edad en aves de zonas templadas, lo que ha permitido el estudio de una variedad de aspectos de la biolog\u00eda y ecolog\u00eda de las aves.<\/p>\n<p>A pesar de su relevancia, el estudio de la muda y el plumaje en aves neotropicales es a\u00fan limitado, lo que retrasa el uso de categor\u00edas de edad apropiadas e impide el an\u00e1lisis y comparaci\u00f3n de sus ciclos de vida<\/p>\n<p>En este contexto el curso brindar\u00e1 una introducci\u00f3n sobre herramientas te\u00f3ricas y pr\u00e1cticas necesarias para la determinaci\u00f3n de la edad y el estudio de las estrategias de muda en Passeriformes de la regi\u00f3n, con el uso del sistema WRP (Wolfe et al. 2010)<\/p>\n<p><strong>Objetivos del curso<\/strong><\/p>\n<p>Presentar una revisi\u00f3n b\u00e1sica de los elementos te\u00f3ricos y pr\u00e1cticos requeridos para la determinaci\u00f3n de la edad y estrategias de muda en Passeriformes neotropicales.<\/p>\n<p>Demostrar la utilidad de las colecciones biol\u00f3gicas para la descripci\u00f3n de patrones de muda y plumaje.<\/p>\n<p>Incentivar a los participantes al estudio de los patrones de muda y plumaje en aves colombianas<\/p>\n<p>&nbsp;<\/p>\n<p><strong>8:00-12:00 &#8211; Jornada ma\u00f1ana (Conceptos y discusi\u00f3n)<\/strong><\/p>\n<p>-Introducci\u00f3n al curso<\/p>\n<p>-Nomenclatura y terminolog\u00eda de muda y plumaje.<\/p>\n<ul>\n<li>Conceptos b\u00e1sicos. Caracter\u00edsticas de plumas juveniles y adultas<\/li>\n<li>Tipo y extensi\u00f3n de la muda. L\u00edmite de muda (Pyle 1997).<\/li>\n<li>Ciclos de muda (Humphrey y Parkes 1959, Howell et al. 2003).<\/li>\n<li>Estrategias de muda (Howell et al. 2003).<\/li>\n<li>Ciclo de vida<\/li>\n<\/ul>\n<p>-Sistema de clasificaci\u00f3n de edades basado en ciclos de muda WRP (Wolfe et al. 2010)<\/p>\n<p>&#8211; \u00bfQu\u00e9 sabemos sobre las estrategias de muda en Passeriformes neotropicales?<\/p>\n<p>&#8211; Preguntas y discusi\u00f3n<\/p>\n<p><strong>14:00-17:00 &#8211; Jornada tarde (taller en colecci\u00f3n)<\/strong><\/p>\n<p>Organizaci\u00f3n en grupos de cuatro personas.<\/p>\n<p>Cada grupo trabajar\u00e1 con algunos ejemplares (n \u226510) para tres especies de una misma familia de Passeriformes.<\/p>\n<p>Se practicar\u00e1 la identificaci\u00f3n de l\u00edmites de muda y se revisar\u00e1n las caracter\u00edsticas del plumaje discutidas en la ma\u00f1ana.<\/p>\n<p>Se realizar\u00e1 la descripci\u00f3n de la extensi\u00f3n de la muda y determinaci\u00f3n de la edad bajo el sistema WRP, as\u00ed como identificaci\u00f3n de la estrategia de muda.<\/p>\n<p>Al final de la pr\u00e1ctica cada grupo tendr\u00e1 10 minutos para presentar los resultados a los dem\u00e1s.<\/p>\n<p><strong>Certificaci\u00f3n<\/strong><\/p>\n<p>Los asistentes recibir\u00e1n un certificado de asistencia al curso.<\/p>\n<p><img loading=\"lazy\" decoding=\"async\" class=\"wp-image-312 alignleft\" src=\"http:\/\/asociacioncolombianadeornitologia.org\/vcongreso\/wp-content\/uploads\/2016\/08\/SELVA-241x300.jpg\" alt=\"SELVA\" width=\"91\" height=\"113\" \/><img loading=\"lazy\" decoding=\"async\" class=\"wp-image-311 alignright\" src=\"http:\/\/asociacioncolombianadeornitologia.org\/vcongreso\/wp-content\/uploads\/2016\/08\/NABC2-300x300.jpg\" alt=\"NABC2\" width=\"117\" height=\"117\" srcset=\"http:\/\/asociacioncolombianadeornitologia.org\/vcongreso\/wp-content\/uploads\/2016\/08\/NABC2-300x300.jpg 300w, http:\/\/asociacioncolombianadeornitologia.org\/vcongreso\/wp-content\/uploads\/2016\/08\/NABC2-150x150.jpg 150w, http:\/\/asociacioncolombianadeornitologia.org\/vcongreso\/wp-content\/uploads\/2016\/08\/NABC2.jpg 400w\" sizes=\"(max-width: 117px) 100vw, 117px\" \/><\/p>\n","protected":false},"excerpt":{"rendered":"<p>Instructores: Miguel Moreno Palacios \u2013 Universidad de Ibagu\u00e9 Diego Carant\u00f3n \u2013 Universidad Nacional Nick Bayly &#8211; Selva \u00a0Dirigido a: El curso se encuentra dirigido a estudiantes y profesionales que adelanten investigaciones que requieran el uso de categor\u00edas de edad. En general, a personas que trabajen en temas de ecolog\u00eda de poblaciones, ciclos de vida, ciclos [&hellip;]<\/p>\n","protected":false},"author":2,"featured_media":0,"parent":0,"menu_order":0,"comment_status":"closed","ping_status":"closed","template":"","meta":{"footnotes":""},"_links":{"self":[{"href":"http:\/\/asociacioncolombianadeornitologia.org\/vcongreso\/wp-json\/wp\/v2\/pages\/221"}],"collection":[{"href":"http:\/\/asociacioncolombianadeornitologia.org\/vcongreso\/wp-json\/wp\/v2\/pages"}],"about":[{"href":"http:\/\/asociacioncolombianadeornitologia.org\/vcongreso\/wp-json\/wp\/v2\/types\/page"}],"author":[{"embeddable":true,"href":"http:\/\/asociacioncolombianadeornitologia.org\/vcongreso\/wp-json\/wp\/v2\/users\/2"}],"replies":[{"embeddable":true,"href":"http:\/\/asociacioncolombianadeornitologia.org\/vcongreso\/wp-json\/wp\/v2\/comments?post=221"}],"version-history":[{"count":3,"href":"http:\/\/asociacioncolombianadeornitologia.org\/vcongreso\/wp-json\/wp\/v2\/pages\/221\/revisions"}],"predecessor-version":[{"id":313,"href":"http:\/\/asociacioncolombianadeornitologia.org\/vcongreso\/wp-json\/wp\/v2\/pages\/221\/revisions\/313"}],"wp:attachment":[{"href":"http:\/\/asociacioncolombianadeornitologia.org\/vcongreso\/wp-json\/wp\/v2\/media?parent=221"}],"curies":[{"name":"wp","href":"https:\/\/api.w.org\/{rel}","templated":true}]}}