{"id":217,"date":"2016-08-03T21:13:11","date_gmt":"2016-08-04T02:13:11","guid":{"rendered":"http:\/\/asociacioncolombianadeornitologia.org\/vcongreso\/?page_id=217"},"modified":"2016-08-03T21:13:11","modified_gmt":"2016-08-04T02:13:11","slug":"modelaton-de-distribuciones-de-aves-en-biomodelos","status":"publish","type":"page","link":"http:\/\/asociacioncolombianadeornitologia.org\/vcongreso\/modelaton-de-distribuciones-de-aves-en-biomodelos\/","title":{"rendered":"Modelat\u00f3n de distribuciones de aves en BioModelos"},"content":{"rendered":"<p style=\"text-align: justify;\"><img loading=\"lazy\" decoding=\"async\" class=\"size-medium wp-image-218 aligncenter\" src=\"http:\/\/asociacioncolombianadeornitologia.org\/vcongreso\/wp-content\/uploads\/2016\/08\/Imagen-biomodelos-220x300.jpg\" alt=\"Imagen biomodelos\" width=\"220\" height=\"300\" srcset=\"http:\/\/asociacioncolombianadeornitologia.org\/vcongreso\/wp-content\/uploads\/2016\/08\/Imagen-biomodelos-220x300.jpg 220w, http:\/\/asociacioncolombianadeornitologia.org\/vcongreso\/wp-content\/uploads\/2016\/08\/Imagen-biomodelos-768x1047.jpg 768w, http:\/\/asociacioncolombianadeornitologia.org\/vcongreso\/wp-content\/uploads\/2016\/08\/Imagen-biomodelos-751x1024.jpg 751w, http:\/\/asociacioncolombianadeornitologia.org\/vcongreso\/wp-content\/uploads\/2016\/08\/Imagen-biomodelos.jpg 880w\" sizes=\"(max-width: 220px) 100vw, 220px\" \/><\/p>\n<p style=\"text-align: justify;\">BioModelos es una aplicaci\u00f3n web que provee acceso libre y abierto a mapas de distribuci\u00f3n de especies generados a trav\u00e9s del mapeo colaborativo de distribuciones de especies por expertos. Este taller busca vincular a investigadores del gremio ornitol\u00f3gico a BioModelos, particularmente a los grupos de expertos en aves o aves acu\u00e1ticas, a trav\u00e9s del desarrollo de una presentaci\u00f3n de la herramienta y su participaci\u00f3n activa en la validaci\u00f3n de la informaci\u00f3n presente en la misma, con \u00e9nfasis en especies frecuentemente registradas. Como resultado de la actividad esperamos lograr una socializaci\u00f3n efectiva de la herramienta as\u00ed como la generaci\u00f3n colaborativa de mapas de distribuci\u00f3n de las especies que se trabajen en el taller para su publicaci\u00f3n en BioModelos y en un libro electr\u00f3nico, con la autor\u00eda de quienes participen del taller.<\/p>\n<p style=\"text-align: justify;\">Los interesados en participar del taller deber\u00e1n manifestar su inter\u00e9s por medio de correo electr\u00f3nico enviado a <a href=\"mailto:biomodelos@humboldt.org.co\">biomodelos@humboldt.org.co<\/a>, con una breve rese\u00f1a de las especies o grupos de especies sobre los cuales podr\u00eda contribuir al desarrollo de mapas de distribuci\u00f3n. Estudiantes de pregrado o postgrado podr\u00e1n aplicar a una beca media o completa para cubrir los gastos de inscripci\u00f3n al congreso mediante una carta de intenci\u00f3n en la que expresen que los motiva a participar en el taller, c\u00f3mo pueden aportar y justifiquen la necesidad de una beca total o parcial. Se otorgar\u00e1n un m\u00e1ximo de 15 medias becas. Se dar\u00e1 valorar\u00e1n preferencialmente de aquellos asistentes con ponencias sometidas al congreso (enviar resumen), aplicaciones de socios ACO y usuarios registrados en BioModelos en los grupos de Aves de Colombia o Aves Acu\u00e1ticas de Colombia (el registro es libre en <a href=\"http:\/\/biomodelos.humboldt.org.co\/users\/sign_up\">http:\/\/biomodelos.humboldt.org.co\/users\/sign_up<\/a>).<\/p>\n<p style=\"text-align: justify;\">Los asistentes deber\u00e1n llevar un computador port\u00e1til (no Tablet o smartphone) para el desarrollo de la actividad. La fecha l\u00edmite para la recepci\u00f3n de aplicaciones a becas es el <strong>22 de Agosto de 2016<\/strong>.<\/p>\n","protected":false},"excerpt":{"rendered":"<p>BioModelos es una aplicaci\u00f3n web que provee acceso libre y abierto a mapas de distribuci\u00f3n de especies generados a trav\u00e9s del mapeo colaborativo de distribuciones de especies por expertos. Este taller busca vincular a investigadores del gremio ornitol\u00f3gico a BioModelos, particularmente a los grupos de expertos en aves o aves acu\u00e1ticas, a trav\u00e9s del desarrollo [&hellip;]<\/p>\n","protected":false},"author":2,"featured_media":0,"parent":0,"menu_order":0,"comment_status":"closed","ping_status":"closed","template":"","meta":{"footnotes":""},"_links":{"self":[{"href":"http:\/\/asociacioncolombianadeornitologia.org\/vcongreso\/wp-json\/wp\/v2\/pages\/217"}],"collection":[{"href":"http:\/\/asociacioncolombianadeornitologia.org\/vcongreso\/wp-json\/wp\/v2\/pages"}],"about":[{"href":"http:\/\/asociacioncolombianadeornitologia.org\/vcongreso\/wp-json\/wp\/v2\/types\/page"}],"author":[{"embeddable":true,"href":"http:\/\/asociacioncolombianadeornitologia.org\/vcongreso\/wp-json\/wp\/v2\/users\/2"}],"replies":[{"embeddable":true,"href":"http:\/\/asociacioncolombianadeornitologia.org\/vcongreso\/wp-json\/wp\/v2\/comments?post=217"}],"version-history":[{"count":1,"href":"http:\/\/asociacioncolombianadeornitologia.org\/vcongreso\/wp-json\/wp\/v2\/pages\/217\/revisions"}],"predecessor-version":[{"id":219,"href":"http:\/\/asociacioncolombianadeornitologia.org\/vcongreso\/wp-json\/wp\/v2\/pages\/217\/revisions\/219"}],"wp:attachment":[{"href":"http:\/\/asociacioncolombianadeornitologia.org\/vcongreso\/wp-json\/wp\/v2\/media?parent=217"}],"curies":[{"name":"wp","href":"https:\/\/api.w.org\/{rel}","templated":true}]}}